{"id":44128,"date":"2019-10-15T17:24:11","date_gmt":"2019-10-15T15:24:11","guid":{"rendered":"https:\/\/foliobooks.pl\/?post_type=product&#038;p=44128"},"modified":"2023-07-03T15:27:12","modified_gmt":"2023-07-03T13:27:12","slug":"the-100-burgundy-exceptional-wines-to-build-a-dream-cellar","status":"publish","type":"product","link":"https:\/\/foliobooks.pl\/en\/shop\/the-100-burgundy-exceptional-wines-to-build-a-dream-cellar\/","title":{"rendered":"The 100. Burgundy Exceptional Wines to Build a Dream Cellar"},"content":{"rendered":"<p>For wine enthusiasts discovering Burgundy\u2014and those already smitten with the region\u2019s seductive wines\u2014<em>The 100: Burgundy<\/em> is the first guide of its kind to the region\u2019s best wines and makers, detailing the domaines and highlighting each chosen wine with tasting notes. Considering factors such as a wine\u2019s quality, its ability to evolve and improve over time, and its ability to evoke emotion, Master of Wine Jeannie Cho Lee invites readers to explore 100 memorable Burgundy wines of the C\u00f4te d\u2019Or, from benchmark domaines to rising stars.<\/p>\n<p>An exceptional Burgundy is not only well crafted and well balanced, it also must have essential qualities reflecting its own terroir as well as those unique to the particular vintage, distilling the very essence of the vine itself and the earth from which it springs. Essential reading for all fine wine aficionados, whether curating a dream cellar or selecting the best Burgundy wines to experience with friends and family, <em>The 100: Burgundy<\/em> offers a fresh perspective by a dedicated professional who visits the region regularly and recognizes the best it has to offer.<\/p>\n<p>With a foreword by Lalou Bize-Leroy, owner of Domaine Leroy and co-owner of Domaine de la Roman\u00e9e-Conti, this enlightening volume is a journey through the countryside of Burgundy, capturing the context, people, and history that inspire the creation of these masterful wines.<\/p>\n","protected":false},"excerpt":{"rendered":"<p>For wine enthusiasts discovering Burgundy\u2014and those already smitten with the region\u2019s seductive wines\u2014The 100: Burgundy is the first guide of its kind to the region\u2019s best wines and makers, detailing the domaines and highlighting each chosen wine with tasting notes. Considering factors such as a wine\u2019s quality, its ability to evolve and improve over time,&#8230;<\/p>\n","protected":false},"featured_media":44186,"comment_status":"closed","ping_status":"closed","template":"","meta":[],"product_brand":[],"product_cat":[13533,4518],"product_tag":[7273,6135,6131,11476,929],"class_list":{"0":"post-44128","1":"product","2":"type-product","3":"status-publish","4":"has-post-thumbnail","6":"product_cat-books","7":"product_cat-cookery-en","8":"product_tag-alcohol-en","9":"product_tag-cookery","10":"product_tag-drinks","11":"product_tag-france-en","12":"product_tag-wine-en","13":"pa_author_att-jeannie-cho-lee-en","14":"pa_cover-hardcover","15":"pa_format-196-x-28-cm-en","16":"pa_isbn-9781614288084-en","17":"pa_language-eng","18":"pa_pages-276-2-en","19":"pa_published-2019-08-en","20":"pa_publisher-assouline-en","22":"first","23":"outofstock","24":"sold-individually","25":"shipping-taxable","26":"purchasable","27":"product-type-simple"},"yoast_head":"<!-- This site is optimized with the Yoast SEO plugin v27.6 - https:\/\/yoast.com\/product\/yoast-seo-wordpress\/ -->\n<title>The 100. Burgundy Exceptional Wines to Build a Dream Cellar (Jeannie Cho Lee) - book \/ album - Folio<\/title>\n<meta name=\"description\" content=\"Wejd\u017a i kup ksi\u0105\u017ck\u0119 The 100. Burgundy Exceptional Wines to Build a Dream Cellar autorstwa Jeannie Cho Lee wydan\u0105 przez Assouline (2019-08) w formacie 19,6 x 28 cm (ISBN: 9781614288084). Zapraszamy!\" \/>\n<meta name=\"robots\" content=\"index, follow, max-snippet:-1, max-image-preview:large, max-video-preview:-1\" \/>\n<link rel=\"canonical\" href=\"https:\/\/foliobooks.pl\/en\/shop\/the-100-burgundy-exceptional-wines-to-build-a-dream-cellar\/\" \/>\n<meta property=\"og:locale\" content=\"en_US\" \/>\n<meta property=\"og:type\" content=\"article\" \/>\n<meta property=\"og:title\" content=\"The 100. Burgundy Exceptional Wines to Build a Dream Cellar (Jeannie Cho Lee) - book \/ album - Folio\" \/>\n<meta property=\"og:description\" content=\"Wejd\u017a i kup ksi\u0105\u017ck\u0119 The 100. Burgundy Exceptional Wines to Build a Dream Cellar autorstwa Jeannie Cho Lee wydan\u0105 przez Assouline (2019-08) w formacie 19,6 x 28 cm (ISBN: 9781614288084). Zapraszamy!\" \/>\n<meta property=\"og:url\" content=\"https:\/\/foliobooks.pl\/en\/shop\/the-100-burgundy-exceptional-wines-to-build-a-dream-cellar\/\" \/>\n<meta property=\"og:site_name\" content=\"Folio\" \/>\n<meta property=\"article:modified_time\" content=\"2023-07-03T13:27:12+00:00\" \/>\n<meta property=\"og:image\" content=\"https:\/\/foliobooks.pl\/wp-content\/uploads\/2019\/10\/9781614288084.png\" \/>\n\t<meta property=\"og:image:width\" content=\"570\" \/>\n\t<meta property=\"og:image:height\" content=\"708\" \/>\n\t<meta property=\"og:image:type\" content=\"image\/png\" \/>\n<meta name=\"twitter:card\" content=\"summary_large_image\" \/>\n<meta name=\"twitter:label1\" content=\"Est. reading time\" \/>\n\t<meta name=\"twitter:data1\" content=\"1 minute\" \/>\n<script type=\"application\/ld+json\" class=\"yoast-schema-graph\">{\"@context\":\"https:\\\/\\\/schema.org\",\"@graph\":[{\"@type\":\"WebPage\",\"@id\":\"https:\\\/\\\/foliobooks.pl\\\/en\\\/shop\\\/the-100-burgundy-exceptional-wines-to-build-a-dream-cellar\\\/\",\"url\":\"https:\\\/\\\/foliobooks.pl\\\/en\\\/shop\\\/the-100-burgundy-exceptional-wines-to-build-a-dream-cellar\\\/\",\"name\":\"The 100. Burgundy Exceptional Wines to Build a Dream Cellar (Jeannie Cho Lee) - book \\\/ album - Folio\",\"isPartOf\":{\"@id\":\"https:\\\/\\\/foliobooks.pl\\\/en\\\/#website\"},\"primaryImageOfPage\":{\"@id\":\"https:\\\/\\\/foliobooks.pl\\\/en\\\/shop\\\/the-100-burgundy-exceptional-wines-to-build-a-dream-cellar\\\/#primaryimage\"},\"image\":{\"@id\":\"https:\\\/\\\/foliobooks.pl\\\/en\\\/shop\\\/the-100-burgundy-exceptional-wines-to-build-a-dream-cellar\\\/#primaryimage\"},\"thumbnailUrl\":\"https:\\\/\\\/foliobooks.pl\\\/wp-content\\\/uploads\\\/2019\\\/10\\\/9781614288084.png\",\"datePublished\":\"2019-10-15T15:24:11+00:00\",\"dateModified\":\"2023-07-03T13:27:12+00:00\",\"description\":\"Wejd\u017a i kup ksi\u0105\u017ck\u0119 The 100. Burgundy Exceptional Wines to Build a Dream Cellar autorstwa Jeannie Cho Lee wydan\u0105 przez Assouline (2019-08) w formacie 19,6 x 28 cm (ISBN: 9781614288084). Zapraszamy!\",\"breadcrumb\":{\"@id\":\"https:\\\/\\\/foliobooks.pl\\\/en\\\/shop\\\/the-100-burgundy-exceptional-wines-to-build-a-dream-cellar\\\/#breadcrumb\"},\"inLanguage\":\"en-US\",\"potentialAction\":[{\"@type\":\"ReadAction\",\"target\":[\"https:\\\/\\\/foliobooks.pl\\\/en\\\/shop\\\/the-100-burgundy-exceptional-wines-to-build-a-dream-cellar\\\/\"]}]},{\"@type\":\"ImageObject\",\"inLanguage\":\"en-US\",\"@id\":\"https:\\\/\\\/foliobooks.pl\\\/en\\\/shop\\\/the-100-burgundy-exceptional-wines-to-build-a-dream-cellar\\\/#primaryimage\",\"url\":\"https:\\\/\\\/foliobooks.pl\\\/wp-content\\\/uploads\\\/2019\\\/10\\\/9781614288084.png\",\"contentUrl\":\"https:\\\/\\\/foliobooks.pl\\\/wp-content\\\/uploads\\\/2019\\\/10\\\/9781614288084.png\",\"width\":570,\"height\":708},{\"@type\":\"BreadcrumbList\",\"@id\":\"https:\\\/\\\/foliobooks.pl\\\/en\\\/shop\\\/the-100-burgundy-exceptional-wines-to-build-a-dream-cellar\\\/#breadcrumb\",\"itemListElement\":[{\"@type\":\"ListItem\",\"position\":1,\"name\":\"Strona g\u0142\u00f3wna\",\"item\":\"https:\\\/\\\/foliobooks.pl\\\/en\\\/\"},{\"@type\":\"ListItem\",\"position\":2,\"name\":\"Shop\",\"item\":\"https:\\\/\\\/foliobooks.pl\\\/en\\\/shop\\\/\"},{\"@type\":\"ListItem\",\"position\":3,\"name\":\"The 100. Burgundy Exceptional Wines to Build a Dream Cellar\"}]},{\"@type\":\"WebSite\",\"@id\":\"https:\\\/\\\/foliobooks.pl\\\/en\\\/#website\",\"url\":\"https:\\\/\\\/foliobooks.pl\\\/en\\\/\",\"name\":\"Folio\",\"description\":\"Ksi\u0119garnia internetowa\",\"potentialAction\":[{\"@type\":\"SearchAction\",\"target\":{\"@type\":\"EntryPoint\",\"urlTemplate\":\"https:\\\/\\\/foliobooks.pl\\\/en\\\/?s={search_term_string}\"},\"query-input\":{\"@type\":\"PropertyValueSpecification\",\"valueRequired\":true,\"valueName\":\"search_term_string\"}}],\"inLanguage\":\"en-US\"}]}<\/script>\n<!-- \/ Yoast SEO plugin. -->","yoast_head_json":{"title":"The 100. Burgundy Exceptional Wines to Build a Dream Cellar (Jeannie Cho Lee) - book \/ album - Folio","description":"Wejd\u017a i kup ksi\u0105\u017ck\u0119 The 100. Burgundy Exceptional Wines to Build a Dream Cellar autorstwa Jeannie Cho Lee wydan\u0105 przez Assouline (2019-08) w formacie 19,6 x 28 cm (ISBN: 9781614288084). Zapraszamy!","robots":{"index":"index","follow":"follow","max-snippet":"max-snippet:-1","max-image-preview":"max-image-preview:large","max-video-preview":"max-video-preview:-1"},"canonical":"https:\/\/foliobooks.pl\/en\/shop\/the-100-burgundy-exceptional-wines-to-build-a-dream-cellar\/","og_locale":"en_US","og_type":"article","og_title":"The 100. Burgundy Exceptional Wines to Build a Dream Cellar (Jeannie Cho Lee) - book \/ album - Folio","og_description":"Wejd\u017a i kup ksi\u0105\u017ck\u0119 The 100. Burgundy Exceptional Wines to Build a Dream Cellar autorstwa Jeannie Cho Lee wydan\u0105 przez Assouline (2019-08) w formacie 19,6 x 28 cm (ISBN: 9781614288084). Zapraszamy!","og_url":"https:\/\/foliobooks.pl\/en\/shop\/the-100-burgundy-exceptional-wines-to-build-a-dream-cellar\/","og_site_name":"Folio","article_modified_time":"2023-07-03T13:27:12+00:00","og_image":[{"width":570,"height":708,"url":"https:\/\/foliobooks.pl\/wp-content\/uploads\/2019\/10\/9781614288084.png","type":"image\/png"}],"twitter_card":"summary_large_image","twitter_misc":{"Est. reading time":"1 minute"},"schema":{"@context":"https:\/\/schema.org","@graph":[{"@type":"WebPage","@id":"https:\/\/foliobooks.pl\/en\/shop\/the-100-burgundy-exceptional-wines-to-build-a-dream-cellar\/","url":"https:\/\/foliobooks.pl\/en\/shop\/the-100-burgundy-exceptional-wines-to-build-a-dream-cellar\/","name":"The 100. Burgundy Exceptional Wines to Build a Dream Cellar (Jeannie Cho Lee) - book \/ album - Folio","isPartOf":{"@id":"https:\/\/foliobooks.pl\/en\/#website"},"primaryImageOfPage":{"@id":"https:\/\/foliobooks.pl\/en\/shop\/the-100-burgundy-exceptional-wines-to-build-a-dream-cellar\/#primaryimage"},"image":{"@id":"https:\/\/foliobooks.pl\/en\/shop\/the-100-burgundy-exceptional-wines-to-build-a-dream-cellar\/#primaryimage"},"thumbnailUrl":"https:\/\/foliobooks.pl\/wp-content\/uploads\/2019\/10\/9781614288084.png","datePublished":"2019-10-15T15:24:11+00:00","dateModified":"2023-07-03T13:27:12+00:00","description":"Wejd\u017a i kup ksi\u0105\u017ck\u0119 The 100. Burgundy Exceptional Wines to Build a Dream Cellar autorstwa Jeannie Cho Lee wydan\u0105 przez Assouline (2019-08) w formacie 19,6 x 28 cm (ISBN: 9781614288084). Zapraszamy!","breadcrumb":{"@id":"https:\/\/foliobooks.pl\/en\/shop\/the-100-burgundy-exceptional-wines-to-build-a-dream-cellar\/#breadcrumb"},"inLanguage":"en-US","potentialAction":[{"@type":"ReadAction","target":["https:\/\/foliobooks.pl\/en\/shop\/the-100-burgundy-exceptional-wines-to-build-a-dream-cellar\/"]}]},{"@type":"ImageObject","inLanguage":"en-US","@id":"https:\/\/foliobooks.pl\/en\/shop\/the-100-burgundy-exceptional-wines-to-build-a-dream-cellar\/#primaryimage","url":"https:\/\/foliobooks.pl\/wp-content\/uploads\/2019\/10\/9781614288084.png","contentUrl":"https:\/\/foliobooks.pl\/wp-content\/uploads\/2019\/10\/9781614288084.png","width":570,"height":708},{"@type":"BreadcrumbList","@id":"https:\/\/foliobooks.pl\/en\/shop\/the-100-burgundy-exceptional-wines-to-build-a-dream-cellar\/#breadcrumb","itemListElement":[{"@type":"ListItem","position":1,"name":"Strona g\u0142\u00f3wna","item":"https:\/\/foliobooks.pl\/en\/"},{"@type":"ListItem","position":2,"name":"Shop","item":"https:\/\/foliobooks.pl\/en\/shop\/"},{"@type":"ListItem","position":3,"name":"The 100. Burgundy Exceptional Wines to Build a Dream Cellar"}]},{"@type":"WebSite","@id":"https:\/\/foliobooks.pl\/en\/#website","url":"https:\/\/foliobooks.pl\/en\/","name":"Folio","description":"Ksi\u0119garnia internetowa","potentialAction":[{"@type":"SearchAction","target":{"@type":"EntryPoint","urlTemplate":"https:\/\/foliobooks.pl\/en\/?s={search_term_string}"},"query-input":{"@type":"PropertyValueSpecification","valueRequired":true,"valueName":"search_term_string"}}],"inLanguage":"en-US"}]}},"_links":{"self":[{"href":"https:\/\/foliobooks.pl\/en\/wp-json\/wp\/v2\/product\/44128","targetHints":{"allow":["GET"]}}],"collection":[{"href":"https:\/\/foliobooks.pl\/en\/wp-json\/wp\/v2\/product"}],"about":[{"href":"https:\/\/foliobooks.pl\/en\/wp-json\/wp\/v2\/types\/product"}],"replies":[{"embeddable":true,"href":"https:\/\/foliobooks.pl\/en\/wp-json\/wp\/v2\/comments?post=44128"}],"wp:featuredmedia":[{"embeddable":true,"href":"https:\/\/foliobooks.pl\/en\/wp-json\/wp\/v2\/media\/44186"}],"wp:attachment":[{"href":"https:\/\/foliobooks.pl\/en\/wp-json\/wp\/v2\/media?parent=44128"}],"wp:term":[{"taxonomy":"product_brand","embeddable":true,"href":"https:\/\/foliobooks.pl\/en\/wp-json\/wp\/v2\/product_brand?post=44128"},{"taxonomy":"product_cat","embeddable":true,"href":"https:\/\/foliobooks.pl\/en\/wp-json\/wp\/v2\/product_cat?post=44128"},{"taxonomy":"product_tag","embeddable":true,"href":"https:\/\/foliobooks.pl\/en\/wp-json\/wp\/v2\/product_tag?post=44128"}],"curies":[{"name":"wp","href":"https:\/\/api.w.org\/{rel}","templated":true}]}}