{"id":44123,"date":"2019-10-16T11:55:36","date_gmt":"2019-10-16T09:55:36","guid":{"rendered":"https:\/\/foliobooks.pl\/?post_type=product&#038;p=44123"},"modified":"2026-04-09T16:54:12","modified_gmt":"2026-04-09T14:54:12","slug":"palm-beach","status":"publish","type":"product","link":"https:\/\/foliobooks.pl\/en\/shop\/palm-beach\/","title":{"rendered":"Palm Beach"},"content":{"rendered":"<p>Early in the 1900s, one-time oil baron Henry Morrison Flagler took interest in the Southern coast of Florida and began developing an exclusive resort community. Establishing a railroad that would allow easier access to the area, he went on to build two hotels\u2014his hope was that America\u2019s first families would come to populate the area. This modest community would later evolve into an iconic American destination, hosting British royalty, American movie stars, and becoming the home-away-from-home to some of the country\u2019s leading families. As the century continued, Palm Beach established itself as a luxury hideaway synonymous with old-world glamour and new-world sophistication.<\/p>\n<p>In this splendid volume, longtime resident and Palm Beach social fixture Aerin Lauder takes us through her Palm Beach. From favorite restaurants like Nandos and Renatos, to favorite houses like La Follia and Villa Artemis, she takes us to the elite shopping of Worth Avenue and the scenic walkways of the Lake Worth trail, all the while relating to us the histories, faces, and places that have become so identified with Palm Beach.<\/p>\n","protected":false},"excerpt":{"rendered":"<p>Early in the 1900s, one-time oil baron Henry Morrison Flagler took interest in the Southern coast of Florida and began developing an exclusive resort community. Establishing a railroad that would allow easier access to the area, he went on to build two hotels\u2014his hope was that America\u2019s first families would come to populate the area&#8230;.<\/p>\n","protected":false},"featured_media":44150,"comment_status":"closed","ping_status":"closed","template":"","meta":[],"product_brand":[],"product_cat":[13533,4517],"product_tag":[10664,2834,14637,10580,1991,12395,156,6816],"class_list":{"0":"post-44123","1":"product","2":"type-product","3":"status-publish","4":"has-post-thumbnail","6":"product_cat-books","7":"product_cat-photography-en","8":"product_tag-america-en","9":"product_tag-flora","10":"product_tag-florida-en","11":"product_tag-natural-world-en","12":"product_tag-nature","13":"product_tag-tourism-en","14":"product_tag-travel","15":"product_tag-water","16":"pa_author_att-aerin-lauder-en","17":"pa_cover-hardcover","18":"pa_format-33-x-25-cm-en","19":"pa_isbn-9781614288626-en","20":"pa_language-eng","21":"pa_pages-272-en-2","22":"pa_published-2019-09-en","23":"pa_publisher-assouline-en","25":"first","26":"instock","27":"sale","28":"sold-individually","29":"shipping-taxable","30":"purchasable","31":"product-type-simple"},"yoast_head":"<!-- This site is optimized with the Yoast SEO plugin v27.4 - https:\/\/yoast.com\/product\/yoast-seo-wordpress\/ -->\n<title>Palm Beach (Aerin Lauder) - book \/ album - Folio<\/title>\n<meta name=\"description\" content=\"Wejd\u017a i kup ksi\u0105\u017ck\u0119 Palm Beach autorstwa Aerin Lauder wydan\u0105 przez Assouline (2019-09) w formacie 33 x 25 cm (ISBN: 9781614288626). Zapraszamy!\" \/>\n<meta name=\"robots\" content=\"index, follow, max-snippet:-1, max-image-preview:large, max-video-preview:-1\" \/>\n<link rel=\"canonical\" href=\"https:\/\/foliobooks.pl\/en\/shop\/palm-beach\/\" \/>\n<meta property=\"og:locale\" content=\"en_US\" \/>\n<meta property=\"og:type\" content=\"article\" \/>\n<meta property=\"og:title\" content=\"Palm Beach (Aerin Lauder) - book \/ album - Folio\" \/>\n<meta property=\"og:description\" content=\"Wejd\u017a i kup ksi\u0105\u017ck\u0119 Palm Beach autorstwa Aerin Lauder wydan\u0105 przez Assouline (2019-09) w formacie 33 x 25 cm (ISBN: 9781614288626). Zapraszamy!\" \/>\n<meta property=\"og:url\" content=\"https:\/\/foliobooks.pl\/en\/shop\/palm-beach\/\" \/>\n<meta property=\"og:site_name\" content=\"Folio\" \/>\n<meta property=\"article:modified_time\" content=\"2026-04-09T14:54:12+00:00\" \/>\n<meta property=\"og:image\" content=\"https:\/\/foliobooks.pl\/wp-content\/uploads\/2019\/10\/9781614288626.png\" \/>\n\t<meta property=\"og:image:width\" content=\"570\" \/>\n\t<meta property=\"og:image:height\" content=\"708\" \/>\n\t<meta property=\"og:image:type\" content=\"image\/png\" \/>\n<meta name=\"twitter:card\" content=\"summary_large_image\" \/>\n<meta name=\"twitter:label1\" content=\"Est. reading time\" \/>\n\t<meta name=\"twitter:data1\" content=\"1 minute\" \/>\n<script type=\"application\/ld+json\" class=\"yoast-schema-graph\">{\"@context\":\"https:\\\/\\\/schema.org\",\"@graph\":[{\"@type\":\"WebPage\",\"@id\":\"https:\\\/\\\/foliobooks.pl\\\/en\\\/shop\\\/palm-beach\\\/\",\"url\":\"https:\\\/\\\/foliobooks.pl\\\/en\\\/shop\\\/palm-beach\\\/\",\"name\":\"Palm Beach (Aerin Lauder) - book \\\/ album - Folio\",\"isPartOf\":{\"@id\":\"https:\\\/\\\/foliobooks.pl\\\/en\\\/#website\"},\"primaryImageOfPage\":{\"@id\":\"https:\\\/\\\/foliobooks.pl\\\/en\\\/shop\\\/palm-beach\\\/#primaryimage\"},\"image\":{\"@id\":\"https:\\\/\\\/foliobooks.pl\\\/en\\\/shop\\\/palm-beach\\\/#primaryimage\"},\"thumbnailUrl\":\"https:\\\/\\\/foliobooks.pl\\\/wp-content\\\/uploads\\\/2019\\\/10\\\/9781614288626.png\",\"datePublished\":\"2019-10-16T09:55:36+00:00\",\"dateModified\":\"2026-04-09T14:54:12+00:00\",\"description\":\"Wejd\u017a i kup ksi\u0105\u017ck\u0119 Palm Beach autorstwa Aerin Lauder wydan\u0105 przez Assouline (2019-09) w formacie 33 x 25 cm (ISBN: 9781614288626). Zapraszamy!\",\"breadcrumb\":{\"@id\":\"https:\\\/\\\/foliobooks.pl\\\/en\\\/shop\\\/palm-beach\\\/#breadcrumb\"},\"inLanguage\":\"en-US\",\"potentialAction\":[{\"@type\":\"ReadAction\",\"target\":[\"https:\\\/\\\/foliobooks.pl\\\/en\\\/shop\\\/palm-beach\\\/\"]}]},{\"@type\":\"ImageObject\",\"inLanguage\":\"en-US\",\"@id\":\"https:\\\/\\\/foliobooks.pl\\\/en\\\/shop\\\/palm-beach\\\/#primaryimage\",\"url\":\"https:\\\/\\\/foliobooks.pl\\\/wp-content\\\/uploads\\\/2019\\\/10\\\/9781614288626.png\",\"contentUrl\":\"https:\\\/\\\/foliobooks.pl\\\/wp-content\\\/uploads\\\/2019\\\/10\\\/9781614288626.png\",\"width\":570,\"height\":708},{\"@type\":\"BreadcrumbList\",\"@id\":\"https:\\\/\\\/foliobooks.pl\\\/en\\\/shop\\\/palm-beach\\\/#breadcrumb\",\"itemListElement\":[{\"@type\":\"ListItem\",\"position\":1,\"name\":\"Strona g\u0142\u00f3wna\",\"item\":\"https:\\\/\\\/foliobooks.pl\\\/en\\\/\"},{\"@type\":\"ListItem\",\"position\":2,\"name\":\"Shop\",\"item\":\"https:\\\/\\\/foliobooks.pl\\\/en\\\/shop\\\/\"},{\"@type\":\"ListItem\",\"position\":3,\"name\":\"Palm Beach\"}]},{\"@type\":\"WebSite\",\"@id\":\"https:\\\/\\\/foliobooks.pl\\\/en\\\/#website\",\"url\":\"https:\\\/\\\/foliobooks.pl\\\/en\\\/\",\"name\":\"Folio\",\"description\":\"Ksi\u0119garnia internetowa\",\"potentialAction\":[{\"@type\":\"SearchAction\",\"target\":{\"@type\":\"EntryPoint\",\"urlTemplate\":\"https:\\\/\\\/foliobooks.pl\\\/en\\\/?s={search_term_string}\"},\"query-input\":{\"@type\":\"PropertyValueSpecification\",\"valueRequired\":true,\"valueName\":\"search_term_string\"}}],\"inLanguage\":\"en-US\"}]}<\/script>\n<!-- \/ Yoast SEO plugin. -->","yoast_head_json":{"title":"Palm Beach (Aerin Lauder) - book \/ album - Folio","description":"Wejd\u017a i kup ksi\u0105\u017ck\u0119 Palm Beach autorstwa Aerin Lauder wydan\u0105 przez Assouline (2019-09) w formacie 33 x 25 cm (ISBN: 9781614288626). Zapraszamy!","robots":{"index":"index","follow":"follow","max-snippet":"max-snippet:-1","max-image-preview":"max-image-preview:large","max-video-preview":"max-video-preview:-1"},"canonical":"https:\/\/foliobooks.pl\/en\/shop\/palm-beach\/","og_locale":"en_US","og_type":"article","og_title":"Palm Beach (Aerin Lauder) - book \/ album - Folio","og_description":"Wejd\u017a i kup ksi\u0105\u017ck\u0119 Palm Beach autorstwa Aerin Lauder wydan\u0105 przez Assouline (2019-09) w formacie 33 x 25 cm (ISBN: 9781614288626). Zapraszamy!","og_url":"https:\/\/foliobooks.pl\/en\/shop\/palm-beach\/","og_site_name":"Folio","article_modified_time":"2026-04-09T14:54:12+00:00","og_image":[{"width":570,"height":708,"url":"https:\/\/foliobooks.pl\/wp-content\/uploads\/2019\/10\/9781614288626.png","type":"image\/png"}],"twitter_card":"summary_large_image","twitter_misc":{"Est. reading time":"1 minute"},"schema":{"@context":"https:\/\/schema.org","@graph":[{"@type":"WebPage","@id":"https:\/\/foliobooks.pl\/en\/shop\/palm-beach\/","url":"https:\/\/foliobooks.pl\/en\/shop\/palm-beach\/","name":"Palm Beach (Aerin Lauder) - book \/ album - Folio","isPartOf":{"@id":"https:\/\/foliobooks.pl\/en\/#website"},"primaryImageOfPage":{"@id":"https:\/\/foliobooks.pl\/en\/shop\/palm-beach\/#primaryimage"},"image":{"@id":"https:\/\/foliobooks.pl\/en\/shop\/palm-beach\/#primaryimage"},"thumbnailUrl":"https:\/\/foliobooks.pl\/wp-content\/uploads\/2019\/10\/9781614288626.png","datePublished":"2019-10-16T09:55:36+00:00","dateModified":"2026-04-09T14:54:12+00:00","description":"Wejd\u017a i kup ksi\u0105\u017ck\u0119 Palm Beach autorstwa Aerin Lauder wydan\u0105 przez Assouline (2019-09) w formacie 33 x 25 cm (ISBN: 9781614288626). Zapraszamy!","breadcrumb":{"@id":"https:\/\/foliobooks.pl\/en\/shop\/palm-beach\/#breadcrumb"},"inLanguage":"en-US","potentialAction":[{"@type":"ReadAction","target":["https:\/\/foliobooks.pl\/en\/shop\/palm-beach\/"]}]},{"@type":"ImageObject","inLanguage":"en-US","@id":"https:\/\/foliobooks.pl\/en\/shop\/palm-beach\/#primaryimage","url":"https:\/\/foliobooks.pl\/wp-content\/uploads\/2019\/10\/9781614288626.png","contentUrl":"https:\/\/foliobooks.pl\/wp-content\/uploads\/2019\/10\/9781614288626.png","width":570,"height":708},{"@type":"BreadcrumbList","@id":"https:\/\/foliobooks.pl\/en\/shop\/palm-beach\/#breadcrumb","itemListElement":[{"@type":"ListItem","position":1,"name":"Strona g\u0142\u00f3wna","item":"https:\/\/foliobooks.pl\/en\/"},{"@type":"ListItem","position":2,"name":"Shop","item":"https:\/\/foliobooks.pl\/en\/shop\/"},{"@type":"ListItem","position":3,"name":"Palm Beach"}]},{"@type":"WebSite","@id":"https:\/\/foliobooks.pl\/en\/#website","url":"https:\/\/foliobooks.pl\/en\/","name":"Folio","description":"Ksi\u0119garnia internetowa","potentialAction":[{"@type":"SearchAction","target":{"@type":"EntryPoint","urlTemplate":"https:\/\/foliobooks.pl\/en\/?s={search_term_string}"},"query-input":{"@type":"PropertyValueSpecification","valueRequired":true,"valueName":"search_term_string"}}],"inLanguage":"en-US"}]}},"_links":{"self":[{"href":"https:\/\/foliobooks.pl\/en\/wp-json\/wp\/v2\/product\/44123","targetHints":{"allow":["GET"]}}],"collection":[{"href":"https:\/\/foliobooks.pl\/en\/wp-json\/wp\/v2\/product"}],"about":[{"href":"https:\/\/foliobooks.pl\/en\/wp-json\/wp\/v2\/types\/product"}],"replies":[{"embeddable":true,"href":"https:\/\/foliobooks.pl\/en\/wp-json\/wp\/v2\/comments?post=44123"}],"wp:featuredmedia":[{"embeddable":true,"href":"https:\/\/foliobooks.pl\/en\/wp-json\/wp\/v2\/media\/44150"}],"wp:attachment":[{"href":"https:\/\/foliobooks.pl\/en\/wp-json\/wp\/v2\/media?parent=44123"}],"wp:term":[{"taxonomy":"product_brand","embeddable":true,"href":"https:\/\/foliobooks.pl\/en\/wp-json\/wp\/v2\/product_brand?post=44123"},{"taxonomy":"product_cat","embeddable":true,"href":"https:\/\/foliobooks.pl\/en\/wp-json\/wp\/v2\/product_cat?post=44123"},{"taxonomy":"product_tag","embeddable":true,"href":"https:\/\/foliobooks.pl\/en\/wp-json\/wp\/v2\/product_tag?post=44123"}],"curies":[{"name":"wp","href":"https:\/\/api.w.org\/{rel}","templated":true}]}}