{"id":43961,"date":"2019-10-14T20:44:19","date_gmt":"2019-10-14T18:44:19","guid":{"rendered":"https:\/\/foliobooks.pl\/?post_type=product&#038;p=43961"},"modified":"2025-03-06T16:10:28","modified_gmt":"2025-03-06T15:10:28","slug":"bauhaus-updated-edition-2","status":"publish","type":"product","link":"https:\/\/foliobooks.pl\/en\/shop\/bauhaus-updated-edition-2\/","title":{"rendered":"Bauhaus. Updated Edition"},"content":{"rendered":"<p>This handy, updated edition explores the Bauhaus School of Art and Design through some 575 illustrations and biographies of its key personalities. Realized in collaboration with the Bauhaus-Archiv in Berlin, the reference work is now available in <em>Bibliotheca Universalis<\/em> format, the perfect companion for your next trip to Berlin, Weimar, or Dessau.<\/p>\n<p>In a fleeting 14-year period between two world wars, Germany\u2019s Bauhaus school of art and design changed the face of modernity. With utopian ideas for the future, the school developed a pioneering fusion of fine art, craftsmanship, and technology, which they applied across media and practices from film to theater, and sculpture to ceramics.<\/p>\n<p>This best-selling reference work is made in collaboration with the Bauhaus-Archiv\/Museum f\u00fcr Gestaltung in Berlin, the world\u2019s largest collection on the history of the Bauhaus. Some 575 illustrations including architectural plans, studies, photographs, sketches, and models record not only the realized works but also the leading principles and personalities of this idealistic creative community through its three successive locations in Weimar, Dessau, and Berlin. From informal shots of group gymnastics to drawings guided by Paul Klee, from extensive architectural plans to an infinitely sleek ashtray by Marianne Brandt, the collection brims with the colors, materials, and geometries that made up the Bauhaus vision of a \u201ctotal\u201d work of art.<\/p>\n<p>As we approach the Bauhaus centennial, this is a defining account of its energy and rigor, not only as a trailblazing movement in Modernism but also as a paradigm of art education, where creative expression and cutting-edge ideas led to simultaneously functional and beautiful creations. The handy edition features artists Josef Albers, Marianne Brandt, Walter Gropius, Gertrud Grunow, Paul Klee, Ludwig Mies van der Rohe, Lilly Reich, and many more.<\/p>\n","protected":false},"excerpt":{"rendered":"<p>This handy, updated edition explores the Bauhaus School of Art and Design through some 575 illustrations and biographies of its key personalities. Realized in collaboration with the Bauhaus-Archiv in Berlin, the reference work is now available in Bibliotheca Universalis format, the perfect companion for your next trip to Berlin, Weimar, or Dessau. In a fleeting&#8230;<\/p>\n","protected":false},"featured_media":44028,"comment_status":"closed","ping_status":"closed","template":"","meta":[],"product_brand":[],"product_cat":[4516,13533,4523],"product_tag":[1156,1126,6124,9083,1702,4524,157,6385,11447,10639,290,474,6105],"class_list":{"0":"post-43961","1":"product","2":"type-product","3":"status-publish","4":"has-post-thumbnail","6":"product_cat-architecture-en","7":"product_cat-books","8":"product_cat-design-en-en","9":"product_tag-appliedarts-en","10":"product_tag-architects-en","11":"product_tag-architecture-en","12":"product_tag-art-en","13":"product_tag-artists","14":"product_tag-design-en-en","15":"product_tag-designers","16":"product_tag-education","17":"product_tag-germany-en","18":"product_tag-handicrafts-en","19":"product_tag-interiors-en","20":"product_tag-modernism-en","21":"product_tag-technique","22":"pa_author_att-magdalena-droste-en","23":"pa_cover-hardcover","24":"pa_format-14-x-195-cm-en","25":"pa_isbn-9783836565547-en","26":"pa_language-eng","27":"pa_pages-552-en","28":"pa_published-2019-01-25-en","29":"pa_publisher-taschen-en-en","31":"first","32":"instock","33":"sold-individually","34":"shipping-taxable","35":"purchasable","36":"product-type-simple"},"yoast_head":"<!-- This site is optimized with the Yoast SEO plugin v27.4 - https:\/\/yoast.com\/product\/yoast-seo-wordpress\/ -->\n<title>Bauhaus. Updated Edition (Magdalena Droste) - book \/ album - Folio<\/title>\n<meta name=\"description\" content=\"Wejd\u017a i kup ksi\u0105\u017ck\u0119 Bauhaus. Updated Edition autorstwa Magdalena Droste wydan\u0105 przez TASCHEN (2019-01-25) w formacie 14 x 19,5 cm (ISBN: 9783836565547). Zapraszamy!\" \/>\n<meta name=\"robots\" content=\"index, follow, max-snippet:-1, max-image-preview:large, max-video-preview:-1\" \/>\n<link rel=\"canonical\" href=\"https:\/\/foliobooks.pl\/en\/shop\/bauhaus-updated-edition-2\/\" \/>\n<meta property=\"og:locale\" content=\"en_US\" \/>\n<meta property=\"og:type\" content=\"article\" \/>\n<meta property=\"og:title\" content=\"Bauhaus. Updated Edition (Magdalena Droste) - book \/ album - Folio\" \/>\n<meta property=\"og:description\" content=\"Wejd\u017a i kup ksi\u0105\u017ck\u0119 Bauhaus. Updated Edition autorstwa Magdalena Droste wydan\u0105 przez TASCHEN (2019-01-25) w formacie 14 x 19,5 cm (ISBN: 9783836565547). Zapraszamy!\" \/>\n<meta property=\"og:url\" content=\"https:\/\/foliobooks.pl\/en\/shop\/bauhaus-updated-edition-2\/\" \/>\n<meta property=\"og:site_name\" content=\"Folio\" \/>\n<meta property=\"article:modified_time\" content=\"2025-03-06T15:10:28+00:00\" \/>\n<meta property=\"og:image\" content=\"https:\/\/foliobooks.pl\/wp-content\/uploads\/2019\/10\/9783836565547.png\" \/>\n\t<meta property=\"og:image:width\" content=\"570\" \/>\n\t<meta property=\"og:image:height\" content=\"708\" \/>\n\t<meta property=\"og:image:type\" content=\"image\/png\" \/>\n<meta name=\"twitter:card\" content=\"summary_large_image\" \/>\n<meta name=\"twitter:label1\" content=\"Est. reading time\" \/>\n\t<meta name=\"twitter:data1\" content=\"1 minute\" \/>\n<script type=\"application\/ld+json\" class=\"yoast-schema-graph\">{\"@context\":\"https:\\\/\\\/schema.org\",\"@graph\":[{\"@type\":\"WebPage\",\"@id\":\"https:\\\/\\\/foliobooks.pl\\\/en\\\/shop\\\/bauhaus-updated-edition-2\\\/\",\"url\":\"https:\\\/\\\/foliobooks.pl\\\/en\\\/shop\\\/bauhaus-updated-edition-2\\\/\",\"name\":\"Bauhaus. Updated Edition (Magdalena Droste) - book \\\/ album - Folio\",\"isPartOf\":{\"@id\":\"https:\\\/\\\/foliobooks.pl\\\/en\\\/#website\"},\"primaryImageOfPage\":{\"@id\":\"https:\\\/\\\/foliobooks.pl\\\/en\\\/shop\\\/bauhaus-updated-edition-2\\\/#primaryimage\"},\"image\":{\"@id\":\"https:\\\/\\\/foliobooks.pl\\\/en\\\/shop\\\/bauhaus-updated-edition-2\\\/#primaryimage\"},\"thumbnailUrl\":\"https:\\\/\\\/foliobooks.pl\\\/wp-content\\\/uploads\\\/2019\\\/10\\\/9783836565547.png\",\"datePublished\":\"2019-10-14T18:44:19+00:00\",\"dateModified\":\"2025-03-06T15:10:28+00:00\",\"description\":\"Wejd\u017a i kup ksi\u0105\u017ck\u0119 Bauhaus. Updated Edition autorstwa Magdalena Droste wydan\u0105 przez TASCHEN (2019-01-25) w formacie 14 x 19,5 cm (ISBN: 9783836565547). Zapraszamy!\",\"breadcrumb\":{\"@id\":\"https:\\\/\\\/foliobooks.pl\\\/en\\\/shop\\\/bauhaus-updated-edition-2\\\/#breadcrumb\"},\"inLanguage\":\"en-US\",\"potentialAction\":[{\"@type\":\"ReadAction\",\"target\":[\"https:\\\/\\\/foliobooks.pl\\\/en\\\/shop\\\/bauhaus-updated-edition-2\\\/\"]}]},{\"@type\":\"ImageObject\",\"inLanguage\":\"en-US\",\"@id\":\"https:\\\/\\\/foliobooks.pl\\\/en\\\/shop\\\/bauhaus-updated-edition-2\\\/#primaryimage\",\"url\":\"https:\\\/\\\/foliobooks.pl\\\/wp-content\\\/uploads\\\/2019\\\/10\\\/9783836565547.png\",\"contentUrl\":\"https:\\\/\\\/foliobooks.pl\\\/wp-content\\\/uploads\\\/2019\\\/10\\\/9783836565547.png\",\"width\":570,\"height\":708},{\"@type\":\"BreadcrumbList\",\"@id\":\"https:\\\/\\\/foliobooks.pl\\\/en\\\/shop\\\/bauhaus-updated-edition-2\\\/#breadcrumb\",\"itemListElement\":[{\"@type\":\"ListItem\",\"position\":1,\"name\":\"Strona g\u0142\u00f3wna\",\"item\":\"https:\\\/\\\/foliobooks.pl\\\/en\\\/\"},{\"@type\":\"ListItem\",\"position\":2,\"name\":\"Shop\",\"item\":\"https:\\\/\\\/foliobooks.pl\\\/en\\\/shop\\\/\"},{\"@type\":\"ListItem\",\"position\":3,\"name\":\"Bauhaus. Updated Edition\"}]},{\"@type\":\"WebSite\",\"@id\":\"https:\\\/\\\/foliobooks.pl\\\/en\\\/#website\",\"url\":\"https:\\\/\\\/foliobooks.pl\\\/en\\\/\",\"name\":\"Folio\",\"description\":\"Ksi\u0119garnia internetowa\",\"potentialAction\":[{\"@type\":\"SearchAction\",\"target\":{\"@type\":\"EntryPoint\",\"urlTemplate\":\"https:\\\/\\\/foliobooks.pl\\\/en\\\/?s={search_term_string}\"},\"query-input\":{\"@type\":\"PropertyValueSpecification\",\"valueRequired\":true,\"valueName\":\"search_term_string\"}}],\"inLanguage\":\"en-US\"}]}<\/script>\n<!-- \/ Yoast SEO plugin. -->","yoast_head_json":{"title":"Bauhaus. Updated Edition (Magdalena Droste) - book \/ album - Folio","description":"Wejd\u017a i kup ksi\u0105\u017ck\u0119 Bauhaus. Updated Edition autorstwa Magdalena Droste wydan\u0105 przez TASCHEN (2019-01-25) w formacie 14 x 19,5 cm (ISBN: 9783836565547). Zapraszamy!","robots":{"index":"index","follow":"follow","max-snippet":"max-snippet:-1","max-image-preview":"max-image-preview:large","max-video-preview":"max-video-preview:-1"},"canonical":"https:\/\/foliobooks.pl\/en\/shop\/bauhaus-updated-edition-2\/","og_locale":"en_US","og_type":"article","og_title":"Bauhaus. Updated Edition (Magdalena Droste) - book \/ album - Folio","og_description":"Wejd\u017a i kup ksi\u0105\u017ck\u0119 Bauhaus. Updated Edition autorstwa Magdalena Droste wydan\u0105 przez TASCHEN (2019-01-25) w formacie 14 x 19,5 cm (ISBN: 9783836565547). Zapraszamy!","og_url":"https:\/\/foliobooks.pl\/en\/shop\/bauhaus-updated-edition-2\/","og_site_name":"Folio","article_modified_time":"2025-03-06T15:10:28+00:00","og_image":[{"width":570,"height":708,"url":"https:\/\/foliobooks.pl\/wp-content\/uploads\/2019\/10\/9783836565547.png","type":"image\/png"}],"twitter_card":"summary_large_image","twitter_misc":{"Est. reading time":"1 minute"},"schema":{"@context":"https:\/\/schema.org","@graph":[{"@type":"WebPage","@id":"https:\/\/foliobooks.pl\/en\/shop\/bauhaus-updated-edition-2\/","url":"https:\/\/foliobooks.pl\/en\/shop\/bauhaus-updated-edition-2\/","name":"Bauhaus. Updated Edition (Magdalena Droste) - book \/ album - Folio","isPartOf":{"@id":"https:\/\/foliobooks.pl\/en\/#website"},"primaryImageOfPage":{"@id":"https:\/\/foliobooks.pl\/en\/shop\/bauhaus-updated-edition-2\/#primaryimage"},"image":{"@id":"https:\/\/foliobooks.pl\/en\/shop\/bauhaus-updated-edition-2\/#primaryimage"},"thumbnailUrl":"https:\/\/foliobooks.pl\/wp-content\/uploads\/2019\/10\/9783836565547.png","datePublished":"2019-10-14T18:44:19+00:00","dateModified":"2025-03-06T15:10:28+00:00","description":"Wejd\u017a i kup ksi\u0105\u017ck\u0119 Bauhaus. Updated Edition autorstwa Magdalena Droste wydan\u0105 przez TASCHEN (2019-01-25) w formacie 14 x 19,5 cm (ISBN: 9783836565547). Zapraszamy!","breadcrumb":{"@id":"https:\/\/foliobooks.pl\/en\/shop\/bauhaus-updated-edition-2\/#breadcrumb"},"inLanguage":"en-US","potentialAction":[{"@type":"ReadAction","target":["https:\/\/foliobooks.pl\/en\/shop\/bauhaus-updated-edition-2\/"]}]},{"@type":"ImageObject","inLanguage":"en-US","@id":"https:\/\/foliobooks.pl\/en\/shop\/bauhaus-updated-edition-2\/#primaryimage","url":"https:\/\/foliobooks.pl\/wp-content\/uploads\/2019\/10\/9783836565547.png","contentUrl":"https:\/\/foliobooks.pl\/wp-content\/uploads\/2019\/10\/9783836565547.png","width":570,"height":708},{"@type":"BreadcrumbList","@id":"https:\/\/foliobooks.pl\/en\/shop\/bauhaus-updated-edition-2\/#breadcrumb","itemListElement":[{"@type":"ListItem","position":1,"name":"Strona g\u0142\u00f3wna","item":"https:\/\/foliobooks.pl\/en\/"},{"@type":"ListItem","position":2,"name":"Shop","item":"https:\/\/foliobooks.pl\/en\/shop\/"},{"@type":"ListItem","position":3,"name":"Bauhaus. Updated Edition"}]},{"@type":"WebSite","@id":"https:\/\/foliobooks.pl\/en\/#website","url":"https:\/\/foliobooks.pl\/en\/","name":"Folio","description":"Ksi\u0119garnia internetowa","potentialAction":[{"@type":"SearchAction","target":{"@type":"EntryPoint","urlTemplate":"https:\/\/foliobooks.pl\/en\/?s={search_term_string}"},"query-input":{"@type":"PropertyValueSpecification","valueRequired":true,"valueName":"search_term_string"}}],"inLanguage":"en-US"}]}},"_links":{"self":[{"href":"https:\/\/foliobooks.pl\/en\/wp-json\/wp\/v2\/product\/43961","targetHints":{"allow":["GET"]}}],"collection":[{"href":"https:\/\/foliobooks.pl\/en\/wp-json\/wp\/v2\/product"}],"about":[{"href":"https:\/\/foliobooks.pl\/en\/wp-json\/wp\/v2\/types\/product"}],"replies":[{"embeddable":true,"href":"https:\/\/foliobooks.pl\/en\/wp-json\/wp\/v2\/comments?post=43961"}],"wp:featuredmedia":[{"embeddable":true,"href":"https:\/\/foliobooks.pl\/en\/wp-json\/wp\/v2\/media\/44028"}],"wp:attachment":[{"href":"https:\/\/foliobooks.pl\/en\/wp-json\/wp\/v2\/media?parent=43961"}],"wp:term":[{"taxonomy":"product_brand","embeddable":true,"href":"https:\/\/foliobooks.pl\/en\/wp-json\/wp\/v2\/product_brand?post=43961"},{"taxonomy":"product_cat","embeddable":true,"href":"https:\/\/foliobooks.pl\/en\/wp-json\/wp\/v2\/product_cat?post=43961"},{"taxonomy":"product_tag","embeddable":true,"href":"https:\/\/foliobooks.pl\/en\/wp-json\/wp\/v2\/product_tag?post=43961"}],"curies":[{"name":"wp","href":"https:\/\/api.w.org\/{rel}","templated":true}]}}