{"id":43948,"date":"2019-10-15T14:40:20","date_gmt":"2019-10-15T12:40:20","guid":{"rendered":"https:\/\/foliobooks.pl\/?post_type=product&#038;p=43948"},"modified":"2025-03-12T12:04:36","modified_gmt":"2025-03-12T11:04:36","slug":"dior-by-gianfranco-ferre","status":"publish","type":"product","link":"https:\/\/foliobooks.pl\/en\/shop\/dior-by-gianfranco-ferre\/","title":{"rendered":"Dior by Gianfranco Ferr\u00e9"},"content":{"rendered":"<p>Of all the great Parisian couture houses, Dior is perhaps the most famous and prestigious in the world, embodying Christian Dior\u2019s sublime vision of femininity. Following Yves Saint Laurent and Marc Bohan, who had both been hired by Christian Dior himself, the Italian couturier Gianfranco Ferr\u00e9, with an architecture degree from Milan Polytechnic, was selected in 1989 as the new artistic director of the house of Dior.<\/p>\n<p>Ferr\u00e9\u2019s odes to the essence of Christian Dior\u2019s style helped cement the iconography of the house for a new era. Known for his sense of architecture, love of feminine silhouettes, extravagance and opulence in bold color and sumptuous fabrics, and dynamic draping, Ferr\u00e9 redefined the notion of \u201cDior\u201d as a style, a code, a spirit.<\/p>\n<p>This beautiful volume showcases Gianfranco Ferr\u00e9\u2019s most emblematic haute couture designs for Dior, from the Ascot\u2013Cecil Beaton collection of Autumn-Winter 1989 to the Indian Passion collection of Autumn-Winter 1996. Fashion journalist Alexander Fury eloquently explores Ferr\u00e9\u2019s vision to balance his own taste and that of Christian Dior, reinterpreting Dior\u2019s elegant style for the 1990s and a new generation of clients and fashion observers.<\/p>\n<p><em>Dior by Gianfranco Ferr\u00e9<\/em> is the fourth volume in an unprecedented series of books devoted to each designer of the house of Dior, the ultimate compendium of the most memorable haute couture creations conceived and handcrafted by the renowned couture house since its inception. Carefully conserved in the world\u2019s great museums and institutions, these fashion treasures have been lovingly photographed by Laziz Hamani and exclusively compiled for this indispensable collection.<\/p>\n","protected":false},"excerpt":{"rendered":"<p>Of all the great Parisian couture houses, Dior is perhaps the most famous and prestigious in the world, embodying Christian Dior\u2019s sublime vision of femininity. Following Yves Saint Laurent and Marc Bohan, who had both been hired by Christian Dior himself, the Italian couturier Gianfranco Ferr\u00e9, with an architecture degree from Milan Polytechnic, was selected&#8230;<\/p>\n","protected":false},"featured_media":44042,"comment_status":"closed","ping_status":"closed","template":"","meta":[],"product_brand":[],"product_cat":[13533,4519],"product_tag":[12482,157,6125,11253,11476],"class_list":{"0":"post-43948","1":"product","2":"type-product","3":"status-publish","4":"has-post-thumbnail","6":"product_cat-books","7":"product_cat-fashion-en-en","8":"product_tag-brands-en","9":"product_tag-designers","10":"product_tag-fashion","11":"product_tag-fashion-design-en","12":"product_tag-france-en","13":"pa_author_att-alexander-fury-en","14":"pa_author_att-laziz-hamani-en","15":"pa_cover-hardcover","16":"pa_format-30-x-37-cm-en","17":"pa_isbn-9781614287568-en","18":"pa_language-eng","19":"pa_pages-320-en","20":"pa_published-2019-01-en","21":"pa_publisher-assouline-en","23":"first","24":"outofstock","25":"sold-individually","26":"shipping-taxable","27":"purchasable","28":"product-type-simple"},"yoast_head":"<!-- This site is optimized with the Yoast SEO plugin v27.4 - https:\/\/yoast.com\/product\/yoast-seo-wordpress\/ -->\n<title>Dior by Gianfranco Ferr\u00e9 (Alexander Fury, Laziz Hamani) - book \/ album - Folio<\/title>\n<meta name=\"description\" content=\"Wejd\u017a i kup ksi\u0105\u017ck\u0119 Dior by Gianfranco Ferr\u00e9 autorstwa Alexander Fury, Laziz Hamani wydan\u0105 przez Assouline (2019-01) w formacie 30 x 37 cm (ISBN: 9781614287568). Zapraszamy!\" \/>\n<meta name=\"robots\" content=\"index, follow, max-snippet:-1, max-image-preview:large, max-video-preview:-1\" \/>\n<link rel=\"canonical\" href=\"https:\/\/foliobooks.pl\/en\/shop\/dior-by-gianfranco-ferre\/\" \/>\n<meta property=\"og:locale\" content=\"en_US\" \/>\n<meta property=\"og:type\" content=\"article\" \/>\n<meta property=\"og:title\" content=\"Dior by Gianfranco Ferr\u00e9 (Alexander Fury, Laziz Hamani) - book \/ album - Folio\" \/>\n<meta property=\"og:description\" content=\"Wejd\u017a i kup ksi\u0105\u017ck\u0119 Dior by Gianfranco Ferr\u00e9 autorstwa Alexander Fury, Laziz Hamani wydan\u0105 przez Assouline (2019-01) w formacie 30 x 37 cm (ISBN: 9781614287568). Zapraszamy!\" \/>\n<meta property=\"og:url\" content=\"https:\/\/foliobooks.pl\/en\/shop\/dior-by-gianfranco-ferre\/\" \/>\n<meta property=\"og:site_name\" content=\"Folio\" \/>\n<meta property=\"article:modified_time\" content=\"2025-03-12T11:04:36+00:00\" \/>\n<meta property=\"og:image\" content=\"https:\/\/foliobooks.pl\/wp-content\/uploads\/2019\/10\/9781614287568.png\" \/>\n\t<meta property=\"og:image:width\" content=\"570\" \/>\n\t<meta property=\"og:image:height\" content=\"708\" \/>\n\t<meta property=\"og:image:type\" content=\"image\/png\" \/>\n<meta name=\"twitter:card\" content=\"summary_large_image\" \/>\n<meta name=\"twitter:label1\" content=\"Est. reading time\" \/>\n\t<meta name=\"twitter:data1\" content=\"1 minute\" \/>\n<script type=\"application\/ld+json\" class=\"yoast-schema-graph\">{\"@context\":\"https:\\\/\\\/schema.org\",\"@graph\":[{\"@type\":\"WebPage\",\"@id\":\"https:\\\/\\\/foliobooks.pl\\\/en\\\/shop\\\/dior-by-gianfranco-ferre\\\/\",\"url\":\"https:\\\/\\\/foliobooks.pl\\\/en\\\/shop\\\/dior-by-gianfranco-ferre\\\/\",\"name\":\"Dior by Gianfranco Ferr\u00e9 (Alexander Fury, Laziz Hamani) - book \\\/ album - Folio\",\"isPartOf\":{\"@id\":\"https:\\\/\\\/foliobooks.pl\\\/en\\\/#website\"},\"primaryImageOfPage\":{\"@id\":\"https:\\\/\\\/foliobooks.pl\\\/en\\\/shop\\\/dior-by-gianfranco-ferre\\\/#primaryimage\"},\"image\":{\"@id\":\"https:\\\/\\\/foliobooks.pl\\\/en\\\/shop\\\/dior-by-gianfranco-ferre\\\/#primaryimage\"},\"thumbnailUrl\":\"https:\\\/\\\/foliobooks.pl\\\/wp-content\\\/uploads\\\/2019\\\/10\\\/9781614287568.png\",\"datePublished\":\"2019-10-15T12:40:20+00:00\",\"dateModified\":\"2025-03-12T11:04:36+00:00\",\"description\":\"Wejd\u017a i kup ksi\u0105\u017ck\u0119 Dior by Gianfranco Ferr\u00e9 autorstwa Alexander Fury, Laziz Hamani wydan\u0105 przez Assouline (2019-01) w formacie 30 x 37 cm (ISBN: 9781614287568). Zapraszamy!\",\"breadcrumb\":{\"@id\":\"https:\\\/\\\/foliobooks.pl\\\/en\\\/shop\\\/dior-by-gianfranco-ferre\\\/#breadcrumb\"},\"inLanguage\":\"en-US\",\"potentialAction\":[{\"@type\":\"ReadAction\",\"target\":[\"https:\\\/\\\/foliobooks.pl\\\/en\\\/shop\\\/dior-by-gianfranco-ferre\\\/\"]}]},{\"@type\":\"ImageObject\",\"inLanguage\":\"en-US\",\"@id\":\"https:\\\/\\\/foliobooks.pl\\\/en\\\/shop\\\/dior-by-gianfranco-ferre\\\/#primaryimage\",\"url\":\"https:\\\/\\\/foliobooks.pl\\\/wp-content\\\/uploads\\\/2019\\\/10\\\/9781614287568.png\",\"contentUrl\":\"https:\\\/\\\/foliobooks.pl\\\/wp-content\\\/uploads\\\/2019\\\/10\\\/9781614287568.png\",\"width\":570,\"height\":708},{\"@type\":\"BreadcrumbList\",\"@id\":\"https:\\\/\\\/foliobooks.pl\\\/en\\\/shop\\\/dior-by-gianfranco-ferre\\\/#breadcrumb\",\"itemListElement\":[{\"@type\":\"ListItem\",\"position\":1,\"name\":\"Strona g\u0142\u00f3wna\",\"item\":\"https:\\\/\\\/foliobooks.pl\\\/en\\\/\"},{\"@type\":\"ListItem\",\"position\":2,\"name\":\"Shop\",\"item\":\"https:\\\/\\\/foliobooks.pl\\\/en\\\/shop\\\/\"},{\"@type\":\"ListItem\",\"position\":3,\"name\":\"Dior by Gianfranco Ferr\u00e9\"}]},{\"@type\":\"WebSite\",\"@id\":\"https:\\\/\\\/foliobooks.pl\\\/en\\\/#website\",\"url\":\"https:\\\/\\\/foliobooks.pl\\\/en\\\/\",\"name\":\"Folio\",\"description\":\"Ksi\u0119garnia internetowa\",\"potentialAction\":[{\"@type\":\"SearchAction\",\"target\":{\"@type\":\"EntryPoint\",\"urlTemplate\":\"https:\\\/\\\/foliobooks.pl\\\/en\\\/?s={search_term_string}\"},\"query-input\":{\"@type\":\"PropertyValueSpecification\",\"valueRequired\":true,\"valueName\":\"search_term_string\"}}],\"inLanguage\":\"en-US\"}]}<\/script>\n<!-- \/ Yoast SEO plugin. -->","yoast_head_json":{"title":"Dior by Gianfranco Ferr\u00e9 (Alexander Fury, Laziz Hamani) - book \/ album - Folio","description":"Wejd\u017a i kup ksi\u0105\u017ck\u0119 Dior by Gianfranco Ferr\u00e9 autorstwa Alexander Fury, Laziz Hamani wydan\u0105 przez Assouline (2019-01) w formacie 30 x 37 cm (ISBN: 9781614287568). Zapraszamy!","robots":{"index":"index","follow":"follow","max-snippet":"max-snippet:-1","max-image-preview":"max-image-preview:large","max-video-preview":"max-video-preview:-1"},"canonical":"https:\/\/foliobooks.pl\/en\/shop\/dior-by-gianfranco-ferre\/","og_locale":"en_US","og_type":"article","og_title":"Dior by Gianfranco Ferr\u00e9 (Alexander Fury, Laziz Hamani) - book \/ album - Folio","og_description":"Wejd\u017a i kup ksi\u0105\u017ck\u0119 Dior by Gianfranco Ferr\u00e9 autorstwa Alexander Fury, Laziz Hamani wydan\u0105 przez Assouline (2019-01) w formacie 30 x 37 cm (ISBN: 9781614287568). Zapraszamy!","og_url":"https:\/\/foliobooks.pl\/en\/shop\/dior-by-gianfranco-ferre\/","og_site_name":"Folio","article_modified_time":"2025-03-12T11:04:36+00:00","og_image":[{"width":570,"height":708,"url":"https:\/\/foliobooks.pl\/wp-content\/uploads\/2019\/10\/9781614287568.png","type":"image\/png"}],"twitter_card":"summary_large_image","twitter_misc":{"Est. reading time":"1 minute"},"schema":{"@context":"https:\/\/schema.org","@graph":[{"@type":"WebPage","@id":"https:\/\/foliobooks.pl\/en\/shop\/dior-by-gianfranco-ferre\/","url":"https:\/\/foliobooks.pl\/en\/shop\/dior-by-gianfranco-ferre\/","name":"Dior by Gianfranco Ferr\u00e9 (Alexander Fury, Laziz Hamani) - book \/ album - Folio","isPartOf":{"@id":"https:\/\/foliobooks.pl\/en\/#website"},"primaryImageOfPage":{"@id":"https:\/\/foliobooks.pl\/en\/shop\/dior-by-gianfranco-ferre\/#primaryimage"},"image":{"@id":"https:\/\/foliobooks.pl\/en\/shop\/dior-by-gianfranco-ferre\/#primaryimage"},"thumbnailUrl":"https:\/\/foliobooks.pl\/wp-content\/uploads\/2019\/10\/9781614287568.png","datePublished":"2019-10-15T12:40:20+00:00","dateModified":"2025-03-12T11:04:36+00:00","description":"Wejd\u017a i kup ksi\u0105\u017ck\u0119 Dior by Gianfranco Ferr\u00e9 autorstwa Alexander Fury, Laziz Hamani wydan\u0105 przez Assouline (2019-01) w formacie 30 x 37 cm (ISBN: 9781614287568). Zapraszamy!","breadcrumb":{"@id":"https:\/\/foliobooks.pl\/en\/shop\/dior-by-gianfranco-ferre\/#breadcrumb"},"inLanguage":"en-US","potentialAction":[{"@type":"ReadAction","target":["https:\/\/foliobooks.pl\/en\/shop\/dior-by-gianfranco-ferre\/"]}]},{"@type":"ImageObject","inLanguage":"en-US","@id":"https:\/\/foliobooks.pl\/en\/shop\/dior-by-gianfranco-ferre\/#primaryimage","url":"https:\/\/foliobooks.pl\/wp-content\/uploads\/2019\/10\/9781614287568.png","contentUrl":"https:\/\/foliobooks.pl\/wp-content\/uploads\/2019\/10\/9781614287568.png","width":570,"height":708},{"@type":"BreadcrumbList","@id":"https:\/\/foliobooks.pl\/en\/shop\/dior-by-gianfranco-ferre\/#breadcrumb","itemListElement":[{"@type":"ListItem","position":1,"name":"Strona g\u0142\u00f3wna","item":"https:\/\/foliobooks.pl\/en\/"},{"@type":"ListItem","position":2,"name":"Shop","item":"https:\/\/foliobooks.pl\/en\/shop\/"},{"@type":"ListItem","position":3,"name":"Dior by Gianfranco Ferr\u00e9"}]},{"@type":"WebSite","@id":"https:\/\/foliobooks.pl\/en\/#website","url":"https:\/\/foliobooks.pl\/en\/","name":"Folio","description":"Ksi\u0119garnia internetowa","potentialAction":[{"@type":"SearchAction","target":{"@type":"EntryPoint","urlTemplate":"https:\/\/foliobooks.pl\/en\/?s={search_term_string}"},"query-input":{"@type":"PropertyValueSpecification","valueRequired":true,"valueName":"search_term_string"}}],"inLanguage":"en-US"}]}},"_links":{"self":[{"href":"https:\/\/foliobooks.pl\/en\/wp-json\/wp\/v2\/product\/43948","targetHints":{"allow":["GET"]}}],"collection":[{"href":"https:\/\/foliobooks.pl\/en\/wp-json\/wp\/v2\/product"}],"about":[{"href":"https:\/\/foliobooks.pl\/en\/wp-json\/wp\/v2\/types\/product"}],"replies":[{"embeddable":true,"href":"https:\/\/foliobooks.pl\/en\/wp-json\/wp\/v2\/comments?post=43948"}],"wp:featuredmedia":[{"embeddable":true,"href":"https:\/\/foliobooks.pl\/en\/wp-json\/wp\/v2\/media\/44042"}],"wp:attachment":[{"href":"https:\/\/foliobooks.pl\/en\/wp-json\/wp\/v2\/media?parent=43948"}],"wp:term":[{"taxonomy":"product_brand","embeddable":true,"href":"https:\/\/foliobooks.pl\/en\/wp-json\/wp\/v2\/product_brand?post=43948"},{"taxonomy":"product_cat","embeddable":true,"href":"https:\/\/foliobooks.pl\/en\/wp-json\/wp\/v2\/product_cat?post=43948"},{"taxonomy":"product_tag","embeddable":true,"href":"https:\/\/foliobooks.pl\/en\/wp-json\/wp\/v2\/product_tag?post=43948"}],"curies":[{"name":"wp","href":"https:\/\/api.w.org\/{rel}","templated":true}]}}