{"id":43156,"date":"2019-09-17T15:08:14","date_gmt":"2019-09-17T13:08:14","guid":{"rendered":"https:\/\/foliobooks.pl\/sklep\/yves-saint-laurent-catwalk\/"},"modified":"2024-10-01T16:48:50","modified_gmt":"2024-10-01T14:48:50","slug":"yves-saint-laurent-catwalk","status":"publish","type":"product","link":"https:\/\/foliobooks.pl\/en\/shop\/yves-saint-laurent-catwalk\/","title":{"rendered":"Yves Saint Laurent Catwalk"},"content":{"rendered":"<p>Founded by Yves Saint Laurent and Pierre Berg\u00e9 in 1961, shortly after the young couturier left his post at the helm of Christian Dior, Yves Saint Laurent would soon become one of the most successful and influential haute couture houses in Paris. Introducing Le Smoking, the first tuxedo suit for women, in 1966, Saint Laurent also presented iconic art-inspired creations, from Mondrian dresses to precious Van Gogh embroidery and the famous Ballets Russes collection.<\/p>\n<p>This definitive publication opens with a concise history of the house, followed by a brief biographical profile of Yves Saint Laurent, before exploring the collections themselves, organized chronologically. Each collection is introduced by a short text unveiling its influences and highlights, and illustrated with a gallery of carefully curated catwalk images. These showcase hundreds of spectacular clothes, details, accessories, beauty looks and set designs \u2013 and, of course, the top fashion models who wore them on the runway. A rich reference section concludes the book.<\/p>\n","protected":false},"excerpt":{"rendered":"<p>Founded by Yves Saint Laurent and Pierre Berg\u00e9 in 1961, shortly after the young couturier left his post at the helm of Christian Dior, Yves Saint Laurent would soon become one of the most successful and influential haute couture houses in Paris. Introducing Le Smoking, the first tuxedo suit for women, in 1966, Saint Laurent&#8230;<\/p>\n","protected":false},"featured_media":43155,"comment_status":"closed","ping_status":"closed","template":"","meta":[],"product_brand":[],"product_cat":[13533,4523,4519],"product_tag":[157,6125,11253],"class_list":{"0":"post-43156","1":"product","2":"type-product","3":"status-publish","4":"has-post-thumbnail","6":"product_cat-books","7":"product_cat-design-en-en","8":"product_cat-fashion-en-en","9":"product_tag-designers","10":"product_tag-fashion","11":"product_tag-fashion-design-en","12":"pa_author_att-suzy-menkes-en","13":"pa_cover-hardcover-slipcase","14":"pa_format-277-x-190-cm-en","15":"pa_isbn-9780500022399-en","16":"pa_language-eng","17":"pa_pages-632-en","18":"pa_published-2019-06-06-en","19":"pa_publisher-thames-hudson-en","21":"first","22":"instock","23":"sold-individually","24":"shipping-taxable","25":"purchasable","26":"product-type-simple"},"yoast_head":"<!-- This site is optimized with the Yoast SEO plugin v27.4 - https:\/\/yoast.com\/product\/yoast-seo-wordpress\/ -->\n<title>Yves Saint Laurent Catwalk (Suzy Menkes) - book \/ album - Folio<\/title>\n<meta name=\"description\" content=\"Wejd\u017a i kup ksi\u0105\u017ck\u0119 Yves Saint Laurent Catwalk autorstwa Suzy Menkes wydan\u0105 przez Thames &amp; Hudson (2019-06-06) w formacie 27,7 x 19,0 cm (ISBN: 9780500022399). Zapraszamy!\" \/>\n<meta name=\"robots\" content=\"index, follow, max-snippet:-1, max-image-preview:large, max-video-preview:-1\" \/>\n<link rel=\"canonical\" href=\"https:\/\/foliobooks.pl\/en\/shop\/yves-saint-laurent-catwalk\/\" \/>\n<meta property=\"og:locale\" content=\"en_US\" \/>\n<meta property=\"og:type\" content=\"article\" \/>\n<meta property=\"og:title\" content=\"Yves Saint Laurent Catwalk (Suzy Menkes) - book \/ album - Folio\" \/>\n<meta property=\"og:description\" content=\"Wejd\u017a i kup ksi\u0105\u017ck\u0119 Yves Saint Laurent Catwalk autorstwa Suzy Menkes wydan\u0105 przez Thames &amp; Hudson (2019-06-06) w formacie 27,7 x 19,0 cm (ISBN: 9780500022399). Zapraszamy!\" \/>\n<meta property=\"og:url\" content=\"https:\/\/foliobooks.pl\/en\/shop\/yves-saint-laurent-catwalk\/\" \/>\n<meta property=\"og:site_name\" content=\"Folio\" \/>\n<meta property=\"article:modified_time\" content=\"2024-10-01T14:48:50+00:00\" \/>\n<meta property=\"og:image\" content=\"https:\/\/foliobooks.pl\/wp-content\/uploads\/2019\/09\/9780500022399.png\" \/>\n\t<meta property=\"og:image:width\" content=\"570\" \/>\n\t<meta property=\"og:image:height\" content=\"708\" \/>\n\t<meta property=\"og:image:type\" content=\"image\/png\" \/>\n<meta name=\"twitter:card\" content=\"summary_large_image\" \/>\n<meta name=\"twitter:label1\" content=\"Est. reading time\" \/>\n\t<meta name=\"twitter:data1\" content=\"1 minute\" \/>\n<script type=\"application\/ld+json\" class=\"yoast-schema-graph\">{\"@context\":\"https:\\\/\\\/schema.org\",\"@graph\":[{\"@type\":\"WebPage\",\"@id\":\"https:\\\/\\\/foliobooks.pl\\\/en\\\/shop\\\/yves-saint-laurent-catwalk\\\/\",\"url\":\"https:\\\/\\\/foliobooks.pl\\\/en\\\/shop\\\/yves-saint-laurent-catwalk\\\/\",\"name\":\"Yves Saint Laurent Catwalk (Suzy Menkes) - book \\\/ album - Folio\",\"isPartOf\":{\"@id\":\"https:\\\/\\\/foliobooks.pl\\\/en\\\/#website\"},\"primaryImageOfPage\":{\"@id\":\"https:\\\/\\\/foliobooks.pl\\\/en\\\/shop\\\/yves-saint-laurent-catwalk\\\/#primaryimage\"},\"image\":{\"@id\":\"https:\\\/\\\/foliobooks.pl\\\/en\\\/shop\\\/yves-saint-laurent-catwalk\\\/#primaryimage\"},\"thumbnailUrl\":\"https:\\\/\\\/foliobooks.pl\\\/wp-content\\\/uploads\\\/2019\\\/09\\\/9780500022399.png\",\"datePublished\":\"2019-09-17T13:08:14+00:00\",\"dateModified\":\"2024-10-01T14:48:50+00:00\",\"description\":\"Wejd\u017a i kup ksi\u0105\u017ck\u0119 Yves Saint Laurent Catwalk autorstwa Suzy Menkes wydan\u0105 przez Thames &amp; Hudson (2019-06-06) w formacie 27,7 x 19,0 cm (ISBN: 9780500022399). Zapraszamy!\",\"breadcrumb\":{\"@id\":\"https:\\\/\\\/foliobooks.pl\\\/en\\\/shop\\\/yves-saint-laurent-catwalk\\\/#breadcrumb\"},\"inLanguage\":\"en-US\",\"potentialAction\":[{\"@type\":\"ReadAction\",\"target\":[\"https:\\\/\\\/foliobooks.pl\\\/en\\\/shop\\\/yves-saint-laurent-catwalk\\\/\"]}]},{\"@type\":\"ImageObject\",\"inLanguage\":\"en-US\",\"@id\":\"https:\\\/\\\/foliobooks.pl\\\/en\\\/shop\\\/yves-saint-laurent-catwalk\\\/#primaryimage\",\"url\":\"https:\\\/\\\/foliobooks.pl\\\/wp-content\\\/uploads\\\/2019\\\/09\\\/9780500022399.png\",\"contentUrl\":\"https:\\\/\\\/foliobooks.pl\\\/wp-content\\\/uploads\\\/2019\\\/09\\\/9780500022399.png\",\"width\":570,\"height\":708},{\"@type\":\"BreadcrumbList\",\"@id\":\"https:\\\/\\\/foliobooks.pl\\\/en\\\/shop\\\/yves-saint-laurent-catwalk\\\/#breadcrumb\",\"itemListElement\":[{\"@type\":\"ListItem\",\"position\":1,\"name\":\"Strona g\u0142\u00f3wna\",\"item\":\"https:\\\/\\\/foliobooks.pl\\\/en\\\/\"},{\"@type\":\"ListItem\",\"position\":2,\"name\":\"Shop\",\"item\":\"https:\\\/\\\/foliobooks.pl\\\/en\\\/shop\\\/\"},{\"@type\":\"ListItem\",\"position\":3,\"name\":\"Yves Saint Laurent Catwalk\"}]},{\"@type\":\"WebSite\",\"@id\":\"https:\\\/\\\/foliobooks.pl\\\/en\\\/#website\",\"url\":\"https:\\\/\\\/foliobooks.pl\\\/en\\\/\",\"name\":\"Folio\",\"description\":\"Ksi\u0119garnia internetowa\",\"potentialAction\":[{\"@type\":\"SearchAction\",\"target\":{\"@type\":\"EntryPoint\",\"urlTemplate\":\"https:\\\/\\\/foliobooks.pl\\\/en\\\/?s={search_term_string}\"},\"query-input\":{\"@type\":\"PropertyValueSpecification\",\"valueRequired\":true,\"valueName\":\"search_term_string\"}}],\"inLanguage\":\"en-US\"}]}<\/script>\n<!-- \/ Yoast SEO plugin. -->","yoast_head_json":{"title":"Yves Saint Laurent Catwalk (Suzy Menkes) - book \/ album - Folio","description":"Wejd\u017a i kup ksi\u0105\u017ck\u0119 Yves Saint Laurent Catwalk autorstwa Suzy Menkes wydan\u0105 przez Thames &amp; Hudson (2019-06-06) w formacie 27,7 x 19,0 cm (ISBN: 9780500022399). Zapraszamy!","robots":{"index":"index","follow":"follow","max-snippet":"max-snippet:-1","max-image-preview":"max-image-preview:large","max-video-preview":"max-video-preview:-1"},"canonical":"https:\/\/foliobooks.pl\/en\/shop\/yves-saint-laurent-catwalk\/","og_locale":"en_US","og_type":"article","og_title":"Yves Saint Laurent Catwalk (Suzy Menkes) - book \/ album - Folio","og_description":"Wejd\u017a i kup ksi\u0105\u017ck\u0119 Yves Saint Laurent Catwalk autorstwa Suzy Menkes wydan\u0105 przez Thames &amp; Hudson (2019-06-06) w formacie 27,7 x 19,0 cm (ISBN: 9780500022399). Zapraszamy!","og_url":"https:\/\/foliobooks.pl\/en\/shop\/yves-saint-laurent-catwalk\/","og_site_name":"Folio","article_modified_time":"2024-10-01T14:48:50+00:00","og_image":[{"width":570,"height":708,"url":"https:\/\/foliobooks.pl\/wp-content\/uploads\/2019\/09\/9780500022399.png","type":"image\/png"}],"twitter_card":"summary_large_image","twitter_misc":{"Est. reading time":"1 minute"},"schema":{"@context":"https:\/\/schema.org","@graph":[{"@type":"WebPage","@id":"https:\/\/foliobooks.pl\/en\/shop\/yves-saint-laurent-catwalk\/","url":"https:\/\/foliobooks.pl\/en\/shop\/yves-saint-laurent-catwalk\/","name":"Yves Saint Laurent Catwalk (Suzy Menkes) - book \/ album - Folio","isPartOf":{"@id":"https:\/\/foliobooks.pl\/en\/#website"},"primaryImageOfPage":{"@id":"https:\/\/foliobooks.pl\/en\/shop\/yves-saint-laurent-catwalk\/#primaryimage"},"image":{"@id":"https:\/\/foliobooks.pl\/en\/shop\/yves-saint-laurent-catwalk\/#primaryimage"},"thumbnailUrl":"https:\/\/foliobooks.pl\/wp-content\/uploads\/2019\/09\/9780500022399.png","datePublished":"2019-09-17T13:08:14+00:00","dateModified":"2024-10-01T14:48:50+00:00","description":"Wejd\u017a i kup ksi\u0105\u017ck\u0119 Yves Saint Laurent Catwalk autorstwa Suzy Menkes wydan\u0105 przez Thames &amp; Hudson (2019-06-06) w formacie 27,7 x 19,0 cm (ISBN: 9780500022399). Zapraszamy!","breadcrumb":{"@id":"https:\/\/foliobooks.pl\/en\/shop\/yves-saint-laurent-catwalk\/#breadcrumb"},"inLanguage":"en-US","potentialAction":[{"@type":"ReadAction","target":["https:\/\/foliobooks.pl\/en\/shop\/yves-saint-laurent-catwalk\/"]}]},{"@type":"ImageObject","inLanguage":"en-US","@id":"https:\/\/foliobooks.pl\/en\/shop\/yves-saint-laurent-catwalk\/#primaryimage","url":"https:\/\/foliobooks.pl\/wp-content\/uploads\/2019\/09\/9780500022399.png","contentUrl":"https:\/\/foliobooks.pl\/wp-content\/uploads\/2019\/09\/9780500022399.png","width":570,"height":708},{"@type":"BreadcrumbList","@id":"https:\/\/foliobooks.pl\/en\/shop\/yves-saint-laurent-catwalk\/#breadcrumb","itemListElement":[{"@type":"ListItem","position":1,"name":"Strona g\u0142\u00f3wna","item":"https:\/\/foliobooks.pl\/en\/"},{"@type":"ListItem","position":2,"name":"Shop","item":"https:\/\/foliobooks.pl\/en\/shop\/"},{"@type":"ListItem","position":3,"name":"Yves Saint Laurent Catwalk"}]},{"@type":"WebSite","@id":"https:\/\/foliobooks.pl\/en\/#website","url":"https:\/\/foliobooks.pl\/en\/","name":"Folio","description":"Ksi\u0119garnia internetowa","potentialAction":[{"@type":"SearchAction","target":{"@type":"EntryPoint","urlTemplate":"https:\/\/foliobooks.pl\/en\/?s={search_term_string}"},"query-input":{"@type":"PropertyValueSpecification","valueRequired":true,"valueName":"search_term_string"}}],"inLanguage":"en-US"}]}},"_links":{"self":[{"href":"https:\/\/foliobooks.pl\/en\/wp-json\/wp\/v2\/product\/43156","targetHints":{"allow":["GET"]}}],"collection":[{"href":"https:\/\/foliobooks.pl\/en\/wp-json\/wp\/v2\/product"}],"about":[{"href":"https:\/\/foliobooks.pl\/en\/wp-json\/wp\/v2\/types\/product"}],"replies":[{"embeddable":true,"href":"https:\/\/foliobooks.pl\/en\/wp-json\/wp\/v2\/comments?post=43156"}],"wp:featuredmedia":[{"embeddable":true,"href":"https:\/\/foliobooks.pl\/en\/wp-json\/wp\/v2\/media\/43155"}],"wp:attachment":[{"href":"https:\/\/foliobooks.pl\/en\/wp-json\/wp\/v2\/media?parent=43156"}],"wp:term":[{"taxonomy":"product_brand","embeddable":true,"href":"https:\/\/foliobooks.pl\/en\/wp-json\/wp\/v2\/product_brand?post=43156"},{"taxonomy":"product_cat","embeddable":true,"href":"https:\/\/foliobooks.pl\/en\/wp-json\/wp\/v2\/product_cat?post=43156"},{"taxonomy":"product_tag","embeddable":true,"href":"https:\/\/foliobooks.pl\/en\/wp-json\/wp\/v2\/product_tag?post=43156"}],"curies":[{"name":"wp","href":"https:\/\/api.w.org\/{rel}","templated":true}]}}