{"id":43061,"date":"2019-09-17T13:36:41","date_gmt":"2019-09-17T11:36:41","guid":{"rendered":"https:\/\/foliobooks.pl\/sklep\/alfred-hitchcock-the-complete-films\/"},"modified":"2025-12-03T12:43:02","modified_gmt":"2025-12-03T11:43:02","slug":"alfred-hitchcock-the-complete-films","status":"publish","type":"product","link":"https:\/\/foliobooks.pl\/en\/shop\/alfred-hitchcock-the-complete-films\/","title":{"rendered":"Alfred Hitchcock. The Complete Films"},"content":{"rendered":"<p>The name Alfred Hitchcock is synonymous with suspense\u2014that is to say, masterful, spine-tingling, thrilling, shocking, excruciating, eye-boggling suspense. With triumphs such as Rebecca, Vertigo, Rear Window, and Psycho, Hitchcock (1899\u20131980) fashioned a new level of cinematic intrigue and fear through careful pacing, subtlety, and suggestiveness.<\/p>\n<p>This complete guide traces Hitchcock\u2019s life and career from his earliest silent films right through to his last picture in 1976, Family Plot. Updated with fresh images, the book combines detailed entries for each of Hitchcock\u2019s 53 films, an incisive essay that sheds light on his fear-inducing devices, photos of the master at work, and an illustrated list of each of his cameos, together adding up to a movie buff\u2019s dream.<\/p>\n","protected":false},"excerpt":{"rendered":"<p>The name Alfred Hitchcock is synonymous with suspense\u2014that is to say, masterful, spine-tingling, thrilling, shocking, excruciating, eye-boggling suspense. With triumphs such as Rebecca, Vertigo, Rear Window, and Psycho, Hitchcock (1899\u20131980) fashioned a new level of cinematic intrigue and fear through careful pacing, subtlety, and suggestiveness. This complete guide traces Hitchcock\u2019s life and career from his&#8230;<\/p>\n","protected":false},"featured_media":43048,"comment_status":"closed","ping_status":"closed","template":"","meta":[],"product_brand":[],"product_cat":[4522,13533],"product_tag":[9083,1273,6339,1676],"class_list":{"0":"post-43061","1":"product","2":"type-product","3":"status-publish","4":"has-post-thumbnail","6":"product_cat-art-en","7":"product_cat-books","8":"product_tag-art-en","9":"product_tag-cinema-en","10":"product_tag-film-directors-en","11":"product_tag-movie-stars","12":"pa_author_att-paul-duncan-en","13":"pa_cover-hardcover","14":"pa_format-17-x-24-cm-en","15":"pa_isbn-9783836566841-en","16":"pa_language-eng","17":"pa_pages-688-en","18":"pa_published-2019-06-15-en","19":"pa_publisher-taschen-en-en","21":"first","22":"instock","23":"sold-individually","24":"shipping-taxable","25":"purchasable","26":"product-type-simple"},"yoast_head":"<!-- This site is optimized with the Yoast SEO plugin v27.4 - https:\/\/yoast.com\/product\/yoast-seo-wordpress\/ -->\n<title>Alfred Hitchcock. The Complete Films (Paul Duncan) - book \/ album - Folio<\/title>\n<meta name=\"description\" content=\"Wejd\u017a i kup ksi\u0105\u017ck\u0119 Alfred Hitchcock. The Complete Films autorstwa Paul Duncan wydan\u0105 przez TASCHEN (2019-06-15) w formacie 17 x 24 cm (ISBN: 9783836566841). Zapraszamy!\" \/>\n<meta name=\"robots\" content=\"index, follow, max-snippet:-1, max-image-preview:large, max-video-preview:-1\" \/>\n<link rel=\"canonical\" href=\"https:\/\/foliobooks.pl\/en\/shop\/alfred-hitchcock-the-complete-films\/\" \/>\n<meta property=\"og:locale\" content=\"en_US\" \/>\n<meta property=\"og:type\" content=\"article\" \/>\n<meta property=\"og:title\" content=\"Alfred Hitchcock. The Complete Films (Paul Duncan) - book \/ album - Folio\" \/>\n<meta property=\"og:description\" content=\"Wejd\u017a i kup ksi\u0105\u017ck\u0119 Alfred Hitchcock. The Complete Films autorstwa Paul Duncan wydan\u0105 przez TASCHEN (2019-06-15) w formacie 17 x 24 cm (ISBN: 9783836566841). Zapraszamy!\" \/>\n<meta property=\"og:url\" content=\"https:\/\/foliobooks.pl\/en\/shop\/alfred-hitchcock-the-complete-films\/\" \/>\n<meta property=\"og:site_name\" content=\"Folio\" \/>\n<meta property=\"article:modified_time\" content=\"2025-12-03T11:43:02+00:00\" \/>\n<meta property=\"og:image\" content=\"https:\/\/foliobooks.pl\/wp-content\/uploads\/2019\/09\/9783836566841.png\" \/>\n\t<meta property=\"og:image:width\" content=\"570\" \/>\n\t<meta property=\"og:image:height\" content=\"708\" \/>\n\t<meta property=\"og:image:type\" content=\"image\/png\" \/>\n<meta name=\"twitter:card\" content=\"summary_large_image\" \/>\n<meta name=\"twitter:label1\" content=\"Est. reading time\" \/>\n\t<meta name=\"twitter:data1\" content=\"1 minute\" \/>\n<script type=\"application\/ld+json\" class=\"yoast-schema-graph\">{\"@context\":\"https:\\\/\\\/schema.org\",\"@graph\":[{\"@type\":\"WebPage\",\"@id\":\"https:\\\/\\\/foliobooks.pl\\\/en\\\/shop\\\/alfred-hitchcock-the-complete-films\\\/\",\"url\":\"https:\\\/\\\/foliobooks.pl\\\/en\\\/shop\\\/alfred-hitchcock-the-complete-films\\\/\",\"name\":\"Alfred Hitchcock. The Complete Films (Paul Duncan) - book \\\/ album - Folio\",\"isPartOf\":{\"@id\":\"https:\\\/\\\/foliobooks.pl\\\/en\\\/#website\"},\"primaryImageOfPage\":{\"@id\":\"https:\\\/\\\/foliobooks.pl\\\/en\\\/shop\\\/alfred-hitchcock-the-complete-films\\\/#primaryimage\"},\"image\":{\"@id\":\"https:\\\/\\\/foliobooks.pl\\\/en\\\/shop\\\/alfred-hitchcock-the-complete-films\\\/#primaryimage\"},\"thumbnailUrl\":\"https:\\\/\\\/foliobooks.pl\\\/wp-content\\\/uploads\\\/2019\\\/09\\\/9783836566841.png\",\"datePublished\":\"2019-09-17T11:36:41+00:00\",\"dateModified\":\"2025-12-03T11:43:02+00:00\",\"description\":\"Wejd\u017a i kup ksi\u0105\u017ck\u0119 Alfred Hitchcock. The Complete Films autorstwa Paul Duncan wydan\u0105 przez TASCHEN (2019-06-15) w formacie 17 x 24 cm (ISBN: 9783836566841). Zapraszamy!\",\"breadcrumb\":{\"@id\":\"https:\\\/\\\/foliobooks.pl\\\/en\\\/shop\\\/alfred-hitchcock-the-complete-films\\\/#breadcrumb\"},\"inLanguage\":\"en-US\",\"potentialAction\":[{\"@type\":\"ReadAction\",\"target\":[\"https:\\\/\\\/foliobooks.pl\\\/en\\\/shop\\\/alfred-hitchcock-the-complete-films\\\/\"]}]},{\"@type\":\"ImageObject\",\"inLanguage\":\"en-US\",\"@id\":\"https:\\\/\\\/foliobooks.pl\\\/en\\\/shop\\\/alfred-hitchcock-the-complete-films\\\/#primaryimage\",\"url\":\"https:\\\/\\\/foliobooks.pl\\\/wp-content\\\/uploads\\\/2019\\\/09\\\/9783836566841.png\",\"contentUrl\":\"https:\\\/\\\/foliobooks.pl\\\/wp-content\\\/uploads\\\/2019\\\/09\\\/9783836566841.png\",\"width\":570,\"height\":708},{\"@type\":\"BreadcrumbList\",\"@id\":\"https:\\\/\\\/foliobooks.pl\\\/en\\\/shop\\\/alfred-hitchcock-the-complete-films\\\/#breadcrumb\",\"itemListElement\":[{\"@type\":\"ListItem\",\"position\":1,\"name\":\"Strona g\u0142\u00f3wna\",\"item\":\"https:\\\/\\\/foliobooks.pl\\\/en\\\/\"},{\"@type\":\"ListItem\",\"position\":2,\"name\":\"Shop\",\"item\":\"https:\\\/\\\/foliobooks.pl\\\/en\\\/shop\\\/\"},{\"@type\":\"ListItem\",\"position\":3,\"name\":\"Alfred Hitchcock. The Complete Films\"}]},{\"@type\":\"WebSite\",\"@id\":\"https:\\\/\\\/foliobooks.pl\\\/en\\\/#website\",\"url\":\"https:\\\/\\\/foliobooks.pl\\\/en\\\/\",\"name\":\"Folio\",\"description\":\"Ksi\u0119garnia internetowa\",\"potentialAction\":[{\"@type\":\"SearchAction\",\"target\":{\"@type\":\"EntryPoint\",\"urlTemplate\":\"https:\\\/\\\/foliobooks.pl\\\/en\\\/?s={search_term_string}\"},\"query-input\":{\"@type\":\"PropertyValueSpecification\",\"valueRequired\":true,\"valueName\":\"search_term_string\"}}],\"inLanguage\":\"en-US\"}]}<\/script>\n<!-- \/ Yoast SEO plugin. -->","yoast_head_json":{"title":"Alfred Hitchcock. The Complete Films (Paul Duncan) - book \/ album - Folio","description":"Wejd\u017a i kup ksi\u0105\u017ck\u0119 Alfred Hitchcock. The Complete Films autorstwa Paul Duncan wydan\u0105 przez TASCHEN (2019-06-15) w formacie 17 x 24 cm (ISBN: 9783836566841). Zapraszamy!","robots":{"index":"index","follow":"follow","max-snippet":"max-snippet:-1","max-image-preview":"max-image-preview:large","max-video-preview":"max-video-preview:-1"},"canonical":"https:\/\/foliobooks.pl\/en\/shop\/alfred-hitchcock-the-complete-films\/","og_locale":"en_US","og_type":"article","og_title":"Alfred Hitchcock. The Complete Films (Paul Duncan) - book \/ album - Folio","og_description":"Wejd\u017a i kup ksi\u0105\u017ck\u0119 Alfred Hitchcock. The Complete Films autorstwa Paul Duncan wydan\u0105 przez TASCHEN (2019-06-15) w formacie 17 x 24 cm (ISBN: 9783836566841). Zapraszamy!","og_url":"https:\/\/foliobooks.pl\/en\/shop\/alfred-hitchcock-the-complete-films\/","og_site_name":"Folio","article_modified_time":"2025-12-03T11:43:02+00:00","og_image":[{"width":570,"height":708,"url":"https:\/\/foliobooks.pl\/wp-content\/uploads\/2019\/09\/9783836566841.png","type":"image\/png"}],"twitter_card":"summary_large_image","twitter_misc":{"Est. reading time":"1 minute"},"schema":{"@context":"https:\/\/schema.org","@graph":[{"@type":"WebPage","@id":"https:\/\/foliobooks.pl\/en\/shop\/alfred-hitchcock-the-complete-films\/","url":"https:\/\/foliobooks.pl\/en\/shop\/alfred-hitchcock-the-complete-films\/","name":"Alfred Hitchcock. The Complete Films (Paul Duncan) - book \/ album - Folio","isPartOf":{"@id":"https:\/\/foliobooks.pl\/en\/#website"},"primaryImageOfPage":{"@id":"https:\/\/foliobooks.pl\/en\/shop\/alfred-hitchcock-the-complete-films\/#primaryimage"},"image":{"@id":"https:\/\/foliobooks.pl\/en\/shop\/alfred-hitchcock-the-complete-films\/#primaryimage"},"thumbnailUrl":"https:\/\/foliobooks.pl\/wp-content\/uploads\/2019\/09\/9783836566841.png","datePublished":"2019-09-17T11:36:41+00:00","dateModified":"2025-12-03T11:43:02+00:00","description":"Wejd\u017a i kup ksi\u0105\u017ck\u0119 Alfred Hitchcock. The Complete Films autorstwa Paul Duncan wydan\u0105 przez TASCHEN (2019-06-15) w formacie 17 x 24 cm (ISBN: 9783836566841). Zapraszamy!","breadcrumb":{"@id":"https:\/\/foliobooks.pl\/en\/shop\/alfred-hitchcock-the-complete-films\/#breadcrumb"},"inLanguage":"en-US","potentialAction":[{"@type":"ReadAction","target":["https:\/\/foliobooks.pl\/en\/shop\/alfred-hitchcock-the-complete-films\/"]}]},{"@type":"ImageObject","inLanguage":"en-US","@id":"https:\/\/foliobooks.pl\/en\/shop\/alfred-hitchcock-the-complete-films\/#primaryimage","url":"https:\/\/foliobooks.pl\/wp-content\/uploads\/2019\/09\/9783836566841.png","contentUrl":"https:\/\/foliobooks.pl\/wp-content\/uploads\/2019\/09\/9783836566841.png","width":570,"height":708},{"@type":"BreadcrumbList","@id":"https:\/\/foliobooks.pl\/en\/shop\/alfred-hitchcock-the-complete-films\/#breadcrumb","itemListElement":[{"@type":"ListItem","position":1,"name":"Strona g\u0142\u00f3wna","item":"https:\/\/foliobooks.pl\/en\/"},{"@type":"ListItem","position":2,"name":"Shop","item":"https:\/\/foliobooks.pl\/en\/shop\/"},{"@type":"ListItem","position":3,"name":"Alfred Hitchcock. The Complete Films"}]},{"@type":"WebSite","@id":"https:\/\/foliobooks.pl\/en\/#website","url":"https:\/\/foliobooks.pl\/en\/","name":"Folio","description":"Ksi\u0119garnia internetowa","potentialAction":[{"@type":"SearchAction","target":{"@type":"EntryPoint","urlTemplate":"https:\/\/foliobooks.pl\/en\/?s={search_term_string}"},"query-input":{"@type":"PropertyValueSpecification","valueRequired":true,"valueName":"search_term_string"}}],"inLanguage":"en-US"}]}},"_links":{"self":[{"href":"https:\/\/foliobooks.pl\/en\/wp-json\/wp\/v2\/product\/43061","targetHints":{"allow":["GET"]}}],"collection":[{"href":"https:\/\/foliobooks.pl\/en\/wp-json\/wp\/v2\/product"}],"about":[{"href":"https:\/\/foliobooks.pl\/en\/wp-json\/wp\/v2\/types\/product"}],"replies":[{"embeddable":true,"href":"https:\/\/foliobooks.pl\/en\/wp-json\/wp\/v2\/comments?post=43061"}],"wp:featuredmedia":[{"embeddable":true,"href":"https:\/\/foliobooks.pl\/en\/wp-json\/wp\/v2\/media\/43048"}],"wp:attachment":[{"href":"https:\/\/foliobooks.pl\/en\/wp-json\/wp\/v2\/media?parent=43061"}],"wp:term":[{"taxonomy":"product_brand","embeddable":true,"href":"https:\/\/foliobooks.pl\/en\/wp-json\/wp\/v2\/product_brand?post=43061"},{"taxonomy":"product_cat","embeddable":true,"href":"https:\/\/foliobooks.pl\/en\/wp-json\/wp\/v2\/product_cat?post=43061"},{"taxonomy":"product_tag","embeddable":true,"href":"https:\/\/foliobooks.pl\/en\/wp-json\/wp\/v2\/product_tag?post=43061"}],"curies":[{"name":"wp","href":"https:\/\/api.w.org\/{rel}","templated":true}]}}