{"id":42922,"date":"2019-09-17T12:33:13","date_gmt":"2019-09-17T10:33:13","guid":{"rendered":"https:\/\/foliobooks.pl\/?post_type=product&#038;p=42922"},"modified":"2024-12-10T10:31:20","modified_gmt":"2024-12-10T09:31:20","slug":"nyt-36-hours-world-150-cities-from-abu-dhabi-to-zurich","status":"publish","type":"product","link":"https:\/\/foliobooks.pl\/en\/shop\/nyt-36-hours-world-150-cities-from-abu-dhabi-to-zurich\/","title":{"rendered":"NYT. 36 Hours. World. 150 Cities from Abu Dhabi to Zurich"},"content":{"rendered":"<p>Globe-trotters rejoice! This updated volume gathers the cr\u00e8me de la cr\u00e8me from <em>The New York Times<\/em> travel series. The <em>Times\u2019s<\/em> renowned writers curate 150 bite-sized itineraries into an A\u2013Z showcase of the world\u2019s most captivating cities, from Barcelona to Bogot\u00e1, New Delhi to New Orleans\u2014with 26 new stories including Amman and Nairobi.<\/p>\n<p>Weekend trips to any city, from S\u00e3o Paulo to Seoul to Sydney, can often be daunting, with too much to do and too little time. Enter 36 Hours World, a roundup of 150 cities across six continents, each tailored for a memorable and feasible 36-hour stay. Gathered from the eponymous New York Times column, this updated edition is dedicated entirely to cities: capital, coastal, cosmopolitan, and everything in between, with 26 new stories not published in previous volumes.<\/p>\n<p>The Times\u2019s contributors are your guides\u2014foreign correspondents, travel writers, food writers, and photojournalists\u2014who bring together insider knowledge and in-depth research, providing fresh insight to even the most frequently visited metropolises. Whether it\u2019s a comedy club in downtown Chicago, a long-tail boat tour on Bangkok\u2019s Chao Phraya River, or a cable car ride up to Dubrovnik\u2019s Mount Srd, the must-know facts and inspiration can all be found in this A-to-Z collection of urban adventures.<\/p>\n<p>\u25cf 150 international cities<br \/>\n\u25cf Practical recommendations for nearly 600 restaurants and 350 hotels<br \/>\n\u25cf A thumb index for quick navigation and ribbon to bookmark your next adventure<br \/>\n\u25cf More than 800 photos<br \/>\n\u25cf Detailed city-by-city maps that pinpoint every stop on your itinerary<br \/>\n\u25cf All stories have been updated and adapted by Barbara Ireland, a veteran Times travel editor<\/p>\n","protected":false},"excerpt":{"rendered":"<p>Globe-trotters rejoice! This updated volume gathers the cr\u00e8me de la cr\u00e8me from The New York Times travel series. The Times\u2019s renowned writers curate 150 bite-sized itineraries into an A\u2013Z showcase of the world\u2019s most captivating cities, from Barcelona to Bogot\u00e1, New Delhi to New Orleans\u2014with 26 new stories including Amman and Nairobi. Weekend trips to&#8230;<\/p>\n","protected":false},"featured_media":42990,"comment_status":"closed","ping_status":"closed","template":"","meta":[],"product_brand":[],"product_cat":[13533,4517],"product_tag":[6143,11529,10854,1157,156],"class_list":{"0":"post-42922","1":"product","2":"type-product","3":"status-publish","4":"has-post-thumbnail","6":"product_cat-books","7":"product_cat-photography-en","8":"product_tag-city","9":"product_tag-documentary-photography-en","10":"product_tag-hotels-en","11":"product_tag-restaurants","12":"product_tag-travel","13":"pa_author_att-barbara-ireland-en","14":"pa_cover-softcover","15":"pa_format-168-x-24-cm-en","16":"pa_isbn-9783836575331-en","17":"pa_language-eng","18":"pa_pages-768-en","19":"pa_published-2019-05-29-en","20":"pa_publisher-taschen-en-en","22":"first","23":"outofstock","24":"sold-individually","25":"shipping-taxable","26":"purchasable","27":"product-type-simple"},"yoast_head":"<!-- This site is optimized with the Yoast SEO plugin v27.4 - https:\/\/yoast.com\/product\/yoast-seo-wordpress\/ -->\n<title>NYT. 36 Hours. World. 150 Cities from Abu Dhabi to Zurich (Barbara Ireland) - book \/ album - Folio<\/title>\n<meta name=\"description\" content=\"Wejd\u017a i kup ksi\u0105\u017ck\u0119 NYT. 36 Hours. World. 150 Cities from Abu Dhabi to Zurich autorstwa Barbara Ireland wydan\u0105 przez TASCHEN (2019-05-29) w formacie 16,8 x 24 cm (ISBN: 9783836575331). Zapraszamy!\" \/>\n<meta name=\"robots\" content=\"index, follow, max-snippet:-1, max-image-preview:large, max-video-preview:-1\" \/>\n<link rel=\"canonical\" href=\"https:\/\/foliobooks.pl\/en\/shop\/nyt-36-hours-world-150-cities-from-abu-dhabi-to-zurich\/\" \/>\n<meta property=\"og:locale\" content=\"en_US\" \/>\n<meta property=\"og:type\" content=\"article\" \/>\n<meta property=\"og:title\" content=\"NYT. 36 Hours. World. 150 Cities from Abu Dhabi to Zurich (Barbara Ireland) - book \/ album - Folio\" \/>\n<meta property=\"og:description\" content=\"Wejd\u017a i kup ksi\u0105\u017ck\u0119 NYT. 36 Hours. World. 150 Cities from Abu Dhabi to Zurich autorstwa Barbara Ireland wydan\u0105 przez TASCHEN (2019-05-29) w formacie 16,8 x 24 cm (ISBN: 9783836575331). Zapraszamy!\" \/>\n<meta property=\"og:url\" content=\"https:\/\/foliobooks.pl\/en\/shop\/nyt-36-hours-world-150-cities-from-abu-dhabi-to-zurich\/\" \/>\n<meta property=\"og:site_name\" content=\"Folio\" \/>\n<meta property=\"article:modified_time\" content=\"2024-12-10T09:31:20+00:00\" \/>\n<meta property=\"og:image\" content=\"https:\/\/foliobooks.pl\/wp-content\/uploads\/2019\/09\/9783836575331.png\" \/>\n\t<meta property=\"og:image:width\" content=\"570\" \/>\n\t<meta property=\"og:image:height\" content=\"708\" \/>\n\t<meta property=\"og:image:type\" content=\"image\/png\" \/>\n<meta name=\"twitter:card\" content=\"summary_large_image\" \/>\n<meta name=\"twitter:label1\" content=\"Est. reading time\" \/>\n\t<meta name=\"twitter:data1\" content=\"1 minute\" \/>\n<script type=\"application\/ld+json\" class=\"yoast-schema-graph\">{\"@context\":\"https:\\\/\\\/schema.org\",\"@graph\":[{\"@type\":\"WebPage\",\"@id\":\"https:\\\/\\\/foliobooks.pl\\\/en\\\/shop\\\/nyt-36-hours-world-150-cities-from-abu-dhabi-to-zurich\\\/\",\"url\":\"https:\\\/\\\/foliobooks.pl\\\/en\\\/shop\\\/nyt-36-hours-world-150-cities-from-abu-dhabi-to-zurich\\\/\",\"name\":\"NYT. 36 Hours. World. 150 Cities from Abu Dhabi to Zurich (Barbara Ireland) - book \\\/ album - Folio\",\"isPartOf\":{\"@id\":\"https:\\\/\\\/foliobooks.pl\\\/en\\\/#website\"},\"primaryImageOfPage\":{\"@id\":\"https:\\\/\\\/foliobooks.pl\\\/en\\\/shop\\\/nyt-36-hours-world-150-cities-from-abu-dhabi-to-zurich\\\/#primaryimage\"},\"image\":{\"@id\":\"https:\\\/\\\/foliobooks.pl\\\/en\\\/shop\\\/nyt-36-hours-world-150-cities-from-abu-dhabi-to-zurich\\\/#primaryimage\"},\"thumbnailUrl\":\"https:\\\/\\\/foliobooks.pl\\\/wp-content\\\/uploads\\\/2019\\\/09\\\/9783836575331.png\",\"datePublished\":\"2019-09-17T10:33:13+00:00\",\"dateModified\":\"2024-12-10T09:31:20+00:00\",\"description\":\"Wejd\u017a i kup ksi\u0105\u017ck\u0119 NYT. 36 Hours. World. 150 Cities from Abu Dhabi to Zurich autorstwa Barbara Ireland wydan\u0105 przez TASCHEN (2019-05-29) w formacie 16,8 x 24 cm (ISBN: 9783836575331). Zapraszamy!\",\"breadcrumb\":{\"@id\":\"https:\\\/\\\/foliobooks.pl\\\/en\\\/shop\\\/nyt-36-hours-world-150-cities-from-abu-dhabi-to-zurich\\\/#breadcrumb\"},\"inLanguage\":\"en-US\",\"potentialAction\":[{\"@type\":\"ReadAction\",\"target\":[\"https:\\\/\\\/foliobooks.pl\\\/en\\\/shop\\\/nyt-36-hours-world-150-cities-from-abu-dhabi-to-zurich\\\/\"]}]},{\"@type\":\"ImageObject\",\"inLanguage\":\"en-US\",\"@id\":\"https:\\\/\\\/foliobooks.pl\\\/en\\\/shop\\\/nyt-36-hours-world-150-cities-from-abu-dhabi-to-zurich\\\/#primaryimage\",\"url\":\"https:\\\/\\\/foliobooks.pl\\\/wp-content\\\/uploads\\\/2019\\\/09\\\/9783836575331.png\",\"contentUrl\":\"https:\\\/\\\/foliobooks.pl\\\/wp-content\\\/uploads\\\/2019\\\/09\\\/9783836575331.png\",\"width\":570,\"height\":708},{\"@type\":\"BreadcrumbList\",\"@id\":\"https:\\\/\\\/foliobooks.pl\\\/en\\\/shop\\\/nyt-36-hours-world-150-cities-from-abu-dhabi-to-zurich\\\/#breadcrumb\",\"itemListElement\":[{\"@type\":\"ListItem\",\"position\":1,\"name\":\"Strona g\u0142\u00f3wna\",\"item\":\"https:\\\/\\\/foliobooks.pl\\\/en\\\/\"},{\"@type\":\"ListItem\",\"position\":2,\"name\":\"Shop\",\"item\":\"https:\\\/\\\/foliobooks.pl\\\/en\\\/shop\\\/\"},{\"@type\":\"ListItem\",\"position\":3,\"name\":\"NYT. 36 Hours. World. 150 Cities from Abu Dhabi to Zurich\"}]},{\"@type\":\"WebSite\",\"@id\":\"https:\\\/\\\/foliobooks.pl\\\/en\\\/#website\",\"url\":\"https:\\\/\\\/foliobooks.pl\\\/en\\\/\",\"name\":\"Folio\",\"description\":\"Ksi\u0119garnia internetowa\",\"potentialAction\":[{\"@type\":\"SearchAction\",\"target\":{\"@type\":\"EntryPoint\",\"urlTemplate\":\"https:\\\/\\\/foliobooks.pl\\\/en\\\/?s={search_term_string}\"},\"query-input\":{\"@type\":\"PropertyValueSpecification\",\"valueRequired\":true,\"valueName\":\"search_term_string\"}}],\"inLanguage\":\"en-US\"}]}<\/script>\n<!-- \/ Yoast SEO plugin. -->","yoast_head_json":{"title":"NYT. 36 Hours. World. 150 Cities from Abu Dhabi to Zurich (Barbara Ireland) - book \/ album - Folio","description":"Wejd\u017a i kup ksi\u0105\u017ck\u0119 NYT. 36 Hours. World. 150 Cities from Abu Dhabi to Zurich autorstwa Barbara Ireland wydan\u0105 przez TASCHEN (2019-05-29) w formacie 16,8 x 24 cm (ISBN: 9783836575331). Zapraszamy!","robots":{"index":"index","follow":"follow","max-snippet":"max-snippet:-1","max-image-preview":"max-image-preview:large","max-video-preview":"max-video-preview:-1"},"canonical":"https:\/\/foliobooks.pl\/en\/shop\/nyt-36-hours-world-150-cities-from-abu-dhabi-to-zurich\/","og_locale":"en_US","og_type":"article","og_title":"NYT. 36 Hours. World. 150 Cities from Abu Dhabi to Zurich (Barbara Ireland) - book \/ album - Folio","og_description":"Wejd\u017a i kup ksi\u0105\u017ck\u0119 NYT. 36 Hours. World. 150 Cities from Abu Dhabi to Zurich autorstwa Barbara Ireland wydan\u0105 przez TASCHEN (2019-05-29) w formacie 16,8 x 24 cm (ISBN: 9783836575331). Zapraszamy!","og_url":"https:\/\/foliobooks.pl\/en\/shop\/nyt-36-hours-world-150-cities-from-abu-dhabi-to-zurich\/","og_site_name":"Folio","article_modified_time":"2024-12-10T09:31:20+00:00","og_image":[{"width":570,"height":708,"url":"https:\/\/foliobooks.pl\/wp-content\/uploads\/2019\/09\/9783836575331.png","type":"image\/png"}],"twitter_card":"summary_large_image","twitter_misc":{"Est. reading time":"1 minute"},"schema":{"@context":"https:\/\/schema.org","@graph":[{"@type":"WebPage","@id":"https:\/\/foliobooks.pl\/en\/shop\/nyt-36-hours-world-150-cities-from-abu-dhabi-to-zurich\/","url":"https:\/\/foliobooks.pl\/en\/shop\/nyt-36-hours-world-150-cities-from-abu-dhabi-to-zurich\/","name":"NYT. 36 Hours. World. 150 Cities from Abu Dhabi to Zurich (Barbara Ireland) - book \/ album - Folio","isPartOf":{"@id":"https:\/\/foliobooks.pl\/en\/#website"},"primaryImageOfPage":{"@id":"https:\/\/foliobooks.pl\/en\/shop\/nyt-36-hours-world-150-cities-from-abu-dhabi-to-zurich\/#primaryimage"},"image":{"@id":"https:\/\/foliobooks.pl\/en\/shop\/nyt-36-hours-world-150-cities-from-abu-dhabi-to-zurich\/#primaryimage"},"thumbnailUrl":"https:\/\/foliobooks.pl\/wp-content\/uploads\/2019\/09\/9783836575331.png","datePublished":"2019-09-17T10:33:13+00:00","dateModified":"2024-12-10T09:31:20+00:00","description":"Wejd\u017a i kup ksi\u0105\u017ck\u0119 NYT. 36 Hours. World. 150 Cities from Abu Dhabi to Zurich autorstwa Barbara Ireland wydan\u0105 przez TASCHEN (2019-05-29) w formacie 16,8 x 24 cm (ISBN: 9783836575331). Zapraszamy!","breadcrumb":{"@id":"https:\/\/foliobooks.pl\/en\/shop\/nyt-36-hours-world-150-cities-from-abu-dhabi-to-zurich\/#breadcrumb"},"inLanguage":"en-US","potentialAction":[{"@type":"ReadAction","target":["https:\/\/foliobooks.pl\/en\/shop\/nyt-36-hours-world-150-cities-from-abu-dhabi-to-zurich\/"]}]},{"@type":"ImageObject","inLanguage":"en-US","@id":"https:\/\/foliobooks.pl\/en\/shop\/nyt-36-hours-world-150-cities-from-abu-dhabi-to-zurich\/#primaryimage","url":"https:\/\/foliobooks.pl\/wp-content\/uploads\/2019\/09\/9783836575331.png","contentUrl":"https:\/\/foliobooks.pl\/wp-content\/uploads\/2019\/09\/9783836575331.png","width":570,"height":708},{"@type":"BreadcrumbList","@id":"https:\/\/foliobooks.pl\/en\/shop\/nyt-36-hours-world-150-cities-from-abu-dhabi-to-zurich\/#breadcrumb","itemListElement":[{"@type":"ListItem","position":1,"name":"Strona g\u0142\u00f3wna","item":"https:\/\/foliobooks.pl\/en\/"},{"@type":"ListItem","position":2,"name":"Shop","item":"https:\/\/foliobooks.pl\/en\/shop\/"},{"@type":"ListItem","position":3,"name":"NYT. 36 Hours. World. 150 Cities from Abu Dhabi to Zurich"}]},{"@type":"WebSite","@id":"https:\/\/foliobooks.pl\/en\/#website","url":"https:\/\/foliobooks.pl\/en\/","name":"Folio","description":"Ksi\u0119garnia internetowa","potentialAction":[{"@type":"SearchAction","target":{"@type":"EntryPoint","urlTemplate":"https:\/\/foliobooks.pl\/en\/?s={search_term_string}"},"query-input":{"@type":"PropertyValueSpecification","valueRequired":true,"valueName":"search_term_string"}}],"inLanguage":"en-US"}]}},"_links":{"self":[{"href":"https:\/\/foliobooks.pl\/en\/wp-json\/wp\/v2\/product\/42922","targetHints":{"allow":["GET"]}}],"collection":[{"href":"https:\/\/foliobooks.pl\/en\/wp-json\/wp\/v2\/product"}],"about":[{"href":"https:\/\/foliobooks.pl\/en\/wp-json\/wp\/v2\/types\/product"}],"replies":[{"embeddable":true,"href":"https:\/\/foliobooks.pl\/en\/wp-json\/wp\/v2\/comments?post=42922"}],"wp:featuredmedia":[{"embeddable":true,"href":"https:\/\/foliobooks.pl\/en\/wp-json\/wp\/v2\/media\/42990"}],"wp:attachment":[{"href":"https:\/\/foliobooks.pl\/en\/wp-json\/wp\/v2\/media?parent=42922"}],"wp:term":[{"taxonomy":"product_brand","embeddable":true,"href":"https:\/\/foliobooks.pl\/en\/wp-json\/wp\/v2\/product_brand?post=42922"},{"taxonomy":"product_cat","embeddable":true,"href":"https:\/\/foliobooks.pl\/en\/wp-json\/wp\/v2\/product_cat?post=42922"},{"taxonomy":"product_tag","embeddable":true,"href":"https:\/\/foliobooks.pl\/en\/wp-json\/wp\/v2\/product_tag?post=42922"}],"curies":[{"name":"wp","href":"https:\/\/api.w.org\/{rel}","templated":true}]}}