{"id":42915,"date":"2019-09-17T12:18:57","date_gmt":"2019-09-17T10:18:57","guid":{"rendered":"https:\/\/foliobooks.pl\/?post_type=product&#038;p=42915"},"modified":"2025-12-03T14:17:30","modified_gmt":"2025-12-03T13:17:30","slug":"history-of-information-graphics","status":"publish","type":"product","link":"https:\/\/foliobooks.pl\/en\/shop\/history-of-information-graphics\/","title":{"rendered":"History of Information Graphics"},"content":{"rendered":"<p>From cosmic charts and da Vinci\u2019s <em>Vitruvian Man<\/em> to the New York subway map: trace the history of visual data from the Middle Ages to the digital era in this XL compendium. Featuring some 400 infographic milestones across technology, cartography, zoology, and more, this is an unprecedented reference work for designers, history buffs, and anyone thirsty for knowledge.<\/p>\n<p>In the age of big data and digital distribution, when news travel ever further and faster and media outlets compete for a fleeting slice of online attention, information graphics have swept center stage. At once nuanced and neat, they distill abstract ideas, complex statistics, and cutting-edge discoveries into succinct, compelling, and masterful designs. Cartographers, programmers, statisticians, designers, scientists, and journalists have developed a new field of expertise in visualizing knowledge.<\/p>\n<p>This XL-sized compendium explores the history of data graphics from the Middle Ages right through to the digital era. Curated by Sandra Rendgen, some 400 milestones span astronomy, cartography, zoology, technology, and beyond. Across medieval manuscripts and parchment rolls, elaborate maps, splendid popular atlasses, and early computer-based information design, we systematically break down each work\u2019s historical context, including such highlights as Martin Waldseemu\u0308ller\u2019s famous world map, the meticulous nature studies of Ernst Haeckel, and many unknown treasures.<\/p>\n<p>Hot on the heels of the best-selling <em>Information Graphics <\/em>and <em>Understanding the World<\/em>, this third volume fills the gap as an unprecedented reference book for data freaks, designers, historians, and anyone thirsty for knowledge. An enthralling exploration into the teachings, research, and lives of generations past.<\/p>\n","protected":false},"excerpt":{"rendered":"<p>From cosmic charts and da Vinci\u2019s Vitruvian Man to the New York subway map: trace the history of visual data from the Middle Ages to the digital era in this XL compendium. Featuring some 400 infographic milestones across technology, cartography, zoology, and more, this is an unprecedented reference work for designers, history buffs, and anyone&#8230;<\/p>\n","protected":false},"featured_media":42962,"comment_status":"closed","ping_status":"closed","template":"","meta":[],"product_brand":[],"product_cat":[4522,13533,4523,4525],"product_tag":[1156,2767,4524,2253,1112],"class_list":{"0":"post-42915","1":"product","2":"type-product","3":"status-publish","4":"has-post-thumbnail","6":"product_cat-art-en","7":"product_cat-books","8":"product_cat-design-en-en","9":"product_cat-graphic-design","10":"product_tag-appliedarts-en","11":"product_tag-art-history","12":"product_tag-design-en-en","13":"product_tag-graphics","14":"product_tag-infographics-en","15":"pa_author_att-julius-wiedemann-en","16":"pa_author_att-sandra-rendgen-en","17":"pa_cover-hardcover","18":"pa_format-246-x-372-cm-en","19":"pa_isbn-9783836567671-en","20":"pa_language-eng-f-ger","21":"pa_pages-462-en","22":"pa_published-2019-05-08-en","23":"pa_publisher-taschen-en-en","25":"first","26":"instock","27":"sold-individually","28":"shipping-taxable","29":"purchasable","30":"product-type-simple"},"yoast_head":"<!-- This site is optimized with the Yoast SEO plugin v27.4 - https:\/\/yoast.com\/product\/yoast-seo-wordpress\/ -->\n<title>History of Information Graphics (Julius Wiedemann, Sandra Rendgen) - book \/ album - Folio<\/title>\n<meta name=\"description\" content=\"Wejd\u017a i kup ksi\u0105\u017ck\u0119 History of Information Graphics autorstwa Julius Wiedemann, Sandra Rendgen wydan\u0105 przez TASCHEN (2019-05-08) w formacie 24,6 x 37,2 cm (ISBN: 9783836567671). Zapraszamy!\" \/>\n<meta name=\"robots\" content=\"index, follow, max-snippet:-1, max-image-preview:large, max-video-preview:-1\" \/>\n<link rel=\"canonical\" href=\"https:\/\/foliobooks.pl\/en\/shop\/history-of-information-graphics\/\" \/>\n<meta property=\"og:locale\" content=\"en_US\" \/>\n<meta property=\"og:type\" content=\"article\" \/>\n<meta property=\"og:title\" content=\"History of Information Graphics (Julius Wiedemann, Sandra Rendgen) - book \/ album - Folio\" \/>\n<meta property=\"og:description\" content=\"Wejd\u017a i kup ksi\u0105\u017ck\u0119 History of Information Graphics autorstwa Julius Wiedemann, Sandra Rendgen wydan\u0105 przez TASCHEN (2019-05-08) w formacie 24,6 x 37,2 cm (ISBN: 9783836567671). Zapraszamy!\" \/>\n<meta property=\"og:url\" content=\"https:\/\/foliobooks.pl\/en\/shop\/history-of-information-graphics\/\" \/>\n<meta property=\"og:site_name\" content=\"Folio\" \/>\n<meta property=\"article:modified_time\" content=\"2025-12-03T13:17:30+00:00\" \/>\n<meta property=\"og:image\" content=\"https:\/\/foliobooks.pl\/wp-content\/uploads\/2019\/09\/9783836567671.png\" \/>\n\t<meta property=\"og:image:width\" content=\"570\" \/>\n\t<meta property=\"og:image:height\" content=\"708\" \/>\n\t<meta property=\"og:image:type\" content=\"image\/png\" \/>\n<meta name=\"twitter:card\" content=\"summary_large_image\" \/>\n<meta name=\"twitter:label1\" content=\"Est. reading time\" \/>\n\t<meta name=\"twitter:data1\" content=\"1 minute\" \/>\n<script type=\"application\/ld+json\" class=\"yoast-schema-graph\">{\"@context\":\"https:\\\/\\\/schema.org\",\"@graph\":[{\"@type\":\"WebPage\",\"@id\":\"https:\\\/\\\/foliobooks.pl\\\/en\\\/shop\\\/history-of-information-graphics\\\/\",\"url\":\"https:\\\/\\\/foliobooks.pl\\\/en\\\/shop\\\/history-of-information-graphics\\\/\",\"name\":\"History of Information Graphics (Julius Wiedemann, Sandra Rendgen) - book \\\/ album - Folio\",\"isPartOf\":{\"@id\":\"https:\\\/\\\/foliobooks.pl\\\/en\\\/#website\"},\"primaryImageOfPage\":{\"@id\":\"https:\\\/\\\/foliobooks.pl\\\/en\\\/shop\\\/history-of-information-graphics\\\/#primaryimage\"},\"image\":{\"@id\":\"https:\\\/\\\/foliobooks.pl\\\/en\\\/shop\\\/history-of-information-graphics\\\/#primaryimage\"},\"thumbnailUrl\":\"https:\\\/\\\/foliobooks.pl\\\/wp-content\\\/uploads\\\/2019\\\/09\\\/9783836567671.png\",\"datePublished\":\"2019-09-17T10:18:57+00:00\",\"dateModified\":\"2025-12-03T13:17:30+00:00\",\"description\":\"Wejd\u017a i kup ksi\u0105\u017ck\u0119 History of Information Graphics autorstwa Julius Wiedemann, Sandra Rendgen wydan\u0105 przez TASCHEN (2019-05-08) w formacie 24,6 x 37,2 cm (ISBN: 9783836567671). Zapraszamy!\",\"breadcrumb\":{\"@id\":\"https:\\\/\\\/foliobooks.pl\\\/en\\\/shop\\\/history-of-information-graphics\\\/#breadcrumb\"},\"inLanguage\":\"en-US\",\"potentialAction\":[{\"@type\":\"ReadAction\",\"target\":[\"https:\\\/\\\/foliobooks.pl\\\/en\\\/shop\\\/history-of-information-graphics\\\/\"]}]},{\"@type\":\"ImageObject\",\"inLanguage\":\"en-US\",\"@id\":\"https:\\\/\\\/foliobooks.pl\\\/en\\\/shop\\\/history-of-information-graphics\\\/#primaryimage\",\"url\":\"https:\\\/\\\/foliobooks.pl\\\/wp-content\\\/uploads\\\/2019\\\/09\\\/9783836567671.png\",\"contentUrl\":\"https:\\\/\\\/foliobooks.pl\\\/wp-content\\\/uploads\\\/2019\\\/09\\\/9783836567671.png\",\"width\":570,\"height\":708},{\"@type\":\"BreadcrumbList\",\"@id\":\"https:\\\/\\\/foliobooks.pl\\\/en\\\/shop\\\/history-of-information-graphics\\\/#breadcrumb\",\"itemListElement\":[{\"@type\":\"ListItem\",\"position\":1,\"name\":\"Strona g\u0142\u00f3wna\",\"item\":\"https:\\\/\\\/foliobooks.pl\\\/en\\\/\"},{\"@type\":\"ListItem\",\"position\":2,\"name\":\"Shop\",\"item\":\"https:\\\/\\\/foliobooks.pl\\\/en\\\/shop\\\/\"},{\"@type\":\"ListItem\",\"position\":3,\"name\":\"History of Information Graphics\"}]},{\"@type\":\"WebSite\",\"@id\":\"https:\\\/\\\/foliobooks.pl\\\/en\\\/#website\",\"url\":\"https:\\\/\\\/foliobooks.pl\\\/en\\\/\",\"name\":\"Folio\",\"description\":\"Ksi\u0119garnia internetowa\",\"potentialAction\":[{\"@type\":\"SearchAction\",\"target\":{\"@type\":\"EntryPoint\",\"urlTemplate\":\"https:\\\/\\\/foliobooks.pl\\\/en\\\/?s={search_term_string}\"},\"query-input\":{\"@type\":\"PropertyValueSpecification\",\"valueRequired\":true,\"valueName\":\"search_term_string\"}}],\"inLanguage\":\"en-US\"}]}<\/script>\n<!-- \/ Yoast SEO plugin. -->","yoast_head_json":{"title":"History of Information Graphics (Julius Wiedemann, Sandra Rendgen) - book \/ album - Folio","description":"Wejd\u017a i kup ksi\u0105\u017ck\u0119 History of Information Graphics autorstwa Julius Wiedemann, Sandra Rendgen wydan\u0105 przez TASCHEN (2019-05-08) w formacie 24,6 x 37,2 cm (ISBN: 9783836567671). Zapraszamy!","robots":{"index":"index","follow":"follow","max-snippet":"max-snippet:-1","max-image-preview":"max-image-preview:large","max-video-preview":"max-video-preview:-1"},"canonical":"https:\/\/foliobooks.pl\/en\/shop\/history-of-information-graphics\/","og_locale":"en_US","og_type":"article","og_title":"History of Information Graphics (Julius Wiedemann, Sandra Rendgen) - book \/ album - Folio","og_description":"Wejd\u017a i kup ksi\u0105\u017ck\u0119 History of Information Graphics autorstwa Julius Wiedemann, Sandra Rendgen wydan\u0105 przez TASCHEN (2019-05-08) w formacie 24,6 x 37,2 cm (ISBN: 9783836567671). Zapraszamy!","og_url":"https:\/\/foliobooks.pl\/en\/shop\/history-of-information-graphics\/","og_site_name":"Folio","article_modified_time":"2025-12-03T13:17:30+00:00","og_image":[{"width":570,"height":708,"url":"https:\/\/foliobooks.pl\/wp-content\/uploads\/2019\/09\/9783836567671.png","type":"image\/png"}],"twitter_card":"summary_large_image","twitter_misc":{"Est. reading time":"1 minute"},"schema":{"@context":"https:\/\/schema.org","@graph":[{"@type":"WebPage","@id":"https:\/\/foliobooks.pl\/en\/shop\/history-of-information-graphics\/","url":"https:\/\/foliobooks.pl\/en\/shop\/history-of-information-graphics\/","name":"History of Information Graphics (Julius Wiedemann, Sandra Rendgen) - book \/ album - Folio","isPartOf":{"@id":"https:\/\/foliobooks.pl\/en\/#website"},"primaryImageOfPage":{"@id":"https:\/\/foliobooks.pl\/en\/shop\/history-of-information-graphics\/#primaryimage"},"image":{"@id":"https:\/\/foliobooks.pl\/en\/shop\/history-of-information-graphics\/#primaryimage"},"thumbnailUrl":"https:\/\/foliobooks.pl\/wp-content\/uploads\/2019\/09\/9783836567671.png","datePublished":"2019-09-17T10:18:57+00:00","dateModified":"2025-12-03T13:17:30+00:00","description":"Wejd\u017a i kup ksi\u0105\u017ck\u0119 History of Information Graphics autorstwa Julius Wiedemann, Sandra Rendgen wydan\u0105 przez TASCHEN (2019-05-08) w formacie 24,6 x 37,2 cm (ISBN: 9783836567671). Zapraszamy!","breadcrumb":{"@id":"https:\/\/foliobooks.pl\/en\/shop\/history-of-information-graphics\/#breadcrumb"},"inLanguage":"en-US","potentialAction":[{"@type":"ReadAction","target":["https:\/\/foliobooks.pl\/en\/shop\/history-of-information-graphics\/"]}]},{"@type":"ImageObject","inLanguage":"en-US","@id":"https:\/\/foliobooks.pl\/en\/shop\/history-of-information-graphics\/#primaryimage","url":"https:\/\/foliobooks.pl\/wp-content\/uploads\/2019\/09\/9783836567671.png","contentUrl":"https:\/\/foliobooks.pl\/wp-content\/uploads\/2019\/09\/9783836567671.png","width":570,"height":708},{"@type":"BreadcrumbList","@id":"https:\/\/foliobooks.pl\/en\/shop\/history-of-information-graphics\/#breadcrumb","itemListElement":[{"@type":"ListItem","position":1,"name":"Strona g\u0142\u00f3wna","item":"https:\/\/foliobooks.pl\/en\/"},{"@type":"ListItem","position":2,"name":"Shop","item":"https:\/\/foliobooks.pl\/en\/shop\/"},{"@type":"ListItem","position":3,"name":"History of Information Graphics"}]},{"@type":"WebSite","@id":"https:\/\/foliobooks.pl\/en\/#website","url":"https:\/\/foliobooks.pl\/en\/","name":"Folio","description":"Ksi\u0119garnia internetowa","potentialAction":[{"@type":"SearchAction","target":{"@type":"EntryPoint","urlTemplate":"https:\/\/foliobooks.pl\/en\/?s={search_term_string}"},"query-input":{"@type":"PropertyValueSpecification","valueRequired":true,"valueName":"search_term_string"}}],"inLanguage":"en-US"}]}},"_links":{"self":[{"href":"https:\/\/foliobooks.pl\/en\/wp-json\/wp\/v2\/product\/42915","targetHints":{"allow":["GET"]}}],"collection":[{"href":"https:\/\/foliobooks.pl\/en\/wp-json\/wp\/v2\/product"}],"about":[{"href":"https:\/\/foliobooks.pl\/en\/wp-json\/wp\/v2\/types\/product"}],"replies":[{"embeddable":true,"href":"https:\/\/foliobooks.pl\/en\/wp-json\/wp\/v2\/comments?post=42915"}],"wp:featuredmedia":[{"embeddable":true,"href":"https:\/\/foliobooks.pl\/en\/wp-json\/wp\/v2\/media\/42962"}],"wp:attachment":[{"href":"https:\/\/foliobooks.pl\/en\/wp-json\/wp\/v2\/media?parent=42915"}],"wp:term":[{"taxonomy":"product_brand","embeddable":true,"href":"https:\/\/foliobooks.pl\/en\/wp-json\/wp\/v2\/product_brand?post=42915"},{"taxonomy":"product_cat","embeddable":true,"href":"https:\/\/foliobooks.pl\/en\/wp-json\/wp\/v2\/product_cat?post=42915"},{"taxonomy":"product_tag","embeddable":true,"href":"https:\/\/foliobooks.pl\/en\/wp-json\/wp\/v2\/product_tag?post=42915"}],"curies":[{"name":"wp","href":"https:\/\/api.w.org\/{rel}","templated":true}]}}