{"id":42912,"date":"2019-09-17T12:13:45","date_gmt":"2019-09-17T10:13:45","guid":{"rendered":"https:\/\/foliobooks.pl\/?post_type=product&#038;p=42912"},"modified":"2024-12-11T15:03:51","modified_gmt":"2024-12-11T14:03:51","slug":"marc-jacobs-unseen","status":"publish","type":"product","link":"https:\/\/foliobooks.pl\/en\/shop\/marc-jacobs-unseen\/","title":{"rendered":"Marc Jacobs. Unseen"},"content":{"rendered":"<p>Entering fashion history in 1993 with his notorious \u2018grunge\u2019 collection for Perry Ellis, Marc Jacobs would soon be hailed by American Vogue as \u2018the dauphin of grungy, understated cool\u2019. He quickly rose to become one of the most influential designers of his generation.<\/p>\n<p>Known for his collaborations with prominent artists, musicians and muses \u2013 from Stephen Sprouse to Sonic Youth, Debbie Harry, Sofia Coppola and Chlo\u00eb Sevigny, Marc Jacobs \u2018changed what it means to be a fashion designer, just as once upon a time Andy Warhol changed what it meant to be an artist\u2019, fashion historian Valerie Steele once proclaimed. Opening with an essay on the designer\u2019s work, Marc Jacobs: Unseen unfolds chronologically, revisiting the designer\u2019s most iconic creations and revealing previously unseen behind-the-scenes moments of models, hairdressers, stylists, make-up artists and Marc Jacobs himself at their most creative. Robert Fairer\u2019s stunning and high-energy photographs capture the youth, glamour and spirit that defined Jacobs\u2019s shows.<\/p>\n","protected":false},"excerpt":{"rendered":"<p>Entering fashion history in 1993 with his notorious \u2018grunge\u2019 collection for Perry Ellis, Marc Jacobs would soon be hailed by American Vogue as \u2018the dauphin of grungy, understated cool\u2019. He quickly rose to become one of the most influential designers of his generation. Known for his collaborations with prominent artists, musicians and muses \u2013 from&#8230;<\/p>\n","protected":false},"featured_media":42954,"comment_status":"closed","ping_status":"closed","template":"","meta":[],"product_brand":[],"product_cat":[13533,4519,4517],"product_tag":[10664,157,6125,11253,1681],"class_list":{"0":"post-42912","1":"product","2":"type-product","3":"status-publish","4":"has-post-thumbnail","6":"product_cat-books","7":"product_cat-fashion-en-en","8":"product_cat-photography-en","9":"product_tag-america-en","10":"product_tag-designers","11":"product_tag-fashion","12":"product_tag-fashion-design-en","13":"product_tag-history","14":"pa_author_att-iain-r-webb-en","15":"pa_author_att-robert-fairer-en","16":"pa_cover-hardcover","17":"pa_format-245-x-335-cm-en","18":"pa_isbn-9780500021606-en","19":"pa_language-eng","20":"pa_pages-352-en","21":"pa_published-2018-09-06-en","22":"pa_publisher-thames-hudson-en","24":"first","25":"outofstock","26":"sale","27":"sold-individually","28":"shipping-taxable","29":"purchasable","30":"product-type-simple"},"yoast_head":"<!-- This site is optimized with the Yoast SEO plugin v27.4 - https:\/\/yoast.com\/product\/yoast-seo-wordpress\/ -->\n<title>Marc Jacobs. Unseen (Iain R Webb, Robert Fairer) - book \/ album - Folio<\/title>\n<meta name=\"description\" content=\"Wejd\u017a i kup ksi\u0105\u017ck\u0119 Marc Jacobs. Unseen autorstwa Iain R Webb, Robert Fairer wydan\u0105 przez Thames &amp; Hudson (2018-09-06) w formacie 24,5 x 33,5 cm (ISBN: 9780500021606). Zapraszamy!\" \/>\n<meta name=\"robots\" content=\"index, follow, max-snippet:-1, max-image-preview:large, max-video-preview:-1\" \/>\n<link rel=\"canonical\" href=\"https:\/\/foliobooks.pl\/en\/shop\/marc-jacobs-unseen\/\" \/>\n<meta property=\"og:locale\" content=\"en_US\" \/>\n<meta property=\"og:type\" content=\"article\" \/>\n<meta property=\"og:title\" content=\"Marc Jacobs. Unseen (Iain R Webb, Robert Fairer) - book \/ album - Folio\" \/>\n<meta property=\"og:description\" content=\"Wejd\u017a i kup ksi\u0105\u017ck\u0119 Marc Jacobs. Unseen autorstwa Iain R Webb, Robert Fairer wydan\u0105 przez Thames &amp; Hudson (2018-09-06) w formacie 24,5 x 33,5 cm (ISBN: 9780500021606). Zapraszamy!\" \/>\n<meta property=\"og:url\" content=\"https:\/\/foliobooks.pl\/en\/shop\/marc-jacobs-unseen\/\" \/>\n<meta property=\"og:site_name\" content=\"Folio\" \/>\n<meta property=\"article:modified_time\" content=\"2024-12-11T14:03:51+00:00\" \/>\n<meta property=\"og:image\" content=\"https:\/\/foliobooks.pl\/wp-content\/uploads\/2019\/09\/9780500021606.png\" \/>\n\t<meta property=\"og:image:width\" content=\"570\" \/>\n\t<meta property=\"og:image:height\" content=\"708\" \/>\n\t<meta property=\"og:image:type\" content=\"image\/png\" \/>\n<meta name=\"twitter:card\" content=\"summary_large_image\" \/>\n<meta name=\"twitter:label1\" content=\"Est. reading time\" \/>\n\t<meta name=\"twitter:data1\" content=\"1 minute\" \/>\n<script type=\"application\/ld+json\" class=\"yoast-schema-graph\">{\"@context\":\"https:\\\/\\\/schema.org\",\"@graph\":[{\"@type\":\"WebPage\",\"@id\":\"https:\\\/\\\/foliobooks.pl\\\/en\\\/shop\\\/marc-jacobs-unseen\\\/\",\"url\":\"https:\\\/\\\/foliobooks.pl\\\/en\\\/shop\\\/marc-jacobs-unseen\\\/\",\"name\":\"Marc Jacobs. Unseen (Iain R Webb, Robert Fairer) - book \\\/ album - Folio\",\"isPartOf\":{\"@id\":\"https:\\\/\\\/foliobooks.pl\\\/en\\\/#website\"},\"primaryImageOfPage\":{\"@id\":\"https:\\\/\\\/foliobooks.pl\\\/en\\\/shop\\\/marc-jacobs-unseen\\\/#primaryimage\"},\"image\":{\"@id\":\"https:\\\/\\\/foliobooks.pl\\\/en\\\/shop\\\/marc-jacobs-unseen\\\/#primaryimage\"},\"thumbnailUrl\":\"https:\\\/\\\/foliobooks.pl\\\/wp-content\\\/uploads\\\/2019\\\/09\\\/9780500021606.png\",\"datePublished\":\"2019-09-17T10:13:45+00:00\",\"dateModified\":\"2024-12-11T14:03:51+00:00\",\"description\":\"Wejd\u017a i kup ksi\u0105\u017ck\u0119 Marc Jacobs. Unseen autorstwa Iain R Webb, Robert Fairer wydan\u0105 przez Thames &amp; Hudson (2018-09-06) w formacie 24,5 x 33,5 cm (ISBN: 9780500021606). Zapraszamy!\",\"breadcrumb\":{\"@id\":\"https:\\\/\\\/foliobooks.pl\\\/en\\\/shop\\\/marc-jacobs-unseen\\\/#breadcrumb\"},\"inLanguage\":\"en-US\",\"potentialAction\":[{\"@type\":\"ReadAction\",\"target\":[\"https:\\\/\\\/foliobooks.pl\\\/en\\\/shop\\\/marc-jacobs-unseen\\\/\"]}]},{\"@type\":\"ImageObject\",\"inLanguage\":\"en-US\",\"@id\":\"https:\\\/\\\/foliobooks.pl\\\/en\\\/shop\\\/marc-jacobs-unseen\\\/#primaryimage\",\"url\":\"https:\\\/\\\/foliobooks.pl\\\/wp-content\\\/uploads\\\/2019\\\/09\\\/9780500021606.png\",\"contentUrl\":\"https:\\\/\\\/foliobooks.pl\\\/wp-content\\\/uploads\\\/2019\\\/09\\\/9780500021606.png\",\"width\":570,\"height\":708},{\"@type\":\"BreadcrumbList\",\"@id\":\"https:\\\/\\\/foliobooks.pl\\\/en\\\/shop\\\/marc-jacobs-unseen\\\/#breadcrumb\",\"itemListElement\":[{\"@type\":\"ListItem\",\"position\":1,\"name\":\"Strona g\u0142\u00f3wna\",\"item\":\"https:\\\/\\\/foliobooks.pl\\\/en\\\/\"},{\"@type\":\"ListItem\",\"position\":2,\"name\":\"Shop\",\"item\":\"https:\\\/\\\/foliobooks.pl\\\/en\\\/shop\\\/\"},{\"@type\":\"ListItem\",\"position\":3,\"name\":\"Marc Jacobs. Unseen\"}]},{\"@type\":\"WebSite\",\"@id\":\"https:\\\/\\\/foliobooks.pl\\\/en\\\/#website\",\"url\":\"https:\\\/\\\/foliobooks.pl\\\/en\\\/\",\"name\":\"Folio\",\"description\":\"Ksi\u0119garnia internetowa\",\"potentialAction\":[{\"@type\":\"SearchAction\",\"target\":{\"@type\":\"EntryPoint\",\"urlTemplate\":\"https:\\\/\\\/foliobooks.pl\\\/en\\\/?s={search_term_string}\"},\"query-input\":{\"@type\":\"PropertyValueSpecification\",\"valueRequired\":true,\"valueName\":\"search_term_string\"}}],\"inLanguage\":\"en-US\"}]}<\/script>\n<!-- \/ Yoast SEO plugin. -->","yoast_head_json":{"title":"Marc Jacobs. Unseen (Iain R Webb, Robert Fairer) - book \/ album - Folio","description":"Wejd\u017a i kup ksi\u0105\u017ck\u0119 Marc Jacobs. Unseen autorstwa Iain R Webb, Robert Fairer wydan\u0105 przez Thames &amp; Hudson (2018-09-06) w formacie 24,5 x 33,5 cm (ISBN: 9780500021606). Zapraszamy!","robots":{"index":"index","follow":"follow","max-snippet":"max-snippet:-1","max-image-preview":"max-image-preview:large","max-video-preview":"max-video-preview:-1"},"canonical":"https:\/\/foliobooks.pl\/en\/shop\/marc-jacobs-unseen\/","og_locale":"en_US","og_type":"article","og_title":"Marc Jacobs. Unseen (Iain R Webb, Robert Fairer) - book \/ album - Folio","og_description":"Wejd\u017a i kup ksi\u0105\u017ck\u0119 Marc Jacobs. Unseen autorstwa Iain R Webb, Robert Fairer wydan\u0105 przez Thames &amp; Hudson (2018-09-06) w formacie 24,5 x 33,5 cm (ISBN: 9780500021606). Zapraszamy!","og_url":"https:\/\/foliobooks.pl\/en\/shop\/marc-jacobs-unseen\/","og_site_name":"Folio","article_modified_time":"2024-12-11T14:03:51+00:00","og_image":[{"width":570,"height":708,"url":"https:\/\/foliobooks.pl\/wp-content\/uploads\/2019\/09\/9780500021606.png","type":"image\/png"}],"twitter_card":"summary_large_image","twitter_misc":{"Est. reading time":"1 minute"},"schema":{"@context":"https:\/\/schema.org","@graph":[{"@type":"WebPage","@id":"https:\/\/foliobooks.pl\/en\/shop\/marc-jacobs-unseen\/","url":"https:\/\/foliobooks.pl\/en\/shop\/marc-jacobs-unseen\/","name":"Marc Jacobs. Unseen (Iain R Webb, Robert Fairer) - book \/ album - Folio","isPartOf":{"@id":"https:\/\/foliobooks.pl\/en\/#website"},"primaryImageOfPage":{"@id":"https:\/\/foliobooks.pl\/en\/shop\/marc-jacobs-unseen\/#primaryimage"},"image":{"@id":"https:\/\/foliobooks.pl\/en\/shop\/marc-jacobs-unseen\/#primaryimage"},"thumbnailUrl":"https:\/\/foliobooks.pl\/wp-content\/uploads\/2019\/09\/9780500021606.png","datePublished":"2019-09-17T10:13:45+00:00","dateModified":"2024-12-11T14:03:51+00:00","description":"Wejd\u017a i kup ksi\u0105\u017ck\u0119 Marc Jacobs. Unseen autorstwa Iain R Webb, Robert Fairer wydan\u0105 przez Thames &amp; Hudson (2018-09-06) w formacie 24,5 x 33,5 cm (ISBN: 9780500021606). Zapraszamy!","breadcrumb":{"@id":"https:\/\/foliobooks.pl\/en\/shop\/marc-jacobs-unseen\/#breadcrumb"},"inLanguage":"en-US","potentialAction":[{"@type":"ReadAction","target":["https:\/\/foliobooks.pl\/en\/shop\/marc-jacobs-unseen\/"]}]},{"@type":"ImageObject","inLanguage":"en-US","@id":"https:\/\/foliobooks.pl\/en\/shop\/marc-jacobs-unseen\/#primaryimage","url":"https:\/\/foliobooks.pl\/wp-content\/uploads\/2019\/09\/9780500021606.png","contentUrl":"https:\/\/foliobooks.pl\/wp-content\/uploads\/2019\/09\/9780500021606.png","width":570,"height":708},{"@type":"BreadcrumbList","@id":"https:\/\/foliobooks.pl\/en\/shop\/marc-jacobs-unseen\/#breadcrumb","itemListElement":[{"@type":"ListItem","position":1,"name":"Strona g\u0142\u00f3wna","item":"https:\/\/foliobooks.pl\/en\/"},{"@type":"ListItem","position":2,"name":"Shop","item":"https:\/\/foliobooks.pl\/en\/shop\/"},{"@type":"ListItem","position":3,"name":"Marc Jacobs. Unseen"}]},{"@type":"WebSite","@id":"https:\/\/foliobooks.pl\/en\/#website","url":"https:\/\/foliobooks.pl\/en\/","name":"Folio","description":"Ksi\u0119garnia internetowa","potentialAction":[{"@type":"SearchAction","target":{"@type":"EntryPoint","urlTemplate":"https:\/\/foliobooks.pl\/en\/?s={search_term_string}"},"query-input":{"@type":"PropertyValueSpecification","valueRequired":true,"valueName":"search_term_string"}}],"inLanguage":"en-US"}]}},"_links":{"self":[{"href":"https:\/\/foliobooks.pl\/en\/wp-json\/wp\/v2\/product\/42912","targetHints":{"allow":["GET"]}}],"collection":[{"href":"https:\/\/foliobooks.pl\/en\/wp-json\/wp\/v2\/product"}],"about":[{"href":"https:\/\/foliobooks.pl\/en\/wp-json\/wp\/v2\/types\/product"}],"replies":[{"embeddable":true,"href":"https:\/\/foliobooks.pl\/en\/wp-json\/wp\/v2\/comments?post=42912"}],"wp:featuredmedia":[{"embeddable":true,"href":"https:\/\/foliobooks.pl\/en\/wp-json\/wp\/v2\/media\/42954"}],"wp:attachment":[{"href":"https:\/\/foliobooks.pl\/en\/wp-json\/wp\/v2\/media?parent=42912"}],"wp:term":[{"taxonomy":"product_brand","embeddable":true,"href":"https:\/\/foliobooks.pl\/en\/wp-json\/wp\/v2\/product_brand?post=42912"},{"taxonomy":"product_cat","embeddable":true,"href":"https:\/\/foliobooks.pl\/en\/wp-json\/wp\/v2\/product_cat?post=42912"},{"taxonomy":"product_tag","embeddable":true,"href":"https:\/\/foliobooks.pl\/en\/wp-json\/wp\/v2\/product_tag?post=42912"}],"curies":[{"name":"wp","href":"https:\/\/api.w.org\/{rel}","templated":true}]}}