{"id":4239,"date":"2015-05-27T15:00:07","date_gmt":"2015-05-27T13:00:07","guid":{"rendered":"http:\/\/foliobooks.pl\/shop\/ride-2\/"},"modified":"2016-12-23T09:14:56","modified_gmt":"2016-12-23T08:14:56","slug":"ride","status":"publish","type":"product","link":"https:\/\/foliobooks.pl\/en\/shop\/ride\/","title":{"rendered":"Ride"},"content":{"rendered":"<div>\n<p>The motorcycle is back! Similar to the fresh contemporary scene that has established itself around bicycles in the last few years, the motorcycle is currently undergoing an aesthetic rebirth. A young subculture worldwide is discovering the motorcycle as an expression of its personality and creativity.<\/p>\n<p><em>The Ride<\/em> explores motorcycle riding as it is meant to be: as a means of getting around with attitude, as an extension of one\u2019s own body, as an expression of personal freedom, but also as a significant challenge to technical expertise, craftsmanship, physics, discipline, and driving skill.<\/p>\n<\/div>\n","protected":false},"excerpt":{"rendered":"<p>The motorcycle is back! Similar to the fresh contemporary scene that has established itself around bicycles in the last few years, the motorcycle is currently undergoing an aesthetic rebirth. A young subculture worldwide is discovering the motorcycle as an expression of its personality and creativity. The Ride explores motorcycle riding as it is meant to&#8230;<\/p>\n","protected":false},"featured_media":4217,"comment_status":"closed","ping_status":"closed","template":"","meta":[],"product_brand":[],"product_cat":[4520,13322],"product_tag":[514,155],"class_list":{"0":"post-4239","1":"product","2":"type-product","3":"status-publish","4":"has-post-thumbnail","6":"product_cat-motorsport-en","7":"product_cat-uncategorized","8":"product_tag-men-en","9":"product_tag-motorcycles","10":"pa_author_att-chris-hunter-en","11":"pa_author_att-robert-klanten-en","12":"pa_cover-hardcover","13":"pa_format-30-x-27-cm-en","14":"pa_isbn-9783899554915-en","15":"pa_language-eng","16":"pa_pages-320-en","17":"pa_published-2013-09-13-en","18":"pa_publisher-gestalten-en","20":"first","21":"outofstock","22":"sold-individually","23":"shipping-taxable","24":"purchasable","25":"product-type-simple"},"yoast_head":"<!-- This site is optimized with the Yoast SEO plugin v27.4 - https:\/\/yoast.com\/product\/yoast-seo-wordpress\/ -->\n<title>Ride (Chris Hunter, Robert Klanten) - book \/ album - Folio<\/title>\n<meta name=\"description\" content=\"Wejd\u017a i kup ksi\u0105\u017ck\u0119 Ride autorstwa Chris Hunter, Robert Klanten wydan\u0105 przez gestalten (2013-09-13) w formacie 30 x 27 cm (ISBN: 9783899554915). Zapraszamy!\" \/>\n<meta name=\"robots\" content=\"index, follow, max-snippet:-1, max-image-preview:large, max-video-preview:-1\" \/>\n<link rel=\"canonical\" href=\"https:\/\/foliobooks.pl\/en\/shop\/ride\/\" \/>\n<meta property=\"og:locale\" content=\"en_US\" \/>\n<meta property=\"og:type\" content=\"article\" \/>\n<meta property=\"og:title\" content=\"Ride (Chris Hunter, Robert Klanten) - book \/ album - Folio\" \/>\n<meta property=\"og:description\" content=\"Wejd\u017a i kup ksi\u0105\u017ck\u0119 Ride autorstwa Chris Hunter, Robert Klanten wydan\u0105 przez gestalten (2013-09-13) w formacie 30 x 27 cm (ISBN: 9783899554915). Zapraszamy!\" \/>\n<meta property=\"og:url\" content=\"https:\/\/foliobooks.pl\/en\/shop\/ride\/\" \/>\n<meta property=\"og:site_name\" content=\"Folio\" \/>\n<meta property=\"article:modified_time\" content=\"2016-12-23T08:14:56+00:00\" \/>\n<meta property=\"og:image\" content=\"https:\/\/foliobooks.pl\/wp-content\/uploads\/2015\/05\/9783899554915.png\" \/>\n\t<meta property=\"og:image:width\" content=\"570\" \/>\n\t<meta property=\"og:image:height\" content=\"708\" \/>\n\t<meta property=\"og:image:type\" content=\"image\/png\" \/>\n<meta name=\"twitter:card\" content=\"summary_large_image\" \/>\n<script type=\"application\/ld+json\" class=\"yoast-schema-graph\">{\"@context\":\"https:\\\/\\\/schema.org\",\"@graph\":[{\"@type\":\"WebPage\",\"@id\":\"https:\\\/\\\/foliobooks.pl\\\/en\\\/shop\\\/ride\\\/\",\"url\":\"https:\\\/\\\/foliobooks.pl\\\/en\\\/shop\\\/ride\\\/\",\"name\":\"Ride (Chris Hunter, Robert Klanten) - book \\\/ album - Folio\",\"isPartOf\":{\"@id\":\"https:\\\/\\\/foliobooks.pl\\\/en\\\/#website\"},\"primaryImageOfPage\":{\"@id\":\"https:\\\/\\\/foliobooks.pl\\\/en\\\/shop\\\/ride\\\/#primaryimage\"},\"image\":{\"@id\":\"https:\\\/\\\/foliobooks.pl\\\/en\\\/shop\\\/ride\\\/#primaryimage\"},\"thumbnailUrl\":\"https:\\\/\\\/foliobooks.pl\\\/wp-content\\\/uploads\\\/2015\\\/05\\\/9783899554915.png\",\"datePublished\":\"2015-05-27T13:00:07+00:00\",\"dateModified\":\"2016-12-23T08:14:56+00:00\",\"description\":\"Wejd\u017a i kup ksi\u0105\u017ck\u0119 Ride autorstwa Chris Hunter, Robert Klanten wydan\u0105 przez gestalten (2013-09-13) w formacie 30 x 27 cm (ISBN: 9783899554915). Zapraszamy!\",\"breadcrumb\":{\"@id\":\"https:\\\/\\\/foliobooks.pl\\\/en\\\/shop\\\/ride\\\/#breadcrumb\"},\"inLanguage\":\"en-US\",\"potentialAction\":[{\"@type\":\"ReadAction\",\"target\":[\"https:\\\/\\\/foliobooks.pl\\\/en\\\/shop\\\/ride\\\/\"]}]},{\"@type\":\"ImageObject\",\"inLanguage\":\"en-US\",\"@id\":\"https:\\\/\\\/foliobooks.pl\\\/en\\\/shop\\\/ride\\\/#primaryimage\",\"url\":\"https:\\\/\\\/foliobooks.pl\\\/wp-content\\\/uploads\\\/2015\\\/05\\\/9783899554915.png\",\"contentUrl\":\"https:\\\/\\\/foliobooks.pl\\\/wp-content\\\/uploads\\\/2015\\\/05\\\/9783899554915.png\",\"width\":570,\"height\":708},{\"@type\":\"BreadcrumbList\",\"@id\":\"https:\\\/\\\/foliobooks.pl\\\/en\\\/shop\\\/ride\\\/#breadcrumb\",\"itemListElement\":[{\"@type\":\"ListItem\",\"position\":1,\"name\":\"Strona g\u0142\u00f3wna\",\"item\":\"https:\\\/\\\/foliobooks.pl\\\/en\\\/\"},{\"@type\":\"ListItem\",\"position\":2,\"name\":\"Shop\",\"item\":\"https:\\\/\\\/foliobooks.pl\\\/en\\\/shop\\\/\"},{\"@type\":\"ListItem\",\"position\":3,\"name\":\"Ride\"}]},{\"@type\":\"WebSite\",\"@id\":\"https:\\\/\\\/foliobooks.pl\\\/en\\\/#website\",\"url\":\"https:\\\/\\\/foliobooks.pl\\\/en\\\/\",\"name\":\"Folio\",\"description\":\"Ksi\u0119garnia internetowa\",\"potentialAction\":[{\"@type\":\"SearchAction\",\"target\":{\"@type\":\"EntryPoint\",\"urlTemplate\":\"https:\\\/\\\/foliobooks.pl\\\/en\\\/?s={search_term_string}\"},\"query-input\":{\"@type\":\"PropertyValueSpecification\",\"valueRequired\":true,\"valueName\":\"search_term_string\"}}],\"inLanguage\":\"en-US\"}]}<\/script>\n<!-- \/ Yoast SEO plugin. -->","yoast_head_json":{"title":"Ride (Chris Hunter, Robert Klanten) - book \/ album - Folio","description":"Wejd\u017a i kup ksi\u0105\u017ck\u0119 Ride autorstwa Chris Hunter, Robert Klanten wydan\u0105 przez gestalten (2013-09-13) w formacie 30 x 27 cm (ISBN: 9783899554915). Zapraszamy!","robots":{"index":"index","follow":"follow","max-snippet":"max-snippet:-1","max-image-preview":"max-image-preview:large","max-video-preview":"max-video-preview:-1"},"canonical":"https:\/\/foliobooks.pl\/en\/shop\/ride\/","og_locale":"en_US","og_type":"article","og_title":"Ride (Chris Hunter, Robert Klanten) - book \/ album - Folio","og_description":"Wejd\u017a i kup ksi\u0105\u017ck\u0119 Ride autorstwa Chris Hunter, Robert Klanten wydan\u0105 przez gestalten (2013-09-13) w formacie 30 x 27 cm (ISBN: 9783899554915). Zapraszamy!","og_url":"https:\/\/foliobooks.pl\/en\/shop\/ride\/","og_site_name":"Folio","article_modified_time":"2016-12-23T08:14:56+00:00","og_image":[{"width":570,"height":708,"url":"https:\/\/foliobooks.pl\/wp-content\/uploads\/2015\/05\/9783899554915.png","type":"image\/png"}],"twitter_card":"summary_large_image","schema":{"@context":"https:\/\/schema.org","@graph":[{"@type":"WebPage","@id":"https:\/\/foliobooks.pl\/en\/shop\/ride\/","url":"https:\/\/foliobooks.pl\/en\/shop\/ride\/","name":"Ride (Chris Hunter, Robert Klanten) - book \/ album - Folio","isPartOf":{"@id":"https:\/\/foliobooks.pl\/en\/#website"},"primaryImageOfPage":{"@id":"https:\/\/foliobooks.pl\/en\/shop\/ride\/#primaryimage"},"image":{"@id":"https:\/\/foliobooks.pl\/en\/shop\/ride\/#primaryimage"},"thumbnailUrl":"https:\/\/foliobooks.pl\/wp-content\/uploads\/2015\/05\/9783899554915.png","datePublished":"2015-05-27T13:00:07+00:00","dateModified":"2016-12-23T08:14:56+00:00","description":"Wejd\u017a i kup ksi\u0105\u017ck\u0119 Ride autorstwa Chris Hunter, Robert Klanten wydan\u0105 przez gestalten (2013-09-13) w formacie 30 x 27 cm (ISBN: 9783899554915). Zapraszamy!","breadcrumb":{"@id":"https:\/\/foliobooks.pl\/en\/shop\/ride\/#breadcrumb"},"inLanguage":"en-US","potentialAction":[{"@type":"ReadAction","target":["https:\/\/foliobooks.pl\/en\/shop\/ride\/"]}]},{"@type":"ImageObject","inLanguage":"en-US","@id":"https:\/\/foliobooks.pl\/en\/shop\/ride\/#primaryimage","url":"https:\/\/foliobooks.pl\/wp-content\/uploads\/2015\/05\/9783899554915.png","contentUrl":"https:\/\/foliobooks.pl\/wp-content\/uploads\/2015\/05\/9783899554915.png","width":570,"height":708},{"@type":"BreadcrumbList","@id":"https:\/\/foliobooks.pl\/en\/shop\/ride\/#breadcrumb","itemListElement":[{"@type":"ListItem","position":1,"name":"Strona g\u0142\u00f3wna","item":"https:\/\/foliobooks.pl\/en\/"},{"@type":"ListItem","position":2,"name":"Shop","item":"https:\/\/foliobooks.pl\/en\/shop\/"},{"@type":"ListItem","position":3,"name":"Ride"}]},{"@type":"WebSite","@id":"https:\/\/foliobooks.pl\/en\/#website","url":"https:\/\/foliobooks.pl\/en\/","name":"Folio","description":"Ksi\u0119garnia internetowa","potentialAction":[{"@type":"SearchAction","target":{"@type":"EntryPoint","urlTemplate":"https:\/\/foliobooks.pl\/en\/?s={search_term_string}"},"query-input":{"@type":"PropertyValueSpecification","valueRequired":true,"valueName":"search_term_string"}}],"inLanguage":"en-US"}]}},"_links":{"self":[{"href":"https:\/\/foliobooks.pl\/en\/wp-json\/wp\/v2\/product\/4239","targetHints":{"allow":["GET"]}}],"collection":[{"href":"https:\/\/foliobooks.pl\/en\/wp-json\/wp\/v2\/product"}],"about":[{"href":"https:\/\/foliobooks.pl\/en\/wp-json\/wp\/v2\/types\/product"}],"replies":[{"embeddable":true,"href":"https:\/\/foliobooks.pl\/en\/wp-json\/wp\/v2\/comments?post=4239"}],"wp:featuredmedia":[{"embeddable":true,"href":"https:\/\/foliobooks.pl\/en\/wp-json\/wp\/v2\/media\/4217"}],"wp:attachment":[{"href":"https:\/\/foliobooks.pl\/en\/wp-json\/wp\/v2\/media?parent=4239"}],"wp:term":[{"taxonomy":"product_brand","embeddable":true,"href":"https:\/\/foliobooks.pl\/en\/wp-json\/wp\/v2\/product_brand?post=4239"},{"taxonomy":"product_cat","embeddable":true,"href":"https:\/\/foliobooks.pl\/en\/wp-json\/wp\/v2\/product_cat?post=4239"},{"taxonomy":"product_tag","embeddable":true,"href":"https:\/\/foliobooks.pl\/en\/wp-json\/wp\/v2\/product_tag?post=4239"}],"curies":[{"name":"wp","href":"https:\/\/api.w.org\/{rel}","templated":true}]}}