{"id":4080,"date":"2015-05-27T11:44:33","date_gmt":"2015-05-27T09:44:33","guid":{"rendered":"http:\/\/foliobooks.pl\/?post_type=product&#038;p=4080"},"modified":"2023-01-03T16:39:45","modified_gmt":"2023-01-03T15:39:45","slug":"type-player-3","status":"publish","type":"product","link":"https:\/\/foliobooks.pl\/en\/shop\/type-player-3\/","title":{"rendered":"Type Player 3"},"content":{"rendered":"<p><em>Type Player 3<\/em> displays the best of types that demonstrate how designers don\u2019t just design type, but turn it into a subject of play with letters that go beyond the page to capture the unique needs and aesthetic preferences of designers and brands. The words and letters within exist as physical objects that embody the messages they spell out in their very design\u00a0\u2014\u00a0items of clothing demonstrate exactly what it means to be \u201ccolorful,\u201d long nights working on deadlines are represented in buzzing neon, and delicate curls of smoke show how beautiful a reminder in text can be. Type Player 3 contains creative examples collected worldwide, including editorial work, illustration, fashion, hand-made objects and environmental subjects, with 240 pages of lettering created from flowers, raindrops, food, and even the human body itself. The sequel to the best-selling <em>Type Player 2<\/em>, this title is essential for anyone looking for provocative new ways to get their message across.<\/p>\n","protected":false},"excerpt":{"rendered":"<p>Type Player 3 displays the best of types that demonstrate how designers don\u2019t just design type, but turn it into a subject of play with letters that go beyond the page to capture the unique needs and aesthetic preferences of designers and brands. The words and letters within exist as physical objects that embody the&#8230;<\/p>\n","protected":false},"featured_media":4122,"comment_status":"closed","ping_status":"closed","template":"","meta":[],"product_brand":[],"product_cat":[4523,4525],"product_tag":[1156,4524,157,1649,2272],"class_list":{"0":"post-4080","1":"product","2":"type-product","3":"status-publish","4":"has-post-thumbnail","6":"product_cat-design-en-en","7":"product_cat-graphic-design","8":"product_tag-appliedarts-en","9":"product_tag-design-en-en","10":"product_tag-designers","11":"product_tag-illustration","12":"product_tag-typography","13":"pa_author_att-sandu-cultural-media-en","14":"pa_cover-hardcover","15":"pa_format-29-x-21-cm-en","16":"pa_isbn-9781584235767-en","17":"pa_language-eng","18":"pa_pages-240-2-en","19":"pa_published-2015-02-19-en","20":"pa_publisher-gingko-press-en","22":"first","23":"instock","24":"sale","25":"sold-individually","26":"shipping-taxable","27":"purchasable","28":"product-type-simple"},"yoast_head":"<!-- This site is optimized with the Yoast SEO plugin v27.5 - https:\/\/yoast.com\/product\/yoast-seo-wordpress\/ -->\n<title>Type Player 3 (Sandu Cultural Media) - book \/ album - Folio<\/title>\n<meta name=\"description\" content=\"Wejd\u017a i kup ksi\u0105\u017ck\u0119 Type Player 3 autorstwa Sandu Cultural Media wydan\u0105 przez Gingko Press (2015-02-19) w formacie 29 x 21 cm (ISBN: 9781584235767). Zapraszamy!\" \/>\n<meta name=\"robots\" content=\"index, follow, max-snippet:-1, max-image-preview:large, max-video-preview:-1\" \/>\n<link rel=\"canonical\" href=\"https:\/\/foliobooks.pl\/en\/shop\/type-player-3\/\" \/>\n<meta property=\"og:locale\" content=\"en_US\" \/>\n<meta property=\"og:type\" content=\"article\" \/>\n<meta property=\"og:title\" content=\"Type Player 3 (Sandu Cultural Media) - book \/ album - Folio\" \/>\n<meta property=\"og:description\" content=\"Wejd\u017a i kup ksi\u0105\u017ck\u0119 Type Player 3 autorstwa Sandu Cultural Media wydan\u0105 przez Gingko Press (2015-02-19) w formacie 29 x 21 cm (ISBN: 9781584235767). Zapraszamy!\" \/>\n<meta property=\"og:url\" content=\"https:\/\/foliobooks.pl\/en\/shop\/type-player-3\/\" \/>\n<meta property=\"og:site_name\" content=\"Folio\" \/>\n<meta property=\"article:modified_time\" content=\"2023-01-03T15:39:45+00:00\" \/>\n<meta property=\"og:image\" content=\"https:\/\/foliobooks.pl\/wp-content\/uploads\/2015\/05\/9781584235767.png\" \/>\n\t<meta property=\"og:image:width\" content=\"570\" \/>\n\t<meta property=\"og:image:height\" content=\"708\" \/>\n\t<meta property=\"og:image:type\" content=\"image\/png\" \/>\n<meta name=\"twitter:card\" content=\"summary_large_image\" \/>\n<meta name=\"twitter:label1\" content=\"Est. reading time\" \/>\n\t<meta name=\"twitter:data1\" content=\"1 minute\" \/>\n<script type=\"application\/ld+json\" class=\"yoast-schema-graph\">{\"@context\":\"https:\\\/\\\/schema.org\",\"@graph\":[{\"@type\":\"WebPage\",\"@id\":\"https:\\\/\\\/foliobooks.pl\\\/en\\\/shop\\\/type-player-3\\\/\",\"url\":\"https:\\\/\\\/foliobooks.pl\\\/en\\\/shop\\\/type-player-3\\\/\",\"name\":\"Type Player 3 (Sandu Cultural Media) - book \\\/ album - Folio\",\"isPartOf\":{\"@id\":\"https:\\\/\\\/foliobooks.pl\\\/en\\\/#website\"},\"primaryImageOfPage\":{\"@id\":\"https:\\\/\\\/foliobooks.pl\\\/en\\\/shop\\\/type-player-3\\\/#primaryimage\"},\"image\":{\"@id\":\"https:\\\/\\\/foliobooks.pl\\\/en\\\/shop\\\/type-player-3\\\/#primaryimage\"},\"thumbnailUrl\":\"https:\\\/\\\/foliobooks.pl\\\/wp-content\\\/uploads\\\/2015\\\/05\\\/9781584235767.png\",\"datePublished\":\"2015-05-27T09:44:33+00:00\",\"dateModified\":\"2023-01-03T15:39:45+00:00\",\"description\":\"Wejd\u017a i kup ksi\u0105\u017ck\u0119 Type Player 3 autorstwa Sandu Cultural Media wydan\u0105 przez Gingko Press (2015-02-19) w formacie 29 x 21 cm (ISBN: 9781584235767). Zapraszamy!\",\"breadcrumb\":{\"@id\":\"https:\\\/\\\/foliobooks.pl\\\/en\\\/shop\\\/type-player-3\\\/#breadcrumb\"},\"inLanguage\":\"en-US\",\"potentialAction\":[{\"@type\":\"ReadAction\",\"target\":[\"https:\\\/\\\/foliobooks.pl\\\/en\\\/shop\\\/type-player-3\\\/\"]}]},{\"@type\":\"ImageObject\",\"inLanguage\":\"en-US\",\"@id\":\"https:\\\/\\\/foliobooks.pl\\\/en\\\/shop\\\/type-player-3\\\/#primaryimage\",\"url\":\"https:\\\/\\\/foliobooks.pl\\\/wp-content\\\/uploads\\\/2015\\\/05\\\/9781584235767.png\",\"contentUrl\":\"https:\\\/\\\/foliobooks.pl\\\/wp-content\\\/uploads\\\/2015\\\/05\\\/9781584235767.png\",\"width\":570,\"height\":708},{\"@type\":\"BreadcrumbList\",\"@id\":\"https:\\\/\\\/foliobooks.pl\\\/en\\\/shop\\\/type-player-3\\\/#breadcrumb\",\"itemListElement\":[{\"@type\":\"ListItem\",\"position\":1,\"name\":\"Strona g\u0142\u00f3wna\",\"item\":\"https:\\\/\\\/foliobooks.pl\\\/en\\\/\"},{\"@type\":\"ListItem\",\"position\":2,\"name\":\"Shop\",\"item\":\"https:\\\/\\\/foliobooks.pl\\\/en\\\/shop\\\/\"},{\"@type\":\"ListItem\",\"position\":3,\"name\":\"Type Player 3\"}]},{\"@type\":\"WebSite\",\"@id\":\"https:\\\/\\\/foliobooks.pl\\\/en\\\/#website\",\"url\":\"https:\\\/\\\/foliobooks.pl\\\/en\\\/\",\"name\":\"Folio\",\"description\":\"Ksi\u0119garnia internetowa\",\"potentialAction\":[{\"@type\":\"SearchAction\",\"target\":{\"@type\":\"EntryPoint\",\"urlTemplate\":\"https:\\\/\\\/foliobooks.pl\\\/en\\\/?s={search_term_string}\"},\"query-input\":{\"@type\":\"PropertyValueSpecification\",\"valueRequired\":true,\"valueName\":\"search_term_string\"}}],\"inLanguage\":\"en-US\"}]}<\/script>\n<!-- \/ Yoast SEO plugin. -->","yoast_head_json":{"title":"Type Player 3 (Sandu Cultural Media) - book \/ album - Folio","description":"Wejd\u017a i kup ksi\u0105\u017ck\u0119 Type Player 3 autorstwa Sandu Cultural Media wydan\u0105 przez Gingko Press (2015-02-19) w formacie 29 x 21 cm (ISBN: 9781584235767). Zapraszamy!","robots":{"index":"index","follow":"follow","max-snippet":"max-snippet:-1","max-image-preview":"max-image-preview:large","max-video-preview":"max-video-preview:-1"},"canonical":"https:\/\/foliobooks.pl\/en\/shop\/type-player-3\/","og_locale":"en_US","og_type":"article","og_title":"Type Player 3 (Sandu Cultural Media) - book \/ album - Folio","og_description":"Wejd\u017a i kup ksi\u0105\u017ck\u0119 Type Player 3 autorstwa Sandu Cultural Media wydan\u0105 przez Gingko Press (2015-02-19) w formacie 29 x 21 cm (ISBN: 9781584235767). Zapraszamy!","og_url":"https:\/\/foliobooks.pl\/en\/shop\/type-player-3\/","og_site_name":"Folio","article_modified_time":"2023-01-03T15:39:45+00:00","og_image":[{"width":570,"height":708,"url":"https:\/\/foliobooks.pl\/wp-content\/uploads\/2015\/05\/9781584235767.png","type":"image\/png"}],"twitter_card":"summary_large_image","twitter_misc":{"Est. reading time":"1 minute"},"schema":{"@context":"https:\/\/schema.org","@graph":[{"@type":"WebPage","@id":"https:\/\/foliobooks.pl\/en\/shop\/type-player-3\/","url":"https:\/\/foliobooks.pl\/en\/shop\/type-player-3\/","name":"Type Player 3 (Sandu Cultural Media) - book \/ album - Folio","isPartOf":{"@id":"https:\/\/foliobooks.pl\/en\/#website"},"primaryImageOfPage":{"@id":"https:\/\/foliobooks.pl\/en\/shop\/type-player-3\/#primaryimage"},"image":{"@id":"https:\/\/foliobooks.pl\/en\/shop\/type-player-3\/#primaryimage"},"thumbnailUrl":"https:\/\/foliobooks.pl\/wp-content\/uploads\/2015\/05\/9781584235767.png","datePublished":"2015-05-27T09:44:33+00:00","dateModified":"2023-01-03T15:39:45+00:00","description":"Wejd\u017a i kup ksi\u0105\u017ck\u0119 Type Player 3 autorstwa Sandu Cultural Media wydan\u0105 przez Gingko Press (2015-02-19) w formacie 29 x 21 cm (ISBN: 9781584235767). Zapraszamy!","breadcrumb":{"@id":"https:\/\/foliobooks.pl\/en\/shop\/type-player-3\/#breadcrumb"},"inLanguage":"en-US","potentialAction":[{"@type":"ReadAction","target":["https:\/\/foliobooks.pl\/en\/shop\/type-player-3\/"]}]},{"@type":"ImageObject","inLanguage":"en-US","@id":"https:\/\/foliobooks.pl\/en\/shop\/type-player-3\/#primaryimage","url":"https:\/\/foliobooks.pl\/wp-content\/uploads\/2015\/05\/9781584235767.png","contentUrl":"https:\/\/foliobooks.pl\/wp-content\/uploads\/2015\/05\/9781584235767.png","width":570,"height":708},{"@type":"BreadcrumbList","@id":"https:\/\/foliobooks.pl\/en\/shop\/type-player-3\/#breadcrumb","itemListElement":[{"@type":"ListItem","position":1,"name":"Strona g\u0142\u00f3wna","item":"https:\/\/foliobooks.pl\/en\/"},{"@type":"ListItem","position":2,"name":"Shop","item":"https:\/\/foliobooks.pl\/en\/shop\/"},{"@type":"ListItem","position":3,"name":"Type Player 3"}]},{"@type":"WebSite","@id":"https:\/\/foliobooks.pl\/en\/#website","url":"https:\/\/foliobooks.pl\/en\/","name":"Folio","description":"Ksi\u0119garnia internetowa","potentialAction":[{"@type":"SearchAction","target":{"@type":"EntryPoint","urlTemplate":"https:\/\/foliobooks.pl\/en\/?s={search_term_string}"},"query-input":{"@type":"PropertyValueSpecification","valueRequired":true,"valueName":"search_term_string"}}],"inLanguage":"en-US"}]}},"_links":{"self":[{"href":"https:\/\/foliobooks.pl\/en\/wp-json\/wp\/v2\/product\/4080","targetHints":{"allow":["GET"]}}],"collection":[{"href":"https:\/\/foliobooks.pl\/en\/wp-json\/wp\/v2\/product"}],"about":[{"href":"https:\/\/foliobooks.pl\/en\/wp-json\/wp\/v2\/types\/product"}],"replies":[{"embeddable":true,"href":"https:\/\/foliobooks.pl\/en\/wp-json\/wp\/v2\/comments?post=4080"}],"wp:featuredmedia":[{"embeddable":true,"href":"https:\/\/foliobooks.pl\/en\/wp-json\/wp\/v2\/media\/4122"}],"wp:attachment":[{"href":"https:\/\/foliobooks.pl\/en\/wp-json\/wp\/v2\/media?parent=4080"}],"wp:term":[{"taxonomy":"product_brand","embeddable":true,"href":"https:\/\/foliobooks.pl\/en\/wp-json\/wp\/v2\/product_brand?post=4080"},{"taxonomy":"product_cat","embeddable":true,"href":"https:\/\/foliobooks.pl\/en\/wp-json\/wp\/v2\/product_cat?post=4080"},{"taxonomy":"product_tag","embeddable":true,"href":"https:\/\/foliobooks.pl\/en\/wp-json\/wp\/v2\/product_tag?post=4080"}],"curies":[{"name":"wp","href":"https:\/\/api.w.org\/{rel}","templated":true}]}}