{"id":40439,"date":"2019-06-26T15:28:12","date_gmt":"2019-06-26T13:28:12","guid":{"rendered":"https:\/\/foliobooks.pl\/sklep\/ando-complete-works-1975-today-2019-edition\/"},"modified":"2025-12-15T18:24:05","modified_gmt":"2025-12-15T17:24:05","slug":"ando-complete-works-1975-today-2019-edition","status":"publish","type":"product","link":"https:\/\/foliobooks.pl\/en\/shop\/ando-complete-works-1975-today-2019-edition\/","title":{"rendered":"Ando. Complete Works 1975\u2013Today. 2019 Edition"},"content":{"rendered":"<p>Discover the completely unique aesthetic of Tadao Ando, the only architect ever to have won the discipline\u2019s four most prestigious prizes: the Pritzker, Carlsberg, Praemium Imperiale, and Kyoto Prize.<\/p>\n<p>Philippe Starck defines him as a \u201cmystic in a country which is no longer mystic.\u201d Philip Drew calls his buildings \u201cland art\u201d as they \u201cstruggle to emerge from the earth.\u201d His designs have been described as haiku crafted from concrete, water, light, and space. But to Ando, true architecture is not expressed in metaphysics or beauty, but rather through space that embodies physical wisdom.<\/p>\n<p>This thoroughly updated edition spans the breadth of his entire career, including such stunning new projects as the Shanghai Poly Theater and the Clark Center at the Clark Art Institute in Williamstown, Massachusetts. Each project is profiled through photographs and architectural drawings to explore Ando\u2019s unprecedented use of concrete, wood, water, light, space, and natural forms. Based on the massive XXL monograph, this edition brings the architect\u2019s definitive career overview to an accessible format.<\/p>\n","protected":false},"excerpt":{"rendered":"<p>Discover the completely unique aesthetic of Tadao Ando, the only architect ever to have won the discipline\u2019s four most prestigious prizes: the Pritzker, Carlsberg, Praemium Imperiale, and Kyoto Prize. Philippe Starck defines him as a \u201cmystic in a country which is no longer mystic.\u201d Philip Drew calls his buildings \u201cland art\u201d as they \u201cstruggle to&#8230;<\/p>\n","protected":false},"featured_media":40401,"comment_status":"closed","ping_status":"closed","template":"","meta":[],"product_brand":[],"product_cat":[4516,13533],"product_tag":[1126,6124,11550,6567],"class_list":{"0":"post-40439","1":"product","2":"type-product","3":"status-publish","4":"has-post-thumbnail","6":"product_cat-architecture-en","7":"product_cat-books","8":"product_tag-architects-en","9":"product_tag-architecture-en","10":"product_tag-buildings-en","11":"product_tag-contemporary-architecture-en","12":"pa_author_att-philip-jodidio-en","13":"pa_cover-hardcover","14":"pa_format-228-x-289-cm-en","15":"pa_isbn-9783836577120-en","16":"pa_language-eng-f-ger","17":"pa_pages-740-en","18":"pa_published-2019-06-06-en","19":"pa_publisher-taschen-en-en","21":"first","22":"instock","23":"sold-individually","24":"shipping-taxable","25":"purchasable","26":"product-type-simple"},"yoast_head":"<!-- This site is optimized with the Yoast SEO plugin v27.4 - https:\/\/yoast.com\/product\/yoast-seo-wordpress\/ -->\n<title>Ando. Complete Works 1975\u2013Today. 2019 Edition (Philip Jodidio) - book \/ album - Folio<\/title>\n<meta name=\"description\" content=\"Wejd\u017a i kup ksi\u0105\u017ck\u0119 Ando. Complete Works 1975\u2013Today. 2019 Edition autorstwa Philip Jodidio wydan\u0105 przez TASCHEN (2019-06-06) w formacie 22,8 x 28,9 cm (ISBN: 9783836577120). Zapraszamy!\" \/>\n<meta name=\"robots\" content=\"index, follow, max-snippet:-1, max-image-preview:large, max-video-preview:-1\" \/>\n<link rel=\"canonical\" href=\"https:\/\/foliobooks.pl\/en\/shop\/ando-complete-works-1975-today-2019-edition\/\" \/>\n<meta property=\"og:locale\" content=\"en_US\" \/>\n<meta property=\"og:type\" content=\"article\" \/>\n<meta property=\"og:title\" content=\"Ando. Complete Works 1975\u2013Today. 2019 Edition (Philip Jodidio) - book \/ album - Folio\" \/>\n<meta property=\"og:description\" content=\"Wejd\u017a i kup ksi\u0105\u017ck\u0119 Ando. Complete Works 1975\u2013Today. 2019 Edition autorstwa Philip Jodidio wydan\u0105 przez TASCHEN (2019-06-06) w formacie 22,8 x 28,9 cm (ISBN: 9783836577120). Zapraszamy!\" \/>\n<meta property=\"og:url\" content=\"https:\/\/foliobooks.pl\/en\/shop\/ando-complete-works-1975-today-2019-edition\/\" \/>\n<meta property=\"og:site_name\" content=\"Folio\" \/>\n<meta property=\"article:modified_time\" content=\"2025-12-15T17:24:05+00:00\" \/>\n<meta property=\"og:image\" content=\"https:\/\/foliobooks.pl\/wp-content\/uploads\/2019\/06\/9783836577120.png\" \/>\n\t<meta property=\"og:image:width\" content=\"570\" \/>\n\t<meta property=\"og:image:height\" content=\"708\" \/>\n\t<meta property=\"og:image:type\" content=\"image\/png\" \/>\n<meta name=\"twitter:card\" content=\"summary_large_image\" \/>\n<meta name=\"twitter:label1\" content=\"Est. reading time\" \/>\n\t<meta name=\"twitter:data1\" content=\"1 minute\" \/>\n<script type=\"application\/ld+json\" class=\"yoast-schema-graph\">{\"@context\":\"https:\\\/\\\/schema.org\",\"@graph\":[{\"@type\":\"WebPage\",\"@id\":\"https:\\\/\\\/foliobooks.pl\\\/en\\\/shop\\\/ando-complete-works-1975-today-2019-edition\\\/\",\"url\":\"https:\\\/\\\/foliobooks.pl\\\/en\\\/shop\\\/ando-complete-works-1975-today-2019-edition\\\/\",\"name\":\"Ando. Complete Works 1975\u2013Today. 2019 Edition (Philip Jodidio) - book \\\/ album - Folio\",\"isPartOf\":{\"@id\":\"https:\\\/\\\/foliobooks.pl\\\/en\\\/#website\"},\"primaryImageOfPage\":{\"@id\":\"https:\\\/\\\/foliobooks.pl\\\/en\\\/shop\\\/ando-complete-works-1975-today-2019-edition\\\/#primaryimage\"},\"image\":{\"@id\":\"https:\\\/\\\/foliobooks.pl\\\/en\\\/shop\\\/ando-complete-works-1975-today-2019-edition\\\/#primaryimage\"},\"thumbnailUrl\":\"https:\\\/\\\/foliobooks.pl\\\/wp-content\\\/uploads\\\/2019\\\/06\\\/9783836577120.png\",\"datePublished\":\"2019-06-26T13:28:12+00:00\",\"dateModified\":\"2025-12-15T17:24:05+00:00\",\"description\":\"Wejd\u017a i kup ksi\u0105\u017ck\u0119 Ando. Complete Works 1975\u2013Today. 2019 Edition autorstwa Philip Jodidio wydan\u0105 przez TASCHEN (2019-06-06) w formacie 22,8 x 28,9 cm (ISBN: 9783836577120). Zapraszamy!\",\"breadcrumb\":{\"@id\":\"https:\\\/\\\/foliobooks.pl\\\/en\\\/shop\\\/ando-complete-works-1975-today-2019-edition\\\/#breadcrumb\"},\"inLanguage\":\"en-US\",\"potentialAction\":[{\"@type\":\"ReadAction\",\"target\":[\"https:\\\/\\\/foliobooks.pl\\\/en\\\/shop\\\/ando-complete-works-1975-today-2019-edition\\\/\"]}]},{\"@type\":\"ImageObject\",\"inLanguage\":\"en-US\",\"@id\":\"https:\\\/\\\/foliobooks.pl\\\/en\\\/shop\\\/ando-complete-works-1975-today-2019-edition\\\/#primaryimage\",\"url\":\"https:\\\/\\\/foliobooks.pl\\\/wp-content\\\/uploads\\\/2019\\\/06\\\/9783836577120.png\",\"contentUrl\":\"https:\\\/\\\/foliobooks.pl\\\/wp-content\\\/uploads\\\/2019\\\/06\\\/9783836577120.png\",\"width\":570,\"height\":708},{\"@type\":\"BreadcrumbList\",\"@id\":\"https:\\\/\\\/foliobooks.pl\\\/en\\\/shop\\\/ando-complete-works-1975-today-2019-edition\\\/#breadcrumb\",\"itemListElement\":[{\"@type\":\"ListItem\",\"position\":1,\"name\":\"Strona g\u0142\u00f3wna\",\"item\":\"https:\\\/\\\/foliobooks.pl\\\/en\\\/\"},{\"@type\":\"ListItem\",\"position\":2,\"name\":\"Shop\",\"item\":\"https:\\\/\\\/foliobooks.pl\\\/en\\\/shop\\\/\"},{\"@type\":\"ListItem\",\"position\":3,\"name\":\"Ando. Complete Works 1975\u2013Today. 2019 Edition\"}]},{\"@type\":\"WebSite\",\"@id\":\"https:\\\/\\\/foliobooks.pl\\\/en\\\/#website\",\"url\":\"https:\\\/\\\/foliobooks.pl\\\/en\\\/\",\"name\":\"Folio\",\"description\":\"Ksi\u0119garnia internetowa\",\"potentialAction\":[{\"@type\":\"SearchAction\",\"target\":{\"@type\":\"EntryPoint\",\"urlTemplate\":\"https:\\\/\\\/foliobooks.pl\\\/en\\\/?s={search_term_string}\"},\"query-input\":{\"@type\":\"PropertyValueSpecification\",\"valueRequired\":true,\"valueName\":\"search_term_string\"}}],\"inLanguage\":\"en-US\"}]}<\/script>\n<!-- \/ Yoast SEO plugin. -->","yoast_head_json":{"title":"Ando. Complete Works 1975\u2013Today. 2019 Edition (Philip Jodidio) - book \/ album - Folio","description":"Wejd\u017a i kup ksi\u0105\u017ck\u0119 Ando. Complete Works 1975\u2013Today. 2019 Edition autorstwa Philip Jodidio wydan\u0105 przez TASCHEN (2019-06-06) w formacie 22,8 x 28,9 cm (ISBN: 9783836577120). Zapraszamy!","robots":{"index":"index","follow":"follow","max-snippet":"max-snippet:-1","max-image-preview":"max-image-preview:large","max-video-preview":"max-video-preview:-1"},"canonical":"https:\/\/foliobooks.pl\/en\/shop\/ando-complete-works-1975-today-2019-edition\/","og_locale":"en_US","og_type":"article","og_title":"Ando. Complete Works 1975\u2013Today. 2019 Edition (Philip Jodidio) - book \/ album - Folio","og_description":"Wejd\u017a i kup ksi\u0105\u017ck\u0119 Ando. Complete Works 1975\u2013Today. 2019 Edition autorstwa Philip Jodidio wydan\u0105 przez TASCHEN (2019-06-06) w formacie 22,8 x 28,9 cm (ISBN: 9783836577120). Zapraszamy!","og_url":"https:\/\/foliobooks.pl\/en\/shop\/ando-complete-works-1975-today-2019-edition\/","og_site_name":"Folio","article_modified_time":"2025-12-15T17:24:05+00:00","og_image":[{"width":570,"height":708,"url":"https:\/\/foliobooks.pl\/wp-content\/uploads\/2019\/06\/9783836577120.png","type":"image\/png"}],"twitter_card":"summary_large_image","twitter_misc":{"Est. reading time":"1 minute"},"schema":{"@context":"https:\/\/schema.org","@graph":[{"@type":"WebPage","@id":"https:\/\/foliobooks.pl\/en\/shop\/ando-complete-works-1975-today-2019-edition\/","url":"https:\/\/foliobooks.pl\/en\/shop\/ando-complete-works-1975-today-2019-edition\/","name":"Ando. Complete Works 1975\u2013Today. 2019 Edition (Philip Jodidio) - book \/ album - Folio","isPartOf":{"@id":"https:\/\/foliobooks.pl\/en\/#website"},"primaryImageOfPage":{"@id":"https:\/\/foliobooks.pl\/en\/shop\/ando-complete-works-1975-today-2019-edition\/#primaryimage"},"image":{"@id":"https:\/\/foliobooks.pl\/en\/shop\/ando-complete-works-1975-today-2019-edition\/#primaryimage"},"thumbnailUrl":"https:\/\/foliobooks.pl\/wp-content\/uploads\/2019\/06\/9783836577120.png","datePublished":"2019-06-26T13:28:12+00:00","dateModified":"2025-12-15T17:24:05+00:00","description":"Wejd\u017a i kup ksi\u0105\u017ck\u0119 Ando. Complete Works 1975\u2013Today. 2019 Edition autorstwa Philip Jodidio wydan\u0105 przez TASCHEN (2019-06-06) w formacie 22,8 x 28,9 cm (ISBN: 9783836577120). Zapraszamy!","breadcrumb":{"@id":"https:\/\/foliobooks.pl\/en\/shop\/ando-complete-works-1975-today-2019-edition\/#breadcrumb"},"inLanguage":"en-US","potentialAction":[{"@type":"ReadAction","target":["https:\/\/foliobooks.pl\/en\/shop\/ando-complete-works-1975-today-2019-edition\/"]}]},{"@type":"ImageObject","inLanguage":"en-US","@id":"https:\/\/foliobooks.pl\/en\/shop\/ando-complete-works-1975-today-2019-edition\/#primaryimage","url":"https:\/\/foliobooks.pl\/wp-content\/uploads\/2019\/06\/9783836577120.png","contentUrl":"https:\/\/foliobooks.pl\/wp-content\/uploads\/2019\/06\/9783836577120.png","width":570,"height":708},{"@type":"BreadcrumbList","@id":"https:\/\/foliobooks.pl\/en\/shop\/ando-complete-works-1975-today-2019-edition\/#breadcrumb","itemListElement":[{"@type":"ListItem","position":1,"name":"Strona g\u0142\u00f3wna","item":"https:\/\/foliobooks.pl\/en\/"},{"@type":"ListItem","position":2,"name":"Shop","item":"https:\/\/foliobooks.pl\/en\/shop\/"},{"@type":"ListItem","position":3,"name":"Ando. Complete Works 1975\u2013Today. 2019 Edition"}]},{"@type":"WebSite","@id":"https:\/\/foliobooks.pl\/en\/#website","url":"https:\/\/foliobooks.pl\/en\/","name":"Folio","description":"Ksi\u0119garnia internetowa","potentialAction":[{"@type":"SearchAction","target":{"@type":"EntryPoint","urlTemplate":"https:\/\/foliobooks.pl\/en\/?s={search_term_string}"},"query-input":{"@type":"PropertyValueSpecification","valueRequired":true,"valueName":"search_term_string"}}],"inLanguage":"en-US"}]}},"_links":{"self":[{"href":"https:\/\/foliobooks.pl\/en\/wp-json\/wp\/v2\/product\/40439","targetHints":{"allow":["GET"]}}],"collection":[{"href":"https:\/\/foliobooks.pl\/en\/wp-json\/wp\/v2\/product"}],"about":[{"href":"https:\/\/foliobooks.pl\/en\/wp-json\/wp\/v2\/types\/product"}],"replies":[{"embeddable":true,"href":"https:\/\/foliobooks.pl\/en\/wp-json\/wp\/v2\/comments?post=40439"}],"wp:featuredmedia":[{"embeddable":true,"href":"https:\/\/foliobooks.pl\/en\/wp-json\/wp\/v2\/media\/40401"}],"wp:attachment":[{"href":"https:\/\/foliobooks.pl\/en\/wp-json\/wp\/v2\/media?parent=40439"}],"wp:term":[{"taxonomy":"product_brand","embeddable":true,"href":"https:\/\/foliobooks.pl\/en\/wp-json\/wp\/v2\/product_brand?post=40439"},{"taxonomy":"product_cat","embeddable":true,"href":"https:\/\/foliobooks.pl\/en\/wp-json\/wp\/v2\/product_cat?post=40439"},{"taxonomy":"product_tag","embeddable":true,"href":"https:\/\/foliobooks.pl\/en\/wp-json\/wp\/v2\/product_tag?post=40439"}],"curies":[{"name":"wp","href":"https:\/\/api.w.org\/{rel}","templated":true}]}}