{"id":40189,"date":"2019-06-24T13:16:05","date_gmt":"2019-06-24T11:16:05","guid":{"rendered":"https:\/\/foliobooks.pl\/?post_type=product&#038;p=40189"},"modified":"2023-08-14T16:40:27","modified_gmt":"2023-08-14T14:40:27","slug":"l-m-montgomery","status":"publish","type":"product","link":"https:\/\/foliobooks.pl\/en\/shop\/l-m-montgomery\/","title":{"rendered":"L. M. Montgomery"},"content":{"rendered":"<p>New in the critically acclaimed Little People, BIG DREAMS series, discover the incredible life of Lucy Maud Montgomery, the famous Canadian author of <em>Anne of Green Gables<\/em>.<\/p>\n<p>Born in the Canadian province of Prince Edward Island, Lucy Maud Montgomery lost her mother when she was very young. Left in the care of less-than-encouraging grandparents, she found comfort in reading, writing and her imagination. When Maud grew up, she wrote about the childhood she wished she had, creating one of the best-loved characters of all time: Anne of Green Gables. This moving book features stylish illustrations and extra facts at the back, including a biographical timeline with historical photos and a detailed profile of the author&#8217;s life.<\/p>\n<p>Little People, BIG DREAMS is a bestselling series of books and educational games that explore the lives of outstanding people, from designers and artists to scientists and activists. All of them achieved incredible things, yet each began life as a child with a dream.<\/p>\n<p>Inspire the next generation of outstanding people who will change the world with Little People, BIG DREAMS!<\/p>\n","protected":false},"excerpt":{"rendered":"<p>New in the critically acclaimed Little People, BIG DREAMS series, discover the incredible life of Lucy Maud Montgomery, the famous Canadian author of Anne of Green Gables. Born in the Canadian province of Prince Edward Island, Lucy Maud Montgomery lost her mother when she was very young. Left in the care of less-than-encouraging grandparents, she&#8230;<\/p>\n","protected":false},"featured_media":40307,"comment_status":"closed","ping_status":"closed","template":"","meta":[],"product_brand":[],"product_cat":[13533,13534],"product_tag":[6631,14262,1460,6693,11548,13255],"class_list":{"0":"post-40189","1":"product","2":"type-product","3":"status-publish","4":"has-post-thumbnail","6":"product_cat-books","7":"product_cat-kids","8":"product_tag-biographies","9":"product_tag-canada-en","10":"product_tag-children-en","11":"product_tag-famous-people","12":"product_tag-literature-en","13":"product_tag-writers-en","14":"pa_author_att-isabel-sanchez-vegara-en","15":"pa_cover-hardcover","16":"pa_format-195-x-24-cm-en","17":"pa_isbn-9781786032959-en","18":"pa_language-eng","19":"pa_pages-32-en","20":"pa_published-2018-10-04-en","21":"pa_publisher-frances-lincoln-en","23":"first","24":"instock","25":"sale","26":"sold-individually","27":"shipping-taxable","28":"purchasable","29":"product-type-simple"},"yoast_head":"<!-- This site is optimized with the Yoast SEO plugin v27.4 - https:\/\/yoast.com\/product\/yoast-seo-wordpress\/ -->\n<title>L. M. Montgomery (Isabel Sanchez Vegara) - book \/ album - Folio<\/title>\n<meta name=\"description\" content=\"Wejd\u017a i kup ksi\u0105\u017ck\u0119 L. M. Montgomery autorstwa Isabel Sanchez Vegara wydan\u0105 przez Frances Lincoln (2018-10-04) w formacie 19,5 x 24 cm (ISBN: 9781786032959). Zapraszamy!\" \/>\n<meta name=\"robots\" content=\"index, follow, max-snippet:-1, max-image-preview:large, max-video-preview:-1\" \/>\n<link rel=\"canonical\" href=\"https:\/\/foliobooks.pl\/en\/shop\/l-m-montgomery\/\" \/>\n<meta property=\"og:locale\" content=\"en_US\" \/>\n<meta property=\"og:type\" content=\"article\" \/>\n<meta property=\"og:title\" content=\"L. M. Montgomery (Isabel Sanchez Vegara) - book \/ album - Folio\" \/>\n<meta property=\"og:description\" content=\"Wejd\u017a i kup ksi\u0105\u017ck\u0119 L. M. Montgomery autorstwa Isabel Sanchez Vegara wydan\u0105 przez Frances Lincoln (2018-10-04) w formacie 19,5 x 24 cm (ISBN: 9781786032959). Zapraszamy!\" \/>\n<meta property=\"og:url\" content=\"https:\/\/foliobooks.pl\/en\/shop\/l-m-montgomery\/\" \/>\n<meta property=\"og:site_name\" content=\"Folio\" \/>\n<meta property=\"article:modified_time\" content=\"2023-08-14T14:40:27+00:00\" \/>\n<meta property=\"og:image\" content=\"https:\/\/foliobooks.pl\/wp-content\/uploads\/2019\/06\/9781786032959.png\" \/>\n\t<meta property=\"og:image:width\" content=\"570\" \/>\n\t<meta property=\"og:image:height\" content=\"708\" \/>\n\t<meta property=\"og:image:type\" content=\"image\/png\" \/>\n<meta name=\"twitter:card\" content=\"summary_large_image\" \/>\n<meta name=\"twitter:label1\" content=\"Est. reading time\" \/>\n\t<meta name=\"twitter:data1\" content=\"1 minute\" \/>\n<script type=\"application\/ld+json\" class=\"yoast-schema-graph\">{\"@context\":\"https:\\\/\\\/schema.org\",\"@graph\":[{\"@type\":\"WebPage\",\"@id\":\"https:\\\/\\\/foliobooks.pl\\\/en\\\/shop\\\/l-m-montgomery\\\/\",\"url\":\"https:\\\/\\\/foliobooks.pl\\\/en\\\/shop\\\/l-m-montgomery\\\/\",\"name\":\"L. M. Montgomery (Isabel Sanchez Vegara) - book \\\/ album - Folio\",\"isPartOf\":{\"@id\":\"https:\\\/\\\/foliobooks.pl\\\/en\\\/#website\"},\"primaryImageOfPage\":{\"@id\":\"https:\\\/\\\/foliobooks.pl\\\/en\\\/shop\\\/l-m-montgomery\\\/#primaryimage\"},\"image\":{\"@id\":\"https:\\\/\\\/foliobooks.pl\\\/en\\\/shop\\\/l-m-montgomery\\\/#primaryimage\"},\"thumbnailUrl\":\"https:\\\/\\\/foliobooks.pl\\\/wp-content\\\/uploads\\\/2019\\\/06\\\/9781786032959.png\",\"datePublished\":\"2019-06-24T11:16:05+00:00\",\"dateModified\":\"2023-08-14T14:40:27+00:00\",\"description\":\"Wejd\u017a i kup ksi\u0105\u017ck\u0119 L. M. Montgomery autorstwa Isabel Sanchez Vegara wydan\u0105 przez Frances Lincoln (2018-10-04) w formacie 19,5 x 24 cm (ISBN: 9781786032959). Zapraszamy!\",\"breadcrumb\":{\"@id\":\"https:\\\/\\\/foliobooks.pl\\\/en\\\/shop\\\/l-m-montgomery\\\/#breadcrumb\"},\"inLanguage\":\"en-US\",\"potentialAction\":[{\"@type\":\"ReadAction\",\"target\":[\"https:\\\/\\\/foliobooks.pl\\\/en\\\/shop\\\/l-m-montgomery\\\/\"]}]},{\"@type\":\"ImageObject\",\"inLanguage\":\"en-US\",\"@id\":\"https:\\\/\\\/foliobooks.pl\\\/en\\\/shop\\\/l-m-montgomery\\\/#primaryimage\",\"url\":\"https:\\\/\\\/foliobooks.pl\\\/wp-content\\\/uploads\\\/2019\\\/06\\\/9781786032959.png\",\"contentUrl\":\"https:\\\/\\\/foliobooks.pl\\\/wp-content\\\/uploads\\\/2019\\\/06\\\/9781786032959.png\",\"width\":570,\"height\":708},{\"@type\":\"BreadcrumbList\",\"@id\":\"https:\\\/\\\/foliobooks.pl\\\/en\\\/shop\\\/l-m-montgomery\\\/#breadcrumb\",\"itemListElement\":[{\"@type\":\"ListItem\",\"position\":1,\"name\":\"Strona g\u0142\u00f3wna\",\"item\":\"https:\\\/\\\/foliobooks.pl\\\/en\\\/\"},{\"@type\":\"ListItem\",\"position\":2,\"name\":\"Shop\",\"item\":\"https:\\\/\\\/foliobooks.pl\\\/en\\\/shop\\\/\"},{\"@type\":\"ListItem\",\"position\":3,\"name\":\"L. M. Montgomery\"}]},{\"@type\":\"WebSite\",\"@id\":\"https:\\\/\\\/foliobooks.pl\\\/en\\\/#website\",\"url\":\"https:\\\/\\\/foliobooks.pl\\\/en\\\/\",\"name\":\"Folio\",\"description\":\"Ksi\u0119garnia internetowa\",\"potentialAction\":[{\"@type\":\"SearchAction\",\"target\":{\"@type\":\"EntryPoint\",\"urlTemplate\":\"https:\\\/\\\/foliobooks.pl\\\/en\\\/?s={search_term_string}\"},\"query-input\":{\"@type\":\"PropertyValueSpecification\",\"valueRequired\":true,\"valueName\":\"search_term_string\"}}],\"inLanguage\":\"en-US\"}]}<\/script>\n<!-- \/ Yoast SEO plugin. -->","yoast_head_json":{"title":"L. M. Montgomery (Isabel Sanchez Vegara) - book \/ album - Folio","description":"Wejd\u017a i kup ksi\u0105\u017ck\u0119 L. M. Montgomery autorstwa Isabel Sanchez Vegara wydan\u0105 przez Frances Lincoln (2018-10-04) w formacie 19,5 x 24 cm (ISBN: 9781786032959). Zapraszamy!","robots":{"index":"index","follow":"follow","max-snippet":"max-snippet:-1","max-image-preview":"max-image-preview:large","max-video-preview":"max-video-preview:-1"},"canonical":"https:\/\/foliobooks.pl\/en\/shop\/l-m-montgomery\/","og_locale":"en_US","og_type":"article","og_title":"L. M. Montgomery (Isabel Sanchez Vegara) - book \/ album - Folio","og_description":"Wejd\u017a i kup ksi\u0105\u017ck\u0119 L. M. Montgomery autorstwa Isabel Sanchez Vegara wydan\u0105 przez Frances Lincoln (2018-10-04) w formacie 19,5 x 24 cm (ISBN: 9781786032959). Zapraszamy!","og_url":"https:\/\/foliobooks.pl\/en\/shop\/l-m-montgomery\/","og_site_name":"Folio","article_modified_time":"2023-08-14T14:40:27+00:00","og_image":[{"width":570,"height":708,"url":"https:\/\/foliobooks.pl\/wp-content\/uploads\/2019\/06\/9781786032959.png","type":"image\/png"}],"twitter_card":"summary_large_image","twitter_misc":{"Est. reading time":"1 minute"},"schema":{"@context":"https:\/\/schema.org","@graph":[{"@type":"WebPage","@id":"https:\/\/foliobooks.pl\/en\/shop\/l-m-montgomery\/","url":"https:\/\/foliobooks.pl\/en\/shop\/l-m-montgomery\/","name":"L. M. Montgomery (Isabel Sanchez Vegara) - book \/ album - Folio","isPartOf":{"@id":"https:\/\/foliobooks.pl\/en\/#website"},"primaryImageOfPage":{"@id":"https:\/\/foliobooks.pl\/en\/shop\/l-m-montgomery\/#primaryimage"},"image":{"@id":"https:\/\/foliobooks.pl\/en\/shop\/l-m-montgomery\/#primaryimage"},"thumbnailUrl":"https:\/\/foliobooks.pl\/wp-content\/uploads\/2019\/06\/9781786032959.png","datePublished":"2019-06-24T11:16:05+00:00","dateModified":"2023-08-14T14:40:27+00:00","description":"Wejd\u017a i kup ksi\u0105\u017ck\u0119 L. M. Montgomery autorstwa Isabel Sanchez Vegara wydan\u0105 przez Frances Lincoln (2018-10-04) w formacie 19,5 x 24 cm (ISBN: 9781786032959). Zapraszamy!","breadcrumb":{"@id":"https:\/\/foliobooks.pl\/en\/shop\/l-m-montgomery\/#breadcrumb"},"inLanguage":"en-US","potentialAction":[{"@type":"ReadAction","target":["https:\/\/foliobooks.pl\/en\/shop\/l-m-montgomery\/"]}]},{"@type":"ImageObject","inLanguage":"en-US","@id":"https:\/\/foliobooks.pl\/en\/shop\/l-m-montgomery\/#primaryimage","url":"https:\/\/foliobooks.pl\/wp-content\/uploads\/2019\/06\/9781786032959.png","contentUrl":"https:\/\/foliobooks.pl\/wp-content\/uploads\/2019\/06\/9781786032959.png","width":570,"height":708},{"@type":"BreadcrumbList","@id":"https:\/\/foliobooks.pl\/en\/shop\/l-m-montgomery\/#breadcrumb","itemListElement":[{"@type":"ListItem","position":1,"name":"Strona g\u0142\u00f3wna","item":"https:\/\/foliobooks.pl\/en\/"},{"@type":"ListItem","position":2,"name":"Shop","item":"https:\/\/foliobooks.pl\/en\/shop\/"},{"@type":"ListItem","position":3,"name":"L. M. Montgomery"}]},{"@type":"WebSite","@id":"https:\/\/foliobooks.pl\/en\/#website","url":"https:\/\/foliobooks.pl\/en\/","name":"Folio","description":"Ksi\u0119garnia internetowa","potentialAction":[{"@type":"SearchAction","target":{"@type":"EntryPoint","urlTemplate":"https:\/\/foliobooks.pl\/en\/?s={search_term_string}"},"query-input":{"@type":"PropertyValueSpecification","valueRequired":true,"valueName":"search_term_string"}}],"inLanguage":"en-US"}]}},"_links":{"self":[{"href":"https:\/\/foliobooks.pl\/en\/wp-json\/wp\/v2\/product\/40189","targetHints":{"allow":["GET"]}}],"collection":[{"href":"https:\/\/foliobooks.pl\/en\/wp-json\/wp\/v2\/product"}],"about":[{"href":"https:\/\/foliobooks.pl\/en\/wp-json\/wp\/v2\/types\/product"}],"replies":[{"embeddable":true,"href":"https:\/\/foliobooks.pl\/en\/wp-json\/wp\/v2\/comments?post=40189"}],"wp:featuredmedia":[{"embeddable":true,"href":"https:\/\/foliobooks.pl\/en\/wp-json\/wp\/v2\/media\/40307"}],"wp:attachment":[{"href":"https:\/\/foliobooks.pl\/en\/wp-json\/wp\/v2\/media?parent=40189"}],"wp:term":[{"taxonomy":"product_brand","embeddable":true,"href":"https:\/\/foliobooks.pl\/en\/wp-json\/wp\/v2\/product_brand?post=40189"},{"taxonomy":"product_cat","embeddable":true,"href":"https:\/\/foliobooks.pl\/en\/wp-json\/wp\/v2\/product_cat?post=40189"},{"taxonomy":"product_tag","embeddable":true,"href":"https:\/\/foliobooks.pl\/en\/wp-json\/wp\/v2\/product_tag?post=40189"}],"curies":[{"name":"wp","href":"https:\/\/api.w.org\/{rel}","templated":true}]}}