{"id":40182,"date":"2019-06-24T12:58:25","date_gmt":"2019-06-24T10:58:25","guid":{"rendered":"https:\/\/foliobooks.pl\/?post_type=product&#038;p=40182"},"modified":"2023-08-14T16:41:21","modified_gmt":"2023-08-14T14:41:21","slug":"mother-teresa","status":"publish","type":"product","link":"https:\/\/foliobooks.pl\/en\/shop\/mother-teresa\/","title":{"rendered":"Mother Teresa"},"content":{"rendered":"<p>Part of the critically acclaimed Little People, BIG DREAMS series, discover the incredible life of Mother Teresa, along with her message of love and charity.<\/p>\n<p>Agnes (later to become Mother Teresa) was born in Skopje, Macedonia. From an early age, she knew she wanted to dedicate herself to religion. She was fascinated by stories of missionaries helping people and wanted to do the same. She spent the rest of her life caring for the sick and poor around the world and is now remembered as Saint Teresa of Calcutta. This moving book features stylish and quirky illustrations and extra facts at the back, including a biographical timeline with historical photos and a detailed profile of Mother Teresa&#8217;s amazing life.<\/p>\n<p>Little People, BIG DREAMS is a bestselling series of books and educational games that explore the lives of outstanding people, from designers and artists to scientists and activists. All of them achieved incredible things, yet each began life as a child with a dream.<\/p>\n<p>Inspire the next generation of outstanding people who will change the world with Little People, BIG DREAMS!<\/p>\n","protected":false},"excerpt":{"rendered":"<p>Part of the critically acclaimed Little People, BIG DREAMS series, discover the incredible life of Mother Teresa, along with her message of love and charity. Agnes (later to become Mother Teresa) was born in Skopje, Macedonia. From an early age, she knew she wanted to dedicate herself to religion. She was fascinated by stories of&#8230;<\/p>\n","protected":false},"featured_media":40337,"comment_status":"closed","ping_status":"closed","template":"","meta":[],"product_brand":[],"product_cat":[13533,13534],"product_tag":[6631,14268,1460,6693,13028,7468],"class_list":{"0":"post-40182","1":"product","2":"type-product","3":"status-publish","4":"has-post-thumbnail","6":"product_cat-books","7":"product_cat-kids","8":"product_tag-biographies","9":"product_tag-charity-en","10":"product_tag-children-en","11":"product_tag-famous-people","12":"product_tag-love-en","13":"product_tag-religion-en","14":"pa_author_att-isabel-sanchez-vegara-en","15":"pa_cover-hardcover","16":"pa_format-195-x-24-cm-en","17":"pa_isbn-9781786032904-en","18":"pa_language-eng","19":"pa_pages-32-en","20":"pa_published-2018-08-02-en","21":"pa_publisher-frances-lincoln-en","23":"first","24":"instock","25":"sale","26":"sold-individually","27":"shipping-taxable","28":"purchasable","29":"product-type-simple"},"yoast_head":"<!-- This site is optimized with the Yoast SEO plugin v27.5 - https:\/\/yoast.com\/product\/yoast-seo-wordpress\/ -->\n<title>Mother Teresa (Isabel Sanchez Vegara) - book \/ album - Folio<\/title>\n<meta name=\"description\" content=\"Wejd\u017a i kup ksi\u0105\u017ck\u0119 Mother Teresa autorstwa Isabel Sanchez Vegara wydan\u0105 przez Frances Lincoln (2018-08-02) w formacie 19,5 x 24 cm (ISBN: 9781786032904). Zapraszamy!\" \/>\n<meta name=\"robots\" content=\"index, follow, max-snippet:-1, max-image-preview:large, max-video-preview:-1\" \/>\n<link rel=\"canonical\" href=\"https:\/\/foliobooks.pl\/en\/shop\/mother-teresa\/\" \/>\n<meta property=\"og:locale\" content=\"en_US\" \/>\n<meta property=\"og:type\" content=\"article\" \/>\n<meta property=\"og:title\" content=\"Mother Teresa (Isabel Sanchez Vegara) - book \/ album - Folio\" \/>\n<meta property=\"og:description\" content=\"Wejd\u017a i kup ksi\u0105\u017ck\u0119 Mother Teresa autorstwa Isabel Sanchez Vegara wydan\u0105 przez Frances Lincoln (2018-08-02) w formacie 19,5 x 24 cm (ISBN: 9781786032904). Zapraszamy!\" \/>\n<meta property=\"og:url\" content=\"https:\/\/foliobooks.pl\/en\/shop\/mother-teresa\/\" \/>\n<meta property=\"og:site_name\" content=\"Folio\" \/>\n<meta property=\"article:modified_time\" content=\"2023-08-14T14:41:21+00:00\" \/>\n<meta property=\"og:image\" content=\"https:\/\/foliobooks.pl\/wp-content\/uploads\/2019\/06\/9781786032904.png\" \/>\n\t<meta property=\"og:image:width\" content=\"570\" \/>\n\t<meta property=\"og:image:height\" content=\"708\" \/>\n\t<meta property=\"og:image:type\" content=\"image\/png\" \/>\n<meta name=\"twitter:card\" content=\"summary_large_image\" \/>\n<meta name=\"twitter:label1\" content=\"Est. reading time\" \/>\n\t<meta name=\"twitter:data1\" content=\"1 minute\" \/>\n<script type=\"application\/ld+json\" class=\"yoast-schema-graph\">{\"@context\":\"https:\\\/\\\/schema.org\",\"@graph\":[{\"@type\":\"WebPage\",\"@id\":\"https:\\\/\\\/foliobooks.pl\\\/en\\\/shop\\\/mother-teresa\\\/\",\"url\":\"https:\\\/\\\/foliobooks.pl\\\/en\\\/shop\\\/mother-teresa\\\/\",\"name\":\"Mother Teresa (Isabel Sanchez Vegara) - book \\\/ album - Folio\",\"isPartOf\":{\"@id\":\"https:\\\/\\\/foliobooks.pl\\\/en\\\/#website\"},\"primaryImageOfPage\":{\"@id\":\"https:\\\/\\\/foliobooks.pl\\\/en\\\/shop\\\/mother-teresa\\\/#primaryimage\"},\"image\":{\"@id\":\"https:\\\/\\\/foliobooks.pl\\\/en\\\/shop\\\/mother-teresa\\\/#primaryimage\"},\"thumbnailUrl\":\"https:\\\/\\\/foliobooks.pl\\\/wp-content\\\/uploads\\\/2019\\\/06\\\/9781786032904.png\",\"datePublished\":\"2019-06-24T10:58:25+00:00\",\"dateModified\":\"2023-08-14T14:41:21+00:00\",\"description\":\"Wejd\u017a i kup ksi\u0105\u017ck\u0119 Mother Teresa autorstwa Isabel Sanchez Vegara wydan\u0105 przez Frances Lincoln (2018-08-02) w formacie 19,5 x 24 cm (ISBN: 9781786032904). Zapraszamy!\",\"breadcrumb\":{\"@id\":\"https:\\\/\\\/foliobooks.pl\\\/en\\\/shop\\\/mother-teresa\\\/#breadcrumb\"},\"inLanguage\":\"en-US\",\"potentialAction\":[{\"@type\":\"ReadAction\",\"target\":[\"https:\\\/\\\/foliobooks.pl\\\/en\\\/shop\\\/mother-teresa\\\/\"]}]},{\"@type\":\"ImageObject\",\"inLanguage\":\"en-US\",\"@id\":\"https:\\\/\\\/foliobooks.pl\\\/en\\\/shop\\\/mother-teresa\\\/#primaryimage\",\"url\":\"https:\\\/\\\/foliobooks.pl\\\/wp-content\\\/uploads\\\/2019\\\/06\\\/9781786032904.png\",\"contentUrl\":\"https:\\\/\\\/foliobooks.pl\\\/wp-content\\\/uploads\\\/2019\\\/06\\\/9781786032904.png\",\"width\":570,\"height\":708},{\"@type\":\"BreadcrumbList\",\"@id\":\"https:\\\/\\\/foliobooks.pl\\\/en\\\/shop\\\/mother-teresa\\\/#breadcrumb\",\"itemListElement\":[{\"@type\":\"ListItem\",\"position\":1,\"name\":\"Strona g\u0142\u00f3wna\",\"item\":\"https:\\\/\\\/foliobooks.pl\\\/en\\\/\"},{\"@type\":\"ListItem\",\"position\":2,\"name\":\"Shop\",\"item\":\"https:\\\/\\\/foliobooks.pl\\\/en\\\/shop\\\/\"},{\"@type\":\"ListItem\",\"position\":3,\"name\":\"Mother Teresa\"}]},{\"@type\":\"WebSite\",\"@id\":\"https:\\\/\\\/foliobooks.pl\\\/en\\\/#website\",\"url\":\"https:\\\/\\\/foliobooks.pl\\\/en\\\/\",\"name\":\"Folio\",\"description\":\"Ksi\u0119garnia internetowa\",\"potentialAction\":[{\"@type\":\"SearchAction\",\"target\":{\"@type\":\"EntryPoint\",\"urlTemplate\":\"https:\\\/\\\/foliobooks.pl\\\/en\\\/?s={search_term_string}\"},\"query-input\":{\"@type\":\"PropertyValueSpecification\",\"valueRequired\":true,\"valueName\":\"search_term_string\"}}],\"inLanguage\":\"en-US\"}]}<\/script>\n<!-- \/ Yoast SEO plugin. -->","yoast_head_json":{"title":"Mother Teresa (Isabel Sanchez Vegara) - book \/ album - Folio","description":"Wejd\u017a i kup ksi\u0105\u017ck\u0119 Mother Teresa autorstwa Isabel Sanchez Vegara wydan\u0105 przez Frances Lincoln (2018-08-02) w formacie 19,5 x 24 cm (ISBN: 9781786032904). Zapraszamy!","robots":{"index":"index","follow":"follow","max-snippet":"max-snippet:-1","max-image-preview":"max-image-preview:large","max-video-preview":"max-video-preview:-1"},"canonical":"https:\/\/foliobooks.pl\/en\/shop\/mother-teresa\/","og_locale":"en_US","og_type":"article","og_title":"Mother Teresa (Isabel Sanchez Vegara) - book \/ album - Folio","og_description":"Wejd\u017a i kup ksi\u0105\u017ck\u0119 Mother Teresa autorstwa Isabel Sanchez Vegara wydan\u0105 przez Frances Lincoln (2018-08-02) w formacie 19,5 x 24 cm (ISBN: 9781786032904). Zapraszamy!","og_url":"https:\/\/foliobooks.pl\/en\/shop\/mother-teresa\/","og_site_name":"Folio","article_modified_time":"2023-08-14T14:41:21+00:00","og_image":[{"width":570,"height":708,"url":"https:\/\/foliobooks.pl\/wp-content\/uploads\/2019\/06\/9781786032904.png","type":"image\/png"}],"twitter_card":"summary_large_image","twitter_misc":{"Est. reading time":"1 minute"},"schema":{"@context":"https:\/\/schema.org","@graph":[{"@type":"WebPage","@id":"https:\/\/foliobooks.pl\/en\/shop\/mother-teresa\/","url":"https:\/\/foliobooks.pl\/en\/shop\/mother-teresa\/","name":"Mother Teresa (Isabel Sanchez Vegara) - book \/ album - Folio","isPartOf":{"@id":"https:\/\/foliobooks.pl\/en\/#website"},"primaryImageOfPage":{"@id":"https:\/\/foliobooks.pl\/en\/shop\/mother-teresa\/#primaryimage"},"image":{"@id":"https:\/\/foliobooks.pl\/en\/shop\/mother-teresa\/#primaryimage"},"thumbnailUrl":"https:\/\/foliobooks.pl\/wp-content\/uploads\/2019\/06\/9781786032904.png","datePublished":"2019-06-24T10:58:25+00:00","dateModified":"2023-08-14T14:41:21+00:00","description":"Wejd\u017a i kup ksi\u0105\u017ck\u0119 Mother Teresa autorstwa Isabel Sanchez Vegara wydan\u0105 przez Frances Lincoln (2018-08-02) w formacie 19,5 x 24 cm (ISBN: 9781786032904). Zapraszamy!","breadcrumb":{"@id":"https:\/\/foliobooks.pl\/en\/shop\/mother-teresa\/#breadcrumb"},"inLanguage":"en-US","potentialAction":[{"@type":"ReadAction","target":["https:\/\/foliobooks.pl\/en\/shop\/mother-teresa\/"]}]},{"@type":"ImageObject","inLanguage":"en-US","@id":"https:\/\/foliobooks.pl\/en\/shop\/mother-teresa\/#primaryimage","url":"https:\/\/foliobooks.pl\/wp-content\/uploads\/2019\/06\/9781786032904.png","contentUrl":"https:\/\/foliobooks.pl\/wp-content\/uploads\/2019\/06\/9781786032904.png","width":570,"height":708},{"@type":"BreadcrumbList","@id":"https:\/\/foliobooks.pl\/en\/shop\/mother-teresa\/#breadcrumb","itemListElement":[{"@type":"ListItem","position":1,"name":"Strona g\u0142\u00f3wna","item":"https:\/\/foliobooks.pl\/en\/"},{"@type":"ListItem","position":2,"name":"Shop","item":"https:\/\/foliobooks.pl\/en\/shop\/"},{"@type":"ListItem","position":3,"name":"Mother Teresa"}]},{"@type":"WebSite","@id":"https:\/\/foliobooks.pl\/en\/#website","url":"https:\/\/foliobooks.pl\/en\/","name":"Folio","description":"Ksi\u0119garnia internetowa","potentialAction":[{"@type":"SearchAction","target":{"@type":"EntryPoint","urlTemplate":"https:\/\/foliobooks.pl\/en\/?s={search_term_string}"},"query-input":{"@type":"PropertyValueSpecification","valueRequired":true,"valueName":"search_term_string"}}],"inLanguage":"en-US"}]}},"_links":{"self":[{"href":"https:\/\/foliobooks.pl\/en\/wp-json\/wp\/v2\/product\/40182","targetHints":{"allow":["GET"]}}],"collection":[{"href":"https:\/\/foliobooks.pl\/en\/wp-json\/wp\/v2\/product"}],"about":[{"href":"https:\/\/foliobooks.pl\/en\/wp-json\/wp\/v2\/types\/product"}],"replies":[{"embeddable":true,"href":"https:\/\/foliobooks.pl\/en\/wp-json\/wp\/v2\/comments?post=40182"}],"wp:featuredmedia":[{"embeddable":true,"href":"https:\/\/foliobooks.pl\/en\/wp-json\/wp\/v2\/media\/40337"}],"wp:attachment":[{"href":"https:\/\/foliobooks.pl\/en\/wp-json\/wp\/v2\/media?parent=40182"}],"wp:term":[{"taxonomy":"product_brand","embeddable":true,"href":"https:\/\/foliobooks.pl\/en\/wp-json\/wp\/v2\/product_brand?post=40182"},{"taxonomy":"product_cat","embeddable":true,"href":"https:\/\/foliobooks.pl\/en\/wp-json\/wp\/v2\/product_cat?post=40182"},{"taxonomy":"product_tag","embeddable":true,"href":"https:\/\/foliobooks.pl\/en\/wp-json\/wp\/v2\/product_tag?post=40182"}],"curies":[{"name":"wp","href":"https:\/\/api.w.org\/{rel}","templated":true}]}}