{"id":3966,"date":"2015-05-26T13:55:54","date_gmt":"2015-05-26T11:55:54","guid":{"rendered":"http:\/\/foliobooks.pl\/?post_type=product&#038;p=3966"},"modified":"2025-09-05T18:22:52","modified_gmt":"2025-09-05T16:22:52","slug":"portraits-live-at-montreux-2-dvd","status":"publish","type":"product","link":"https:\/\/foliobooks.pl\/en\/shop\/portraits-live-at-montreux-2-dvd\/","title":{"rendered":"Portraits. Live at Montreux (2 DVD)"},"content":{"rendered":"<p class=\"bodytext\">The book presents with unique design and exclusive photographs 100 legendary jazz, rock and pop artists.<\/p>\n<p class=\"bodytext\">Over 3 hours of outstanding live performances at Montreux, the most important music event in Europe, are also included on 2 DVDs. Featuring hits of legends like Gary Moore, James Brown, Nina Simone, Candy Dulfer, Johnny Cash, Eric Clapton, Deep Purple, Joe Cocker, Suzanne Vega, Santana, Run DMC, Jamiroquai and many more.<\/p>\n","protected":false},"excerpt":{"rendered":"<p>The book presents with unique design and exclusive photographs 100 legendary jazz, rock and pop artists. Over 3 hours of outstanding live performances at Montreux, the most important music event in Europe, are also included on 2 DVDs. Featuring hits of legends like Gary Moore, James Brown, Nina Simone, Candy Dulfer, Johnny Cash, Eric Clapton,&#8230;<\/p>\n","protected":false},"featured_media":3965,"comment_status":"closed","ping_status":"closed","template":"","meta":[],"product_brand":[],"product_cat":[4521],"product_tag":[1146,1102,1269,516,1066],"class_list":{"0":"post-3966","1":"product","2":"type-product","3":"status-publish","4":"has-post-thumbnail","6":"product_cat-silva-rerum-en-en","7":"product_tag-great-masters-en","8":"product_tag-music-en","9":"product_tag-musicians","10":"product_tag-places-en","11":"product_tag-portraits-en","12":"pa_author_att-claude-nobs-en","13":"pa_cover-hardcover","14":"pa_format-28-x-28-cm-en","15":"pa_isbn-9783943573008-en","16":"pa_language-eng","17":"pa_pages-212-en","18":"pa_published-2013-05-01-en","19":"pa_publisher-earbooks-en","21":"first","22":"instock","23":"sale","24":"sold-individually","25":"shipping-taxable","26":"purchasable","27":"product-type-simple"},"yoast_head":"<!-- This site is optimized with the Yoast SEO plugin v27.4 - https:\/\/yoast.com\/product\/yoast-seo-wordpress\/ -->\n<title>Portraits. Live at Montreux (2 DVD) (Claude Nobs) - book \/ album - Folio<\/title>\n<meta name=\"description\" content=\"Wejd\u017a i kup ksi\u0105\u017ck\u0119 Portraits. Live at Montreux (2 DVD) autorstwa Claude Nobs wydan\u0105 przez earBOOKS (2013-05-01) w formacie 28 x 28 cm (ISBN: 9783943573008). Zapraszamy!\" \/>\n<meta name=\"robots\" content=\"index, follow, max-snippet:-1, max-image-preview:large, max-video-preview:-1\" \/>\n<link rel=\"canonical\" href=\"https:\/\/foliobooks.pl\/en\/shop\/portraits-live-at-montreux-2-dvd\/\" \/>\n<meta property=\"og:locale\" content=\"en_US\" \/>\n<meta property=\"og:type\" content=\"article\" \/>\n<meta property=\"og:title\" content=\"Portraits. Live at Montreux (2 DVD) (Claude Nobs) - book \/ album - Folio\" \/>\n<meta property=\"og:description\" content=\"Wejd\u017a i kup ksi\u0105\u017ck\u0119 Portraits. Live at Montreux (2 DVD) autorstwa Claude Nobs wydan\u0105 przez earBOOKS (2013-05-01) w formacie 28 x 28 cm (ISBN: 9783943573008). Zapraszamy!\" \/>\n<meta property=\"og:url\" content=\"https:\/\/foliobooks.pl\/en\/shop\/portraits-live-at-montreux-2-dvd\/\" \/>\n<meta property=\"og:site_name\" content=\"Folio\" \/>\n<meta property=\"article:modified_time\" content=\"2025-09-05T16:22:52+00:00\" \/>\n<meta property=\"og:image\" content=\"https:\/\/foliobooks.pl\/wp-content\/uploads\/2015\/05\/9783943573008.png\" \/>\n\t<meta property=\"og:image:width\" content=\"570\" \/>\n\t<meta property=\"og:image:height\" content=\"708\" \/>\n\t<meta property=\"og:image:type\" content=\"image\/png\" \/>\n<meta name=\"twitter:card\" content=\"summary_large_image\" \/>\n<script type=\"application\/ld+json\" class=\"yoast-schema-graph\">{\"@context\":\"https:\\\/\\\/schema.org\",\"@graph\":[{\"@type\":\"WebPage\",\"@id\":\"https:\\\/\\\/foliobooks.pl\\\/en\\\/shop\\\/portraits-live-at-montreux-2-dvd\\\/\",\"url\":\"https:\\\/\\\/foliobooks.pl\\\/en\\\/shop\\\/portraits-live-at-montreux-2-dvd\\\/\",\"name\":\"Portraits. Live at Montreux (2 DVD) (Claude Nobs) - book \\\/ album - Folio\",\"isPartOf\":{\"@id\":\"https:\\\/\\\/foliobooks.pl\\\/en\\\/#website\"},\"primaryImageOfPage\":{\"@id\":\"https:\\\/\\\/foliobooks.pl\\\/en\\\/shop\\\/portraits-live-at-montreux-2-dvd\\\/#primaryimage\"},\"image\":{\"@id\":\"https:\\\/\\\/foliobooks.pl\\\/en\\\/shop\\\/portraits-live-at-montreux-2-dvd\\\/#primaryimage\"},\"thumbnailUrl\":\"https:\\\/\\\/foliobooks.pl\\\/wp-content\\\/uploads\\\/2015\\\/05\\\/9783943573008.png\",\"datePublished\":\"2015-05-26T11:55:54+00:00\",\"dateModified\":\"2025-09-05T16:22:52+00:00\",\"description\":\"Wejd\u017a i kup ksi\u0105\u017ck\u0119 Portraits. Live at Montreux (2 DVD) autorstwa Claude Nobs wydan\u0105 przez earBOOKS (2013-05-01) w formacie 28 x 28 cm (ISBN: 9783943573008). Zapraszamy!\",\"breadcrumb\":{\"@id\":\"https:\\\/\\\/foliobooks.pl\\\/en\\\/shop\\\/portraits-live-at-montreux-2-dvd\\\/#breadcrumb\"},\"inLanguage\":\"en-US\",\"potentialAction\":[{\"@type\":\"ReadAction\",\"target\":[\"https:\\\/\\\/foliobooks.pl\\\/en\\\/shop\\\/portraits-live-at-montreux-2-dvd\\\/\"]}]},{\"@type\":\"ImageObject\",\"inLanguage\":\"en-US\",\"@id\":\"https:\\\/\\\/foliobooks.pl\\\/en\\\/shop\\\/portraits-live-at-montreux-2-dvd\\\/#primaryimage\",\"url\":\"https:\\\/\\\/foliobooks.pl\\\/wp-content\\\/uploads\\\/2015\\\/05\\\/9783943573008.png\",\"contentUrl\":\"https:\\\/\\\/foliobooks.pl\\\/wp-content\\\/uploads\\\/2015\\\/05\\\/9783943573008.png\",\"width\":570,\"height\":708},{\"@type\":\"BreadcrumbList\",\"@id\":\"https:\\\/\\\/foliobooks.pl\\\/en\\\/shop\\\/portraits-live-at-montreux-2-dvd\\\/#breadcrumb\",\"itemListElement\":[{\"@type\":\"ListItem\",\"position\":1,\"name\":\"Strona g\u0142\u00f3wna\",\"item\":\"https:\\\/\\\/foliobooks.pl\\\/en\\\/\"},{\"@type\":\"ListItem\",\"position\":2,\"name\":\"Shop\",\"item\":\"https:\\\/\\\/foliobooks.pl\\\/en\\\/shop\\\/\"},{\"@type\":\"ListItem\",\"position\":3,\"name\":\"Portraits. Live at Montreux (2 DVD)\"}]},{\"@type\":\"WebSite\",\"@id\":\"https:\\\/\\\/foliobooks.pl\\\/en\\\/#website\",\"url\":\"https:\\\/\\\/foliobooks.pl\\\/en\\\/\",\"name\":\"Folio\",\"description\":\"Ksi\u0119garnia internetowa\",\"potentialAction\":[{\"@type\":\"SearchAction\",\"target\":{\"@type\":\"EntryPoint\",\"urlTemplate\":\"https:\\\/\\\/foliobooks.pl\\\/en\\\/?s={search_term_string}\"},\"query-input\":{\"@type\":\"PropertyValueSpecification\",\"valueRequired\":true,\"valueName\":\"search_term_string\"}}],\"inLanguage\":\"en-US\"}]}<\/script>\n<!-- \/ Yoast SEO plugin. -->","yoast_head_json":{"title":"Portraits. Live at Montreux (2 DVD) (Claude Nobs) - book \/ album - Folio","description":"Wejd\u017a i kup ksi\u0105\u017ck\u0119 Portraits. Live at Montreux (2 DVD) autorstwa Claude Nobs wydan\u0105 przez earBOOKS (2013-05-01) w formacie 28 x 28 cm (ISBN: 9783943573008). Zapraszamy!","robots":{"index":"index","follow":"follow","max-snippet":"max-snippet:-1","max-image-preview":"max-image-preview:large","max-video-preview":"max-video-preview:-1"},"canonical":"https:\/\/foliobooks.pl\/en\/shop\/portraits-live-at-montreux-2-dvd\/","og_locale":"en_US","og_type":"article","og_title":"Portraits. Live at Montreux (2 DVD) (Claude Nobs) - book \/ album - Folio","og_description":"Wejd\u017a i kup ksi\u0105\u017ck\u0119 Portraits. Live at Montreux (2 DVD) autorstwa Claude Nobs wydan\u0105 przez earBOOKS (2013-05-01) w formacie 28 x 28 cm (ISBN: 9783943573008). Zapraszamy!","og_url":"https:\/\/foliobooks.pl\/en\/shop\/portraits-live-at-montreux-2-dvd\/","og_site_name":"Folio","article_modified_time":"2025-09-05T16:22:52+00:00","og_image":[{"width":570,"height":708,"url":"https:\/\/foliobooks.pl\/wp-content\/uploads\/2015\/05\/9783943573008.png","type":"image\/png"}],"twitter_card":"summary_large_image","schema":{"@context":"https:\/\/schema.org","@graph":[{"@type":"WebPage","@id":"https:\/\/foliobooks.pl\/en\/shop\/portraits-live-at-montreux-2-dvd\/","url":"https:\/\/foliobooks.pl\/en\/shop\/portraits-live-at-montreux-2-dvd\/","name":"Portraits. Live at Montreux (2 DVD) (Claude Nobs) - book \/ album - Folio","isPartOf":{"@id":"https:\/\/foliobooks.pl\/en\/#website"},"primaryImageOfPage":{"@id":"https:\/\/foliobooks.pl\/en\/shop\/portraits-live-at-montreux-2-dvd\/#primaryimage"},"image":{"@id":"https:\/\/foliobooks.pl\/en\/shop\/portraits-live-at-montreux-2-dvd\/#primaryimage"},"thumbnailUrl":"https:\/\/foliobooks.pl\/wp-content\/uploads\/2015\/05\/9783943573008.png","datePublished":"2015-05-26T11:55:54+00:00","dateModified":"2025-09-05T16:22:52+00:00","description":"Wejd\u017a i kup ksi\u0105\u017ck\u0119 Portraits. Live at Montreux (2 DVD) autorstwa Claude Nobs wydan\u0105 przez earBOOKS (2013-05-01) w formacie 28 x 28 cm (ISBN: 9783943573008). Zapraszamy!","breadcrumb":{"@id":"https:\/\/foliobooks.pl\/en\/shop\/portraits-live-at-montreux-2-dvd\/#breadcrumb"},"inLanguage":"en-US","potentialAction":[{"@type":"ReadAction","target":["https:\/\/foliobooks.pl\/en\/shop\/portraits-live-at-montreux-2-dvd\/"]}]},{"@type":"ImageObject","inLanguage":"en-US","@id":"https:\/\/foliobooks.pl\/en\/shop\/portraits-live-at-montreux-2-dvd\/#primaryimage","url":"https:\/\/foliobooks.pl\/wp-content\/uploads\/2015\/05\/9783943573008.png","contentUrl":"https:\/\/foliobooks.pl\/wp-content\/uploads\/2015\/05\/9783943573008.png","width":570,"height":708},{"@type":"BreadcrumbList","@id":"https:\/\/foliobooks.pl\/en\/shop\/portraits-live-at-montreux-2-dvd\/#breadcrumb","itemListElement":[{"@type":"ListItem","position":1,"name":"Strona g\u0142\u00f3wna","item":"https:\/\/foliobooks.pl\/en\/"},{"@type":"ListItem","position":2,"name":"Shop","item":"https:\/\/foliobooks.pl\/en\/shop\/"},{"@type":"ListItem","position":3,"name":"Portraits. Live at Montreux (2 DVD)"}]},{"@type":"WebSite","@id":"https:\/\/foliobooks.pl\/en\/#website","url":"https:\/\/foliobooks.pl\/en\/","name":"Folio","description":"Ksi\u0119garnia internetowa","potentialAction":[{"@type":"SearchAction","target":{"@type":"EntryPoint","urlTemplate":"https:\/\/foliobooks.pl\/en\/?s={search_term_string}"},"query-input":{"@type":"PropertyValueSpecification","valueRequired":true,"valueName":"search_term_string"}}],"inLanguage":"en-US"}]}},"_links":{"self":[{"href":"https:\/\/foliobooks.pl\/en\/wp-json\/wp\/v2\/product\/3966","targetHints":{"allow":["GET"]}}],"collection":[{"href":"https:\/\/foliobooks.pl\/en\/wp-json\/wp\/v2\/product"}],"about":[{"href":"https:\/\/foliobooks.pl\/en\/wp-json\/wp\/v2\/types\/product"}],"replies":[{"embeddable":true,"href":"https:\/\/foliobooks.pl\/en\/wp-json\/wp\/v2\/comments?post=3966"}],"wp:featuredmedia":[{"embeddable":true,"href":"https:\/\/foliobooks.pl\/en\/wp-json\/wp\/v2\/media\/3965"}],"wp:attachment":[{"href":"https:\/\/foliobooks.pl\/en\/wp-json\/wp\/v2\/media?parent=3966"}],"wp:term":[{"taxonomy":"product_brand","embeddable":true,"href":"https:\/\/foliobooks.pl\/en\/wp-json\/wp\/v2\/product_brand?post=3966"},{"taxonomy":"product_cat","embeddable":true,"href":"https:\/\/foliobooks.pl\/en\/wp-json\/wp\/v2\/product_cat?post=3966"},{"taxonomy":"product_tag","embeddable":true,"href":"https:\/\/foliobooks.pl\/en\/wp-json\/wp\/v2\/product_tag?post=3966"}],"curies":[{"name":"wp","href":"https:\/\/api.w.org\/{rel}","templated":true}]}}