{"id":37122,"date":"2019-04-10T09:25:43","date_gmt":"2019-04-10T07:25:43","guid":{"rendered":"https:\/\/foliobooks.pl\/?post_type=product&#038;p=37122"},"modified":"2022-12-02T10:29:02","modified_gmt":"2022-12-02T09:29:02","slug":"andy-warhol-seven-illustrated-books-1952-1959","status":"publish","type":"product","link":"https:\/\/foliobooks.pl\/en\/shop\/andy-warhol-seven-illustrated-books-1952-1959\/","title":{"rendered":"Andy Warhol. Seven Illustrated Books 1952\u20131959"},"content":{"rendered":"<p>In 1950s New York, before he became one of the most famous names of the 20th century, Andy Warhol was already a skilled and successful commercial artist. During this time, as part of his strategy to woo clients and forge friendships, he created seven handmade artist\u2019s books, reserved to his most valued contacts. These featured personal, unique drawings and quirky texts revealing his fondness for\u2014among other subjects\u2014cats, food, myths, shoes, beautiful boys, and gorgeous girls.<\/p>\n<p>Decades later, with originals now changing hands for thousands of dollars at auction, TASCHEN presents an immaculate portfolio of these seven books, five of which have never before been republished, beautifully packaged together for the very first time and replicating Warhol\u2019s originals as closely as possible down to the format, dimensions, and paper stock. With titles such as <em>Love Is a Pink Cake<\/em>, <em>25 Cats Named Sam<\/em>, and <em>\u00c0 la Recherche du Shoe Perdu<\/em>, the series reveals the artist\u2019s off-the-wall character as well as his accomplished draftsmanship, boundless creativity, and innuendo-laced humor.<\/p>\n<p>The seven books make delightful play with styles and genres as much as with design, materials, and formats. The lithograph portfolio <em>A Is for Alphabet<\/em> devotes a page to each letter of the alphabet, with illustrations complemented by stumbling three-line verses that tell of strange encounters between man and animal. <em>In the Bottom of My Garden<\/em> is at once a Warhol twist on a children\u2019s book and a covert celebration of gay love. <em>Wild Raspberries<\/em>, meanwhile, is a spoof cookbook with a cornucopia of adventurous recipes on 19 portrait-format pages of instructions and illustrations.<\/p>\n<p>This colorful portfolio is supplemented by an XL-sized, 56-page guidebook introducing each of Warhol\u2019s illustrations. Complete with rarely seen photographs of the artist, inspirational ephemera, and commercial assignments, it contextualizes Warhol\u2019s 1950s art, offering a glimpse into his early creative process as well as his endearing, playful character.<\/p>\n<p>\u201cThe Foundation is delighted to collaborate with TASCHEN to introduce Warhol\u2019s whimsical books from the 1950s. These rarely seen gems provide a unique perspective on one of the world\u2019s most fascinating artists,\u201d says Michael Dayton Hermann, Director of Licensing of the Andy Warhol Foundation.<\/p>\n<p>Little-known, much-coveted jewels in the Warhol crown, these hand-drawn delights are as appealing and original today as they were back in the halcyon days of the 1950s and offer a unique glimpse at a budding genius on the cusp of global fame.<\/p>\n","protected":false},"excerpt":{"rendered":"<p>In 1950s New York, before he became one of the most famous names of the 20th century, Andy Warhol was already a skilled and successful commercial artist. During this time, as part of his strategy to woo clients and forge friendships, he created seven handmade artist\u2019s books, reserved to his most valued contacts. These featured&#8230;<\/p>\n","protected":false},"featured_media":37183,"comment_status":"closed","ping_status":"closed","template":"","meta":[],"product_brand":[],"product_cat":[4522,13533],"product_tag":[10664,1702,11977,6180,1649],"class_list":{"0":"post-37122","1":"product","2":"type-product","3":"status-publish","4":"has-post-thumbnail","6":"product_cat-art-en","7":"product_cat-books","8":"product_tag-america-en","9":"product_tag-artists","10":"product_tag-books-en","11":"product_tag-drawing","12":"product_tag-illustration","13":"pa_author_att-nina-schleif-en","14":"pa_author_att-reuel-golden-en","15":"pa_cover-hardcover","16":"pa_format-346-x-475-cm-en","17":"pa_isbn-9783836562096-en","18":"pa_language-eng-f-ger","19":"pa_pages-284-en","20":"pa_published-2017-11-10-en","21":"pa_publisher-taschen-en-en","23":"first","24":"outofstock","25":"sold-individually","26":"shipping-taxable","27":"purchasable","28":"product-type-simple"},"yoast_head":"<!-- This site is optimized with the Yoast SEO plugin v27.4 - https:\/\/yoast.com\/product\/yoast-seo-wordpress\/ -->\n<title>Andy Warhol. Seven Illustrated Books 1952\u20131959 (Nina Schleif, Reuel Golden) - book \/ album - Folio<\/title>\n<meta name=\"description\" content=\"Wejd\u017a i kup ksi\u0105\u017ck\u0119 Andy Warhol. Seven Illustrated Books 1952\u20131959 autorstwa Nina Schleif, Reuel Golden wydan\u0105 przez TASCHEN (2017-11-10) w formacie 34,6 x 47,5 cm (ISBN: 9783836562096). Zapraszamy!\" \/>\n<meta name=\"robots\" content=\"index, follow, max-snippet:-1, max-image-preview:large, max-video-preview:-1\" \/>\n<link rel=\"canonical\" href=\"https:\/\/foliobooks.pl\/en\/shop\/andy-warhol-seven-illustrated-books-1952-1959\/\" \/>\n<meta property=\"og:locale\" content=\"en_US\" \/>\n<meta property=\"og:type\" content=\"article\" \/>\n<meta property=\"og:title\" content=\"Andy Warhol. Seven Illustrated Books 1952\u20131959 (Nina Schleif, Reuel Golden) - book \/ album - Folio\" \/>\n<meta property=\"og:description\" content=\"Wejd\u017a i kup ksi\u0105\u017ck\u0119 Andy Warhol. Seven Illustrated Books 1952\u20131959 autorstwa Nina Schleif, Reuel Golden wydan\u0105 przez TASCHEN (2017-11-10) w formacie 34,6 x 47,5 cm (ISBN: 9783836562096). Zapraszamy!\" \/>\n<meta property=\"og:url\" content=\"https:\/\/foliobooks.pl\/en\/shop\/andy-warhol-seven-illustrated-books-1952-1959\/\" \/>\n<meta property=\"og:site_name\" content=\"Folio\" \/>\n<meta property=\"article:modified_time\" content=\"2022-12-02T09:29:02+00:00\" \/>\n<meta property=\"og:image\" content=\"https:\/\/foliobooks.pl\/wp-content\/uploads\/2019\/04\/9783836562096.png\" \/>\n\t<meta property=\"og:image:width\" content=\"570\" \/>\n\t<meta property=\"og:image:height\" content=\"708\" \/>\n\t<meta property=\"og:image:type\" content=\"image\/png\" \/>\n<meta name=\"twitter:card\" content=\"summary_large_image\" \/>\n<meta name=\"twitter:label1\" content=\"Est. reading time\" \/>\n\t<meta name=\"twitter:data1\" content=\"2 minutes\" \/>\n<script type=\"application\/ld+json\" class=\"yoast-schema-graph\">{\"@context\":\"https:\\\/\\\/schema.org\",\"@graph\":[{\"@type\":\"WebPage\",\"@id\":\"https:\\\/\\\/foliobooks.pl\\\/en\\\/shop\\\/andy-warhol-seven-illustrated-books-1952-1959\\\/\",\"url\":\"https:\\\/\\\/foliobooks.pl\\\/en\\\/shop\\\/andy-warhol-seven-illustrated-books-1952-1959\\\/\",\"name\":\"Andy Warhol. Seven Illustrated Books 1952\u20131959 (Nina Schleif, Reuel Golden) - book \\\/ album - Folio\",\"isPartOf\":{\"@id\":\"https:\\\/\\\/foliobooks.pl\\\/en\\\/#website\"},\"primaryImageOfPage\":{\"@id\":\"https:\\\/\\\/foliobooks.pl\\\/en\\\/shop\\\/andy-warhol-seven-illustrated-books-1952-1959\\\/#primaryimage\"},\"image\":{\"@id\":\"https:\\\/\\\/foliobooks.pl\\\/en\\\/shop\\\/andy-warhol-seven-illustrated-books-1952-1959\\\/#primaryimage\"},\"thumbnailUrl\":\"https:\\\/\\\/foliobooks.pl\\\/wp-content\\\/uploads\\\/2019\\\/04\\\/9783836562096.png\",\"datePublished\":\"2019-04-10T07:25:43+00:00\",\"dateModified\":\"2022-12-02T09:29:02+00:00\",\"description\":\"Wejd\u017a i kup ksi\u0105\u017ck\u0119 Andy Warhol. Seven Illustrated Books 1952\u20131959 autorstwa Nina Schleif, Reuel Golden wydan\u0105 przez TASCHEN (2017-11-10) w formacie 34,6 x 47,5 cm (ISBN: 9783836562096). Zapraszamy!\",\"breadcrumb\":{\"@id\":\"https:\\\/\\\/foliobooks.pl\\\/en\\\/shop\\\/andy-warhol-seven-illustrated-books-1952-1959\\\/#breadcrumb\"},\"inLanguage\":\"en-US\",\"potentialAction\":[{\"@type\":\"ReadAction\",\"target\":[\"https:\\\/\\\/foliobooks.pl\\\/en\\\/shop\\\/andy-warhol-seven-illustrated-books-1952-1959\\\/\"]}]},{\"@type\":\"ImageObject\",\"inLanguage\":\"en-US\",\"@id\":\"https:\\\/\\\/foliobooks.pl\\\/en\\\/shop\\\/andy-warhol-seven-illustrated-books-1952-1959\\\/#primaryimage\",\"url\":\"https:\\\/\\\/foliobooks.pl\\\/wp-content\\\/uploads\\\/2019\\\/04\\\/9783836562096.png\",\"contentUrl\":\"https:\\\/\\\/foliobooks.pl\\\/wp-content\\\/uploads\\\/2019\\\/04\\\/9783836562096.png\",\"width\":570,\"height\":708},{\"@type\":\"BreadcrumbList\",\"@id\":\"https:\\\/\\\/foliobooks.pl\\\/en\\\/shop\\\/andy-warhol-seven-illustrated-books-1952-1959\\\/#breadcrumb\",\"itemListElement\":[{\"@type\":\"ListItem\",\"position\":1,\"name\":\"Strona g\u0142\u00f3wna\",\"item\":\"https:\\\/\\\/foliobooks.pl\\\/en\\\/\"},{\"@type\":\"ListItem\",\"position\":2,\"name\":\"Shop\",\"item\":\"https:\\\/\\\/foliobooks.pl\\\/en\\\/shop\\\/\"},{\"@type\":\"ListItem\",\"position\":3,\"name\":\"Andy Warhol. Seven Illustrated Books 1952\u20131959\"}]},{\"@type\":\"WebSite\",\"@id\":\"https:\\\/\\\/foliobooks.pl\\\/en\\\/#website\",\"url\":\"https:\\\/\\\/foliobooks.pl\\\/en\\\/\",\"name\":\"Folio\",\"description\":\"Ksi\u0119garnia internetowa\",\"potentialAction\":[{\"@type\":\"SearchAction\",\"target\":{\"@type\":\"EntryPoint\",\"urlTemplate\":\"https:\\\/\\\/foliobooks.pl\\\/en\\\/?s={search_term_string}\"},\"query-input\":{\"@type\":\"PropertyValueSpecification\",\"valueRequired\":true,\"valueName\":\"search_term_string\"}}],\"inLanguage\":\"en-US\"}]}<\/script>\n<!-- \/ Yoast SEO plugin. -->","yoast_head_json":{"title":"Andy Warhol. Seven Illustrated Books 1952\u20131959 (Nina Schleif, Reuel Golden) - book \/ album - Folio","description":"Wejd\u017a i kup ksi\u0105\u017ck\u0119 Andy Warhol. Seven Illustrated Books 1952\u20131959 autorstwa Nina Schleif, Reuel Golden wydan\u0105 przez TASCHEN (2017-11-10) w formacie 34,6 x 47,5 cm (ISBN: 9783836562096). Zapraszamy!","robots":{"index":"index","follow":"follow","max-snippet":"max-snippet:-1","max-image-preview":"max-image-preview:large","max-video-preview":"max-video-preview:-1"},"canonical":"https:\/\/foliobooks.pl\/en\/shop\/andy-warhol-seven-illustrated-books-1952-1959\/","og_locale":"en_US","og_type":"article","og_title":"Andy Warhol. Seven Illustrated Books 1952\u20131959 (Nina Schleif, Reuel Golden) - book \/ album - Folio","og_description":"Wejd\u017a i kup ksi\u0105\u017ck\u0119 Andy Warhol. Seven Illustrated Books 1952\u20131959 autorstwa Nina Schleif, Reuel Golden wydan\u0105 przez TASCHEN (2017-11-10) w formacie 34,6 x 47,5 cm (ISBN: 9783836562096). Zapraszamy!","og_url":"https:\/\/foliobooks.pl\/en\/shop\/andy-warhol-seven-illustrated-books-1952-1959\/","og_site_name":"Folio","article_modified_time":"2022-12-02T09:29:02+00:00","og_image":[{"width":570,"height":708,"url":"https:\/\/foliobooks.pl\/wp-content\/uploads\/2019\/04\/9783836562096.png","type":"image\/png"}],"twitter_card":"summary_large_image","twitter_misc":{"Est. reading time":"2 minutes"},"schema":{"@context":"https:\/\/schema.org","@graph":[{"@type":"WebPage","@id":"https:\/\/foliobooks.pl\/en\/shop\/andy-warhol-seven-illustrated-books-1952-1959\/","url":"https:\/\/foliobooks.pl\/en\/shop\/andy-warhol-seven-illustrated-books-1952-1959\/","name":"Andy Warhol. Seven Illustrated Books 1952\u20131959 (Nina Schleif, Reuel Golden) - book \/ album - Folio","isPartOf":{"@id":"https:\/\/foliobooks.pl\/en\/#website"},"primaryImageOfPage":{"@id":"https:\/\/foliobooks.pl\/en\/shop\/andy-warhol-seven-illustrated-books-1952-1959\/#primaryimage"},"image":{"@id":"https:\/\/foliobooks.pl\/en\/shop\/andy-warhol-seven-illustrated-books-1952-1959\/#primaryimage"},"thumbnailUrl":"https:\/\/foliobooks.pl\/wp-content\/uploads\/2019\/04\/9783836562096.png","datePublished":"2019-04-10T07:25:43+00:00","dateModified":"2022-12-02T09:29:02+00:00","description":"Wejd\u017a i kup ksi\u0105\u017ck\u0119 Andy Warhol. Seven Illustrated Books 1952\u20131959 autorstwa Nina Schleif, Reuel Golden wydan\u0105 przez TASCHEN (2017-11-10) w formacie 34,6 x 47,5 cm (ISBN: 9783836562096). Zapraszamy!","breadcrumb":{"@id":"https:\/\/foliobooks.pl\/en\/shop\/andy-warhol-seven-illustrated-books-1952-1959\/#breadcrumb"},"inLanguage":"en-US","potentialAction":[{"@type":"ReadAction","target":["https:\/\/foliobooks.pl\/en\/shop\/andy-warhol-seven-illustrated-books-1952-1959\/"]}]},{"@type":"ImageObject","inLanguage":"en-US","@id":"https:\/\/foliobooks.pl\/en\/shop\/andy-warhol-seven-illustrated-books-1952-1959\/#primaryimage","url":"https:\/\/foliobooks.pl\/wp-content\/uploads\/2019\/04\/9783836562096.png","contentUrl":"https:\/\/foliobooks.pl\/wp-content\/uploads\/2019\/04\/9783836562096.png","width":570,"height":708},{"@type":"BreadcrumbList","@id":"https:\/\/foliobooks.pl\/en\/shop\/andy-warhol-seven-illustrated-books-1952-1959\/#breadcrumb","itemListElement":[{"@type":"ListItem","position":1,"name":"Strona g\u0142\u00f3wna","item":"https:\/\/foliobooks.pl\/en\/"},{"@type":"ListItem","position":2,"name":"Shop","item":"https:\/\/foliobooks.pl\/en\/shop\/"},{"@type":"ListItem","position":3,"name":"Andy Warhol. Seven Illustrated Books 1952\u20131959"}]},{"@type":"WebSite","@id":"https:\/\/foliobooks.pl\/en\/#website","url":"https:\/\/foliobooks.pl\/en\/","name":"Folio","description":"Ksi\u0119garnia internetowa","potentialAction":[{"@type":"SearchAction","target":{"@type":"EntryPoint","urlTemplate":"https:\/\/foliobooks.pl\/en\/?s={search_term_string}"},"query-input":{"@type":"PropertyValueSpecification","valueRequired":true,"valueName":"search_term_string"}}],"inLanguage":"en-US"}]}},"_links":{"self":[{"href":"https:\/\/foliobooks.pl\/en\/wp-json\/wp\/v2\/product\/37122","targetHints":{"allow":["GET"]}}],"collection":[{"href":"https:\/\/foliobooks.pl\/en\/wp-json\/wp\/v2\/product"}],"about":[{"href":"https:\/\/foliobooks.pl\/en\/wp-json\/wp\/v2\/types\/product"}],"replies":[{"embeddable":true,"href":"https:\/\/foliobooks.pl\/en\/wp-json\/wp\/v2\/comments?post=37122"}],"wp:featuredmedia":[{"embeddable":true,"href":"https:\/\/foliobooks.pl\/en\/wp-json\/wp\/v2\/media\/37183"}],"wp:attachment":[{"href":"https:\/\/foliobooks.pl\/en\/wp-json\/wp\/v2\/media?parent=37122"}],"wp:term":[{"taxonomy":"product_brand","embeddable":true,"href":"https:\/\/foliobooks.pl\/en\/wp-json\/wp\/v2\/product_brand?post=37122"},{"taxonomy":"product_cat","embeddable":true,"href":"https:\/\/foliobooks.pl\/en\/wp-json\/wp\/v2\/product_cat?post=37122"},{"taxonomy":"product_tag","embeddable":true,"href":"https:\/\/foliobooks.pl\/en\/wp-json\/wp\/v2\/product_tag?post=37122"}],"curies":[{"name":"wp","href":"https:\/\/api.w.org\/{rel}","templated":true}]}}