{"id":37120,"date":"2019-04-09T13:37:41","date_gmt":"2019-04-09T11:37:41","guid":{"rendered":"https:\/\/foliobooks.pl\/?post_type=product&#038;p=37120"},"modified":"2025-12-16T15:22:29","modified_gmt":"2025-12-16T14:22:29","slug":"pieter-bruegel-the-complete-works","status":"publish","type":"product","link":"https:\/\/foliobooks.pl\/en\/shop\/pieter-bruegel-the-complete-works\/","title":{"rendered":"Pieter Bruegel. The Complete Works"},"content":{"rendered":"<p>The life and times of Pieter Bruegel the Elder (c. 1526\/30\u20131569) were marked by stark cultural conflict. He witnessed religious wars, the Duke of Alba\u2019s brutal rule as governor of the Netherlands, and the palpable effects of the Inquisition. To this day, the Flemish artist remains shrouded in mystery. We know neither where nor exactly when he was born. But while early scholarship emphasized the vernacular character of his painting and graphic work, modern research has attached greater importance to its humanistic content.<\/p>\n<p>Starting out as a print designer for publisher Hieronymus Cock, Bruegel produced numerous print series that were distributed throughout Europe. These depicted vices and virtues alongside jolly peasant festivals and sweeping landscape panoramas. He would eventually increasingly turn to painting, working for the cultural elite of Antwerp and Brussels.<\/p>\n<p>This monograph is a testament to Bruegel\u2019s evolution as an artist, one who bravely confronted the issues of his day all the while proposing new inventions and solutions. Rather than idealizing reality, he addressed the horrors of religious warfare and took a critical stand against the institution of the Church. To this end, he developed his own pictorial language of dissidence, lacing innocuous everyday scenes with subliminal statements in order to escape repercussions.<\/p>\n<p>To produce this XXL-sized collection, TASCHEN undertook a comprehensive photographic campaign, capturing all the breadth and splendid detail of Bruegel\u2019s oeuvre like never before. The result gathers all 40 paintings, 65 drawings, and 89 engravings in pristine reproductions\u2014each piece a unique witness to both the religious mores and the close-knit folk culture of Bruegel\u2019s time.<\/p>\n<p>Marking the 450th anniversary of his death and his first ever monographic exhibition at the Kunsthistorisches Museum in Vienna, this volume is the most immersive journey into Bruegel\u2019s unique visual universe.<\/p>\n","protected":false},"excerpt":{"rendered":"<p>The life and times of Pieter Bruegel the Elder (c. 1526\/30\u20131569) were marked by stark cultural conflict. He witnessed religious wars, the Duke of Alba\u2019s brutal rule as governor of the Netherlands, and the palpable effects of the Inquisition. To this day, the Flemish artist remains shrouded in mystery. We know neither where nor exactly&#8230;<\/p>\n","protected":false},"featured_media":37135,"comment_status":"closed","ping_status":"closed","template":"","meta":[],"product_brand":[],"product_cat":[4522,13533],"product_tag":[2253,1146,11444,524,11488],"class_list":{"0":"post-37120","1":"product","2":"type-product","3":"status-publish","4":"has-post-thumbnail","6":"product_cat-art-en","7":"product_cat-books","8":"product_tag-graphics","9":"product_tag-great-masters-en","10":"product_tag-netherlands","11":"product_tag-painting-en","12":"product_tag-renaissance-en","13":"pa_author_att-jurgen-muller-en","14":"pa_author_att-thomas-schauerte-en","15":"pa_cover-hardcover","16":"pa_format-29-x-395-cm-en","17":"pa_isbn-9783836556897-en","18":"pa_language-eng","19":"pa_pages-492-en","20":"pa_published-2018-08-13-en","21":"pa_publisher-taschen-en-en","23":"first","24":"outofstock","25":"sold-individually","26":"shipping-taxable","27":"purchasable","28":"product-type-simple"},"yoast_head":"<!-- This site is optimized with the Yoast SEO plugin v27.4 - https:\/\/yoast.com\/product\/yoast-seo-wordpress\/ -->\n<title>Pieter Bruegel. The Complete Works (J\u00fcrgen M\u00fcller, Thomas Schauerte) - book \/ album - Folio<\/title>\n<meta name=\"description\" content=\"Wejd\u017a i kup ksi\u0105\u017ck\u0119 Pieter Bruegel. The Complete Works autorstwa J\u00fcrgen M\u00fcller, Thomas Schauerte wydan\u0105 przez TASCHEN (2018-08-13) w formacie 29 x 39,5 cm (ISBN: 9783836556897). Zapraszamy!\" \/>\n<meta name=\"robots\" content=\"index, follow, max-snippet:-1, max-image-preview:large, max-video-preview:-1\" \/>\n<link rel=\"canonical\" href=\"https:\/\/foliobooks.pl\/en\/shop\/pieter-bruegel-the-complete-works\/\" \/>\n<meta property=\"og:locale\" content=\"en_US\" \/>\n<meta property=\"og:type\" content=\"article\" \/>\n<meta property=\"og:title\" content=\"Pieter Bruegel. The Complete Works (J\u00fcrgen M\u00fcller, Thomas Schauerte) - book \/ album - Folio\" \/>\n<meta property=\"og:description\" content=\"Wejd\u017a i kup ksi\u0105\u017ck\u0119 Pieter Bruegel. The Complete Works autorstwa J\u00fcrgen M\u00fcller, Thomas Schauerte wydan\u0105 przez TASCHEN (2018-08-13) w formacie 29 x 39,5 cm (ISBN: 9783836556897). Zapraszamy!\" \/>\n<meta property=\"og:url\" content=\"https:\/\/foliobooks.pl\/en\/shop\/pieter-bruegel-the-complete-works\/\" \/>\n<meta property=\"og:site_name\" content=\"Folio\" \/>\n<meta property=\"article:modified_time\" content=\"2025-12-16T14:22:29+00:00\" \/>\n<meta property=\"og:image\" content=\"https:\/\/foliobooks.pl\/wp-content\/uploads\/2019\/04\/9783836556897.png\" \/>\n\t<meta property=\"og:image:width\" content=\"570\" \/>\n\t<meta property=\"og:image:height\" content=\"708\" \/>\n\t<meta property=\"og:image:type\" content=\"image\/png\" \/>\n<meta name=\"twitter:card\" content=\"summary_large_image\" \/>\n<meta name=\"twitter:label1\" content=\"Est. reading time\" \/>\n\t<meta name=\"twitter:data1\" content=\"1 minute\" \/>\n<script type=\"application\/ld+json\" class=\"yoast-schema-graph\">{\"@context\":\"https:\\\/\\\/schema.org\",\"@graph\":[{\"@type\":\"WebPage\",\"@id\":\"https:\\\/\\\/foliobooks.pl\\\/en\\\/shop\\\/pieter-bruegel-the-complete-works\\\/\",\"url\":\"https:\\\/\\\/foliobooks.pl\\\/en\\\/shop\\\/pieter-bruegel-the-complete-works\\\/\",\"name\":\"Pieter Bruegel. The Complete Works (J\u00fcrgen M\u00fcller, Thomas Schauerte) - book \\\/ album - Folio\",\"isPartOf\":{\"@id\":\"https:\\\/\\\/foliobooks.pl\\\/en\\\/#website\"},\"primaryImageOfPage\":{\"@id\":\"https:\\\/\\\/foliobooks.pl\\\/en\\\/shop\\\/pieter-bruegel-the-complete-works\\\/#primaryimage\"},\"image\":{\"@id\":\"https:\\\/\\\/foliobooks.pl\\\/en\\\/shop\\\/pieter-bruegel-the-complete-works\\\/#primaryimage\"},\"thumbnailUrl\":\"https:\\\/\\\/foliobooks.pl\\\/wp-content\\\/uploads\\\/2019\\\/04\\\/9783836556897.png\",\"datePublished\":\"2019-04-09T11:37:41+00:00\",\"dateModified\":\"2025-12-16T14:22:29+00:00\",\"description\":\"Wejd\u017a i kup ksi\u0105\u017ck\u0119 Pieter Bruegel. The Complete Works autorstwa J\u00fcrgen M\u00fcller, Thomas Schauerte wydan\u0105 przez TASCHEN (2018-08-13) w formacie 29 x 39,5 cm (ISBN: 9783836556897). Zapraszamy!\",\"breadcrumb\":{\"@id\":\"https:\\\/\\\/foliobooks.pl\\\/en\\\/shop\\\/pieter-bruegel-the-complete-works\\\/#breadcrumb\"},\"inLanguage\":\"en-US\",\"potentialAction\":[{\"@type\":\"ReadAction\",\"target\":[\"https:\\\/\\\/foliobooks.pl\\\/en\\\/shop\\\/pieter-bruegel-the-complete-works\\\/\"]}]},{\"@type\":\"ImageObject\",\"inLanguage\":\"en-US\",\"@id\":\"https:\\\/\\\/foliobooks.pl\\\/en\\\/shop\\\/pieter-bruegel-the-complete-works\\\/#primaryimage\",\"url\":\"https:\\\/\\\/foliobooks.pl\\\/wp-content\\\/uploads\\\/2019\\\/04\\\/9783836556897.png\",\"contentUrl\":\"https:\\\/\\\/foliobooks.pl\\\/wp-content\\\/uploads\\\/2019\\\/04\\\/9783836556897.png\",\"width\":570,\"height\":708},{\"@type\":\"BreadcrumbList\",\"@id\":\"https:\\\/\\\/foliobooks.pl\\\/en\\\/shop\\\/pieter-bruegel-the-complete-works\\\/#breadcrumb\",\"itemListElement\":[{\"@type\":\"ListItem\",\"position\":1,\"name\":\"Strona g\u0142\u00f3wna\",\"item\":\"https:\\\/\\\/foliobooks.pl\\\/en\\\/\"},{\"@type\":\"ListItem\",\"position\":2,\"name\":\"Shop\",\"item\":\"https:\\\/\\\/foliobooks.pl\\\/en\\\/shop\\\/\"},{\"@type\":\"ListItem\",\"position\":3,\"name\":\"Pieter Bruegel. The Complete Works\"}]},{\"@type\":\"WebSite\",\"@id\":\"https:\\\/\\\/foliobooks.pl\\\/en\\\/#website\",\"url\":\"https:\\\/\\\/foliobooks.pl\\\/en\\\/\",\"name\":\"Folio\",\"description\":\"Ksi\u0119garnia internetowa\",\"potentialAction\":[{\"@type\":\"SearchAction\",\"target\":{\"@type\":\"EntryPoint\",\"urlTemplate\":\"https:\\\/\\\/foliobooks.pl\\\/en\\\/?s={search_term_string}\"},\"query-input\":{\"@type\":\"PropertyValueSpecification\",\"valueRequired\":true,\"valueName\":\"search_term_string\"}}],\"inLanguage\":\"en-US\"}]}<\/script>\n<!-- \/ Yoast SEO plugin. -->","yoast_head_json":{"title":"Pieter Bruegel. The Complete Works (J\u00fcrgen M\u00fcller, Thomas Schauerte) - book \/ album - Folio","description":"Wejd\u017a i kup ksi\u0105\u017ck\u0119 Pieter Bruegel. The Complete Works autorstwa J\u00fcrgen M\u00fcller, Thomas Schauerte wydan\u0105 przez TASCHEN (2018-08-13) w formacie 29 x 39,5 cm (ISBN: 9783836556897). Zapraszamy!","robots":{"index":"index","follow":"follow","max-snippet":"max-snippet:-1","max-image-preview":"max-image-preview:large","max-video-preview":"max-video-preview:-1"},"canonical":"https:\/\/foliobooks.pl\/en\/shop\/pieter-bruegel-the-complete-works\/","og_locale":"en_US","og_type":"article","og_title":"Pieter Bruegel. The Complete Works (J\u00fcrgen M\u00fcller, Thomas Schauerte) - book \/ album - Folio","og_description":"Wejd\u017a i kup ksi\u0105\u017ck\u0119 Pieter Bruegel. The Complete Works autorstwa J\u00fcrgen M\u00fcller, Thomas Schauerte wydan\u0105 przez TASCHEN (2018-08-13) w formacie 29 x 39,5 cm (ISBN: 9783836556897). Zapraszamy!","og_url":"https:\/\/foliobooks.pl\/en\/shop\/pieter-bruegel-the-complete-works\/","og_site_name":"Folio","article_modified_time":"2025-12-16T14:22:29+00:00","og_image":[{"width":570,"height":708,"url":"https:\/\/foliobooks.pl\/wp-content\/uploads\/2019\/04\/9783836556897.png","type":"image\/png"}],"twitter_card":"summary_large_image","twitter_misc":{"Est. reading time":"1 minute"},"schema":{"@context":"https:\/\/schema.org","@graph":[{"@type":"WebPage","@id":"https:\/\/foliobooks.pl\/en\/shop\/pieter-bruegel-the-complete-works\/","url":"https:\/\/foliobooks.pl\/en\/shop\/pieter-bruegel-the-complete-works\/","name":"Pieter Bruegel. The Complete Works (J\u00fcrgen M\u00fcller, Thomas Schauerte) - book \/ album - Folio","isPartOf":{"@id":"https:\/\/foliobooks.pl\/en\/#website"},"primaryImageOfPage":{"@id":"https:\/\/foliobooks.pl\/en\/shop\/pieter-bruegel-the-complete-works\/#primaryimage"},"image":{"@id":"https:\/\/foliobooks.pl\/en\/shop\/pieter-bruegel-the-complete-works\/#primaryimage"},"thumbnailUrl":"https:\/\/foliobooks.pl\/wp-content\/uploads\/2019\/04\/9783836556897.png","datePublished":"2019-04-09T11:37:41+00:00","dateModified":"2025-12-16T14:22:29+00:00","description":"Wejd\u017a i kup ksi\u0105\u017ck\u0119 Pieter Bruegel. The Complete Works autorstwa J\u00fcrgen M\u00fcller, Thomas Schauerte wydan\u0105 przez TASCHEN (2018-08-13) w formacie 29 x 39,5 cm (ISBN: 9783836556897). Zapraszamy!","breadcrumb":{"@id":"https:\/\/foliobooks.pl\/en\/shop\/pieter-bruegel-the-complete-works\/#breadcrumb"},"inLanguage":"en-US","potentialAction":[{"@type":"ReadAction","target":["https:\/\/foliobooks.pl\/en\/shop\/pieter-bruegel-the-complete-works\/"]}]},{"@type":"ImageObject","inLanguage":"en-US","@id":"https:\/\/foliobooks.pl\/en\/shop\/pieter-bruegel-the-complete-works\/#primaryimage","url":"https:\/\/foliobooks.pl\/wp-content\/uploads\/2019\/04\/9783836556897.png","contentUrl":"https:\/\/foliobooks.pl\/wp-content\/uploads\/2019\/04\/9783836556897.png","width":570,"height":708},{"@type":"BreadcrumbList","@id":"https:\/\/foliobooks.pl\/en\/shop\/pieter-bruegel-the-complete-works\/#breadcrumb","itemListElement":[{"@type":"ListItem","position":1,"name":"Strona g\u0142\u00f3wna","item":"https:\/\/foliobooks.pl\/en\/"},{"@type":"ListItem","position":2,"name":"Shop","item":"https:\/\/foliobooks.pl\/en\/shop\/"},{"@type":"ListItem","position":3,"name":"Pieter Bruegel. The Complete Works"}]},{"@type":"WebSite","@id":"https:\/\/foliobooks.pl\/en\/#website","url":"https:\/\/foliobooks.pl\/en\/","name":"Folio","description":"Ksi\u0119garnia internetowa","potentialAction":[{"@type":"SearchAction","target":{"@type":"EntryPoint","urlTemplate":"https:\/\/foliobooks.pl\/en\/?s={search_term_string}"},"query-input":{"@type":"PropertyValueSpecification","valueRequired":true,"valueName":"search_term_string"}}],"inLanguage":"en-US"}]}},"_links":{"self":[{"href":"https:\/\/foliobooks.pl\/en\/wp-json\/wp\/v2\/product\/37120","targetHints":{"allow":["GET"]}}],"collection":[{"href":"https:\/\/foliobooks.pl\/en\/wp-json\/wp\/v2\/product"}],"about":[{"href":"https:\/\/foliobooks.pl\/en\/wp-json\/wp\/v2\/types\/product"}],"replies":[{"embeddable":true,"href":"https:\/\/foliobooks.pl\/en\/wp-json\/wp\/v2\/comments?post=37120"}],"wp:featuredmedia":[{"embeddable":true,"href":"https:\/\/foliobooks.pl\/en\/wp-json\/wp\/v2\/media\/37135"}],"wp:attachment":[{"href":"https:\/\/foliobooks.pl\/en\/wp-json\/wp\/v2\/media?parent=37120"}],"wp:term":[{"taxonomy":"product_brand","embeddable":true,"href":"https:\/\/foliobooks.pl\/en\/wp-json\/wp\/v2\/product_brand?post=37120"},{"taxonomy":"product_cat","embeddable":true,"href":"https:\/\/foliobooks.pl\/en\/wp-json\/wp\/v2\/product_cat?post=37120"},{"taxonomy":"product_tag","embeddable":true,"href":"https:\/\/foliobooks.pl\/en\/wp-json\/wp\/v2\/product_tag?post=37120"}],"curies":[{"name":"wp","href":"https:\/\/api.w.org\/{rel}","templated":true}]}}