{"id":36829,"date":"2019-01-31T13:44:09","date_gmt":"2019-01-31T12:44:09","guid":{"rendered":"https:\/\/foliobooks.pl\/sklep\/classic-cars-review\/"},"modified":"2019-12-03T21:14:39","modified_gmt":"2019-12-03T20:14:39","slug":"classic-cars-review","status":"publish","type":"product","link":"https:\/\/foliobooks.pl\/en\/shop\/classic-cars-review\/","title":{"rendered":"Classic Cars Review"},"content":{"rendered":"<p>For decades, a passion for vintage motors was regarded as an eccentric hobby, particularly prevalent among the wealthy of an older generation. Today, classic cars have an ever larger, younger fan base. Events such as the Mille Miglia in Italy, the Festival of Speed at Goodwood in England, and Pebble Beach in the U.S. enjoy increasing popularity and booming visitor numbers, year after year. In an opulent coffee table book, Classic Cars Review celebrates the classic car phenomenon by presenting the most beautiful, exciting, and exclusive vintage vehicles, until now only visible in museums or behind the locked doors of private collections. It\u2019s a Concours d\u2019\u00c9l\u00e9gance in book form, showcasing such icons as the Mercedes-Benz 300 SL Gullwing, Aston Martin DB5, and Maserati Sebring, as well as a multitude of extraordinary cars with remarkable histories\u2014whether owned by well-known personalities or ushered in extraordinary successes on the racetrack. Many of these cars were produced in minimal runs or are one of few surviving models. In addition to the vehicles themselves, this must-have classic car book also shows the institutions and key players behind the exclusive vintage car scene. With large, never-before-seen collections and their collectors, Classic Cars Review provides exclusive insights into the world of the largest classic car auction houses, the most innovative classic car dealers, and all the key vintage car events.<\/p>\n<p>MICHAEL G\u00d6RMANN does not have a job. At least, not in the conventional sense. For nearly 30 years, he has been working with his hobbies exclusively. The finer things in life\u2014writing about and photographing them. G\u00f6rmann&#8217;s favorite topics: Anything that in some way moves. It should be loud and also smell like burnt rubber. The smell of gasoline is like perfume to him. His other subjects are watches and technical gadgets of all sorts. Is the engineering sophisticated and precise? Does it have buttons or controls? Does it require electricity or gas? If the answer to any of these is yes, then it is on his hunting radar. G\u00f6rmann &#8220;hones in on&#8221; such quarry for an array of media outlets. After having finished his practical training at a daily newspaper, his experience includes having been the chief reporter of UHREN-MAGAZIN, (a magazine about watches), after which he founded two agencies and worked for publications such as Focus, Robb Report, Playboy, and Stern.<\/p>\n","protected":false},"excerpt":{"rendered":"<p>For decades, a passion for vintage motors was regarded as an eccentric hobby, particularly prevalent among the wealthy of an older generation. Today, classic cars have an ever larger, younger fan base. Events such as the Mille Miglia in Italy, the Festival of Speed at Goodwood in England, and Pebble Beach in the U.S. enjoy&#8230;<\/p>\n","protected":false},"featured_media":36816,"comment_status":"closed","ping_status":"closed","template":"","meta":[],"product_brand":[],"product_cat":[13533,4520],"product_tag":[216,1681,6106],"class_list":{"0":"post-36829","1":"product","2":"type-product","3":"status-publish","4":"has-post-thumbnail","6":"product_cat-books","7":"product_cat-motorsport-en","8":"product_tag-cars-en","9":"product_tag-history","10":"product_tag-transport-en","11":"pa_author_att-michael-gormann-en","12":"pa_cover-hardcover","13":"pa_format-29-x-37-cm-en","14":"pa_isbn-9783961711062-en","15":"pa_language-eng-ger","16":"pa_pages-400-en","17":"pa_published-2018-11-02-en","18":"pa_publisher-teneues-en","20":"first","21":"outofstock","22":"sold-individually","23":"shipping-taxable","24":"purchasable","25":"product-type-simple"},"yoast_head":"<!-- This site is optimized with the Yoast SEO plugin v27.4 - https:\/\/yoast.com\/product\/yoast-seo-wordpress\/ -->\n<title>Classic Cars Review (Michael G\u00f6rmann) - book \/ album - Folio<\/title>\n<meta name=\"description\" content=\"Wejd\u017a i kup ksi\u0105\u017ck\u0119 Classic Cars Review autorstwa Michael G\u00f6rmann wydan\u0105 przez teNeues (2018-11-02) w formacie 29 x 37 cm (ISBN: 9783961711062). Zapraszamy!\" \/>\n<meta name=\"robots\" content=\"index, follow, max-snippet:-1, max-image-preview:large, max-video-preview:-1\" \/>\n<link rel=\"canonical\" href=\"https:\/\/foliobooks.pl\/en\/shop\/classic-cars-review\/\" \/>\n<meta property=\"og:locale\" content=\"en_US\" \/>\n<meta property=\"og:type\" content=\"article\" \/>\n<meta property=\"og:title\" content=\"Classic Cars Review (Michael G\u00f6rmann) - book \/ album - Folio\" \/>\n<meta property=\"og:description\" content=\"Wejd\u017a i kup ksi\u0105\u017ck\u0119 Classic Cars Review autorstwa Michael G\u00f6rmann wydan\u0105 przez teNeues (2018-11-02) w formacie 29 x 37 cm (ISBN: 9783961711062). Zapraszamy!\" \/>\n<meta property=\"og:url\" content=\"https:\/\/foliobooks.pl\/en\/shop\/classic-cars-review\/\" \/>\n<meta property=\"og:site_name\" content=\"Folio\" \/>\n<meta property=\"article:modified_time\" content=\"2019-12-03T20:14:39+00:00\" \/>\n<meta property=\"og:image\" content=\"https:\/\/foliobooks.pl\/wp-content\/uploads\/2019\/01\/9783961711062.png\" \/>\n\t<meta property=\"og:image:width\" content=\"570\" \/>\n\t<meta property=\"og:image:height\" content=\"708\" \/>\n\t<meta property=\"og:image:type\" content=\"image\/png\" \/>\n<meta name=\"twitter:card\" content=\"summary_large_image\" \/>\n<meta name=\"twitter:label1\" content=\"Est. reading time\" \/>\n\t<meta name=\"twitter:data1\" content=\"2 minutes\" \/>\n<script type=\"application\/ld+json\" class=\"yoast-schema-graph\">{\"@context\":\"https:\\\/\\\/schema.org\",\"@graph\":[{\"@type\":\"WebPage\",\"@id\":\"https:\\\/\\\/foliobooks.pl\\\/en\\\/shop\\\/classic-cars-review\\\/\",\"url\":\"https:\\\/\\\/foliobooks.pl\\\/en\\\/shop\\\/classic-cars-review\\\/\",\"name\":\"Classic Cars Review (Michael G\u00f6rmann) - book \\\/ album - Folio\",\"isPartOf\":{\"@id\":\"https:\\\/\\\/foliobooks.pl\\\/en\\\/#website\"},\"primaryImageOfPage\":{\"@id\":\"https:\\\/\\\/foliobooks.pl\\\/en\\\/shop\\\/classic-cars-review\\\/#primaryimage\"},\"image\":{\"@id\":\"https:\\\/\\\/foliobooks.pl\\\/en\\\/shop\\\/classic-cars-review\\\/#primaryimage\"},\"thumbnailUrl\":\"https:\\\/\\\/foliobooks.pl\\\/wp-content\\\/uploads\\\/2019\\\/01\\\/9783961711062.png\",\"datePublished\":\"2019-01-31T12:44:09+00:00\",\"dateModified\":\"2019-12-03T20:14:39+00:00\",\"description\":\"Wejd\u017a i kup ksi\u0105\u017ck\u0119 Classic Cars Review autorstwa Michael G\u00f6rmann wydan\u0105 przez teNeues (2018-11-02) w formacie 29 x 37 cm (ISBN: 9783961711062). Zapraszamy!\",\"breadcrumb\":{\"@id\":\"https:\\\/\\\/foliobooks.pl\\\/en\\\/shop\\\/classic-cars-review\\\/#breadcrumb\"},\"inLanguage\":\"en-US\",\"potentialAction\":[{\"@type\":\"ReadAction\",\"target\":[\"https:\\\/\\\/foliobooks.pl\\\/en\\\/shop\\\/classic-cars-review\\\/\"]}]},{\"@type\":\"ImageObject\",\"inLanguage\":\"en-US\",\"@id\":\"https:\\\/\\\/foliobooks.pl\\\/en\\\/shop\\\/classic-cars-review\\\/#primaryimage\",\"url\":\"https:\\\/\\\/foliobooks.pl\\\/wp-content\\\/uploads\\\/2019\\\/01\\\/9783961711062.png\",\"contentUrl\":\"https:\\\/\\\/foliobooks.pl\\\/wp-content\\\/uploads\\\/2019\\\/01\\\/9783961711062.png\",\"width\":570,\"height\":708},{\"@type\":\"BreadcrumbList\",\"@id\":\"https:\\\/\\\/foliobooks.pl\\\/en\\\/shop\\\/classic-cars-review\\\/#breadcrumb\",\"itemListElement\":[{\"@type\":\"ListItem\",\"position\":1,\"name\":\"Strona g\u0142\u00f3wna\",\"item\":\"https:\\\/\\\/foliobooks.pl\\\/en\\\/\"},{\"@type\":\"ListItem\",\"position\":2,\"name\":\"Shop\",\"item\":\"https:\\\/\\\/foliobooks.pl\\\/en\\\/shop\\\/\"},{\"@type\":\"ListItem\",\"position\":3,\"name\":\"Classic Cars Review\"}]},{\"@type\":\"WebSite\",\"@id\":\"https:\\\/\\\/foliobooks.pl\\\/en\\\/#website\",\"url\":\"https:\\\/\\\/foliobooks.pl\\\/en\\\/\",\"name\":\"Folio\",\"description\":\"Ksi\u0119garnia internetowa\",\"potentialAction\":[{\"@type\":\"SearchAction\",\"target\":{\"@type\":\"EntryPoint\",\"urlTemplate\":\"https:\\\/\\\/foliobooks.pl\\\/en\\\/?s={search_term_string}\"},\"query-input\":{\"@type\":\"PropertyValueSpecification\",\"valueRequired\":true,\"valueName\":\"search_term_string\"}}],\"inLanguage\":\"en-US\"}]}<\/script>\n<!-- \/ Yoast SEO plugin. -->","yoast_head_json":{"title":"Classic Cars Review (Michael G\u00f6rmann) - book \/ album - Folio","description":"Wejd\u017a i kup ksi\u0105\u017ck\u0119 Classic Cars Review autorstwa Michael G\u00f6rmann wydan\u0105 przez teNeues (2018-11-02) w formacie 29 x 37 cm (ISBN: 9783961711062). Zapraszamy!","robots":{"index":"index","follow":"follow","max-snippet":"max-snippet:-1","max-image-preview":"max-image-preview:large","max-video-preview":"max-video-preview:-1"},"canonical":"https:\/\/foliobooks.pl\/en\/shop\/classic-cars-review\/","og_locale":"en_US","og_type":"article","og_title":"Classic Cars Review (Michael G\u00f6rmann) - book \/ album - Folio","og_description":"Wejd\u017a i kup ksi\u0105\u017ck\u0119 Classic Cars Review autorstwa Michael G\u00f6rmann wydan\u0105 przez teNeues (2018-11-02) w formacie 29 x 37 cm (ISBN: 9783961711062). Zapraszamy!","og_url":"https:\/\/foliobooks.pl\/en\/shop\/classic-cars-review\/","og_site_name":"Folio","article_modified_time":"2019-12-03T20:14:39+00:00","og_image":[{"width":570,"height":708,"url":"https:\/\/foliobooks.pl\/wp-content\/uploads\/2019\/01\/9783961711062.png","type":"image\/png"}],"twitter_card":"summary_large_image","twitter_misc":{"Est. reading time":"2 minutes"},"schema":{"@context":"https:\/\/schema.org","@graph":[{"@type":"WebPage","@id":"https:\/\/foliobooks.pl\/en\/shop\/classic-cars-review\/","url":"https:\/\/foliobooks.pl\/en\/shop\/classic-cars-review\/","name":"Classic Cars Review (Michael G\u00f6rmann) - book \/ album - Folio","isPartOf":{"@id":"https:\/\/foliobooks.pl\/en\/#website"},"primaryImageOfPage":{"@id":"https:\/\/foliobooks.pl\/en\/shop\/classic-cars-review\/#primaryimage"},"image":{"@id":"https:\/\/foliobooks.pl\/en\/shop\/classic-cars-review\/#primaryimage"},"thumbnailUrl":"https:\/\/foliobooks.pl\/wp-content\/uploads\/2019\/01\/9783961711062.png","datePublished":"2019-01-31T12:44:09+00:00","dateModified":"2019-12-03T20:14:39+00:00","description":"Wejd\u017a i kup ksi\u0105\u017ck\u0119 Classic Cars Review autorstwa Michael G\u00f6rmann wydan\u0105 przez teNeues (2018-11-02) w formacie 29 x 37 cm (ISBN: 9783961711062). Zapraszamy!","breadcrumb":{"@id":"https:\/\/foliobooks.pl\/en\/shop\/classic-cars-review\/#breadcrumb"},"inLanguage":"en-US","potentialAction":[{"@type":"ReadAction","target":["https:\/\/foliobooks.pl\/en\/shop\/classic-cars-review\/"]}]},{"@type":"ImageObject","inLanguage":"en-US","@id":"https:\/\/foliobooks.pl\/en\/shop\/classic-cars-review\/#primaryimage","url":"https:\/\/foliobooks.pl\/wp-content\/uploads\/2019\/01\/9783961711062.png","contentUrl":"https:\/\/foliobooks.pl\/wp-content\/uploads\/2019\/01\/9783961711062.png","width":570,"height":708},{"@type":"BreadcrumbList","@id":"https:\/\/foliobooks.pl\/en\/shop\/classic-cars-review\/#breadcrumb","itemListElement":[{"@type":"ListItem","position":1,"name":"Strona g\u0142\u00f3wna","item":"https:\/\/foliobooks.pl\/en\/"},{"@type":"ListItem","position":2,"name":"Shop","item":"https:\/\/foliobooks.pl\/en\/shop\/"},{"@type":"ListItem","position":3,"name":"Classic Cars Review"}]},{"@type":"WebSite","@id":"https:\/\/foliobooks.pl\/en\/#website","url":"https:\/\/foliobooks.pl\/en\/","name":"Folio","description":"Ksi\u0119garnia internetowa","potentialAction":[{"@type":"SearchAction","target":{"@type":"EntryPoint","urlTemplate":"https:\/\/foliobooks.pl\/en\/?s={search_term_string}"},"query-input":{"@type":"PropertyValueSpecification","valueRequired":true,"valueName":"search_term_string"}}],"inLanguage":"en-US"}]}},"_links":{"self":[{"href":"https:\/\/foliobooks.pl\/en\/wp-json\/wp\/v2\/product\/36829","targetHints":{"allow":["GET"]}}],"collection":[{"href":"https:\/\/foliobooks.pl\/en\/wp-json\/wp\/v2\/product"}],"about":[{"href":"https:\/\/foliobooks.pl\/en\/wp-json\/wp\/v2\/types\/product"}],"replies":[{"embeddable":true,"href":"https:\/\/foliobooks.pl\/en\/wp-json\/wp\/v2\/comments?post=36829"}],"wp:featuredmedia":[{"embeddable":true,"href":"https:\/\/foliobooks.pl\/en\/wp-json\/wp\/v2\/media\/36816"}],"wp:attachment":[{"href":"https:\/\/foliobooks.pl\/en\/wp-json\/wp\/v2\/media?parent=36829"}],"wp:term":[{"taxonomy":"product_brand","embeddable":true,"href":"https:\/\/foliobooks.pl\/en\/wp-json\/wp\/v2\/product_brand?post=36829"},{"taxonomy":"product_cat","embeddable":true,"href":"https:\/\/foliobooks.pl\/en\/wp-json\/wp\/v2\/product_cat?post=36829"},{"taxonomy":"product_tag","embeddable":true,"href":"https:\/\/foliobooks.pl\/en\/wp-json\/wp\/v2\/product_tag?post=36829"}],"curies":[{"name":"wp","href":"https:\/\/api.w.org\/{rel}","templated":true}]}}