{"id":36679,"date":"2019-01-30T14:35:33","date_gmt":"2019-01-30T13:35:33","guid":{"rendered":"https:\/\/foliobooks.pl\/sklep\/the-ultimate-ski-book\/"},"modified":"2024-12-11T15:07:59","modified_gmt":"2024-12-11T14:07:59","slug":"the-ultimate-ski-book","status":"publish","type":"product","link":"https:\/\/foliobooks.pl\/en\/shop\/the-ultimate-ski-book\/","title":{"rendered":"The Ultimate Ski Book"},"content":{"rendered":"<p>Add to Wishlist<br \/>\nSki nostalgia: from the pioneers of the sport to the birth of skiing as the number one wintertime recreational activity<br \/>\nSki around the world: from the Alps to the Andes, from the Rockies to the Himalayas\u2014the best runs and the most spectacular downhills<br \/>\nSki lifestyle: Fashion, style, accomodations and truly having fun off the slopes<\/p>\n<p>Higher, faster, further\u2014skiing is more than a hobby, it\u2019s a way of life. Originally an adventurous way to move through ice and snow, skiing is now the number one wintertime recreational activity. More popular than ever before, the snow lures thousands of die-hard fans to the airy heights of the world\u2019s mountains. Anyplace where even a few flakes fall, there are dedicated skiers\u2014forever hunting for the longest run in the Andes, the most spectacular downhill in the Alps, the most legendary chalet in the Rockies. In this book, skiing expert Gabriella Le Breton assembles everything passionate skiers want to know, and a lot more\u2014the most beautiful views, the most remote resorts, the best restaurants. And of course, real skiing legends have their say, providing tips for life on the two pieces of wood that mean everything.<\/p>\n<p>GABRIELLA LE BRETON, author of The Stylish Life: Skiing, knows about 130 ski areas around the world, jumps out of helicopters to ski, and also skis under the midnight sun. Her skiing articles are regularly featured in outlets including the Financial Times, The Daily Telegraph, Cond\u00e9 Nast Traveler, and Vanity Fair.<\/p>\n","protected":false},"excerpt":{"rendered":"<p>Add to Wishlist Ski nostalgia: from the pioneers of the sport to the birth of skiing as the number one wintertime recreational activity Ski around the world: from the Alps to the Andes, from the Rockies to the Himalayas\u2014the best runs and the most spectacular downhills Ski lifestyle: Fashion, style, accomodations and truly having fun&#8230;<\/p>\n","protected":false},"featured_media":36664,"comment_status":"closed","ping_status":"closed","template":"","meta":[],"product_brand":[],"product_cat":[4517],"product_tag":[11529,6121,1488,12613],"class_list":{"0":"post-36679","1":"product","2":"type-product","3":"status-publish","4":"has-post-thumbnail","6":"product_cat-photography-en","7":"product_tag-documentary-photography-en","8":"product_tag-photography","9":"product_tag-sport-en","10":"product_tag-winter-en","11":"pa_author_att-gabriella-le-breton-en","12":"pa_cover-hardcover","13":"pa_format-25-x-32-cm-en","14":"pa_isbn-9783832734114-en","15":"pa_language-eng","16":"pa_pages-256-en-2","17":"pa_published-2019-02-01-en","18":"pa_publisher-teneues-en","20":"first","21":"outofstock","22":"sale","23":"sold-individually","24":"shipping-taxable","25":"purchasable","26":"product-type-simple"},"yoast_head":"<!-- This site is optimized with the Yoast SEO plugin v27.4 - https:\/\/yoast.com\/product\/yoast-seo-wordpress\/ -->\n<title>The Ultimate Ski Book (Gabriella Le Breton) - book \/ album - Folio<\/title>\n<meta name=\"description\" content=\"Wejd\u017a i kup ksi\u0105\u017ck\u0119 The Ultimate Ski Book autorstwa Gabriella Le Breton wydan\u0105 przez teNeues (2019-02-01) w formacie 25 x 32 cm (ISBN: 9783832734114). Zapraszamy!\" \/>\n<meta name=\"robots\" content=\"index, follow, max-snippet:-1, max-image-preview:large, max-video-preview:-1\" \/>\n<link rel=\"canonical\" href=\"https:\/\/foliobooks.pl\/en\/shop\/the-ultimate-ski-book\/\" \/>\n<meta property=\"og:locale\" content=\"en_US\" \/>\n<meta property=\"og:type\" content=\"article\" \/>\n<meta property=\"og:title\" content=\"The Ultimate Ski Book (Gabriella Le Breton) - book \/ album - Folio\" \/>\n<meta property=\"og:description\" content=\"Wejd\u017a i kup ksi\u0105\u017ck\u0119 The Ultimate Ski Book autorstwa Gabriella Le Breton wydan\u0105 przez teNeues (2019-02-01) w formacie 25 x 32 cm (ISBN: 9783832734114). Zapraszamy!\" \/>\n<meta property=\"og:url\" content=\"https:\/\/foliobooks.pl\/en\/shop\/the-ultimate-ski-book\/\" \/>\n<meta property=\"og:site_name\" content=\"Folio\" \/>\n<meta property=\"article:modified_time\" content=\"2024-12-11T14:07:59+00:00\" \/>\n<meta property=\"og:image\" content=\"https:\/\/foliobooks.pl\/wp-content\/uploads\/2019\/01\/9783832734114.png\" \/>\n\t<meta property=\"og:image:width\" content=\"570\" \/>\n\t<meta property=\"og:image:height\" content=\"708\" \/>\n\t<meta property=\"og:image:type\" content=\"image\/png\" \/>\n<meta name=\"twitter:card\" content=\"summary_large_image\" \/>\n<meta name=\"twitter:label1\" content=\"Est. reading time\" \/>\n\t<meta name=\"twitter:data1\" content=\"1 minute\" \/>\n<script type=\"application\/ld+json\" class=\"yoast-schema-graph\">{\"@context\":\"https:\\\/\\\/schema.org\",\"@graph\":[{\"@type\":\"WebPage\",\"@id\":\"https:\\\/\\\/foliobooks.pl\\\/en\\\/shop\\\/the-ultimate-ski-book\\\/\",\"url\":\"https:\\\/\\\/foliobooks.pl\\\/en\\\/shop\\\/the-ultimate-ski-book\\\/\",\"name\":\"The Ultimate Ski Book (Gabriella Le Breton) - book \\\/ album - Folio\",\"isPartOf\":{\"@id\":\"https:\\\/\\\/foliobooks.pl\\\/en\\\/#website\"},\"primaryImageOfPage\":{\"@id\":\"https:\\\/\\\/foliobooks.pl\\\/en\\\/shop\\\/the-ultimate-ski-book\\\/#primaryimage\"},\"image\":{\"@id\":\"https:\\\/\\\/foliobooks.pl\\\/en\\\/shop\\\/the-ultimate-ski-book\\\/#primaryimage\"},\"thumbnailUrl\":\"https:\\\/\\\/foliobooks.pl\\\/wp-content\\\/uploads\\\/2019\\\/01\\\/9783832734114.png\",\"datePublished\":\"2019-01-30T13:35:33+00:00\",\"dateModified\":\"2024-12-11T14:07:59+00:00\",\"description\":\"Wejd\u017a i kup ksi\u0105\u017ck\u0119 The Ultimate Ski Book autorstwa Gabriella Le Breton wydan\u0105 przez teNeues (2019-02-01) w formacie 25 x 32 cm (ISBN: 9783832734114). Zapraszamy!\",\"breadcrumb\":{\"@id\":\"https:\\\/\\\/foliobooks.pl\\\/en\\\/shop\\\/the-ultimate-ski-book\\\/#breadcrumb\"},\"inLanguage\":\"en-US\",\"potentialAction\":[{\"@type\":\"ReadAction\",\"target\":[\"https:\\\/\\\/foliobooks.pl\\\/en\\\/shop\\\/the-ultimate-ski-book\\\/\"]}]},{\"@type\":\"ImageObject\",\"inLanguage\":\"en-US\",\"@id\":\"https:\\\/\\\/foliobooks.pl\\\/en\\\/shop\\\/the-ultimate-ski-book\\\/#primaryimage\",\"url\":\"https:\\\/\\\/foliobooks.pl\\\/wp-content\\\/uploads\\\/2019\\\/01\\\/9783832734114.png\",\"contentUrl\":\"https:\\\/\\\/foliobooks.pl\\\/wp-content\\\/uploads\\\/2019\\\/01\\\/9783832734114.png\",\"width\":570,\"height\":708},{\"@type\":\"BreadcrumbList\",\"@id\":\"https:\\\/\\\/foliobooks.pl\\\/en\\\/shop\\\/the-ultimate-ski-book\\\/#breadcrumb\",\"itemListElement\":[{\"@type\":\"ListItem\",\"position\":1,\"name\":\"Strona g\u0142\u00f3wna\",\"item\":\"https:\\\/\\\/foliobooks.pl\\\/en\\\/\"},{\"@type\":\"ListItem\",\"position\":2,\"name\":\"Shop\",\"item\":\"https:\\\/\\\/foliobooks.pl\\\/en\\\/shop\\\/\"},{\"@type\":\"ListItem\",\"position\":3,\"name\":\"The Ultimate Ski Book\"}]},{\"@type\":\"WebSite\",\"@id\":\"https:\\\/\\\/foliobooks.pl\\\/en\\\/#website\",\"url\":\"https:\\\/\\\/foliobooks.pl\\\/en\\\/\",\"name\":\"Folio\",\"description\":\"Ksi\u0119garnia internetowa\",\"potentialAction\":[{\"@type\":\"SearchAction\",\"target\":{\"@type\":\"EntryPoint\",\"urlTemplate\":\"https:\\\/\\\/foliobooks.pl\\\/en\\\/?s={search_term_string}\"},\"query-input\":{\"@type\":\"PropertyValueSpecification\",\"valueRequired\":true,\"valueName\":\"search_term_string\"}}],\"inLanguage\":\"en-US\"}]}<\/script>\n<!-- \/ Yoast SEO plugin. -->","yoast_head_json":{"title":"The Ultimate Ski Book (Gabriella Le Breton) - book \/ album - Folio","description":"Wejd\u017a i kup ksi\u0105\u017ck\u0119 The Ultimate Ski Book autorstwa Gabriella Le Breton wydan\u0105 przez teNeues (2019-02-01) w formacie 25 x 32 cm (ISBN: 9783832734114). Zapraszamy!","robots":{"index":"index","follow":"follow","max-snippet":"max-snippet:-1","max-image-preview":"max-image-preview:large","max-video-preview":"max-video-preview:-1"},"canonical":"https:\/\/foliobooks.pl\/en\/shop\/the-ultimate-ski-book\/","og_locale":"en_US","og_type":"article","og_title":"The Ultimate Ski Book (Gabriella Le Breton) - book \/ album - Folio","og_description":"Wejd\u017a i kup ksi\u0105\u017ck\u0119 The Ultimate Ski Book autorstwa Gabriella Le Breton wydan\u0105 przez teNeues (2019-02-01) w formacie 25 x 32 cm (ISBN: 9783832734114). Zapraszamy!","og_url":"https:\/\/foliobooks.pl\/en\/shop\/the-ultimate-ski-book\/","og_site_name":"Folio","article_modified_time":"2024-12-11T14:07:59+00:00","og_image":[{"width":570,"height":708,"url":"https:\/\/foliobooks.pl\/wp-content\/uploads\/2019\/01\/9783832734114.png","type":"image\/png"}],"twitter_card":"summary_large_image","twitter_misc":{"Est. reading time":"1 minute"},"schema":{"@context":"https:\/\/schema.org","@graph":[{"@type":"WebPage","@id":"https:\/\/foliobooks.pl\/en\/shop\/the-ultimate-ski-book\/","url":"https:\/\/foliobooks.pl\/en\/shop\/the-ultimate-ski-book\/","name":"The Ultimate Ski Book (Gabriella Le Breton) - book \/ album - Folio","isPartOf":{"@id":"https:\/\/foliobooks.pl\/en\/#website"},"primaryImageOfPage":{"@id":"https:\/\/foliobooks.pl\/en\/shop\/the-ultimate-ski-book\/#primaryimage"},"image":{"@id":"https:\/\/foliobooks.pl\/en\/shop\/the-ultimate-ski-book\/#primaryimage"},"thumbnailUrl":"https:\/\/foliobooks.pl\/wp-content\/uploads\/2019\/01\/9783832734114.png","datePublished":"2019-01-30T13:35:33+00:00","dateModified":"2024-12-11T14:07:59+00:00","description":"Wejd\u017a i kup ksi\u0105\u017ck\u0119 The Ultimate Ski Book autorstwa Gabriella Le Breton wydan\u0105 przez teNeues (2019-02-01) w formacie 25 x 32 cm (ISBN: 9783832734114). Zapraszamy!","breadcrumb":{"@id":"https:\/\/foliobooks.pl\/en\/shop\/the-ultimate-ski-book\/#breadcrumb"},"inLanguage":"en-US","potentialAction":[{"@type":"ReadAction","target":["https:\/\/foliobooks.pl\/en\/shop\/the-ultimate-ski-book\/"]}]},{"@type":"ImageObject","inLanguage":"en-US","@id":"https:\/\/foliobooks.pl\/en\/shop\/the-ultimate-ski-book\/#primaryimage","url":"https:\/\/foliobooks.pl\/wp-content\/uploads\/2019\/01\/9783832734114.png","contentUrl":"https:\/\/foliobooks.pl\/wp-content\/uploads\/2019\/01\/9783832734114.png","width":570,"height":708},{"@type":"BreadcrumbList","@id":"https:\/\/foliobooks.pl\/en\/shop\/the-ultimate-ski-book\/#breadcrumb","itemListElement":[{"@type":"ListItem","position":1,"name":"Strona g\u0142\u00f3wna","item":"https:\/\/foliobooks.pl\/en\/"},{"@type":"ListItem","position":2,"name":"Shop","item":"https:\/\/foliobooks.pl\/en\/shop\/"},{"@type":"ListItem","position":3,"name":"The Ultimate Ski Book"}]},{"@type":"WebSite","@id":"https:\/\/foliobooks.pl\/en\/#website","url":"https:\/\/foliobooks.pl\/en\/","name":"Folio","description":"Ksi\u0119garnia internetowa","potentialAction":[{"@type":"SearchAction","target":{"@type":"EntryPoint","urlTemplate":"https:\/\/foliobooks.pl\/en\/?s={search_term_string}"},"query-input":{"@type":"PropertyValueSpecification","valueRequired":true,"valueName":"search_term_string"}}],"inLanguage":"en-US"}]}},"_links":{"self":[{"href":"https:\/\/foliobooks.pl\/en\/wp-json\/wp\/v2\/product\/36679","targetHints":{"allow":["GET"]}}],"collection":[{"href":"https:\/\/foliobooks.pl\/en\/wp-json\/wp\/v2\/product"}],"about":[{"href":"https:\/\/foliobooks.pl\/en\/wp-json\/wp\/v2\/types\/product"}],"replies":[{"embeddable":true,"href":"https:\/\/foliobooks.pl\/en\/wp-json\/wp\/v2\/comments?post=36679"}],"wp:featuredmedia":[{"embeddable":true,"href":"https:\/\/foliobooks.pl\/en\/wp-json\/wp\/v2\/media\/36664"}],"wp:attachment":[{"href":"https:\/\/foliobooks.pl\/en\/wp-json\/wp\/v2\/media?parent=36679"}],"wp:term":[{"taxonomy":"product_brand","embeddable":true,"href":"https:\/\/foliobooks.pl\/en\/wp-json\/wp\/v2\/product_brand?post=36679"},{"taxonomy":"product_cat","embeddable":true,"href":"https:\/\/foliobooks.pl\/en\/wp-json\/wp\/v2\/product_cat?post=36679"},{"taxonomy":"product_tag","embeddable":true,"href":"https:\/\/foliobooks.pl\/en\/wp-json\/wp\/v2\/product_tag?post=36679"}],"curies":[{"name":"wp","href":"https:\/\/api.w.org\/{rel}","templated":true}]}}