{"id":36645,"date":"2019-01-30T13:17:32","date_gmt":"2019-01-30T12:17:32","guid":{"rendered":"https:\/\/foliobooks.pl\/sklep\/henri-matisse-cut-outs-drawing-with-scissors-2\/"},"modified":"2019-03-25T15:34:35","modified_gmt":"2019-03-25T14:34:35","slug":"henri-matisse-cut-outs-drawing-with-scissors-2","status":"publish","type":"product","link":"https:\/\/foliobooks.pl\/en\/shop\/henri-matisse-cut-outs-drawing-with-scissors-2\/","title":{"rendered":"Henri Matisse. Cut-outs. Drawing with Scissors"},"content":{"rendered":"<p>Toward the end of his monumental career as a painter, sculptor, and lithographer, an elderly, sickly Matisse was unable to stand and use a paintbrush for long. In this late phase of his life\u2014he was almost 80 years of age\u2014he developed the technique of \u201ccarving into color,\u201d creating bright, bold paper cut-outs. Though dismissed by some contemporary critics as the folly of a senile old man, these gouaches decoup\u00e9es (gouache cut-outs) in fact represented a revolution in modern art, a whole new medium that reimagined the age-old conflict between color and line.<\/p>\n<p>This fresh edition of the first volume of our original award-winning XXL book provides a thorough historical context to Matisse\u2019s cut-outs, tracing their roots in his 1930 trip to Tahiti, through to his final years in Nice. It includes many photos of Matisse, some rare images, by Henri Cartier-Bresson and the filmmaker F. W. Murnau and text from Matisse, publisher E. T\u00e9riade, the poets Louis Aragon, Henri Michaux, and Pierre Reverdy, and Matisse\u2019s son-in-law Georges Duthuit.<\/p>\n<p>In their deceptive simplicity, the cut-outs achieved both a sculptural quality and an early minimalist abstraction which would profoundly influence generations of artists to come. Exuberant, multi-hued, and often grand in scale, these works are true pillars of 20th-century art, and as bold and innovative to behold today as they were in Matisse\u2019s lifetime.<\/p>\n","protected":false},"excerpt":{"rendered":"<p>Toward the end of his monumental career as a painter, sculptor, and lithographer, an elderly, sickly Matisse was unable to stand and use a paintbrush for long. In this late phase of his life\u2014he was almost 80 years of age\u2014he developed the technique of \u201ccarving into color,\u201d creating bright, bold paper cut-outs. Though dismissed by&#8230;<\/p>\n","protected":false},"featured_media":36634,"comment_status":"closed","ping_status":"closed","template":"","meta":[],"product_brand":[],"product_cat":[4522],"product_tag":[9083,2767,1702,11509,154,524,11453,981],"class_list":{"0":"post-36645","1":"product","2":"type-product","3":"status-publish","4":"has-post-thumbnail","6":"product_cat-art-en","7":"product_tag-art-en","8":"product_tag-art-history","9":"product_tag-artists","10":"product_tag-lithography-en","11":"product_tag-monographs","12":"product_tag-painting-en","13":"product_tag-paper-en","14":"product_tag-sculpture-en","15":"pa_author_att-gilles-neret-en","16":"pa_author_att-xavier-gilles-neret-en","17":"pa_cover-hardcover","18":"pa_format-17-x-24-cm-en","19":"pa_isbn-9783836567190-en","20":"pa_language-eng","21":"pa_pages-412-en","22":"pa_published-2018-12-27-en","23":"pa_publisher-taschen-en-en","25":"first","26":"outofstock","27":"sold-individually","28":"shipping-taxable","29":"purchasable","30":"product-type-simple"},"yoast_head":"<!-- This site is optimized with the Yoast SEO plugin v27.6 - https:\/\/yoast.com\/product\/yoast-seo-wordpress\/ -->\n<title>Henri Matisse. Cut-outs. Drawing with Scissors (Gilles Neret, Xavier-Gilles N\u00e9ret) - book \/ album - Folio<\/title>\n<meta name=\"description\" content=\"Wejd\u017a i kup ksi\u0105\u017ck\u0119 Henri Matisse. Cut-outs. Drawing with Scissors autorstwa Gilles Neret, Xavier-Gilles N\u00e9ret wydan\u0105 przez TASCHEN (2018-12-27) w formacie 17 x 24 cm (ISBN: 9783836567190). Zapraszamy!\" \/>\n<meta name=\"robots\" content=\"index, follow, max-snippet:-1, max-image-preview:large, max-video-preview:-1\" \/>\n<link rel=\"canonical\" href=\"https:\/\/foliobooks.pl\/en\/shop\/henri-matisse-cut-outs-drawing-with-scissors-2\/\" \/>\n<meta property=\"og:locale\" content=\"en_US\" \/>\n<meta property=\"og:type\" content=\"article\" \/>\n<meta property=\"og:title\" content=\"Henri Matisse. Cut-outs. Drawing with Scissors (Gilles Neret, Xavier-Gilles N\u00e9ret) - book \/ album - Folio\" \/>\n<meta property=\"og:description\" content=\"Wejd\u017a i kup ksi\u0105\u017ck\u0119 Henri Matisse. Cut-outs. Drawing with Scissors autorstwa Gilles Neret, Xavier-Gilles N\u00e9ret wydan\u0105 przez TASCHEN (2018-12-27) w formacie 17 x 24 cm (ISBN: 9783836567190). Zapraszamy!\" \/>\n<meta property=\"og:url\" content=\"https:\/\/foliobooks.pl\/en\/shop\/henri-matisse-cut-outs-drawing-with-scissors-2\/\" \/>\n<meta property=\"og:site_name\" content=\"Folio\" \/>\n<meta property=\"article:modified_time\" content=\"2019-03-25T14:34:35+00:00\" \/>\n<meta property=\"og:image\" content=\"https:\/\/foliobooks.pl\/wp-content\/uploads\/2019\/01\/9783836567190.png\" \/>\n\t<meta property=\"og:image:width\" content=\"570\" \/>\n\t<meta property=\"og:image:height\" content=\"708\" \/>\n\t<meta property=\"og:image:type\" content=\"image\/png\" \/>\n<meta name=\"twitter:card\" content=\"summary_large_image\" \/>\n<meta name=\"twitter:label1\" content=\"Est. reading time\" \/>\n\t<meta name=\"twitter:data1\" content=\"1 minute\" \/>\n<script type=\"application\/ld+json\" class=\"yoast-schema-graph\">{\"@context\":\"https:\\\/\\\/schema.org\",\"@graph\":[{\"@type\":\"WebPage\",\"@id\":\"https:\\\/\\\/foliobooks.pl\\\/en\\\/shop\\\/henri-matisse-cut-outs-drawing-with-scissors-2\\\/\",\"url\":\"https:\\\/\\\/foliobooks.pl\\\/en\\\/shop\\\/henri-matisse-cut-outs-drawing-with-scissors-2\\\/\",\"name\":\"Henri Matisse. Cut-outs. Drawing with Scissors (Gilles Neret, Xavier-Gilles N\u00e9ret) - book \\\/ album - Folio\",\"isPartOf\":{\"@id\":\"https:\\\/\\\/foliobooks.pl\\\/en\\\/#website\"},\"primaryImageOfPage\":{\"@id\":\"https:\\\/\\\/foliobooks.pl\\\/en\\\/shop\\\/henri-matisse-cut-outs-drawing-with-scissors-2\\\/#primaryimage\"},\"image\":{\"@id\":\"https:\\\/\\\/foliobooks.pl\\\/en\\\/shop\\\/henri-matisse-cut-outs-drawing-with-scissors-2\\\/#primaryimage\"},\"thumbnailUrl\":\"https:\\\/\\\/foliobooks.pl\\\/wp-content\\\/uploads\\\/2019\\\/01\\\/9783836567190.png\",\"datePublished\":\"2019-01-30T12:17:32+00:00\",\"dateModified\":\"2019-03-25T14:34:35+00:00\",\"description\":\"Wejd\u017a i kup ksi\u0105\u017ck\u0119 Henri Matisse. Cut-outs. Drawing with Scissors autorstwa Gilles Neret, Xavier-Gilles N\u00e9ret wydan\u0105 przez TASCHEN (2018-12-27) w formacie 17 x 24 cm (ISBN: 9783836567190). Zapraszamy!\",\"breadcrumb\":{\"@id\":\"https:\\\/\\\/foliobooks.pl\\\/en\\\/shop\\\/henri-matisse-cut-outs-drawing-with-scissors-2\\\/#breadcrumb\"},\"inLanguage\":\"en-US\",\"potentialAction\":[{\"@type\":\"ReadAction\",\"target\":[\"https:\\\/\\\/foliobooks.pl\\\/en\\\/shop\\\/henri-matisse-cut-outs-drawing-with-scissors-2\\\/\"]}]},{\"@type\":\"ImageObject\",\"inLanguage\":\"en-US\",\"@id\":\"https:\\\/\\\/foliobooks.pl\\\/en\\\/shop\\\/henri-matisse-cut-outs-drawing-with-scissors-2\\\/#primaryimage\",\"url\":\"https:\\\/\\\/foliobooks.pl\\\/wp-content\\\/uploads\\\/2019\\\/01\\\/9783836567190.png\",\"contentUrl\":\"https:\\\/\\\/foliobooks.pl\\\/wp-content\\\/uploads\\\/2019\\\/01\\\/9783836567190.png\",\"width\":570,\"height\":708},{\"@type\":\"BreadcrumbList\",\"@id\":\"https:\\\/\\\/foliobooks.pl\\\/en\\\/shop\\\/henri-matisse-cut-outs-drawing-with-scissors-2\\\/#breadcrumb\",\"itemListElement\":[{\"@type\":\"ListItem\",\"position\":1,\"name\":\"Strona g\u0142\u00f3wna\",\"item\":\"https:\\\/\\\/foliobooks.pl\\\/en\\\/\"},{\"@type\":\"ListItem\",\"position\":2,\"name\":\"Shop\",\"item\":\"https:\\\/\\\/foliobooks.pl\\\/en\\\/shop\\\/\"},{\"@type\":\"ListItem\",\"position\":3,\"name\":\"Henri Matisse. Cut-outs. Drawing with Scissors\"}]},{\"@type\":\"WebSite\",\"@id\":\"https:\\\/\\\/foliobooks.pl\\\/en\\\/#website\",\"url\":\"https:\\\/\\\/foliobooks.pl\\\/en\\\/\",\"name\":\"Folio\",\"description\":\"Ksi\u0119garnia internetowa\",\"potentialAction\":[{\"@type\":\"SearchAction\",\"target\":{\"@type\":\"EntryPoint\",\"urlTemplate\":\"https:\\\/\\\/foliobooks.pl\\\/en\\\/?s={search_term_string}\"},\"query-input\":{\"@type\":\"PropertyValueSpecification\",\"valueRequired\":true,\"valueName\":\"search_term_string\"}}],\"inLanguage\":\"en-US\"}]}<\/script>\n<!-- \/ Yoast SEO plugin. -->","yoast_head_json":{"title":"Henri Matisse. Cut-outs. Drawing with Scissors (Gilles Neret, Xavier-Gilles N\u00e9ret) - book \/ album - Folio","description":"Wejd\u017a i kup ksi\u0105\u017ck\u0119 Henri Matisse. Cut-outs. Drawing with Scissors autorstwa Gilles Neret, Xavier-Gilles N\u00e9ret wydan\u0105 przez TASCHEN (2018-12-27) w formacie 17 x 24 cm (ISBN: 9783836567190). Zapraszamy!","robots":{"index":"index","follow":"follow","max-snippet":"max-snippet:-1","max-image-preview":"max-image-preview:large","max-video-preview":"max-video-preview:-1"},"canonical":"https:\/\/foliobooks.pl\/en\/shop\/henri-matisse-cut-outs-drawing-with-scissors-2\/","og_locale":"en_US","og_type":"article","og_title":"Henri Matisse. Cut-outs. Drawing with Scissors (Gilles Neret, Xavier-Gilles N\u00e9ret) - book \/ album - Folio","og_description":"Wejd\u017a i kup ksi\u0105\u017ck\u0119 Henri Matisse. Cut-outs. Drawing with Scissors autorstwa Gilles Neret, Xavier-Gilles N\u00e9ret wydan\u0105 przez TASCHEN (2018-12-27) w formacie 17 x 24 cm (ISBN: 9783836567190). Zapraszamy!","og_url":"https:\/\/foliobooks.pl\/en\/shop\/henri-matisse-cut-outs-drawing-with-scissors-2\/","og_site_name":"Folio","article_modified_time":"2019-03-25T14:34:35+00:00","og_image":[{"width":570,"height":708,"url":"https:\/\/foliobooks.pl\/wp-content\/uploads\/2019\/01\/9783836567190.png","type":"image\/png"}],"twitter_card":"summary_large_image","twitter_misc":{"Est. reading time":"1 minute"},"schema":{"@context":"https:\/\/schema.org","@graph":[{"@type":"WebPage","@id":"https:\/\/foliobooks.pl\/en\/shop\/henri-matisse-cut-outs-drawing-with-scissors-2\/","url":"https:\/\/foliobooks.pl\/en\/shop\/henri-matisse-cut-outs-drawing-with-scissors-2\/","name":"Henri Matisse. Cut-outs. Drawing with Scissors (Gilles Neret, Xavier-Gilles N\u00e9ret) - book \/ album - Folio","isPartOf":{"@id":"https:\/\/foliobooks.pl\/en\/#website"},"primaryImageOfPage":{"@id":"https:\/\/foliobooks.pl\/en\/shop\/henri-matisse-cut-outs-drawing-with-scissors-2\/#primaryimage"},"image":{"@id":"https:\/\/foliobooks.pl\/en\/shop\/henri-matisse-cut-outs-drawing-with-scissors-2\/#primaryimage"},"thumbnailUrl":"https:\/\/foliobooks.pl\/wp-content\/uploads\/2019\/01\/9783836567190.png","datePublished":"2019-01-30T12:17:32+00:00","dateModified":"2019-03-25T14:34:35+00:00","description":"Wejd\u017a i kup ksi\u0105\u017ck\u0119 Henri Matisse. Cut-outs. Drawing with Scissors autorstwa Gilles Neret, Xavier-Gilles N\u00e9ret wydan\u0105 przez TASCHEN (2018-12-27) w formacie 17 x 24 cm (ISBN: 9783836567190). Zapraszamy!","breadcrumb":{"@id":"https:\/\/foliobooks.pl\/en\/shop\/henri-matisse-cut-outs-drawing-with-scissors-2\/#breadcrumb"},"inLanguage":"en-US","potentialAction":[{"@type":"ReadAction","target":["https:\/\/foliobooks.pl\/en\/shop\/henri-matisse-cut-outs-drawing-with-scissors-2\/"]}]},{"@type":"ImageObject","inLanguage":"en-US","@id":"https:\/\/foliobooks.pl\/en\/shop\/henri-matisse-cut-outs-drawing-with-scissors-2\/#primaryimage","url":"https:\/\/foliobooks.pl\/wp-content\/uploads\/2019\/01\/9783836567190.png","contentUrl":"https:\/\/foliobooks.pl\/wp-content\/uploads\/2019\/01\/9783836567190.png","width":570,"height":708},{"@type":"BreadcrumbList","@id":"https:\/\/foliobooks.pl\/en\/shop\/henri-matisse-cut-outs-drawing-with-scissors-2\/#breadcrumb","itemListElement":[{"@type":"ListItem","position":1,"name":"Strona g\u0142\u00f3wna","item":"https:\/\/foliobooks.pl\/en\/"},{"@type":"ListItem","position":2,"name":"Shop","item":"https:\/\/foliobooks.pl\/en\/shop\/"},{"@type":"ListItem","position":3,"name":"Henri Matisse. Cut-outs. Drawing with Scissors"}]},{"@type":"WebSite","@id":"https:\/\/foliobooks.pl\/en\/#website","url":"https:\/\/foliobooks.pl\/en\/","name":"Folio","description":"Ksi\u0119garnia internetowa","potentialAction":[{"@type":"SearchAction","target":{"@type":"EntryPoint","urlTemplate":"https:\/\/foliobooks.pl\/en\/?s={search_term_string}"},"query-input":{"@type":"PropertyValueSpecification","valueRequired":true,"valueName":"search_term_string"}}],"inLanguage":"en-US"}]}},"_links":{"self":[{"href":"https:\/\/foliobooks.pl\/en\/wp-json\/wp\/v2\/product\/36645","targetHints":{"allow":["GET"]}}],"collection":[{"href":"https:\/\/foliobooks.pl\/en\/wp-json\/wp\/v2\/product"}],"about":[{"href":"https:\/\/foliobooks.pl\/en\/wp-json\/wp\/v2\/types\/product"}],"replies":[{"embeddable":true,"href":"https:\/\/foliobooks.pl\/en\/wp-json\/wp\/v2\/comments?post=36645"}],"wp:featuredmedia":[{"embeddable":true,"href":"https:\/\/foliobooks.pl\/en\/wp-json\/wp\/v2\/media\/36634"}],"wp:attachment":[{"href":"https:\/\/foliobooks.pl\/en\/wp-json\/wp\/v2\/media?parent=36645"}],"wp:term":[{"taxonomy":"product_brand","embeddable":true,"href":"https:\/\/foliobooks.pl\/en\/wp-json\/wp\/v2\/product_brand?post=36645"},{"taxonomy":"product_cat","embeddable":true,"href":"https:\/\/foliobooks.pl\/en\/wp-json\/wp\/v2\/product_cat?post=36645"},{"taxonomy":"product_tag","embeddable":true,"href":"https:\/\/foliobooks.pl\/en\/wp-json\/wp\/v2\/product_tag?post=36645"}],"curies":[{"name":"wp","href":"https:\/\/api.w.org\/{rel}","templated":true}]}}