{"id":36630,"date":"2019-01-30T13:05:34","date_gmt":"2019-01-30T12:05:34","guid":{"rendered":"https:\/\/foliobooks.pl\/sklep\/theuerdank-the-epic-of-the-last-knight\/"},"modified":"2020-06-30T15:00:48","modified_gmt":"2020-06-30T13:00:48","slug":"theuerdank-the-epic-of-the-last-knight","status":"publish","type":"product","link":"https:\/\/foliobooks.pl\/en\/shop\/theuerdank-the-epic-of-the-last-knight\/","title":{"rendered":"Theuerdank. The Epic of the Last Knight"},"content":{"rendered":"<p>The amazing tales of the knight Theuerdank and his companion Ehrenhold constitute the last great epic verse of the late Middle Ages. The courageous knight\u2019s journey to woo his future wife, Mary of Burgundy, and his triumph in battles and other perilous acts of bravery are the focus of this highly embellished \u201creal-life\u201d story of Emperor Maximilian I (1459\u20131519).<\/p>\n<p>A king of Germany before becoming Holy Roman Emperor in 1508, Maximilian was a great patron of the arts, but also the first modern-age ruler to recognize its potential for propaganda. He commissioned a trilogy of luxurious illustrated books to immortalize his existence, among them Theuerdank\u2014the only volume to be published during his lifetime, composed by Melchior Pfinzing, based on Maximilian\u2019s rather fanciful draft.<\/p>\n<p>The 118 ornate, gold-adorned woodcuts\u2014one for each chapter\u2014were made by Hans Burgkmair the Elder, Hans Sch\u00e4ufelein, and Leonhard Beck, while the typeface (known as the Theuerdank typeface and marked by striking \u201celephant trunks\u201d) was especially designed for the book by the printing workshop of Hans Sch\u00f6nsperger the Elder.<\/p>\n<p>This edition, inspired by an extremely rare hand-colored original from the Bayerische Staatsbibliothek, Munich, comes with an essay by Stephan F\u00fcssel (covering Maximilian\u2019s life and work, as well as his role in the art of printing and use of printed materials) and selections from Melchior Pfinzing\u2019s clavis, or \u201ckey,\u201d which was included in the original to kindly point out to Maximilian\u2019s contemporaries exactly what part of the tales were more fiction than fact.<\/p>\n<p>The collection also showcases the famed \u201celephant trunks\u201d typeface in double-spread fascimiles\u2014true to the original down to every stain and smudge. A chapter-by-chapter retelling of the tales in modern vernacular sheds light on the narrative strategy and real events behind the allegories.<\/p>\n","protected":false},"excerpt":{"rendered":"<p>The amazing tales of the knight Theuerdank and his companion Ehrenhold constitute the last great epic verse of the late Middle Ages. The courageous knight\u2019s journey to woo his future wife, Mary of Burgundy, and his triumph in battles and other perilous acts of bravery are the focus of this highly embellished \u201creal-life\u201d story of&#8230;<\/p>\n","protected":false},"featured_media":36617,"comment_status":"closed","ping_status":"closed","template":"","meta":[],"product_brand":[],"product_cat":[4523,4525],"product_tag":[2253,1681,1649],"class_list":{"0":"post-36630","1":"product","2":"type-product","3":"status-publish","4":"has-post-thumbnail","6":"product_cat-design-en-en","7":"product_cat-graphic-design","8":"product_tag-graphics","9":"product_tag-history","10":"product_tag-illustration","11":"pa_author_att-stephan-fussel-en","12":"pa_cover-hardcover","13":"pa_format-17-x-24-cm-en","14":"pa_isbn-9783836566209-en","15":"pa_language-eng","16":"pa_pages-398-en","17":"pa_published-2018-11-09-en","18":"pa_publisher-taschen-en-en","20":"first","21":"outofstock","22":"sold-individually","23":"shipping-taxable","24":"purchasable","25":"product-type-simple"},"yoast_head":"<!-- This site is optimized with the Yoast SEO plugin v27.4 - https:\/\/yoast.com\/product\/yoast-seo-wordpress\/ -->\n<title>Theuerdank. The Epic of the Last Knight (Stephan F\u00fcssel) - book \/ album - Folio<\/title>\n<meta name=\"description\" content=\"Wejd\u017a i kup ksi\u0105\u017ck\u0119 Theuerdank. The Epic of the Last Knight autorstwa Stephan F\u00fcssel wydan\u0105 przez TASCHEN (2018-11-09) w formacie 17 x 24 cm (ISBN: 9783836566209). Zapraszamy!\" \/>\n<meta name=\"robots\" content=\"index, follow, max-snippet:-1, max-image-preview:large, max-video-preview:-1\" \/>\n<link rel=\"canonical\" href=\"https:\/\/foliobooks.pl\/en\/shop\/theuerdank-the-epic-of-the-last-knight\/\" \/>\n<meta property=\"og:locale\" content=\"en_US\" \/>\n<meta property=\"og:type\" content=\"article\" \/>\n<meta property=\"og:title\" content=\"Theuerdank. The Epic of the Last Knight (Stephan F\u00fcssel) - book \/ album - Folio\" \/>\n<meta property=\"og:description\" content=\"Wejd\u017a i kup ksi\u0105\u017ck\u0119 Theuerdank. The Epic of the Last Knight autorstwa Stephan F\u00fcssel wydan\u0105 przez TASCHEN (2018-11-09) w formacie 17 x 24 cm (ISBN: 9783836566209). Zapraszamy!\" \/>\n<meta property=\"og:url\" content=\"https:\/\/foliobooks.pl\/en\/shop\/theuerdank-the-epic-of-the-last-knight\/\" \/>\n<meta property=\"og:site_name\" content=\"Folio\" \/>\n<meta property=\"article:modified_time\" content=\"2020-06-30T13:00:48+00:00\" \/>\n<meta property=\"og:image\" content=\"https:\/\/foliobooks.pl\/wp-content\/uploads\/2019\/01\/9783836566209.png\" \/>\n\t<meta property=\"og:image:width\" content=\"570\" \/>\n\t<meta property=\"og:image:height\" content=\"708\" \/>\n\t<meta property=\"og:image:type\" content=\"image\/png\" \/>\n<meta name=\"twitter:card\" content=\"summary_large_image\" \/>\n<meta name=\"twitter:label1\" content=\"Est. reading time\" \/>\n\t<meta name=\"twitter:data1\" content=\"1 minute\" \/>\n<script type=\"application\/ld+json\" class=\"yoast-schema-graph\">{\"@context\":\"https:\\\/\\\/schema.org\",\"@graph\":[{\"@type\":\"WebPage\",\"@id\":\"https:\\\/\\\/foliobooks.pl\\\/en\\\/shop\\\/theuerdank-the-epic-of-the-last-knight\\\/\",\"url\":\"https:\\\/\\\/foliobooks.pl\\\/en\\\/shop\\\/theuerdank-the-epic-of-the-last-knight\\\/\",\"name\":\"Theuerdank. The Epic of the Last Knight (Stephan F\u00fcssel) - book \\\/ album - Folio\",\"isPartOf\":{\"@id\":\"https:\\\/\\\/foliobooks.pl\\\/en\\\/#website\"},\"primaryImageOfPage\":{\"@id\":\"https:\\\/\\\/foliobooks.pl\\\/en\\\/shop\\\/theuerdank-the-epic-of-the-last-knight\\\/#primaryimage\"},\"image\":{\"@id\":\"https:\\\/\\\/foliobooks.pl\\\/en\\\/shop\\\/theuerdank-the-epic-of-the-last-knight\\\/#primaryimage\"},\"thumbnailUrl\":\"https:\\\/\\\/foliobooks.pl\\\/wp-content\\\/uploads\\\/2019\\\/01\\\/9783836566209.png\",\"datePublished\":\"2019-01-30T12:05:34+00:00\",\"dateModified\":\"2020-06-30T13:00:48+00:00\",\"description\":\"Wejd\u017a i kup ksi\u0105\u017ck\u0119 Theuerdank. The Epic of the Last Knight autorstwa Stephan F\u00fcssel wydan\u0105 przez TASCHEN (2018-11-09) w formacie 17 x 24 cm (ISBN: 9783836566209). Zapraszamy!\",\"breadcrumb\":{\"@id\":\"https:\\\/\\\/foliobooks.pl\\\/en\\\/shop\\\/theuerdank-the-epic-of-the-last-knight\\\/#breadcrumb\"},\"inLanguage\":\"en-US\",\"potentialAction\":[{\"@type\":\"ReadAction\",\"target\":[\"https:\\\/\\\/foliobooks.pl\\\/en\\\/shop\\\/theuerdank-the-epic-of-the-last-knight\\\/\"]}]},{\"@type\":\"ImageObject\",\"inLanguage\":\"en-US\",\"@id\":\"https:\\\/\\\/foliobooks.pl\\\/en\\\/shop\\\/theuerdank-the-epic-of-the-last-knight\\\/#primaryimage\",\"url\":\"https:\\\/\\\/foliobooks.pl\\\/wp-content\\\/uploads\\\/2019\\\/01\\\/9783836566209.png\",\"contentUrl\":\"https:\\\/\\\/foliobooks.pl\\\/wp-content\\\/uploads\\\/2019\\\/01\\\/9783836566209.png\",\"width\":570,\"height\":708},{\"@type\":\"BreadcrumbList\",\"@id\":\"https:\\\/\\\/foliobooks.pl\\\/en\\\/shop\\\/theuerdank-the-epic-of-the-last-knight\\\/#breadcrumb\",\"itemListElement\":[{\"@type\":\"ListItem\",\"position\":1,\"name\":\"Strona g\u0142\u00f3wna\",\"item\":\"https:\\\/\\\/foliobooks.pl\\\/en\\\/\"},{\"@type\":\"ListItem\",\"position\":2,\"name\":\"Shop\",\"item\":\"https:\\\/\\\/foliobooks.pl\\\/en\\\/shop\\\/\"},{\"@type\":\"ListItem\",\"position\":3,\"name\":\"Theuerdank. The Epic of the Last Knight\"}]},{\"@type\":\"WebSite\",\"@id\":\"https:\\\/\\\/foliobooks.pl\\\/en\\\/#website\",\"url\":\"https:\\\/\\\/foliobooks.pl\\\/en\\\/\",\"name\":\"Folio\",\"description\":\"Ksi\u0119garnia internetowa\",\"potentialAction\":[{\"@type\":\"SearchAction\",\"target\":{\"@type\":\"EntryPoint\",\"urlTemplate\":\"https:\\\/\\\/foliobooks.pl\\\/en\\\/?s={search_term_string}\"},\"query-input\":{\"@type\":\"PropertyValueSpecification\",\"valueRequired\":true,\"valueName\":\"search_term_string\"}}],\"inLanguage\":\"en-US\"}]}<\/script>\n<!-- \/ Yoast SEO plugin. -->","yoast_head_json":{"title":"Theuerdank. The Epic of the Last Knight (Stephan F\u00fcssel) - book \/ album - Folio","description":"Wejd\u017a i kup ksi\u0105\u017ck\u0119 Theuerdank. The Epic of the Last Knight autorstwa Stephan F\u00fcssel wydan\u0105 przez TASCHEN (2018-11-09) w formacie 17 x 24 cm (ISBN: 9783836566209). Zapraszamy!","robots":{"index":"index","follow":"follow","max-snippet":"max-snippet:-1","max-image-preview":"max-image-preview:large","max-video-preview":"max-video-preview:-1"},"canonical":"https:\/\/foliobooks.pl\/en\/shop\/theuerdank-the-epic-of-the-last-knight\/","og_locale":"en_US","og_type":"article","og_title":"Theuerdank. The Epic of the Last Knight (Stephan F\u00fcssel) - book \/ album - Folio","og_description":"Wejd\u017a i kup ksi\u0105\u017ck\u0119 Theuerdank. The Epic of the Last Knight autorstwa Stephan F\u00fcssel wydan\u0105 przez TASCHEN (2018-11-09) w formacie 17 x 24 cm (ISBN: 9783836566209). Zapraszamy!","og_url":"https:\/\/foliobooks.pl\/en\/shop\/theuerdank-the-epic-of-the-last-knight\/","og_site_name":"Folio","article_modified_time":"2020-06-30T13:00:48+00:00","og_image":[{"width":570,"height":708,"url":"https:\/\/foliobooks.pl\/wp-content\/uploads\/2019\/01\/9783836566209.png","type":"image\/png"}],"twitter_card":"summary_large_image","twitter_misc":{"Est. reading time":"1 minute"},"schema":{"@context":"https:\/\/schema.org","@graph":[{"@type":"WebPage","@id":"https:\/\/foliobooks.pl\/en\/shop\/theuerdank-the-epic-of-the-last-knight\/","url":"https:\/\/foliobooks.pl\/en\/shop\/theuerdank-the-epic-of-the-last-knight\/","name":"Theuerdank. The Epic of the Last Knight (Stephan F\u00fcssel) - book \/ album - Folio","isPartOf":{"@id":"https:\/\/foliobooks.pl\/en\/#website"},"primaryImageOfPage":{"@id":"https:\/\/foliobooks.pl\/en\/shop\/theuerdank-the-epic-of-the-last-knight\/#primaryimage"},"image":{"@id":"https:\/\/foliobooks.pl\/en\/shop\/theuerdank-the-epic-of-the-last-knight\/#primaryimage"},"thumbnailUrl":"https:\/\/foliobooks.pl\/wp-content\/uploads\/2019\/01\/9783836566209.png","datePublished":"2019-01-30T12:05:34+00:00","dateModified":"2020-06-30T13:00:48+00:00","description":"Wejd\u017a i kup ksi\u0105\u017ck\u0119 Theuerdank. The Epic of the Last Knight autorstwa Stephan F\u00fcssel wydan\u0105 przez TASCHEN (2018-11-09) w formacie 17 x 24 cm (ISBN: 9783836566209). Zapraszamy!","breadcrumb":{"@id":"https:\/\/foliobooks.pl\/en\/shop\/theuerdank-the-epic-of-the-last-knight\/#breadcrumb"},"inLanguage":"en-US","potentialAction":[{"@type":"ReadAction","target":["https:\/\/foliobooks.pl\/en\/shop\/theuerdank-the-epic-of-the-last-knight\/"]}]},{"@type":"ImageObject","inLanguage":"en-US","@id":"https:\/\/foliobooks.pl\/en\/shop\/theuerdank-the-epic-of-the-last-knight\/#primaryimage","url":"https:\/\/foliobooks.pl\/wp-content\/uploads\/2019\/01\/9783836566209.png","contentUrl":"https:\/\/foliobooks.pl\/wp-content\/uploads\/2019\/01\/9783836566209.png","width":570,"height":708},{"@type":"BreadcrumbList","@id":"https:\/\/foliobooks.pl\/en\/shop\/theuerdank-the-epic-of-the-last-knight\/#breadcrumb","itemListElement":[{"@type":"ListItem","position":1,"name":"Strona g\u0142\u00f3wna","item":"https:\/\/foliobooks.pl\/en\/"},{"@type":"ListItem","position":2,"name":"Shop","item":"https:\/\/foliobooks.pl\/en\/shop\/"},{"@type":"ListItem","position":3,"name":"Theuerdank. The Epic of the Last Knight"}]},{"@type":"WebSite","@id":"https:\/\/foliobooks.pl\/en\/#website","url":"https:\/\/foliobooks.pl\/en\/","name":"Folio","description":"Ksi\u0119garnia internetowa","potentialAction":[{"@type":"SearchAction","target":{"@type":"EntryPoint","urlTemplate":"https:\/\/foliobooks.pl\/en\/?s={search_term_string}"},"query-input":{"@type":"PropertyValueSpecification","valueRequired":true,"valueName":"search_term_string"}}],"inLanguage":"en-US"}]}},"_links":{"self":[{"href":"https:\/\/foliobooks.pl\/en\/wp-json\/wp\/v2\/product\/36630","targetHints":{"allow":["GET"]}}],"collection":[{"href":"https:\/\/foliobooks.pl\/en\/wp-json\/wp\/v2\/product"}],"about":[{"href":"https:\/\/foliobooks.pl\/en\/wp-json\/wp\/v2\/types\/product"}],"replies":[{"embeddable":true,"href":"https:\/\/foliobooks.pl\/en\/wp-json\/wp\/v2\/comments?post=36630"}],"wp:featuredmedia":[{"embeddable":true,"href":"https:\/\/foliobooks.pl\/en\/wp-json\/wp\/v2\/media\/36617"}],"wp:attachment":[{"href":"https:\/\/foliobooks.pl\/en\/wp-json\/wp\/v2\/media?parent=36630"}],"wp:term":[{"taxonomy":"product_brand","embeddable":true,"href":"https:\/\/foliobooks.pl\/en\/wp-json\/wp\/v2\/product_brand?post=36630"},{"taxonomy":"product_cat","embeddable":true,"href":"https:\/\/foliobooks.pl\/en\/wp-json\/wp\/v2\/product_cat?post=36630"},{"taxonomy":"product_tag","embeddable":true,"href":"https:\/\/foliobooks.pl\/en\/wp-json\/wp\/v2\/product_tag?post=36630"}],"curies":[{"name":"wp","href":"https:\/\/api.w.org\/{rel}","templated":true}]}}