{"id":36579,"date":"2019-01-30T12:14:43","date_gmt":"2019-01-30T11:14:43","guid":{"rendered":"https:\/\/foliobooks.pl\/sklep\/annie-leibovitz-the-early-years-1970-1983\/"},"modified":"2024-08-06T13:00:28","modified_gmt":"2024-08-06T11:00:28","slug":"annie-leibovitz-the-early-years-1970-1983","status":"publish","type":"product","link":"https:\/\/foliobooks.pl\/en\/shop\/annie-leibovitz-the-early-years-1970-1983\/","title":{"rendered":"Annie Leibovitz: The Early Years, 1970\u20131983"},"content":{"rendered":"<p>For more than half a century, Annie Leibovitz has been taking culture-defining photographs. Her portraits of politicians, performers, athletes, businesspeople, and royalty make up a gallery of our time, imprinted on our collective consciousness by both the singularity of their subjects and Leibovitz\u2019s inimitable style.<\/p>\n<p>The catalogue to an installation at the LUMA Foundation in Arles, France, Annie Leibovitz: The Early Years, 1970\u20131983 returns to Leibovitz\u2019s origins. It begins with a moment of artistic revelation: the spontaneous shot that made Leibovitz think she could transition from painting to photography as her area of study at the San Francisco Art Institute. The meticulously and personally curated collection, including contact sheets and Polaroids, provides a vivid document both of Leibovitz\u2019s development as a young artist and of a pivotal era.<\/p>\n<p>Leibovitz\u2019s reportage-like photo stories for Rolling Stone, which she began working for when she was still a student, record such heady political, cultural, and counter-cultural developments as the Vietnam War protests, the launch of Apollo 17, the presidential campaign of 1972, Richard Nixon\u2019s resignation in 1974, and the Rolling Stones on tour in 1975. Then, as now, Leibovitz won the trust of the prominent and famous, and the book\u2019s pages are animated by many familiar faces, among them Muhammad Ali, Mick Jagger, Keith Richards, Ken Kesey, Patti Smith, Bruce Springsteen, Joan Didion, and Debbie Harry, as well as John Lennon and Yoko Ono, captured in their now iconic embrace just hours before Lennon was assassinated.<\/p>\n<p>Throughout the book, the portraits and reportage are linked to images of cars, driving, and even a series on California highway patrolmen. In many ways, it\u2019s a celebration of life on the road\u2014the frenetic rhythms, the chance encounters, the meditative opportunities. And with its rich archival aspects, it is also a tribute to an earlier time and a young photographer enmeshed in a culture that was itself in transition.<\/p>\n","protected":false},"excerpt":{"rendered":"<p>For more than half a century, Annie Leibovitz has been taking culture-defining photographs. Her portraits of politicians, performers, athletes, businesspeople, and royalty make up a gallery of our time, imprinted on our collective consciousness by both the singularity of their subjects and Leibovitz\u2019s inimitable style. The catalogue to an installation at the LUMA Foundation in&#8230;<\/p>\n","protected":false},"featured_media":36566,"comment_status":"closed","ping_status":"closed","template":"","meta":[],"product_brand":[],"product_cat":[4517],"product_tag":[11529,1146,154,6121],"class_list":{"0":"post-36579","1":"product","2":"type-product","3":"status-publish","4":"has-post-thumbnail","6":"product_cat-photography-en","7":"product_tag-documentary-photography-en","8":"product_tag-great-masters-en","9":"product_tag-monographs","10":"product_tag-photography","11":"pa_author_att-annie-leibovitz-en","12":"pa_author_att-jann-s-wenner-en","13":"pa_author_att-luc-sante-en","14":"pa_cover-hardcover","15":"pa_format-216-x-27-cm-en","16":"pa_isbn-9783836571890-en","17":"pa_language-eng-f-ger","18":"pa_pages-169-en","19":"pa_published-2018-11-15-en","20":"pa_publisher-taschen-en-en","22":"first","23":"outofstock","24":"sold-individually","25":"shipping-taxable","26":"purchasable","27":"product-type-simple"},"yoast_head":"<!-- This site is optimized with the Yoast SEO plugin v27.4 - https:\/\/yoast.com\/product\/yoast-seo-wordpress\/ -->\n<title>Annie Leibovitz: The Early Years, 1970\u20131983 (Annie Leibovitz, Jann S. Wenner, Luc Sante) - book \/ album - Folio<\/title>\n<meta name=\"description\" content=\"Wejd\u017a i kup ksi\u0105\u017ck\u0119 Annie Leibovitz: The Early Years, 1970\u20131983 autorstwa Annie Leibovitz, Jann S. Wenner, Luc Sante wydan\u0105 przez TASCHEN (2018-11-15) w formacie 21,6 x 27 cm (ISBN: 9783836571890). Zapraszamy!\" \/>\n<meta name=\"robots\" content=\"index, follow, max-snippet:-1, max-image-preview:large, max-video-preview:-1\" \/>\n<link rel=\"canonical\" href=\"https:\/\/foliobooks.pl\/en\/shop\/annie-leibovitz-the-early-years-1970-1983\/\" \/>\n<meta property=\"og:locale\" content=\"en_US\" \/>\n<meta property=\"og:type\" content=\"article\" \/>\n<meta property=\"og:title\" content=\"Annie Leibovitz: The Early Years, 1970\u20131983 (Annie Leibovitz, Jann S. Wenner, Luc Sante) - book \/ album - Folio\" \/>\n<meta property=\"og:description\" content=\"Wejd\u017a i kup ksi\u0105\u017ck\u0119 Annie Leibovitz: The Early Years, 1970\u20131983 autorstwa Annie Leibovitz, Jann S. Wenner, Luc Sante wydan\u0105 przez TASCHEN (2018-11-15) w formacie 21,6 x 27 cm (ISBN: 9783836571890). Zapraszamy!\" \/>\n<meta property=\"og:url\" content=\"https:\/\/foliobooks.pl\/en\/shop\/annie-leibovitz-the-early-years-1970-1983\/\" \/>\n<meta property=\"og:site_name\" content=\"Folio\" \/>\n<meta property=\"article:modified_time\" content=\"2024-08-06T11:00:28+00:00\" \/>\n<meta property=\"og:image\" content=\"https:\/\/foliobooks.pl\/wp-content\/uploads\/2019\/01\/9783836571890.png\" \/>\n\t<meta property=\"og:image:width\" content=\"570\" \/>\n\t<meta property=\"og:image:height\" content=\"708\" \/>\n\t<meta property=\"og:image:type\" content=\"image\/png\" \/>\n<meta name=\"twitter:card\" content=\"summary_large_image\" \/>\n<meta name=\"twitter:label1\" content=\"Est. reading time\" \/>\n\t<meta name=\"twitter:data1\" content=\"2 minutes\" \/>\n<script type=\"application\/ld+json\" class=\"yoast-schema-graph\">{\"@context\":\"https:\\\/\\\/schema.org\",\"@graph\":[{\"@type\":\"WebPage\",\"@id\":\"https:\\\/\\\/foliobooks.pl\\\/en\\\/shop\\\/annie-leibovitz-the-early-years-1970-1983\\\/\",\"url\":\"https:\\\/\\\/foliobooks.pl\\\/en\\\/shop\\\/annie-leibovitz-the-early-years-1970-1983\\\/\",\"name\":\"Annie Leibovitz: The Early Years, 1970\u20131983 (Annie Leibovitz, Jann S. Wenner, Luc Sante) - book \\\/ album - Folio\",\"isPartOf\":{\"@id\":\"https:\\\/\\\/foliobooks.pl\\\/en\\\/#website\"},\"primaryImageOfPage\":{\"@id\":\"https:\\\/\\\/foliobooks.pl\\\/en\\\/shop\\\/annie-leibovitz-the-early-years-1970-1983\\\/#primaryimage\"},\"image\":{\"@id\":\"https:\\\/\\\/foliobooks.pl\\\/en\\\/shop\\\/annie-leibovitz-the-early-years-1970-1983\\\/#primaryimage\"},\"thumbnailUrl\":\"https:\\\/\\\/foliobooks.pl\\\/wp-content\\\/uploads\\\/2019\\\/01\\\/9783836571890.png\",\"datePublished\":\"2019-01-30T11:14:43+00:00\",\"dateModified\":\"2024-08-06T11:00:28+00:00\",\"description\":\"Wejd\u017a i kup ksi\u0105\u017ck\u0119 Annie Leibovitz: The Early Years, 1970\u20131983 autorstwa Annie Leibovitz, Jann S. Wenner, Luc Sante wydan\u0105 przez TASCHEN (2018-11-15) w formacie 21,6 x 27 cm (ISBN: 9783836571890). Zapraszamy!\",\"breadcrumb\":{\"@id\":\"https:\\\/\\\/foliobooks.pl\\\/en\\\/shop\\\/annie-leibovitz-the-early-years-1970-1983\\\/#breadcrumb\"},\"inLanguage\":\"en-US\",\"potentialAction\":[{\"@type\":\"ReadAction\",\"target\":[\"https:\\\/\\\/foliobooks.pl\\\/en\\\/shop\\\/annie-leibovitz-the-early-years-1970-1983\\\/\"]}]},{\"@type\":\"ImageObject\",\"inLanguage\":\"en-US\",\"@id\":\"https:\\\/\\\/foliobooks.pl\\\/en\\\/shop\\\/annie-leibovitz-the-early-years-1970-1983\\\/#primaryimage\",\"url\":\"https:\\\/\\\/foliobooks.pl\\\/wp-content\\\/uploads\\\/2019\\\/01\\\/9783836571890.png\",\"contentUrl\":\"https:\\\/\\\/foliobooks.pl\\\/wp-content\\\/uploads\\\/2019\\\/01\\\/9783836571890.png\",\"width\":570,\"height\":708},{\"@type\":\"BreadcrumbList\",\"@id\":\"https:\\\/\\\/foliobooks.pl\\\/en\\\/shop\\\/annie-leibovitz-the-early-years-1970-1983\\\/#breadcrumb\",\"itemListElement\":[{\"@type\":\"ListItem\",\"position\":1,\"name\":\"Strona g\u0142\u00f3wna\",\"item\":\"https:\\\/\\\/foliobooks.pl\\\/en\\\/\"},{\"@type\":\"ListItem\",\"position\":2,\"name\":\"Shop\",\"item\":\"https:\\\/\\\/foliobooks.pl\\\/en\\\/shop\\\/\"},{\"@type\":\"ListItem\",\"position\":3,\"name\":\"Annie Leibovitz: The Early Years, 1970\u20131983\"}]},{\"@type\":\"WebSite\",\"@id\":\"https:\\\/\\\/foliobooks.pl\\\/en\\\/#website\",\"url\":\"https:\\\/\\\/foliobooks.pl\\\/en\\\/\",\"name\":\"Folio\",\"description\":\"Ksi\u0119garnia internetowa\",\"potentialAction\":[{\"@type\":\"SearchAction\",\"target\":{\"@type\":\"EntryPoint\",\"urlTemplate\":\"https:\\\/\\\/foliobooks.pl\\\/en\\\/?s={search_term_string}\"},\"query-input\":{\"@type\":\"PropertyValueSpecification\",\"valueRequired\":true,\"valueName\":\"search_term_string\"}}],\"inLanguage\":\"en-US\"}]}<\/script>\n<!-- \/ Yoast SEO plugin. -->","yoast_head_json":{"title":"Annie Leibovitz: The Early Years, 1970\u20131983 (Annie Leibovitz, Jann S. Wenner, Luc Sante) - book \/ album - Folio","description":"Wejd\u017a i kup ksi\u0105\u017ck\u0119 Annie Leibovitz: The Early Years, 1970\u20131983 autorstwa Annie Leibovitz, Jann S. Wenner, Luc Sante wydan\u0105 przez TASCHEN (2018-11-15) w formacie 21,6 x 27 cm (ISBN: 9783836571890). Zapraszamy!","robots":{"index":"index","follow":"follow","max-snippet":"max-snippet:-1","max-image-preview":"max-image-preview:large","max-video-preview":"max-video-preview:-1"},"canonical":"https:\/\/foliobooks.pl\/en\/shop\/annie-leibovitz-the-early-years-1970-1983\/","og_locale":"en_US","og_type":"article","og_title":"Annie Leibovitz: The Early Years, 1970\u20131983 (Annie Leibovitz, Jann S. Wenner, Luc Sante) - book \/ album - Folio","og_description":"Wejd\u017a i kup ksi\u0105\u017ck\u0119 Annie Leibovitz: The Early Years, 1970\u20131983 autorstwa Annie Leibovitz, Jann S. Wenner, Luc Sante wydan\u0105 przez TASCHEN (2018-11-15) w formacie 21,6 x 27 cm (ISBN: 9783836571890). Zapraszamy!","og_url":"https:\/\/foliobooks.pl\/en\/shop\/annie-leibovitz-the-early-years-1970-1983\/","og_site_name":"Folio","article_modified_time":"2024-08-06T11:00:28+00:00","og_image":[{"width":570,"height":708,"url":"https:\/\/foliobooks.pl\/wp-content\/uploads\/2019\/01\/9783836571890.png","type":"image\/png"}],"twitter_card":"summary_large_image","twitter_misc":{"Est. reading time":"2 minutes"},"schema":{"@context":"https:\/\/schema.org","@graph":[{"@type":"WebPage","@id":"https:\/\/foliobooks.pl\/en\/shop\/annie-leibovitz-the-early-years-1970-1983\/","url":"https:\/\/foliobooks.pl\/en\/shop\/annie-leibovitz-the-early-years-1970-1983\/","name":"Annie Leibovitz: The Early Years, 1970\u20131983 (Annie Leibovitz, Jann S. Wenner, Luc Sante) - book \/ album - Folio","isPartOf":{"@id":"https:\/\/foliobooks.pl\/en\/#website"},"primaryImageOfPage":{"@id":"https:\/\/foliobooks.pl\/en\/shop\/annie-leibovitz-the-early-years-1970-1983\/#primaryimage"},"image":{"@id":"https:\/\/foliobooks.pl\/en\/shop\/annie-leibovitz-the-early-years-1970-1983\/#primaryimage"},"thumbnailUrl":"https:\/\/foliobooks.pl\/wp-content\/uploads\/2019\/01\/9783836571890.png","datePublished":"2019-01-30T11:14:43+00:00","dateModified":"2024-08-06T11:00:28+00:00","description":"Wejd\u017a i kup ksi\u0105\u017ck\u0119 Annie Leibovitz: The Early Years, 1970\u20131983 autorstwa Annie Leibovitz, Jann S. Wenner, Luc Sante wydan\u0105 przez TASCHEN (2018-11-15) w formacie 21,6 x 27 cm (ISBN: 9783836571890). Zapraszamy!","breadcrumb":{"@id":"https:\/\/foliobooks.pl\/en\/shop\/annie-leibovitz-the-early-years-1970-1983\/#breadcrumb"},"inLanguage":"en-US","potentialAction":[{"@type":"ReadAction","target":["https:\/\/foliobooks.pl\/en\/shop\/annie-leibovitz-the-early-years-1970-1983\/"]}]},{"@type":"ImageObject","inLanguage":"en-US","@id":"https:\/\/foliobooks.pl\/en\/shop\/annie-leibovitz-the-early-years-1970-1983\/#primaryimage","url":"https:\/\/foliobooks.pl\/wp-content\/uploads\/2019\/01\/9783836571890.png","contentUrl":"https:\/\/foliobooks.pl\/wp-content\/uploads\/2019\/01\/9783836571890.png","width":570,"height":708},{"@type":"BreadcrumbList","@id":"https:\/\/foliobooks.pl\/en\/shop\/annie-leibovitz-the-early-years-1970-1983\/#breadcrumb","itemListElement":[{"@type":"ListItem","position":1,"name":"Strona g\u0142\u00f3wna","item":"https:\/\/foliobooks.pl\/en\/"},{"@type":"ListItem","position":2,"name":"Shop","item":"https:\/\/foliobooks.pl\/en\/shop\/"},{"@type":"ListItem","position":3,"name":"Annie Leibovitz: The Early Years, 1970\u20131983"}]},{"@type":"WebSite","@id":"https:\/\/foliobooks.pl\/en\/#website","url":"https:\/\/foliobooks.pl\/en\/","name":"Folio","description":"Ksi\u0119garnia internetowa","potentialAction":[{"@type":"SearchAction","target":{"@type":"EntryPoint","urlTemplate":"https:\/\/foliobooks.pl\/en\/?s={search_term_string}"},"query-input":{"@type":"PropertyValueSpecification","valueRequired":true,"valueName":"search_term_string"}}],"inLanguage":"en-US"}]}},"_links":{"self":[{"href":"https:\/\/foliobooks.pl\/en\/wp-json\/wp\/v2\/product\/36579","targetHints":{"allow":["GET"]}}],"collection":[{"href":"https:\/\/foliobooks.pl\/en\/wp-json\/wp\/v2\/product"}],"about":[{"href":"https:\/\/foliobooks.pl\/en\/wp-json\/wp\/v2\/types\/product"}],"replies":[{"embeddable":true,"href":"https:\/\/foliobooks.pl\/en\/wp-json\/wp\/v2\/comments?post=36579"}],"wp:featuredmedia":[{"embeddable":true,"href":"https:\/\/foliobooks.pl\/en\/wp-json\/wp\/v2\/media\/36566"}],"wp:attachment":[{"href":"https:\/\/foliobooks.pl\/en\/wp-json\/wp\/v2\/media?parent=36579"}],"wp:term":[{"taxonomy":"product_brand","embeddable":true,"href":"https:\/\/foliobooks.pl\/en\/wp-json\/wp\/v2\/product_brand?post=36579"},{"taxonomy":"product_cat","embeddable":true,"href":"https:\/\/foliobooks.pl\/en\/wp-json\/wp\/v2\/product_cat?post=36579"},{"taxonomy":"product_tag","embeddable":true,"href":"https:\/\/foliobooks.pl\/en\/wp-json\/wp\/v2\/product_tag?post=36579"}],"curies":[{"name":"wp","href":"https:\/\/api.w.org\/{rel}","templated":true}]}}