{"id":36563,"date":"2019-01-30T11:44:16","date_gmt":"2019-01-30T10:44:16","guid":{"rendered":"https:\/\/foliobooks.pl\/sklep\/the-history-of-graphic-design-vol-2-1960-today\/"},"modified":"2025-06-18T18:02:02","modified_gmt":"2025-06-18T16:02:02","slug":"the-history-of-graphic-design-vol-2-1960-today","status":"publish","type":"product","link":"https:\/\/foliobooks.pl\/en\/shop\/the-history-of-graphic-design-vol-2-1960-today\/","title":{"rendered":"The History of Graphic Design. Vol. 2, 1960\u2013Today"},"content":{"rendered":"<p>Through the turbulent passage of time, graphic design\u2014with its vivid, neat synthesis of image and idea\u2014has distilled the spirit of each age. Surrounding us every minute of every day, from minimalist packaging to colorful adverts, smart environmental graphics to sleek interfaces: graphic design is as much about transmitting information as it is about reflecting society\u2019s cultural aspirations and values.<\/p>\n<p>This second volume rounds off our in-depth exploration of graphic design, spanning from the 1960s until today. About 3,500 seminal designs from across the globe guide us in this visual map through contemporary history, from the establishment of the International Style to the rise of the groundbreaking digital age. Around 80 key pieces go under the microscope in detailed analyses besides 118 biographies of the era\u2019s most important designers, including Massimo Vignelli (New York subway wayfinding system), Otl Aicher (Lufthansa identity), Paula Scher (Citibank brand identity), Neville Brody (The Face magazine), Kashiwa Sato (Uniqlo brand identity), and Stefan Sagmeister (handwriting posters).<\/p>\n<p>With his sweeping knowledge of the field, author Jens M\u00fcller curates the standout designs for each year alongside a running sequence of design milestones. Organized chronologically, each decade is prefaced by a succinct overview as well as a stunning visual timeline, offering a vivid display of the variety of graphic production in each decade as well as the global landscape which it at once described and defined.<\/p>\n<p>This collection of important graphic works represents a long-overdue reflection on the development of a creative field constantly changing and challenging itself. These key pieces act as coordinates through contemporary history, helping us trace the sheer influence of graphic design on our daily lives.<\/p>\n<p>Combined with Volume One\u2014which spans from the field\u2019s very beginnings until 1959\u2014the tomes offer the most comprehensive exploration of graphic design to date.<\/p>\n","protected":false},"excerpt":{"rendered":"<p>Through the turbulent passage of time, graphic design\u2014with its vivid, neat synthesis of image and idea\u2014has distilled the spirit of each age. Surrounding us every minute of every day, from minimalist packaging to colorful adverts, smart environmental graphics to sleek interfaces: graphic design is as much about transmitting information as it is about reflecting society\u2019s&#8230;<\/p>\n","protected":false},"featured_media":36548,"comment_status":"closed","ping_status":"closed","template":"","meta":[],"product_brand":[],"product_cat":[4523,4525],"product_tag":[4524,2253,1649],"class_list":{"0":"post-36563","1":"product","2":"type-product","3":"status-publish","4":"has-post-thumbnail","6":"product_cat-design-en-en","7":"product_cat-graphic-design","8":"product_tag-design-en-en","9":"product_tag-graphics","10":"product_tag-illustration","11":"pa_author_att-jens-muller-julius-wiedemann-en","12":"pa_cover-hardcover","13":"pa_format-246-x-372-cm-en","14":"pa_isbn-9783836570374-en","15":"pa_language-eng-f-ger","16":"pa_pages-480-en","17":"pa_published-2018-11-05-en","18":"pa_publisher-taschen-en-en","20":"first","21":"outofstock","22":"sold-individually","23":"shipping-taxable","24":"purchasable","25":"product-type-simple"},"yoast_head":"<!-- This site is optimized with the Yoast SEO plugin v27.4 - https:\/\/yoast.com\/product\/yoast-seo-wordpress\/ -->\n<title>The History of Graphic Design. Vol. 2, 1960\u2013Today (Jens M\u00fcller, Julius Wiedemann) - book \/ album - Folio<\/title>\n<meta name=\"description\" content=\"Wejd\u017a i kup ksi\u0105\u017ck\u0119 The History of Graphic Design. Vol. 2, 1960\u2013Today autorstwa Jens M\u00fcller, Julius Wiedemann wydan\u0105 przez TASCHEN (2018-11-05) w formacie 24,6 x 37,2 cm (ISBN: 9783836570374). Zapraszamy!\" \/>\n<meta name=\"robots\" content=\"index, follow, max-snippet:-1, max-image-preview:large, max-video-preview:-1\" \/>\n<link rel=\"canonical\" href=\"https:\/\/foliobooks.pl\/en\/shop\/the-history-of-graphic-design-vol-2-1960-today\/\" \/>\n<meta property=\"og:locale\" content=\"en_US\" \/>\n<meta property=\"og:type\" content=\"article\" \/>\n<meta property=\"og:title\" content=\"The History of Graphic Design. Vol. 2, 1960\u2013Today (Jens M\u00fcller, Julius Wiedemann) - book \/ album - Folio\" \/>\n<meta property=\"og:description\" content=\"Wejd\u017a i kup ksi\u0105\u017ck\u0119 The History of Graphic Design. Vol. 2, 1960\u2013Today autorstwa Jens M\u00fcller, Julius Wiedemann wydan\u0105 przez TASCHEN (2018-11-05) w formacie 24,6 x 37,2 cm (ISBN: 9783836570374). Zapraszamy!\" \/>\n<meta property=\"og:url\" content=\"https:\/\/foliobooks.pl\/en\/shop\/the-history-of-graphic-design-vol-2-1960-today\/\" \/>\n<meta property=\"og:site_name\" content=\"Folio\" \/>\n<meta property=\"article:modified_time\" content=\"2025-06-18T16:02:02+00:00\" \/>\n<meta property=\"og:image\" content=\"https:\/\/foliobooks.pl\/wp-content\/uploads\/2019\/01\/9783836570374.png\" \/>\n\t<meta property=\"og:image:width\" content=\"570\" \/>\n\t<meta property=\"og:image:height\" content=\"708\" \/>\n\t<meta property=\"og:image:type\" content=\"image\/png\" \/>\n<meta name=\"twitter:card\" content=\"summary_large_image\" \/>\n<meta name=\"twitter:label1\" content=\"Est. reading time\" \/>\n\t<meta name=\"twitter:data1\" content=\"1 minute\" \/>\n<script type=\"application\/ld+json\" class=\"yoast-schema-graph\">{\"@context\":\"https:\\\/\\\/schema.org\",\"@graph\":[{\"@type\":\"WebPage\",\"@id\":\"https:\\\/\\\/foliobooks.pl\\\/en\\\/shop\\\/the-history-of-graphic-design-vol-2-1960-today\\\/\",\"url\":\"https:\\\/\\\/foliobooks.pl\\\/en\\\/shop\\\/the-history-of-graphic-design-vol-2-1960-today\\\/\",\"name\":\"The History of Graphic Design. Vol. 2, 1960\u2013Today (Jens M\u00fcller, Julius Wiedemann) - book \\\/ album - Folio\",\"isPartOf\":{\"@id\":\"https:\\\/\\\/foliobooks.pl\\\/en\\\/#website\"},\"primaryImageOfPage\":{\"@id\":\"https:\\\/\\\/foliobooks.pl\\\/en\\\/shop\\\/the-history-of-graphic-design-vol-2-1960-today\\\/#primaryimage\"},\"image\":{\"@id\":\"https:\\\/\\\/foliobooks.pl\\\/en\\\/shop\\\/the-history-of-graphic-design-vol-2-1960-today\\\/#primaryimage\"},\"thumbnailUrl\":\"https:\\\/\\\/foliobooks.pl\\\/wp-content\\\/uploads\\\/2019\\\/01\\\/9783836570374.png\",\"datePublished\":\"2019-01-30T10:44:16+00:00\",\"dateModified\":\"2025-06-18T16:02:02+00:00\",\"description\":\"Wejd\u017a i kup ksi\u0105\u017ck\u0119 The History of Graphic Design. Vol. 2, 1960\u2013Today autorstwa Jens M\u00fcller, Julius Wiedemann wydan\u0105 przez TASCHEN (2018-11-05) w formacie 24,6 x 37,2 cm (ISBN: 9783836570374). Zapraszamy!\",\"breadcrumb\":{\"@id\":\"https:\\\/\\\/foliobooks.pl\\\/en\\\/shop\\\/the-history-of-graphic-design-vol-2-1960-today\\\/#breadcrumb\"},\"inLanguage\":\"en-US\",\"potentialAction\":[{\"@type\":\"ReadAction\",\"target\":[\"https:\\\/\\\/foliobooks.pl\\\/en\\\/shop\\\/the-history-of-graphic-design-vol-2-1960-today\\\/\"]}]},{\"@type\":\"ImageObject\",\"inLanguage\":\"en-US\",\"@id\":\"https:\\\/\\\/foliobooks.pl\\\/en\\\/shop\\\/the-history-of-graphic-design-vol-2-1960-today\\\/#primaryimage\",\"url\":\"https:\\\/\\\/foliobooks.pl\\\/wp-content\\\/uploads\\\/2019\\\/01\\\/9783836570374.png\",\"contentUrl\":\"https:\\\/\\\/foliobooks.pl\\\/wp-content\\\/uploads\\\/2019\\\/01\\\/9783836570374.png\",\"width\":570,\"height\":708},{\"@type\":\"BreadcrumbList\",\"@id\":\"https:\\\/\\\/foliobooks.pl\\\/en\\\/shop\\\/the-history-of-graphic-design-vol-2-1960-today\\\/#breadcrumb\",\"itemListElement\":[{\"@type\":\"ListItem\",\"position\":1,\"name\":\"Strona g\u0142\u00f3wna\",\"item\":\"https:\\\/\\\/foliobooks.pl\\\/en\\\/\"},{\"@type\":\"ListItem\",\"position\":2,\"name\":\"Shop\",\"item\":\"https:\\\/\\\/foliobooks.pl\\\/en\\\/shop\\\/\"},{\"@type\":\"ListItem\",\"position\":3,\"name\":\"The History of Graphic Design. Vol. 2, 1960\u2013Today\"}]},{\"@type\":\"WebSite\",\"@id\":\"https:\\\/\\\/foliobooks.pl\\\/en\\\/#website\",\"url\":\"https:\\\/\\\/foliobooks.pl\\\/en\\\/\",\"name\":\"Folio\",\"description\":\"Ksi\u0119garnia internetowa\",\"potentialAction\":[{\"@type\":\"SearchAction\",\"target\":{\"@type\":\"EntryPoint\",\"urlTemplate\":\"https:\\\/\\\/foliobooks.pl\\\/en\\\/?s={search_term_string}\"},\"query-input\":{\"@type\":\"PropertyValueSpecification\",\"valueRequired\":true,\"valueName\":\"search_term_string\"}}],\"inLanguage\":\"en-US\"}]}<\/script>\n<!-- \/ Yoast SEO plugin. -->","yoast_head_json":{"title":"The History of Graphic Design. Vol. 2, 1960\u2013Today (Jens M\u00fcller, Julius Wiedemann) - book \/ album - Folio","description":"Wejd\u017a i kup ksi\u0105\u017ck\u0119 The History of Graphic Design. Vol. 2, 1960\u2013Today autorstwa Jens M\u00fcller, Julius Wiedemann wydan\u0105 przez TASCHEN (2018-11-05) w formacie 24,6 x 37,2 cm (ISBN: 9783836570374). Zapraszamy!","robots":{"index":"index","follow":"follow","max-snippet":"max-snippet:-1","max-image-preview":"max-image-preview:large","max-video-preview":"max-video-preview:-1"},"canonical":"https:\/\/foliobooks.pl\/en\/shop\/the-history-of-graphic-design-vol-2-1960-today\/","og_locale":"en_US","og_type":"article","og_title":"The History of Graphic Design. Vol. 2, 1960\u2013Today (Jens M\u00fcller, Julius Wiedemann) - book \/ album - Folio","og_description":"Wejd\u017a i kup ksi\u0105\u017ck\u0119 The History of Graphic Design. Vol. 2, 1960\u2013Today autorstwa Jens M\u00fcller, Julius Wiedemann wydan\u0105 przez TASCHEN (2018-11-05) w formacie 24,6 x 37,2 cm (ISBN: 9783836570374). Zapraszamy!","og_url":"https:\/\/foliobooks.pl\/en\/shop\/the-history-of-graphic-design-vol-2-1960-today\/","og_site_name":"Folio","article_modified_time":"2025-06-18T16:02:02+00:00","og_image":[{"width":570,"height":708,"url":"https:\/\/foliobooks.pl\/wp-content\/uploads\/2019\/01\/9783836570374.png","type":"image\/png"}],"twitter_card":"summary_large_image","twitter_misc":{"Est. reading time":"1 minute"},"schema":{"@context":"https:\/\/schema.org","@graph":[{"@type":"WebPage","@id":"https:\/\/foliobooks.pl\/en\/shop\/the-history-of-graphic-design-vol-2-1960-today\/","url":"https:\/\/foliobooks.pl\/en\/shop\/the-history-of-graphic-design-vol-2-1960-today\/","name":"The History of Graphic Design. Vol. 2, 1960\u2013Today (Jens M\u00fcller, Julius Wiedemann) - book \/ album - Folio","isPartOf":{"@id":"https:\/\/foliobooks.pl\/en\/#website"},"primaryImageOfPage":{"@id":"https:\/\/foliobooks.pl\/en\/shop\/the-history-of-graphic-design-vol-2-1960-today\/#primaryimage"},"image":{"@id":"https:\/\/foliobooks.pl\/en\/shop\/the-history-of-graphic-design-vol-2-1960-today\/#primaryimage"},"thumbnailUrl":"https:\/\/foliobooks.pl\/wp-content\/uploads\/2019\/01\/9783836570374.png","datePublished":"2019-01-30T10:44:16+00:00","dateModified":"2025-06-18T16:02:02+00:00","description":"Wejd\u017a i kup ksi\u0105\u017ck\u0119 The History of Graphic Design. Vol. 2, 1960\u2013Today autorstwa Jens M\u00fcller, Julius Wiedemann wydan\u0105 przez TASCHEN (2018-11-05) w formacie 24,6 x 37,2 cm (ISBN: 9783836570374). Zapraszamy!","breadcrumb":{"@id":"https:\/\/foliobooks.pl\/en\/shop\/the-history-of-graphic-design-vol-2-1960-today\/#breadcrumb"},"inLanguage":"en-US","potentialAction":[{"@type":"ReadAction","target":["https:\/\/foliobooks.pl\/en\/shop\/the-history-of-graphic-design-vol-2-1960-today\/"]}]},{"@type":"ImageObject","inLanguage":"en-US","@id":"https:\/\/foliobooks.pl\/en\/shop\/the-history-of-graphic-design-vol-2-1960-today\/#primaryimage","url":"https:\/\/foliobooks.pl\/wp-content\/uploads\/2019\/01\/9783836570374.png","contentUrl":"https:\/\/foliobooks.pl\/wp-content\/uploads\/2019\/01\/9783836570374.png","width":570,"height":708},{"@type":"BreadcrumbList","@id":"https:\/\/foliobooks.pl\/en\/shop\/the-history-of-graphic-design-vol-2-1960-today\/#breadcrumb","itemListElement":[{"@type":"ListItem","position":1,"name":"Strona g\u0142\u00f3wna","item":"https:\/\/foliobooks.pl\/en\/"},{"@type":"ListItem","position":2,"name":"Shop","item":"https:\/\/foliobooks.pl\/en\/shop\/"},{"@type":"ListItem","position":3,"name":"The History of Graphic Design. Vol. 2, 1960\u2013Today"}]},{"@type":"WebSite","@id":"https:\/\/foliobooks.pl\/en\/#website","url":"https:\/\/foliobooks.pl\/en\/","name":"Folio","description":"Ksi\u0119garnia internetowa","potentialAction":[{"@type":"SearchAction","target":{"@type":"EntryPoint","urlTemplate":"https:\/\/foliobooks.pl\/en\/?s={search_term_string}"},"query-input":{"@type":"PropertyValueSpecification","valueRequired":true,"valueName":"search_term_string"}}],"inLanguage":"en-US"}]}},"_links":{"self":[{"href":"https:\/\/foliobooks.pl\/en\/wp-json\/wp\/v2\/product\/36563","targetHints":{"allow":["GET"]}}],"collection":[{"href":"https:\/\/foliobooks.pl\/en\/wp-json\/wp\/v2\/product"}],"about":[{"href":"https:\/\/foliobooks.pl\/en\/wp-json\/wp\/v2\/types\/product"}],"replies":[{"embeddable":true,"href":"https:\/\/foliobooks.pl\/en\/wp-json\/wp\/v2\/comments?post=36563"}],"wp:featuredmedia":[{"embeddable":true,"href":"https:\/\/foliobooks.pl\/en\/wp-json\/wp\/v2\/media\/36548"}],"wp:attachment":[{"href":"https:\/\/foliobooks.pl\/en\/wp-json\/wp\/v2\/media?parent=36563"}],"wp:term":[{"taxonomy":"product_brand","embeddable":true,"href":"https:\/\/foliobooks.pl\/en\/wp-json\/wp\/v2\/product_brand?post=36563"},{"taxonomy":"product_cat","embeddable":true,"href":"https:\/\/foliobooks.pl\/en\/wp-json\/wp\/v2\/product_cat?post=36563"},{"taxonomy":"product_tag","embeddable":true,"href":"https:\/\/foliobooks.pl\/en\/wp-json\/wp\/v2\/product_tag?post=36563"}],"curies":[{"name":"wp","href":"https:\/\/api.w.org\/{rel}","templated":true}]}}