{"id":36498,"date":"2019-01-30T10:32:46","date_gmt":"2019-01-30T09:32:46","guid":{"rendered":"https:\/\/foliobooks.pl\/sklep\/movies-of-the-50s\/"},"modified":"2022-09-20T12:39:09","modified_gmt":"2022-09-20T10:39:09","slug":"movies-of-the-50s","status":"publish","type":"product","link":"https:\/\/foliobooks.pl\/en\/shop\/movies-of-the-50s\/","title":{"rendered":"Movies of the 50s"},"content":{"rendered":"<p>At a time when people were terrified of UFOs and Communism, the film industry was busy producing movies that ranged from film noir to grandiose musicals. The paranoid public in the 1950s apparently craved family entertainment and dark, brooding pictures in equal doses.<\/p>\n<p>The result is a decade\u2019s worth of truly monumental cinema, from Hitchcock masterpieces (Vertigo, Psycho, Rear Window) to comedy classics (Tati\u2019s Mr. Hulot\u2019s Holiday, Billy Wilder\u2019s Some Like It Hot), from groundbreaking Nouvelle Vague films (Truffaut\u2019s The 400 Blows) to profound, innovative dramas like Antonioni\u2019s L\u2019avventura, Fellini\u2019s La Strada, John Huston\u2019s Misfits, and Kubrick\u2019s Paths of Glory. Though censorship kept sex safely offscreen, the smoldering James Dean, Marlon Brando, and Marilyn Monroe provided plenty of heat.<\/p>\n<p>This survey of the most important films of the fabulous fifties covers the wholesome, subversive, artistic, thrilling, and mysterious trends in cinema across the globe. This encyclopedia profiles each movie masterpiece through stills, a synopsis, and cast, crew, and technical listings. Whether you\u2019re a rebel without a cause or a gentleman who prefers blondes, this is a must-have for any film fan.<\/p>\n","protected":false},"excerpt":{"rendered":"<p>At a time when people were terrified of UFOs and Communism, the film industry was busy producing movies that ranged from film noir to grandiose musicals. The paranoid public in the 1950s apparently craved family entertainment and dark, brooding pictures in equal doses. The result is a decade\u2019s worth of truly monumental cinema, from Hitchcock&#8230;<\/p>\n","protected":false},"featured_media":36497,"comment_status":"closed","ping_status":"closed","template":"","meta":[],"product_brand":[],"product_cat":[4522],"product_tag":[9083,2767,1273,1676],"class_list":{"0":"post-36498","1":"product","2":"type-product","3":"status-publish","4":"has-post-thumbnail","6":"product_cat-art-en","7":"product_tag-art-en","8":"product_tag-art-history","9":"product_tag-cinema-en","10":"product_tag-movie-stars","11":"pa_author_att-jurgen-muller-en","12":"pa_cover-hardcover","13":"pa_format-14-x-195-cm-en","14":"pa_isbn-9783836561105-en","15":"pa_language-eng","16":"pa_pages-760-en","17":"pa_published-2018-10-05-en","18":"pa_publisher-taschen-en-en","20":"first","21":"outofstock","22":"sold-individually","23":"shipping-taxable","24":"purchasable","25":"product-type-simple"},"yoast_head":"<!-- This site is optimized with the Yoast SEO plugin v27.4 - https:\/\/yoast.com\/product\/yoast-seo-wordpress\/ -->\n<title>Movies of the 50s (J\u00fcrgen M\u00fcller) - book \/ album - Folio<\/title>\n<meta name=\"description\" content=\"Wejd\u017a i kup ksi\u0105\u017ck\u0119 Movies of the 50s autorstwa J\u00fcrgen M\u00fcller wydan\u0105 przez TASCHEN (2018-10-05) w formacie 14 x 19,5 cm (ISBN: 9783836561105). Zapraszamy!\" \/>\n<meta name=\"robots\" content=\"index, follow, max-snippet:-1, max-image-preview:large, max-video-preview:-1\" \/>\n<link rel=\"canonical\" href=\"https:\/\/foliobooks.pl\/en\/shop\/movies-of-the-50s\/\" \/>\n<meta property=\"og:locale\" content=\"en_US\" \/>\n<meta property=\"og:type\" content=\"article\" \/>\n<meta property=\"og:title\" content=\"Movies of the 50s (J\u00fcrgen M\u00fcller) - book \/ album - Folio\" \/>\n<meta property=\"og:description\" content=\"Wejd\u017a i kup ksi\u0105\u017ck\u0119 Movies of the 50s autorstwa J\u00fcrgen M\u00fcller wydan\u0105 przez TASCHEN (2018-10-05) w formacie 14 x 19,5 cm (ISBN: 9783836561105). Zapraszamy!\" \/>\n<meta property=\"og:url\" content=\"https:\/\/foliobooks.pl\/en\/shop\/movies-of-the-50s\/\" \/>\n<meta property=\"og:site_name\" content=\"Folio\" \/>\n<meta property=\"article:modified_time\" content=\"2022-09-20T10:39:09+00:00\" \/>\n<meta property=\"og:image\" content=\"https:\/\/foliobooks.pl\/wp-content\/uploads\/2019\/01\/9783836561105.png\" \/>\n\t<meta property=\"og:image:width\" content=\"570\" \/>\n\t<meta property=\"og:image:height\" content=\"708\" \/>\n\t<meta property=\"og:image:type\" content=\"image\/png\" \/>\n<meta name=\"twitter:card\" content=\"summary_large_image\" \/>\n<meta name=\"twitter:label1\" content=\"Est. reading time\" \/>\n\t<meta name=\"twitter:data1\" content=\"1 minute\" \/>\n<script type=\"application\/ld+json\" class=\"yoast-schema-graph\">{\"@context\":\"https:\\\/\\\/schema.org\",\"@graph\":[{\"@type\":\"WebPage\",\"@id\":\"https:\\\/\\\/foliobooks.pl\\\/en\\\/shop\\\/movies-of-the-50s\\\/\",\"url\":\"https:\\\/\\\/foliobooks.pl\\\/en\\\/shop\\\/movies-of-the-50s\\\/\",\"name\":\"Movies of the 50s (J\u00fcrgen M\u00fcller) - book \\\/ album - Folio\",\"isPartOf\":{\"@id\":\"https:\\\/\\\/foliobooks.pl\\\/en\\\/#website\"},\"primaryImageOfPage\":{\"@id\":\"https:\\\/\\\/foliobooks.pl\\\/en\\\/shop\\\/movies-of-the-50s\\\/#primaryimage\"},\"image\":{\"@id\":\"https:\\\/\\\/foliobooks.pl\\\/en\\\/shop\\\/movies-of-the-50s\\\/#primaryimage\"},\"thumbnailUrl\":\"https:\\\/\\\/foliobooks.pl\\\/wp-content\\\/uploads\\\/2019\\\/01\\\/9783836561105.png\",\"datePublished\":\"2019-01-30T09:32:46+00:00\",\"dateModified\":\"2022-09-20T10:39:09+00:00\",\"description\":\"Wejd\u017a i kup ksi\u0105\u017ck\u0119 Movies of the 50s autorstwa J\u00fcrgen M\u00fcller wydan\u0105 przez TASCHEN (2018-10-05) w formacie 14 x 19,5 cm (ISBN: 9783836561105). Zapraszamy!\",\"breadcrumb\":{\"@id\":\"https:\\\/\\\/foliobooks.pl\\\/en\\\/shop\\\/movies-of-the-50s\\\/#breadcrumb\"},\"inLanguage\":\"en-US\",\"potentialAction\":[{\"@type\":\"ReadAction\",\"target\":[\"https:\\\/\\\/foliobooks.pl\\\/en\\\/shop\\\/movies-of-the-50s\\\/\"]}]},{\"@type\":\"ImageObject\",\"inLanguage\":\"en-US\",\"@id\":\"https:\\\/\\\/foliobooks.pl\\\/en\\\/shop\\\/movies-of-the-50s\\\/#primaryimage\",\"url\":\"https:\\\/\\\/foliobooks.pl\\\/wp-content\\\/uploads\\\/2019\\\/01\\\/9783836561105.png\",\"contentUrl\":\"https:\\\/\\\/foliobooks.pl\\\/wp-content\\\/uploads\\\/2019\\\/01\\\/9783836561105.png\",\"width\":570,\"height\":708},{\"@type\":\"BreadcrumbList\",\"@id\":\"https:\\\/\\\/foliobooks.pl\\\/en\\\/shop\\\/movies-of-the-50s\\\/#breadcrumb\",\"itemListElement\":[{\"@type\":\"ListItem\",\"position\":1,\"name\":\"Strona g\u0142\u00f3wna\",\"item\":\"https:\\\/\\\/foliobooks.pl\\\/en\\\/\"},{\"@type\":\"ListItem\",\"position\":2,\"name\":\"Shop\",\"item\":\"https:\\\/\\\/foliobooks.pl\\\/en\\\/shop\\\/\"},{\"@type\":\"ListItem\",\"position\":3,\"name\":\"Movies of the 50s\"}]},{\"@type\":\"WebSite\",\"@id\":\"https:\\\/\\\/foliobooks.pl\\\/en\\\/#website\",\"url\":\"https:\\\/\\\/foliobooks.pl\\\/en\\\/\",\"name\":\"Folio\",\"description\":\"Ksi\u0119garnia internetowa\",\"potentialAction\":[{\"@type\":\"SearchAction\",\"target\":{\"@type\":\"EntryPoint\",\"urlTemplate\":\"https:\\\/\\\/foliobooks.pl\\\/en\\\/?s={search_term_string}\"},\"query-input\":{\"@type\":\"PropertyValueSpecification\",\"valueRequired\":true,\"valueName\":\"search_term_string\"}}],\"inLanguage\":\"en-US\"}]}<\/script>\n<!-- \/ Yoast SEO plugin. -->","yoast_head_json":{"title":"Movies of the 50s (J\u00fcrgen M\u00fcller) - book \/ album - Folio","description":"Wejd\u017a i kup ksi\u0105\u017ck\u0119 Movies of the 50s autorstwa J\u00fcrgen M\u00fcller wydan\u0105 przez TASCHEN (2018-10-05) w formacie 14 x 19,5 cm (ISBN: 9783836561105). Zapraszamy!","robots":{"index":"index","follow":"follow","max-snippet":"max-snippet:-1","max-image-preview":"max-image-preview:large","max-video-preview":"max-video-preview:-1"},"canonical":"https:\/\/foliobooks.pl\/en\/shop\/movies-of-the-50s\/","og_locale":"en_US","og_type":"article","og_title":"Movies of the 50s (J\u00fcrgen M\u00fcller) - book \/ album - Folio","og_description":"Wejd\u017a i kup ksi\u0105\u017ck\u0119 Movies of the 50s autorstwa J\u00fcrgen M\u00fcller wydan\u0105 przez TASCHEN (2018-10-05) w formacie 14 x 19,5 cm (ISBN: 9783836561105). Zapraszamy!","og_url":"https:\/\/foliobooks.pl\/en\/shop\/movies-of-the-50s\/","og_site_name":"Folio","article_modified_time":"2022-09-20T10:39:09+00:00","og_image":[{"width":570,"height":708,"url":"https:\/\/foliobooks.pl\/wp-content\/uploads\/2019\/01\/9783836561105.png","type":"image\/png"}],"twitter_card":"summary_large_image","twitter_misc":{"Est. reading time":"1 minute"},"schema":{"@context":"https:\/\/schema.org","@graph":[{"@type":"WebPage","@id":"https:\/\/foliobooks.pl\/en\/shop\/movies-of-the-50s\/","url":"https:\/\/foliobooks.pl\/en\/shop\/movies-of-the-50s\/","name":"Movies of the 50s (J\u00fcrgen M\u00fcller) - book \/ album - Folio","isPartOf":{"@id":"https:\/\/foliobooks.pl\/en\/#website"},"primaryImageOfPage":{"@id":"https:\/\/foliobooks.pl\/en\/shop\/movies-of-the-50s\/#primaryimage"},"image":{"@id":"https:\/\/foliobooks.pl\/en\/shop\/movies-of-the-50s\/#primaryimage"},"thumbnailUrl":"https:\/\/foliobooks.pl\/wp-content\/uploads\/2019\/01\/9783836561105.png","datePublished":"2019-01-30T09:32:46+00:00","dateModified":"2022-09-20T10:39:09+00:00","description":"Wejd\u017a i kup ksi\u0105\u017ck\u0119 Movies of the 50s autorstwa J\u00fcrgen M\u00fcller wydan\u0105 przez TASCHEN (2018-10-05) w formacie 14 x 19,5 cm (ISBN: 9783836561105). Zapraszamy!","breadcrumb":{"@id":"https:\/\/foliobooks.pl\/en\/shop\/movies-of-the-50s\/#breadcrumb"},"inLanguage":"en-US","potentialAction":[{"@type":"ReadAction","target":["https:\/\/foliobooks.pl\/en\/shop\/movies-of-the-50s\/"]}]},{"@type":"ImageObject","inLanguage":"en-US","@id":"https:\/\/foliobooks.pl\/en\/shop\/movies-of-the-50s\/#primaryimage","url":"https:\/\/foliobooks.pl\/wp-content\/uploads\/2019\/01\/9783836561105.png","contentUrl":"https:\/\/foliobooks.pl\/wp-content\/uploads\/2019\/01\/9783836561105.png","width":570,"height":708},{"@type":"BreadcrumbList","@id":"https:\/\/foliobooks.pl\/en\/shop\/movies-of-the-50s\/#breadcrumb","itemListElement":[{"@type":"ListItem","position":1,"name":"Strona g\u0142\u00f3wna","item":"https:\/\/foliobooks.pl\/en\/"},{"@type":"ListItem","position":2,"name":"Shop","item":"https:\/\/foliobooks.pl\/en\/shop\/"},{"@type":"ListItem","position":3,"name":"Movies of the 50s"}]},{"@type":"WebSite","@id":"https:\/\/foliobooks.pl\/en\/#website","url":"https:\/\/foliobooks.pl\/en\/","name":"Folio","description":"Ksi\u0119garnia internetowa","potentialAction":[{"@type":"SearchAction","target":{"@type":"EntryPoint","urlTemplate":"https:\/\/foliobooks.pl\/en\/?s={search_term_string}"},"query-input":{"@type":"PropertyValueSpecification","valueRequired":true,"valueName":"search_term_string"}}],"inLanguage":"en-US"}]}},"_links":{"self":[{"href":"https:\/\/foliobooks.pl\/en\/wp-json\/wp\/v2\/product\/36498","targetHints":{"allow":["GET"]}}],"collection":[{"href":"https:\/\/foliobooks.pl\/en\/wp-json\/wp\/v2\/product"}],"about":[{"href":"https:\/\/foliobooks.pl\/en\/wp-json\/wp\/v2\/types\/product"}],"replies":[{"embeddable":true,"href":"https:\/\/foliobooks.pl\/en\/wp-json\/wp\/v2\/comments?post=36498"}],"wp:featuredmedia":[{"embeddable":true,"href":"https:\/\/foliobooks.pl\/en\/wp-json\/wp\/v2\/media\/36497"}],"wp:attachment":[{"href":"https:\/\/foliobooks.pl\/en\/wp-json\/wp\/v2\/media?parent=36498"}],"wp:term":[{"taxonomy":"product_brand","embeddable":true,"href":"https:\/\/foliobooks.pl\/en\/wp-json\/wp\/v2\/product_brand?post=36498"},{"taxonomy":"product_cat","embeddable":true,"href":"https:\/\/foliobooks.pl\/en\/wp-json\/wp\/v2\/product_cat?post=36498"},{"taxonomy":"product_tag","embeddable":true,"href":"https:\/\/foliobooks.pl\/en\/wp-json\/wp\/v2\/product_tag?post=36498"}],"curies":[{"name":"wp","href":"https:\/\/api.w.org\/{rel}","templated":true}]}}