{"id":36494,"date":"2019-01-30T10:10:55","date_gmt":"2019-01-30T09:10:55","guid":{"rendered":"https:\/\/foliobooks.pl\/sklep\/burton-holmes-travelogues-the-greatest-traveler-of-his-time\/"},"modified":"2024-03-20T17:00:34","modified_gmt":"2024-03-20T16:00:34","slug":"burton-holmes-travelogues-the-greatest-traveler-of-his-time","status":"publish","type":"product","link":"https:\/\/foliobooks.pl\/en\/shop\/burton-holmes-travelogues-the-greatest-traveler-of-his-time\/","title":{"rendered":"Burton Holmes. Travelogues. The Greatest Traveler of His Time"},"content":{"rendered":"<p>It was the Belle \u00c9poque, a time before air travel or radio, at the brink of a revolution in photography and filmmaking, when Burton Holmes (1870\u20131958) began a lifelong journey to bring the world home.<\/p>\n<p>From the grand boulevards of Paris to China\u2019s Great Wall, from the construction of the Panama Canal to the 1906 eruption of Mount Vesuvius, Holmes delighted in finding \u201cthe beautiful way around the world\u201d and made a career of sharing his stories, colorful photographs, and films with audiences across America. He coined the term \u201ctravelogue\u201d in 1904 to advertise his unique performance and thrilled audiences with two-hour sets of stories timed to projections of multihued, hand-painted glass-lantern slides and some of the first \u201cmoving pictures.\u201d<\/p>\n<p>Paris, Peking, Delhi, Dubrovnik, Moscow, Manila, Jakarta, Jerusalem: Burton Holmes was there. He visited every continent and nearly every country on the planet, shooting over 30,000 photographs and nearly 500,000 feet of film. This book represents the best of the Holmes archive, brimming with brilliant color photographs. A rare window onto the world of 100 years ago, it is also the ultimate inspiration to strike out on a travel adventure of your own.<\/p>\n","protected":false},"excerpt":{"rendered":"<p>It was the Belle \u00c9poque, a time before air travel or radio, at the brink of a revolution in photography and filmmaking, when Burton Holmes (1870\u20131958) began a lifelong journey to bring the world home. From the grand boulevards of Paris to China\u2019s Great Wall, from the construction of the Panama Canal to the 1906&#8230;<\/p>\n","protected":false},"featured_media":36481,"comment_status":"closed","ping_status":"closed","template":"","meta":[],"product_brand":[],"product_cat":[4517],"product_tag":[11529,1681,6121,156],"class_list":{"0":"post-36494","1":"product","2":"type-product","3":"status-publish","4":"has-post-thumbnail","6":"product_cat-photography-en","7":"product_tag-documentary-photography-en","8":"product_tag-history","9":"product_tag-photography","10":"product_tag-travel","11":"pa_author_att-genoa-caldwell-en","12":"pa_cover-hardcover","13":"pa_format-14-x-195-cm-en","14":"pa_isbn-9783836557801-en","15":"pa_language-eng","16":"pa_pages-608-en","17":"pa_published-2018-11-02-en","18":"pa_publisher-taschen-en-en","20":"first","21":"outofstock","22":"sold-individually","23":"shipping-taxable","24":"purchasable","25":"product-type-simple"},"yoast_head":"<!-- This site is optimized with the Yoast SEO plugin v27.4 - https:\/\/yoast.com\/product\/yoast-seo-wordpress\/ -->\n<title>Burton Holmes. Travelogues. The Greatest Traveler of His Time (Genoa Caldwell) - book \/ album - Folio<\/title>\n<meta name=\"description\" content=\"Wejd\u017a i kup ksi\u0105\u017ck\u0119 Burton Holmes. Travelogues. The Greatest Traveler of His Time autorstwa Genoa Caldwell wydan\u0105 przez TASCHEN (2018-11-02) w formacie 14 x 19,5 cm (ISBN: 9783836557801). Zapraszamy!\" \/>\n<meta name=\"robots\" content=\"index, follow, max-snippet:-1, max-image-preview:large, max-video-preview:-1\" \/>\n<link rel=\"canonical\" href=\"https:\/\/foliobooks.pl\/en\/shop\/burton-holmes-travelogues-the-greatest-traveler-of-his-time\/\" \/>\n<meta property=\"og:locale\" content=\"en_US\" \/>\n<meta property=\"og:type\" content=\"article\" \/>\n<meta property=\"og:title\" content=\"Burton Holmes. Travelogues. The Greatest Traveler of His Time (Genoa Caldwell) - book \/ album - Folio\" \/>\n<meta property=\"og:description\" content=\"Wejd\u017a i kup ksi\u0105\u017ck\u0119 Burton Holmes. Travelogues. The Greatest Traveler of His Time autorstwa Genoa Caldwell wydan\u0105 przez TASCHEN (2018-11-02) w formacie 14 x 19,5 cm (ISBN: 9783836557801). Zapraszamy!\" \/>\n<meta property=\"og:url\" content=\"https:\/\/foliobooks.pl\/en\/shop\/burton-holmes-travelogues-the-greatest-traveler-of-his-time\/\" \/>\n<meta property=\"og:site_name\" content=\"Folio\" \/>\n<meta property=\"article:modified_time\" content=\"2024-03-20T16:00:34+00:00\" \/>\n<meta property=\"og:image\" content=\"https:\/\/foliobooks.pl\/wp-content\/uploads\/2019\/01\/9783836557801.png\" \/>\n\t<meta property=\"og:image:width\" content=\"570\" \/>\n\t<meta property=\"og:image:height\" content=\"708\" \/>\n\t<meta property=\"og:image:type\" content=\"image\/png\" \/>\n<meta name=\"twitter:card\" content=\"summary_large_image\" \/>\n<meta name=\"twitter:label1\" content=\"Est. reading time\" \/>\n\t<meta name=\"twitter:data1\" content=\"1 minute\" \/>\n<script type=\"application\/ld+json\" class=\"yoast-schema-graph\">{\"@context\":\"https:\\\/\\\/schema.org\",\"@graph\":[{\"@type\":\"WebPage\",\"@id\":\"https:\\\/\\\/foliobooks.pl\\\/en\\\/shop\\\/burton-holmes-travelogues-the-greatest-traveler-of-his-time\\\/\",\"url\":\"https:\\\/\\\/foliobooks.pl\\\/en\\\/shop\\\/burton-holmes-travelogues-the-greatest-traveler-of-his-time\\\/\",\"name\":\"Burton Holmes. Travelogues. The Greatest Traveler of His Time (Genoa Caldwell) - book \\\/ album - Folio\",\"isPartOf\":{\"@id\":\"https:\\\/\\\/foliobooks.pl\\\/en\\\/#website\"},\"primaryImageOfPage\":{\"@id\":\"https:\\\/\\\/foliobooks.pl\\\/en\\\/shop\\\/burton-holmes-travelogues-the-greatest-traveler-of-his-time\\\/#primaryimage\"},\"image\":{\"@id\":\"https:\\\/\\\/foliobooks.pl\\\/en\\\/shop\\\/burton-holmes-travelogues-the-greatest-traveler-of-his-time\\\/#primaryimage\"},\"thumbnailUrl\":\"https:\\\/\\\/foliobooks.pl\\\/wp-content\\\/uploads\\\/2019\\\/01\\\/9783836557801.png\",\"datePublished\":\"2019-01-30T09:10:55+00:00\",\"dateModified\":\"2024-03-20T16:00:34+00:00\",\"description\":\"Wejd\u017a i kup ksi\u0105\u017ck\u0119 Burton Holmes. Travelogues. The Greatest Traveler of His Time autorstwa Genoa Caldwell wydan\u0105 przez TASCHEN (2018-11-02) w formacie 14 x 19,5 cm (ISBN: 9783836557801). Zapraszamy!\",\"breadcrumb\":{\"@id\":\"https:\\\/\\\/foliobooks.pl\\\/en\\\/shop\\\/burton-holmes-travelogues-the-greatest-traveler-of-his-time\\\/#breadcrumb\"},\"inLanguage\":\"en-US\",\"potentialAction\":[{\"@type\":\"ReadAction\",\"target\":[\"https:\\\/\\\/foliobooks.pl\\\/en\\\/shop\\\/burton-holmes-travelogues-the-greatest-traveler-of-his-time\\\/\"]}]},{\"@type\":\"ImageObject\",\"inLanguage\":\"en-US\",\"@id\":\"https:\\\/\\\/foliobooks.pl\\\/en\\\/shop\\\/burton-holmes-travelogues-the-greatest-traveler-of-his-time\\\/#primaryimage\",\"url\":\"https:\\\/\\\/foliobooks.pl\\\/wp-content\\\/uploads\\\/2019\\\/01\\\/9783836557801.png\",\"contentUrl\":\"https:\\\/\\\/foliobooks.pl\\\/wp-content\\\/uploads\\\/2019\\\/01\\\/9783836557801.png\",\"width\":570,\"height\":708},{\"@type\":\"BreadcrumbList\",\"@id\":\"https:\\\/\\\/foliobooks.pl\\\/en\\\/shop\\\/burton-holmes-travelogues-the-greatest-traveler-of-his-time\\\/#breadcrumb\",\"itemListElement\":[{\"@type\":\"ListItem\",\"position\":1,\"name\":\"Strona g\u0142\u00f3wna\",\"item\":\"https:\\\/\\\/foliobooks.pl\\\/en\\\/\"},{\"@type\":\"ListItem\",\"position\":2,\"name\":\"Shop\",\"item\":\"https:\\\/\\\/foliobooks.pl\\\/en\\\/shop\\\/\"},{\"@type\":\"ListItem\",\"position\":3,\"name\":\"Burton Holmes. Travelogues. The Greatest Traveler of His Time\"}]},{\"@type\":\"WebSite\",\"@id\":\"https:\\\/\\\/foliobooks.pl\\\/en\\\/#website\",\"url\":\"https:\\\/\\\/foliobooks.pl\\\/en\\\/\",\"name\":\"Folio\",\"description\":\"Ksi\u0119garnia internetowa\",\"potentialAction\":[{\"@type\":\"SearchAction\",\"target\":{\"@type\":\"EntryPoint\",\"urlTemplate\":\"https:\\\/\\\/foliobooks.pl\\\/en\\\/?s={search_term_string}\"},\"query-input\":{\"@type\":\"PropertyValueSpecification\",\"valueRequired\":true,\"valueName\":\"search_term_string\"}}],\"inLanguage\":\"en-US\"}]}<\/script>\n<!-- \/ Yoast SEO plugin. -->","yoast_head_json":{"title":"Burton Holmes. Travelogues. The Greatest Traveler of His Time (Genoa Caldwell) - book \/ album - Folio","description":"Wejd\u017a i kup ksi\u0105\u017ck\u0119 Burton Holmes. Travelogues. The Greatest Traveler of His Time autorstwa Genoa Caldwell wydan\u0105 przez TASCHEN (2018-11-02) w formacie 14 x 19,5 cm (ISBN: 9783836557801). Zapraszamy!","robots":{"index":"index","follow":"follow","max-snippet":"max-snippet:-1","max-image-preview":"max-image-preview:large","max-video-preview":"max-video-preview:-1"},"canonical":"https:\/\/foliobooks.pl\/en\/shop\/burton-holmes-travelogues-the-greatest-traveler-of-his-time\/","og_locale":"en_US","og_type":"article","og_title":"Burton Holmes. Travelogues. The Greatest Traveler of His Time (Genoa Caldwell) - book \/ album - Folio","og_description":"Wejd\u017a i kup ksi\u0105\u017ck\u0119 Burton Holmes. Travelogues. The Greatest Traveler of His Time autorstwa Genoa Caldwell wydan\u0105 przez TASCHEN (2018-11-02) w formacie 14 x 19,5 cm (ISBN: 9783836557801). Zapraszamy!","og_url":"https:\/\/foliobooks.pl\/en\/shop\/burton-holmes-travelogues-the-greatest-traveler-of-his-time\/","og_site_name":"Folio","article_modified_time":"2024-03-20T16:00:34+00:00","og_image":[{"width":570,"height":708,"url":"https:\/\/foliobooks.pl\/wp-content\/uploads\/2019\/01\/9783836557801.png","type":"image\/png"}],"twitter_card":"summary_large_image","twitter_misc":{"Est. reading time":"1 minute"},"schema":{"@context":"https:\/\/schema.org","@graph":[{"@type":"WebPage","@id":"https:\/\/foliobooks.pl\/en\/shop\/burton-holmes-travelogues-the-greatest-traveler-of-his-time\/","url":"https:\/\/foliobooks.pl\/en\/shop\/burton-holmes-travelogues-the-greatest-traveler-of-his-time\/","name":"Burton Holmes. Travelogues. The Greatest Traveler of His Time (Genoa Caldwell) - book \/ album - Folio","isPartOf":{"@id":"https:\/\/foliobooks.pl\/en\/#website"},"primaryImageOfPage":{"@id":"https:\/\/foliobooks.pl\/en\/shop\/burton-holmes-travelogues-the-greatest-traveler-of-his-time\/#primaryimage"},"image":{"@id":"https:\/\/foliobooks.pl\/en\/shop\/burton-holmes-travelogues-the-greatest-traveler-of-his-time\/#primaryimage"},"thumbnailUrl":"https:\/\/foliobooks.pl\/wp-content\/uploads\/2019\/01\/9783836557801.png","datePublished":"2019-01-30T09:10:55+00:00","dateModified":"2024-03-20T16:00:34+00:00","description":"Wejd\u017a i kup ksi\u0105\u017ck\u0119 Burton Holmes. Travelogues. The Greatest Traveler of His Time autorstwa Genoa Caldwell wydan\u0105 przez TASCHEN (2018-11-02) w formacie 14 x 19,5 cm (ISBN: 9783836557801). Zapraszamy!","breadcrumb":{"@id":"https:\/\/foliobooks.pl\/en\/shop\/burton-holmes-travelogues-the-greatest-traveler-of-his-time\/#breadcrumb"},"inLanguage":"en-US","potentialAction":[{"@type":"ReadAction","target":["https:\/\/foliobooks.pl\/en\/shop\/burton-holmes-travelogues-the-greatest-traveler-of-his-time\/"]}]},{"@type":"ImageObject","inLanguage":"en-US","@id":"https:\/\/foliobooks.pl\/en\/shop\/burton-holmes-travelogues-the-greatest-traveler-of-his-time\/#primaryimage","url":"https:\/\/foliobooks.pl\/wp-content\/uploads\/2019\/01\/9783836557801.png","contentUrl":"https:\/\/foliobooks.pl\/wp-content\/uploads\/2019\/01\/9783836557801.png","width":570,"height":708},{"@type":"BreadcrumbList","@id":"https:\/\/foliobooks.pl\/en\/shop\/burton-holmes-travelogues-the-greatest-traveler-of-his-time\/#breadcrumb","itemListElement":[{"@type":"ListItem","position":1,"name":"Strona g\u0142\u00f3wna","item":"https:\/\/foliobooks.pl\/en\/"},{"@type":"ListItem","position":2,"name":"Shop","item":"https:\/\/foliobooks.pl\/en\/shop\/"},{"@type":"ListItem","position":3,"name":"Burton Holmes. Travelogues. The Greatest Traveler of His Time"}]},{"@type":"WebSite","@id":"https:\/\/foliobooks.pl\/en\/#website","url":"https:\/\/foliobooks.pl\/en\/","name":"Folio","description":"Ksi\u0119garnia internetowa","potentialAction":[{"@type":"SearchAction","target":{"@type":"EntryPoint","urlTemplate":"https:\/\/foliobooks.pl\/en\/?s={search_term_string}"},"query-input":{"@type":"PropertyValueSpecification","valueRequired":true,"valueName":"search_term_string"}}],"inLanguage":"en-US"}]}},"_links":{"self":[{"href":"https:\/\/foliobooks.pl\/en\/wp-json\/wp\/v2\/product\/36494","targetHints":{"allow":["GET"]}}],"collection":[{"href":"https:\/\/foliobooks.pl\/en\/wp-json\/wp\/v2\/product"}],"about":[{"href":"https:\/\/foliobooks.pl\/en\/wp-json\/wp\/v2\/types\/product"}],"replies":[{"embeddable":true,"href":"https:\/\/foliobooks.pl\/en\/wp-json\/wp\/v2\/comments?post=36494"}],"wp:featuredmedia":[{"embeddable":true,"href":"https:\/\/foliobooks.pl\/en\/wp-json\/wp\/v2\/media\/36481"}],"wp:attachment":[{"href":"https:\/\/foliobooks.pl\/en\/wp-json\/wp\/v2\/media?parent=36494"}],"wp:term":[{"taxonomy":"product_brand","embeddable":true,"href":"https:\/\/foliobooks.pl\/en\/wp-json\/wp\/v2\/product_brand?post=36494"},{"taxonomy":"product_cat","embeddable":true,"href":"https:\/\/foliobooks.pl\/en\/wp-json\/wp\/v2\/product_cat?post=36494"},{"taxonomy":"product_tag","embeddable":true,"href":"https:\/\/foliobooks.pl\/en\/wp-json\/wp\/v2\/product_tag?post=36494"}],"curies":[{"name":"wp","href":"https:\/\/api.w.org\/{rel}","templated":true}]}}