{"id":36464,"date":"2019-01-30T09:20:16","date_gmt":"2019-01-30T08:20:16","guid":{"rendered":"https:\/\/foliobooks.pl\/sklep\/yang-liu-big-meets-little\/"},"modified":"2022-05-26T14:35:38","modified_gmt":"2022-05-26T12:35:38","slug":"yang-liu-big-meets-little","status":"publish","type":"product","link":"https:\/\/foliobooks.pl\/en\/shop\/yang-liu-big-meets-little\/","title":{"rendered":"Yang Liu. Big meets Little"},"content":{"rendered":"<p>As children, the world is our playground, our parents are both almighty heroes and merciless adversaries, and our homes are the territories where big and small battle for dominance. As adults, we lament the innocence, boundless wonder, and simple pleasures of childhood.<\/p>\n<p>In this fourth installment of Yang Liu\u2019s best-selling pictogram series, the award-winning designer encapsulates the delights and debacles of family life with her characteristic measure of wit. Combining minimal infographics with incisive and touching observations about human nature, the crisp pictorials draw upon Liu\u2019s Chinese heritage; as in traditional calligraphy, the simpler the depiction, the deeper-seated the truth that is expressed.<\/p>\n<p>With graphic precision, Big meets Little takes on the daily happenings of a family home by visually pairing the perspectives of grown-ups and our tiny counterparts. Simultaneously humorous and honest, Liu distills the parenting narrative into bite-sized, insightful lessons. Over 128 pages, the clothbound volume cleverly contrasts the reality of parenthood with the glossy family portraits we\u2019re often sold\u2014though not without a dose of tongue-in-cheek humor.<\/p>\n","protected":false},"excerpt":{"rendered":"<p>As children, the world is our playground, our parents are both almighty heroes and merciless adversaries, and our homes are the territories where big and small battle for dominance. As adults, we lament the innocence, boundless wonder, and simple pleasures of childhood. In this fourth installment of Yang Liu\u2019s best-selling pictogram series, the award-winning designer&#8230;<\/p>\n","protected":false},"featured_media":36451,"comment_status":"closed","ping_status":"closed","template":"","meta":[],"product_brand":[],"product_cat":[13533,4523,4525],"product_tag":[2253,1649],"class_list":{"0":"post-36464","1":"product","2":"type-product","3":"status-publish","4":"has-post-thumbnail","6":"product_cat-books","7":"product_cat-design-en-en","8":"product_cat-graphic-design","9":"product_tag-graphics","10":"product_tag-illustration","11":"pa_author_att-yang-liu-en","12":"pa_cover-hardcover","13":"pa_format-13-x-13-cm-en","14":"pa_isbn-9783836573030-en","15":"pa_language-eng","16":"pa_pages-128-en","17":"pa_published-2018-11-26-en","18":"pa_publisher-taschen-en-en","20":"first","21":"outofstock","22":"sold-individually","23":"shipping-taxable","24":"purchasable","25":"product-type-simple"},"yoast_head":"<!-- This site is optimized with the Yoast SEO plugin v27.4 - https:\/\/yoast.com\/product\/yoast-seo-wordpress\/ -->\n<title>Yang Liu. Big meets Little (Yang Liu) - book \/ album - Folio<\/title>\n<meta name=\"description\" content=\"Wejd\u017a i kup ksi\u0105\u017ck\u0119 Yang Liu. Big meets Little autorstwa Yang Liu wydan\u0105 przez TASCHEN (2018-11-26) w formacie 13 x 13 cm (ISBN: 9783836573030). Zapraszamy!\" \/>\n<meta name=\"robots\" content=\"index, follow, max-snippet:-1, max-image-preview:large, max-video-preview:-1\" \/>\n<link rel=\"canonical\" href=\"https:\/\/foliobooks.pl\/en\/shop\/yang-liu-big-meets-little\/\" \/>\n<meta property=\"og:locale\" content=\"en_US\" \/>\n<meta property=\"og:type\" content=\"article\" \/>\n<meta property=\"og:title\" content=\"Yang Liu. Big meets Little (Yang Liu) - book \/ album - Folio\" \/>\n<meta property=\"og:description\" content=\"Wejd\u017a i kup ksi\u0105\u017ck\u0119 Yang Liu. Big meets Little autorstwa Yang Liu wydan\u0105 przez TASCHEN (2018-11-26) w formacie 13 x 13 cm (ISBN: 9783836573030). Zapraszamy!\" \/>\n<meta property=\"og:url\" content=\"https:\/\/foliobooks.pl\/en\/shop\/yang-liu-big-meets-little\/\" \/>\n<meta property=\"og:site_name\" content=\"Folio\" \/>\n<meta property=\"article:modified_time\" content=\"2022-05-26T12:35:38+00:00\" \/>\n<meta property=\"og:image\" content=\"https:\/\/foliobooks.pl\/wp-content\/uploads\/2019\/01\/9783836573030.png\" \/>\n\t<meta property=\"og:image:width\" content=\"570\" \/>\n\t<meta property=\"og:image:height\" content=\"708\" \/>\n\t<meta property=\"og:image:type\" content=\"image\/png\" \/>\n<meta name=\"twitter:card\" content=\"summary_large_image\" \/>\n<meta name=\"twitter:label1\" content=\"Est. reading time\" \/>\n\t<meta name=\"twitter:data1\" content=\"1 minute\" \/>\n<script type=\"application\/ld+json\" class=\"yoast-schema-graph\">{\"@context\":\"https:\\\/\\\/schema.org\",\"@graph\":[{\"@type\":\"WebPage\",\"@id\":\"https:\\\/\\\/foliobooks.pl\\\/en\\\/shop\\\/yang-liu-big-meets-little\\\/\",\"url\":\"https:\\\/\\\/foliobooks.pl\\\/en\\\/shop\\\/yang-liu-big-meets-little\\\/\",\"name\":\"Yang Liu. Big meets Little (Yang Liu) - book \\\/ album - Folio\",\"isPartOf\":{\"@id\":\"https:\\\/\\\/foliobooks.pl\\\/en\\\/#website\"},\"primaryImageOfPage\":{\"@id\":\"https:\\\/\\\/foliobooks.pl\\\/en\\\/shop\\\/yang-liu-big-meets-little\\\/#primaryimage\"},\"image\":{\"@id\":\"https:\\\/\\\/foliobooks.pl\\\/en\\\/shop\\\/yang-liu-big-meets-little\\\/#primaryimage\"},\"thumbnailUrl\":\"https:\\\/\\\/foliobooks.pl\\\/wp-content\\\/uploads\\\/2019\\\/01\\\/9783836573030.png\",\"datePublished\":\"2019-01-30T08:20:16+00:00\",\"dateModified\":\"2022-05-26T12:35:38+00:00\",\"description\":\"Wejd\u017a i kup ksi\u0105\u017ck\u0119 Yang Liu. Big meets Little autorstwa Yang Liu wydan\u0105 przez TASCHEN (2018-11-26) w formacie 13 x 13 cm (ISBN: 9783836573030). Zapraszamy!\",\"breadcrumb\":{\"@id\":\"https:\\\/\\\/foliobooks.pl\\\/en\\\/shop\\\/yang-liu-big-meets-little\\\/#breadcrumb\"},\"inLanguage\":\"en-US\",\"potentialAction\":[{\"@type\":\"ReadAction\",\"target\":[\"https:\\\/\\\/foliobooks.pl\\\/en\\\/shop\\\/yang-liu-big-meets-little\\\/\"]}]},{\"@type\":\"ImageObject\",\"inLanguage\":\"en-US\",\"@id\":\"https:\\\/\\\/foliobooks.pl\\\/en\\\/shop\\\/yang-liu-big-meets-little\\\/#primaryimage\",\"url\":\"https:\\\/\\\/foliobooks.pl\\\/wp-content\\\/uploads\\\/2019\\\/01\\\/9783836573030.png\",\"contentUrl\":\"https:\\\/\\\/foliobooks.pl\\\/wp-content\\\/uploads\\\/2019\\\/01\\\/9783836573030.png\",\"width\":570,\"height\":708},{\"@type\":\"BreadcrumbList\",\"@id\":\"https:\\\/\\\/foliobooks.pl\\\/en\\\/shop\\\/yang-liu-big-meets-little\\\/#breadcrumb\",\"itemListElement\":[{\"@type\":\"ListItem\",\"position\":1,\"name\":\"Strona g\u0142\u00f3wna\",\"item\":\"https:\\\/\\\/foliobooks.pl\\\/en\\\/\"},{\"@type\":\"ListItem\",\"position\":2,\"name\":\"Shop\",\"item\":\"https:\\\/\\\/foliobooks.pl\\\/en\\\/shop\\\/\"},{\"@type\":\"ListItem\",\"position\":3,\"name\":\"Yang Liu. Big meets Little\"}]},{\"@type\":\"WebSite\",\"@id\":\"https:\\\/\\\/foliobooks.pl\\\/en\\\/#website\",\"url\":\"https:\\\/\\\/foliobooks.pl\\\/en\\\/\",\"name\":\"Folio\",\"description\":\"Ksi\u0119garnia internetowa\",\"potentialAction\":[{\"@type\":\"SearchAction\",\"target\":{\"@type\":\"EntryPoint\",\"urlTemplate\":\"https:\\\/\\\/foliobooks.pl\\\/en\\\/?s={search_term_string}\"},\"query-input\":{\"@type\":\"PropertyValueSpecification\",\"valueRequired\":true,\"valueName\":\"search_term_string\"}}],\"inLanguage\":\"en-US\"}]}<\/script>\n<!-- \/ Yoast SEO plugin. -->","yoast_head_json":{"title":"Yang Liu. Big meets Little (Yang Liu) - book \/ album - Folio","description":"Wejd\u017a i kup ksi\u0105\u017ck\u0119 Yang Liu. Big meets Little autorstwa Yang Liu wydan\u0105 przez TASCHEN (2018-11-26) w formacie 13 x 13 cm (ISBN: 9783836573030). Zapraszamy!","robots":{"index":"index","follow":"follow","max-snippet":"max-snippet:-1","max-image-preview":"max-image-preview:large","max-video-preview":"max-video-preview:-1"},"canonical":"https:\/\/foliobooks.pl\/en\/shop\/yang-liu-big-meets-little\/","og_locale":"en_US","og_type":"article","og_title":"Yang Liu. Big meets Little (Yang Liu) - book \/ album - Folio","og_description":"Wejd\u017a i kup ksi\u0105\u017ck\u0119 Yang Liu. Big meets Little autorstwa Yang Liu wydan\u0105 przez TASCHEN (2018-11-26) w formacie 13 x 13 cm (ISBN: 9783836573030). Zapraszamy!","og_url":"https:\/\/foliobooks.pl\/en\/shop\/yang-liu-big-meets-little\/","og_site_name":"Folio","article_modified_time":"2022-05-26T12:35:38+00:00","og_image":[{"width":570,"height":708,"url":"https:\/\/foliobooks.pl\/wp-content\/uploads\/2019\/01\/9783836573030.png","type":"image\/png"}],"twitter_card":"summary_large_image","twitter_misc":{"Est. reading time":"1 minute"},"schema":{"@context":"https:\/\/schema.org","@graph":[{"@type":"WebPage","@id":"https:\/\/foliobooks.pl\/en\/shop\/yang-liu-big-meets-little\/","url":"https:\/\/foliobooks.pl\/en\/shop\/yang-liu-big-meets-little\/","name":"Yang Liu. Big meets Little (Yang Liu) - book \/ album - Folio","isPartOf":{"@id":"https:\/\/foliobooks.pl\/en\/#website"},"primaryImageOfPage":{"@id":"https:\/\/foliobooks.pl\/en\/shop\/yang-liu-big-meets-little\/#primaryimage"},"image":{"@id":"https:\/\/foliobooks.pl\/en\/shop\/yang-liu-big-meets-little\/#primaryimage"},"thumbnailUrl":"https:\/\/foliobooks.pl\/wp-content\/uploads\/2019\/01\/9783836573030.png","datePublished":"2019-01-30T08:20:16+00:00","dateModified":"2022-05-26T12:35:38+00:00","description":"Wejd\u017a i kup ksi\u0105\u017ck\u0119 Yang Liu. Big meets Little autorstwa Yang Liu wydan\u0105 przez TASCHEN (2018-11-26) w formacie 13 x 13 cm (ISBN: 9783836573030). Zapraszamy!","breadcrumb":{"@id":"https:\/\/foliobooks.pl\/en\/shop\/yang-liu-big-meets-little\/#breadcrumb"},"inLanguage":"en-US","potentialAction":[{"@type":"ReadAction","target":["https:\/\/foliobooks.pl\/en\/shop\/yang-liu-big-meets-little\/"]}]},{"@type":"ImageObject","inLanguage":"en-US","@id":"https:\/\/foliobooks.pl\/en\/shop\/yang-liu-big-meets-little\/#primaryimage","url":"https:\/\/foliobooks.pl\/wp-content\/uploads\/2019\/01\/9783836573030.png","contentUrl":"https:\/\/foliobooks.pl\/wp-content\/uploads\/2019\/01\/9783836573030.png","width":570,"height":708},{"@type":"BreadcrumbList","@id":"https:\/\/foliobooks.pl\/en\/shop\/yang-liu-big-meets-little\/#breadcrumb","itemListElement":[{"@type":"ListItem","position":1,"name":"Strona g\u0142\u00f3wna","item":"https:\/\/foliobooks.pl\/en\/"},{"@type":"ListItem","position":2,"name":"Shop","item":"https:\/\/foliobooks.pl\/en\/shop\/"},{"@type":"ListItem","position":3,"name":"Yang Liu. Big meets Little"}]},{"@type":"WebSite","@id":"https:\/\/foliobooks.pl\/en\/#website","url":"https:\/\/foliobooks.pl\/en\/","name":"Folio","description":"Ksi\u0119garnia internetowa","potentialAction":[{"@type":"SearchAction","target":{"@type":"EntryPoint","urlTemplate":"https:\/\/foliobooks.pl\/en\/?s={search_term_string}"},"query-input":{"@type":"PropertyValueSpecification","valueRequired":true,"valueName":"search_term_string"}}],"inLanguage":"en-US"}]}},"_links":{"self":[{"href":"https:\/\/foliobooks.pl\/en\/wp-json\/wp\/v2\/product\/36464","targetHints":{"allow":["GET"]}}],"collection":[{"href":"https:\/\/foliobooks.pl\/en\/wp-json\/wp\/v2\/product"}],"about":[{"href":"https:\/\/foliobooks.pl\/en\/wp-json\/wp\/v2\/types\/product"}],"replies":[{"embeddable":true,"href":"https:\/\/foliobooks.pl\/en\/wp-json\/wp\/v2\/comments?post=36464"}],"wp:featuredmedia":[{"embeddable":true,"href":"https:\/\/foliobooks.pl\/en\/wp-json\/wp\/v2\/media\/36451"}],"wp:attachment":[{"href":"https:\/\/foliobooks.pl\/en\/wp-json\/wp\/v2\/media?parent=36464"}],"wp:term":[{"taxonomy":"product_brand","embeddable":true,"href":"https:\/\/foliobooks.pl\/en\/wp-json\/wp\/v2\/product_brand?post=36464"},{"taxonomy":"product_cat","embeddable":true,"href":"https:\/\/foliobooks.pl\/en\/wp-json\/wp\/v2\/product_cat?post=36464"},{"taxonomy":"product_tag","embeddable":true,"href":"https:\/\/foliobooks.pl\/en\/wp-json\/wp\/v2\/product_tag?post=36464"}],"curies":[{"name":"wp","href":"https:\/\/api.w.org\/{rel}","templated":true}]}}