{"id":35726,"date":"2018-11-20T14:15:47","date_gmt":"2018-11-20T13:15:47","guid":{"rendered":"https:\/\/foliobooks.pl\/?post_type=product&#038;p=35726"},"modified":"2025-09-12T17:20:31","modified_gmt":"2025-09-12T15:20:31","slug":"streets-of-amsterdam","status":"publish","type":"product","link":"https:\/\/foliobooks.pl\/en\/shop\/streets-of-amsterdam\/","title":{"rendered":"Streets of Amsterdam"},"content":{"rendered":"<p>Streets of Amsterdam is part of the Streets of&#8230; photo book series which gathers the personal perspectives of a favorite metropolis by multiple photographers<\/p>\n<p>An evocative city portrait of MENDO\u2019s home base, Amsterdam, captured by more than 40 photographers, both native and international<\/p>\n<p>A contemporary snapshot collection of modern-day Amsterdam, featuring photographers with a strong online presence<\/p>\n<p>Another book from the Streets of\u2026 series, Streets of Amsterdam is yet another a contemporary take on the classic city photo book, and this time, it\u2019s wholly dedicated to MENDO\u2019s home base: Amsterdam, a city they know by heart. The book is an introduction to the visual and kaleidoscopic collection of Amsterdam\u2019s beauty, as captured by more than 40 native and international photographers.<br \/>\nAmsterdam is more than just the canals and the canal houses alongside them: it\u2019s one of the most diverse and multicultural cities in the world, offering a vibrant mix of people and urban sights delightfully collected into this coffee table book. From street photography in the city\u2019s red light district to the architectural wonders in Amsterdam\u2019s most modern neighborhoods\u2014each photographer offers a personal perspective on the Dutch capital, allowing this book to be a fresh photo tribute to a historic city, as well as a visual inspiration for Amsterdammers, old and new.<\/p>\n","protected":false},"excerpt":{"rendered":"<p>Streets of Amsterdam is part of the Streets of&#8230; photo book series which gathers the personal perspectives of a favorite metropolis by multiple photographers An evocative city portrait of MENDO\u2019s home base, Amsterdam, captured by more than 40 photographers, both native and international A contemporary snapshot collection of modern-day Amsterdam, featuring photographers with a strong&#8230;<\/p>\n","protected":false},"featured_media":35745,"comment_status":"closed","ping_status":"closed","template":"","meta":[],"product_brand":[],"product_cat":[13533,4517],"product_tag":[11550,6143,11444,13146,6121,12416],"class_list":{"0":"post-35726","1":"product","2":"type-product","3":"status-publish","4":"has-post-thumbnail","6":"product_cat-books","7":"product_cat-photography-en","8":"product_tag-buildings-en","9":"product_tag-city","10":"product_tag-netherlands","11":"product_tag-people-en","12":"product_tag-photography","13":"product_tag-streets-en","14":"pa_author_att-mendo-en","15":"pa_cover-hardcover","16":"pa_format-22-x-287-cm-en","17":"pa_isbn-9783961711468-en","18":"pa_language-eng-f-ger","19":"pa_pages-224-2-en","20":"pa_published-2018-08-31-en","21":"pa_publisher-teneues-en","23":"first","24":"instock","25":"sale","26":"sold-individually","27":"shipping-taxable","28":"purchasable","29":"product-type-simple"},"yoast_head":"<!-- This site is optimized with the Yoast SEO plugin v27.4 - https:\/\/yoast.com\/product\/yoast-seo-wordpress\/ -->\n<title>Streets of Amsterdam (Mendo) - book \/ album - Folio<\/title>\n<meta name=\"description\" content=\"Wejd\u017a i kup ksi\u0105\u017ck\u0119 Streets of Amsterdam autorstwa Mendo wydan\u0105 przez teNeues (2018-08-31) w formacie 22 x 28,7 cm (ISBN: 9783961711468). Zapraszamy!\" \/>\n<meta name=\"robots\" content=\"index, follow, max-snippet:-1, max-image-preview:large, max-video-preview:-1\" \/>\n<link rel=\"canonical\" href=\"https:\/\/foliobooks.pl\/en\/shop\/streets-of-amsterdam\/\" \/>\n<meta property=\"og:locale\" content=\"en_US\" \/>\n<meta property=\"og:type\" content=\"article\" \/>\n<meta property=\"og:title\" content=\"Streets of Amsterdam (Mendo) - book \/ album - Folio\" \/>\n<meta property=\"og:description\" content=\"Wejd\u017a i kup ksi\u0105\u017ck\u0119 Streets of Amsterdam autorstwa Mendo wydan\u0105 przez teNeues (2018-08-31) w formacie 22 x 28,7 cm (ISBN: 9783961711468). Zapraszamy!\" \/>\n<meta property=\"og:url\" content=\"https:\/\/foliobooks.pl\/en\/shop\/streets-of-amsterdam\/\" \/>\n<meta property=\"og:site_name\" content=\"Folio\" \/>\n<meta property=\"article:modified_time\" content=\"2025-09-12T15:20:31+00:00\" \/>\n<meta property=\"og:image\" content=\"https:\/\/foliobooks.pl\/wp-content\/uploads\/2018\/11\/9783961711468.png\" \/>\n\t<meta property=\"og:image:width\" content=\"570\" \/>\n\t<meta property=\"og:image:height\" content=\"708\" \/>\n\t<meta property=\"og:image:type\" content=\"image\/png\" \/>\n<meta name=\"twitter:card\" content=\"summary_large_image\" \/>\n<meta name=\"twitter:label1\" content=\"Est. reading time\" \/>\n\t<meta name=\"twitter:data1\" content=\"1 minute\" \/>\n<script type=\"application\/ld+json\" class=\"yoast-schema-graph\">{\"@context\":\"https:\\\/\\\/schema.org\",\"@graph\":[{\"@type\":\"WebPage\",\"@id\":\"https:\\\/\\\/foliobooks.pl\\\/en\\\/shop\\\/streets-of-amsterdam\\\/\",\"url\":\"https:\\\/\\\/foliobooks.pl\\\/en\\\/shop\\\/streets-of-amsterdam\\\/\",\"name\":\"Streets of Amsterdam (Mendo) - book \\\/ album - Folio\",\"isPartOf\":{\"@id\":\"https:\\\/\\\/foliobooks.pl\\\/en\\\/#website\"},\"primaryImageOfPage\":{\"@id\":\"https:\\\/\\\/foliobooks.pl\\\/en\\\/shop\\\/streets-of-amsterdam\\\/#primaryimage\"},\"image\":{\"@id\":\"https:\\\/\\\/foliobooks.pl\\\/en\\\/shop\\\/streets-of-amsterdam\\\/#primaryimage\"},\"thumbnailUrl\":\"https:\\\/\\\/foliobooks.pl\\\/wp-content\\\/uploads\\\/2018\\\/11\\\/9783961711468.png\",\"datePublished\":\"2018-11-20T13:15:47+00:00\",\"dateModified\":\"2025-09-12T15:20:31+00:00\",\"description\":\"Wejd\u017a i kup ksi\u0105\u017ck\u0119 Streets of Amsterdam autorstwa Mendo wydan\u0105 przez teNeues (2018-08-31) w formacie 22 x 28,7 cm (ISBN: 9783961711468). Zapraszamy!\",\"breadcrumb\":{\"@id\":\"https:\\\/\\\/foliobooks.pl\\\/en\\\/shop\\\/streets-of-amsterdam\\\/#breadcrumb\"},\"inLanguage\":\"en-US\",\"potentialAction\":[{\"@type\":\"ReadAction\",\"target\":[\"https:\\\/\\\/foliobooks.pl\\\/en\\\/shop\\\/streets-of-amsterdam\\\/\"]}]},{\"@type\":\"ImageObject\",\"inLanguage\":\"en-US\",\"@id\":\"https:\\\/\\\/foliobooks.pl\\\/en\\\/shop\\\/streets-of-amsterdam\\\/#primaryimage\",\"url\":\"https:\\\/\\\/foliobooks.pl\\\/wp-content\\\/uploads\\\/2018\\\/11\\\/9783961711468.png\",\"contentUrl\":\"https:\\\/\\\/foliobooks.pl\\\/wp-content\\\/uploads\\\/2018\\\/11\\\/9783961711468.png\",\"width\":570,\"height\":708},{\"@type\":\"BreadcrumbList\",\"@id\":\"https:\\\/\\\/foliobooks.pl\\\/en\\\/shop\\\/streets-of-amsterdam\\\/#breadcrumb\",\"itemListElement\":[{\"@type\":\"ListItem\",\"position\":1,\"name\":\"Strona g\u0142\u00f3wna\",\"item\":\"https:\\\/\\\/foliobooks.pl\\\/en\\\/\"},{\"@type\":\"ListItem\",\"position\":2,\"name\":\"Shop\",\"item\":\"https:\\\/\\\/foliobooks.pl\\\/en\\\/shop\\\/\"},{\"@type\":\"ListItem\",\"position\":3,\"name\":\"Streets of Amsterdam\"}]},{\"@type\":\"WebSite\",\"@id\":\"https:\\\/\\\/foliobooks.pl\\\/en\\\/#website\",\"url\":\"https:\\\/\\\/foliobooks.pl\\\/en\\\/\",\"name\":\"Folio\",\"description\":\"Ksi\u0119garnia internetowa\",\"potentialAction\":[{\"@type\":\"SearchAction\",\"target\":{\"@type\":\"EntryPoint\",\"urlTemplate\":\"https:\\\/\\\/foliobooks.pl\\\/en\\\/?s={search_term_string}\"},\"query-input\":{\"@type\":\"PropertyValueSpecification\",\"valueRequired\":true,\"valueName\":\"search_term_string\"}}],\"inLanguage\":\"en-US\"}]}<\/script>\n<!-- \/ Yoast SEO plugin. -->","yoast_head_json":{"title":"Streets of Amsterdam (Mendo) - book \/ album - Folio","description":"Wejd\u017a i kup ksi\u0105\u017ck\u0119 Streets of Amsterdam autorstwa Mendo wydan\u0105 przez teNeues (2018-08-31) w formacie 22 x 28,7 cm (ISBN: 9783961711468). Zapraszamy!","robots":{"index":"index","follow":"follow","max-snippet":"max-snippet:-1","max-image-preview":"max-image-preview:large","max-video-preview":"max-video-preview:-1"},"canonical":"https:\/\/foliobooks.pl\/en\/shop\/streets-of-amsterdam\/","og_locale":"en_US","og_type":"article","og_title":"Streets of Amsterdam (Mendo) - book \/ album - Folio","og_description":"Wejd\u017a i kup ksi\u0105\u017ck\u0119 Streets of Amsterdam autorstwa Mendo wydan\u0105 przez teNeues (2018-08-31) w formacie 22 x 28,7 cm (ISBN: 9783961711468). Zapraszamy!","og_url":"https:\/\/foliobooks.pl\/en\/shop\/streets-of-amsterdam\/","og_site_name":"Folio","article_modified_time":"2025-09-12T15:20:31+00:00","og_image":[{"width":570,"height":708,"url":"https:\/\/foliobooks.pl\/wp-content\/uploads\/2018\/11\/9783961711468.png","type":"image\/png"}],"twitter_card":"summary_large_image","twitter_misc":{"Est. reading time":"1 minute"},"schema":{"@context":"https:\/\/schema.org","@graph":[{"@type":"WebPage","@id":"https:\/\/foliobooks.pl\/en\/shop\/streets-of-amsterdam\/","url":"https:\/\/foliobooks.pl\/en\/shop\/streets-of-amsterdam\/","name":"Streets of Amsterdam (Mendo) - book \/ album - Folio","isPartOf":{"@id":"https:\/\/foliobooks.pl\/en\/#website"},"primaryImageOfPage":{"@id":"https:\/\/foliobooks.pl\/en\/shop\/streets-of-amsterdam\/#primaryimage"},"image":{"@id":"https:\/\/foliobooks.pl\/en\/shop\/streets-of-amsterdam\/#primaryimage"},"thumbnailUrl":"https:\/\/foliobooks.pl\/wp-content\/uploads\/2018\/11\/9783961711468.png","datePublished":"2018-11-20T13:15:47+00:00","dateModified":"2025-09-12T15:20:31+00:00","description":"Wejd\u017a i kup ksi\u0105\u017ck\u0119 Streets of Amsterdam autorstwa Mendo wydan\u0105 przez teNeues (2018-08-31) w formacie 22 x 28,7 cm (ISBN: 9783961711468). Zapraszamy!","breadcrumb":{"@id":"https:\/\/foliobooks.pl\/en\/shop\/streets-of-amsterdam\/#breadcrumb"},"inLanguage":"en-US","potentialAction":[{"@type":"ReadAction","target":["https:\/\/foliobooks.pl\/en\/shop\/streets-of-amsterdam\/"]}]},{"@type":"ImageObject","inLanguage":"en-US","@id":"https:\/\/foliobooks.pl\/en\/shop\/streets-of-amsterdam\/#primaryimage","url":"https:\/\/foliobooks.pl\/wp-content\/uploads\/2018\/11\/9783961711468.png","contentUrl":"https:\/\/foliobooks.pl\/wp-content\/uploads\/2018\/11\/9783961711468.png","width":570,"height":708},{"@type":"BreadcrumbList","@id":"https:\/\/foliobooks.pl\/en\/shop\/streets-of-amsterdam\/#breadcrumb","itemListElement":[{"@type":"ListItem","position":1,"name":"Strona g\u0142\u00f3wna","item":"https:\/\/foliobooks.pl\/en\/"},{"@type":"ListItem","position":2,"name":"Shop","item":"https:\/\/foliobooks.pl\/en\/shop\/"},{"@type":"ListItem","position":3,"name":"Streets of Amsterdam"}]},{"@type":"WebSite","@id":"https:\/\/foliobooks.pl\/en\/#website","url":"https:\/\/foliobooks.pl\/en\/","name":"Folio","description":"Ksi\u0119garnia internetowa","potentialAction":[{"@type":"SearchAction","target":{"@type":"EntryPoint","urlTemplate":"https:\/\/foliobooks.pl\/en\/?s={search_term_string}"},"query-input":{"@type":"PropertyValueSpecification","valueRequired":true,"valueName":"search_term_string"}}],"inLanguage":"en-US"}]}},"_links":{"self":[{"href":"https:\/\/foliobooks.pl\/en\/wp-json\/wp\/v2\/product\/35726","targetHints":{"allow":["GET"]}}],"collection":[{"href":"https:\/\/foliobooks.pl\/en\/wp-json\/wp\/v2\/product"}],"about":[{"href":"https:\/\/foliobooks.pl\/en\/wp-json\/wp\/v2\/types\/product"}],"replies":[{"embeddable":true,"href":"https:\/\/foliobooks.pl\/en\/wp-json\/wp\/v2\/comments?post=35726"}],"wp:featuredmedia":[{"embeddable":true,"href":"https:\/\/foliobooks.pl\/en\/wp-json\/wp\/v2\/media\/35745"}],"wp:attachment":[{"href":"https:\/\/foliobooks.pl\/en\/wp-json\/wp\/v2\/media?parent=35726"}],"wp:term":[{"taxonomy":"product_brand","embeddable":true,"href":"https:\/\/foliobooks.pl\/en\/wp-json\/wp\/v2\/product_brand?post=35726"},{"taxonomy":"product_cat","embeddable":true,"href":"https:\/\/foliobooks.pl\/en\/wp-json\/wp\/v2\/product_cat?post=35726"},{"taxonomy":"product_tag","embeddable":true,"href":"https:\/\/foliobooks.pl\/en\/wp-json\/wp\/v2\/product_tag?post=35726"}],"curies":[{"name":"wp","href":"https:\/\/api.w.org\/{rel}","templated":true}]}}