{"id":35722,"date":"2018-11-20T14:34:31","date_gmt":"2018-11-20T13:34:31","guid":{"rendered":"https:\/\/foliobooks.pl\/?post_type=product&#038;p=35722"},"modified":"2024-12-10T14:25:11","modified_gmt":"2024-12-10T13:25:11","slug":"streets-of-london","status":"publish","type":"product","link":"https:\/\/foliobooks.pl\/en\/shop\/streets-of-london\/","title":{"rendered":"Streets of London"},"content":{"rendered":"<p>A candid photo portrait of London by more than 40 contemporary photographers<\/p>\n<p>Fresh perspectives on well-known landmarks as well as hidden London treasures<\/p>\n<p>A refreshing update of the \u2018classic\u2019 London photo book featuring photographers with strong online followings<\/p>\n<p>Streets of London is part of the Streets of&#8230; series of books which gathers the personal visions of a favorite metropolis by multiple photographers<\/p>\n<p>London: the capital city of the United Kingdom and the political, economic, and cultural heart of the country. Along with Paris, Tokyo, and New York, London is considered one of the alpha capitals of the world: a pulsing, vibrant mega-metropolis which attracts millions of tourists and travelers each year with its history, museums, theater, art, fine dining, rich traditions, and multicultural flair.<\/p>\n<p>Streets of London is a contemporary take on the classic city photo book. To capture all the diversity that characterizes London, this volume features more than 40 contemporary photographers with equally varied perspectives and styles. From the world-renowned London landmarks and tourist attractions like Tower Bridge, the Thames, and St. Paul\u2019s Cathedral to lesser-known London boroughs and neighborhoods, each photographer offers a personal view of the British metropolis, allowing for a fresh photo tribute to a historic city, as well as visual inspirations for Londoners, old and new.<\/p>\n","protected":false},"excerpt":{"rendered":"<p>A candid photo portrait of London by more than 40 contemporary photographers Fresh perspectives on well-known landmarks as well as hidden London treasures A refreshing update of the \u2018classic\u2019 London photo book featuring photographers with strong online followings Streets of London is part of the Streets of&#8230; series of books which gathers the personal visions&#8230;<\/p>\n","protected":false},"featured_media":35767,"comment_status":"closed","ping_status":"closed","template":"","meta":[],"product_brand":[],"product_cat":[13533,4517],"product_tag":[11550,6143,6692,13146,6121,12416,12064],"class_list":{"0":"post-35722","1":"product","2":"type-product","3":"status-publish","4":"has-post-thumbnail","6":"product_cat-books","7":"product_cat-photography-en","8":"product_tag-buildings-en","9":"product_tag-city","10":"product_tag-famous-buildings","11":"product_tag-people-en","12":"product_tag-photography","13":"product_tag-streets-en","14":"product_tag-united-kingdom-en","15":"pa_author_att-mendo-en","16":"pa_cover-hardcover","17":"pa_format-22-x-287-cm-en","18":"pa_isbn-9783961711178-en","19":"pa_language-eng-f-ger","20":"pa_pages-224-2-en","21":"pa_published-2018-05-31-en","22":"pa_publisher-teneues-en","24":"first","25":"outofstock","26":"sold-individually","27":"shipping-taxable","28":"purchasable","29":"product-type-simple"},"yoast_head":"<!-- This site is optimized with the Yoast SEO plugin v27.4 - https:\/\/yoast.com\/product\/yoast-seo-wordpress\/ -->\n<title>Streets of London (Mendo) - book \/ album - Folio<\/title>\n<meta name=\"description\" content=\"Wejd\u017a i kup ksi\u0105\u017ck\u0119 Streets of London autorstwa Mendo wydan\u0105 przez teNeues (2018-05-31) w formacie 22 x 28,7 cm (ISBN: 9783961711178). Zapraszamy!\" \/>\n<meta name=\"robots\" content=\"index, follow, max-snippet:-1, max-image-preview:large, max-video-preview:-1\" \/>\n<link rel=\"canonical\" href=\"https:\/\/foliobooks.pl\/en\/shop\/streets-of-london\/\" \/>\n<meta property=\"og:locale\" content=\"en_US\" \/>\n<meta property=\"og:type\" content=\"article\" \/>\n<meta property=\"og:title\" content=\"Streets of London (Mendo) - book \/ album - Folio\" \/>\n<meta property=\"og:description\" content=\"Wejd\u017a i kup ksi\u0105\u017ck\u0119 Streets of London autorstwa Mendo wydan\u0105 przez teNeues (2018-05-31) w formacie 22 x 28,7 cm (ISBN: 9783961711178). Zapraszamy!\" \/>\n<meta property=\"og:url\" content=\"https:\/\/foliobooks.pl\/en\/shop\/streets-of-london\/\" \/>\n<meta property=\"og:site_name\" content=\"Folio\" \/>\n<meta property=\"article:modified_time\" content=\"2024-12-10T13:25:11+00:00\" \/>\n<meta property=\"og:image\" content=\"https:\/\/foliobooks.pl\/wp-content\/uploads\/2018\/11\/9783961711178.png\" \/>\n\t<meta property=\"og:image:width\" content=\"570\" \/>\n\t<meta property=\"og:image:height\" content=\"708\" \/>\n\t<meta property=\"og:image:type\" content=\"image\/png\" \/>\n<meta name=\"twitter:card\" content=\"summary_large_image\" \/>\n<meta name=\"twitter:label1\" content=\"Est. reading time\" \/>\n\t<meta name=\"twitter:data1\" content=\"1 minute\" \/>\n<script type=\"application\/ld+json\" class=\"yoast-schema-graph\">{\"@context\":\"https:\\\/\\\/schema.org\",\"@graph\":[{\"@type\":\"WebPage\",\"@id\":\"https:\\\/\\\/foliobooks.pl\\\/en\\\/shop\\\/streets-of-london\\\/\",\"url\":\"https:\\\/\\\/foliobooks.pl\\\/en\\\/shop\\\/streets-of-london\\\/\",\"name\":\"Streets of London (Mendo) - book \\\/ album - Folio\",\"isPartOf\":{\"@id\":\"https:\\\/\\\/foliobooks.pl\\\/en\\\/#website\"},\"primaryImageOfPage\":{\"@id\":\"https:\\\/\\\/foliobooks.pl\\\/en\\\/shop\\\/streets-of-london\\\/#primaryimage\"},\"image\":{\"@id\":\"https:\\\/\\\/foliobooks.pl\\\/en\\\/shop\\\/streets-of-london\\\/#primaryimage\"},\"thumbnailUrl\":\"https:\\\/\\\/foliobooks.pl\\\/wp-content\\\/uploads\\\/2018\\\/11\\\/9783961711178.png\",\"datePublished\":\"2018-11-20T13:34:31+00:00\",\"dateModified\":\"2024-12-10T13:25:11+00:00\",\"description\":\"Wejd\u017a i kup ksi\u0105\u017ck\u0119 Streets of London autorstwa Mendo wydan\u0105 przez teNeues (2018-05-31) w formacie 22 x 28,7 cm (ISBN: 9783961711178). Zapraszamy!\",\"breadcrumb\":{\"@id\":\"https:\\\/\\\/foliobooks.pl\\\/en\\\/shop\\\/streets-of-london\\\/#breadcrumb\"},\"inLanguage\":\"en-US\",\"potentialAction\":[{\"@type\":\"ReadAction\",\"target\":[\"https:\\\/\\\/foliobooks.pl\\\/en\\\/shop\\\/streets-of-london\\\/\"]}]},{\"@type\":\"ImageObject\",\"inLanguage\":\"en-US\",\"@id\":\"https:\\\/\\\/foliobooks.pl\\\/en\\\/shop\\\/streets-of-london\\\/#primaryimage\",\"url\":\"https:\\\/\\\/foliobooks.pl\\\/wp-content\\\/uploads\\\/2018\\\/11\\\/9783961711178.png\",\"contentUrl\":\"https:\\\/\\\/foliobooks.pl\\\/wp-content\\\/uploads\\\/2018\\\/11\\\/9783961711178.png\",\"width\":570,\"height\":708},{\"@type\":\"BreadcrumbList\",\"@id\":\"https:\\\/\\\/foliobooks.pl\\\/en\\\/shop\\\/streets-of-london\\\/#breadcrumb\",\"itemListElement\":[{\"@type\":\"ListItem\",\"position\":1,\"name\":\"Strona g\u0142\u00f3wna\",\"item\":\"https:\\\/\\\/foliobooks.pl\\\/en\\\/\"},{\"@type\":\"ListItem\",\"position\":2,\"name\":\"Shop\",\"item\":\"https:\\\/\\\/foliobooks.pl\\\/en\\\/shop\\\/\"},{\"@type\":\"ListItem\",\"position\":3,\"name\":\"Streets of London\"}]},{\"@type\":\"WebSite\",\"@id\":\"https:\\\/\\\/foliobooks.pl\\\/en\\\/#website\",\"url\":\"https:\\\/\\\/foliobooks.pl\\\/en\\\/\",\"name\":\"Folio\",\"description\":\"Ksi\u0119garnia internetowa\",\"potentialAction\":[{\"@type\":\"SearchAction\",\"target\":{\"@type\":\"EntryPoint\",\"urlTemplate\":\"https:\\\/\\\/foliobooks.pl\\\/en\\\/?s={search_term_string}\"},\"query-input\":{\"@type\":\"PropertyValueSpecification\",\"valueRequired\":true,\"valueName\":\"search_term_string\"}}],\"inLanguage\":\"en-US\"}]}<\/script>\n<!-- \/ Yoast SEO plugin. -->","yoast_head_json":{"title":"Streets of London (Mendo) - book \/ album - Folio","description":"Wejd\u017a i kup ksi\u0105\u017ck\u0119 Streets of London autorstwa Mendo wydan\u0105 przez teNeues (2018-05-31) w formacie 22 x 28,7 cm (ISBN: 9783961711178). Zapraszamy!","robots":{"index":"index","follow":"follow","max-snippet":"max-snippet:-1","max-image-preview":"max-image-preview:large","max-video-preview":"max-video-preview:-1"},"canonical":"https:\/\/foliobooks.pl\/en\/shop\/streets-of-london\/","og_locale":"en_US","og_type":"article","og_title":"Streets of London (Mendo) - book \/ album - Folio","og_description":"Wejd\u017a i kup ksi\u0105\u017ck\u0119 Streets of London autorstwa Mendo wydan\u0105 przez teNeues (2018-05-31) w formacie 22 x 28,7 cm (ISBN: 9783961711178). Zapraszamy!","og_url":"https:\/\/foliobooks.pl\/en\/shop\/streets-of-london\/","og_site_name":"Folio","article_modified_time":"2024-12-10T13:25:11+00:00","og_image":[{"width":570,"height":708,"url":"https:\/\/foliobooks.pl\/wp-content\/uploads\/2018\/11\/9783961711178.png","type":"image\/png"}],"twitter_card":"summary_large_image","twitter_misc":{"Est. reading time":"1 minute"},"schema":{"@context":"https:\/\/schema.org","@graph":[{"@type":"WebPage","@id":"https:\/\/foliobooks.pl\/en\/shop\/streets-of-london\/","url":"https:\/\/foliobooks.pl\/en\/shop\/streets-of-london\/","name":"Streets of London (Mendo) - book \/ album - Folio","isPartOf":{"@id":"https:\/\/foliobooks.pl\/en\/#website"},"primaryImageOfPage":{"@id":"https:\/\/foliobooks.pl\/en\/shop\/streets-of-london\/#primaryimage"},"image":{"@id":"https:\/\/foliobooks.pl\/en\/shop\/streets-of-london\/#primaryimage"},"thumbnailUrl":"https:\/\/foliobooks.pl\/wp-content\/uploads\/2018\/11\/9783961711178.png","datePublished":"2018-11-20T13:34:31+00:00","dateModified":"2024-12-10T13:25:11+00:00","description":"Wejd\u017a i kup ksi\u0105\u017ck\u0119 Streets of London autorstwa Mendo wydan\u0105 przez teNeues (2018-05-31) w formacie 22 x 28,7 cm (ISBN: 9783961711178). Zapraszamy!","breadcrumb":{"@id":"https:\/\/foliobooks.pl\/en\/shop\/streets-of-london\/#breadcrumb"},"inLanguage":"en-US","potentialAction":[{"@type":"ReadAction","target":["https:\/\/foliobooks.pl\/en\/shop\/streets-of-london\/"]}]},{"@type":"ImageObject","inLanguage":"en-US","@id":"https:\/\/foliobooks.pl\/en\/shop\/streets-of-london\/#primaryimage","url":"https:\/\/foliobooks.pl\/wp-content\/uploads\/2018\/11\/9783961711178.png","contentUrl":"https:\/\/foliobooks.pl\/wp-content\/uploads\/2018\/11\/9783961711178.png","width":570,"height":708},{"@type":"BreadcrumbList","@id":"https:\/\/foliobooks.pl\/en\/shop\/streets-of-london\/#breadcrumb","itemListElement":[{"@type":"ListItem","position":1,"name":"Strona g\u0142\u00f3wna","item":"https:\/\/foliobooks.pl\/en\/"},{"@type":"ListItem","position":2,"name":"Shop","item":"https:\/\/foliobooks.pl\/en\/shop\/"},{"@type":"ListItem","position":3,"name":"Streets of London"}]},{"@type":"WebSite","@id":"https:\/\/foliobooks.pl\/en\/#website","url":"https:\/\/foliobooks.pl\/en\/","name":"Folio","description":"Ksi\u0119garnia internetowa","potentialAction":[{"@type":"SearchAction","target":{"@type":"EntryPoint","urlTemplate":"https:\/\/foliobooks.pl\/en\/?s={search_term_string}"},"query-input":{"@type":"PropertyValueSpecification","valueRequired":true,"valueName":"search_term_string"}}],"inLanguage":"en-US"}]}},"_links":{"self":[{"href":"https:\/\/foliobooks.pl\/en\/wp-json\/wp\/v2\/product\/35722","targetHints":{"allow":["GET"]}}],"collection":[{"href":"https:\/\/foliobooks.pl\/en\/wp-json\/wp\/v2\/product"}],"about":[{"href":"https:\/\/foliobooks.pl\/en\/wp-json\/wp\/v2\/types\/product"}],"replies":[{"embeddable":true,"href":"https:\/\/foliobooks.pl\/en\/wp-json\/wp\/v2\/comments?post=35722"}],"wp:featuredmedia":[{"embeddable":true,"href":"https:\/\/foliobooks.pl\/en\/wp-json\/wp\/v2\/media\/35767"}],"wp:attachment":[{"href":"https:\/\/foliobooks.pl\/en\/wp-json\/wp\/v2\/media?parent=35722"}],"wp:term":[{"taxonomy":"product_brand","embeddable":true,"href":"https:\/\/foliobooks.pl\/en\/wp-json\/wp\/v2\/product_brand?post=35722"},{"taxonomy":"product_cat","embeddable":true,"href":"https:\/\/foliobooks.pl\/en\/wp-json\/wp\/v2\/product_cat?post=35722"},{"taxonomy":"product_tag","embeddable":true,"href":"https:\/\/foliobooks.pl\/en\/wp-json\/wp\/v2\/product_tag?post=35722"}],"curies":[{"name":"wp","href":"https:\/\/api.w.org\/{rel}","templated":true}]}}