{"id":35704,"date":"2018-11-21T13:26:07","date_gmt":"2018-11-21T12:26:07","guid":{"rendered":"https:\/\/foliobooks.pl\/?post_type=product&#038;p=35704"},"modified":"2023-08-25T13:55:31","modified_gmt":"2023-08-25T11:55:31","slug":"elliott-erwitt-scotland","status":"publish","type":"product","link":"https:\/\/foliobooks.pl\/en\/shop\/elliott-erwitt-scotland\/","title":{"rendered":"Elliott Erwitt. Scotland"},"content":{"rendered":"<p>Photographs from the Macallan Masters of Photography collection, along with new work that has never been published<\/p>\n<p>With his observant eye and subtle humor, Erwitt pays homage to Scotland\u2019s varied landscapes and characters<\/p>\n<p>Includes an essay by acclaimed Scottish author Alexander McCall Smith<\/p>\n<p>Elliott Erwitt turns his trained eye on Scotland, going well beyond its glens and lochs to reveal a unique culture and national heritage.<br \/>\nIn 2013, Elliott Erwitt was asked to be a part of the distinguished Macallan Masters of Photography series. Armed with his trusty Leica camera, he embarked on an exploration of Scotland in hopes of capturing its people\u2019s particular spirit and allure, calling it his \u201cgreat Scottish adventure.\u201d Going beyond what is simply picturesque, this magnificent collection of photographs candidly reveals both the sum and its parts of the varied landscapes, the characters\u2014and of course, the dogs!\u2014that are unique to Scotland.<\/p>\n<p>Born on July 26, 1928, in Paris, Elliott Erwitt immigrated to New York in 1948. A member of the prestigious Magnum Photos agency since 1953 and one of the leading figures in the competitive field of magazine photography, Erwitt has also published multiple books and has had one-man exhibitions in numerous museums and galleries around the world, including the Museum of Modern Art in New York, the Smithsonian Institution, the Art Institute of Chicago, Paris\u2019 Museum of Modern Art, and Zurich\u2019s Kunsthaus. Based in New York City, Elliott Erwitt travels obsessively. He likes children and dogs.<\/p>\n","protected":false},"excerpt":{"rendered":"<p>Photographs from the Macallan Masters of Photography collection, along with new work that has never been published With his observant eye and subtle humor, Erwitt pays homage to Scotland\u2019s varied landscapes and characters Includes an essay by acclaimed Scottish author Alexander McCall Smith Elliott Erwitt turns his trained eye on Scotland, going well beyond its&#8230;<\/p>\n","protected":false},"featured_media":35872,"comment_status":"closed","ping_status":"closed","template":"","meta":[],"product_brand":[],"product_cat":[13533,4517],"product_tag":[208,13342,11529,6478,13146,6632,11462],"class_list":{"0":"post-35704","1":"product","2":"type-product","3":"status-publish","4":"has-post-thumbnail","6":"product_cat-books","7":"product_cat-photography-en","8":"product_tag-animals-en","9":"product_tag-culture-en","10":"product_tag-documentary-photography-en","11":"product_tag-landscapes","12":"product_tag-people-en","13":"product_tag-photographers","14":"product_tag-scotland-en","15":"pa_author_att-alexander-mccall-smith-en","16":"pa_author_att-elliott-erwitt-en","17":"pa_cover-hardcover","18":"pa_format-27-x-36-cm-en","19":"pa_isbn-9783961711369-en","20":"pa_language-eng-f-ger","21":"pa_pages-160-en-2","22":"pa_published-2018-07-31-en","23":"pa_publisher-teneues-en","25":"first","26":"outofstock","27":"sold-individually","28":"shipping-taxable","29":"purchasable","30":"product-type-simple"},"yoast_head":"<!-- This site is optimized with the Yoast SEO plugin v27.4 - https:\/\/yoast.com\/product\/yoast-seo-wordpress\/ -->\n<title>Elliott Erwitt. Scotland (Alexander McCall Smith, Elliott Erwitt) - book \/ album - Folio<\/title>\n<meta name=\"description\" content=\"Wejd\u017a i kup ksi\u0105\u017ck\u0119 Elliott Erwitt. Scotland autorstwa Alexander McCall Smith, Elliott Erwitt wydan\u0105 przez teNeues (2018-07-31) w formacie 27 x 36 cm (ISBN: 9783961711369). Zapraszamy!\" \/>\n<meta name=\"robots\" content=\"index, follow, max-snippet:-1, max-image-preview:large, max-video-preview:-1\" \/>\n<link rel=\"canonical\" href=\"https:\/\/foliobooks.pl\/en\/shop\/elliott-erwitt-scotland\/\" \/>\n<meta property=\"og:locale\" content=\"en_US\" \/>\n<meta property=\"og:type\" content=\"article\" \/>\n<meta property=\"og:title\" content=\"Elliott Erwitt. Scotland (Alexander McCall Smith, Elliott Erwitt) - book \/ album - Folio\" \/>\n<meta property=\"og:description\" content=\"Wejd\u017a i kup ksi\u0105\u017ck\u0119 Elliott Erwitt. Scotland autorstwa Alexander McCall Smith, Elliott Erwitt wydan\u0105 przez teNeues (2018-07-31) w formacie 27 x 36 cm (ISBN: 9783961711369). Zapraszamy!\" \/>\n<meta property=\"og:url\" content=\"https:\/\/foliobooks.pl\/en\/shop\/elliott-erwitt-scotland\/\" \/>\n<meta property=\"og:site_name\" content=\"Folio\" \/>\n<meta property=\"article:modified_time\" content=\"2023-08-25T11:55:31+00:00\" \/>\n<meta property=\"og:image\" content=\"https:\/\/foliobooks.pl\/wp-content\/uploads\/2018\/11\/9783961711369.png\" \/>\n\t<meta property=\"og:image:width\" content=\"570\" \/>\n\t<meta property=\"og:image:height\" content=\"708\" \/>\n\t<meta property=\"og:image:type\" content=\"image\/png\" \/>\n<meta name=\"twitter:card\" content=\"summary_large_image\" \/>\n<meta name=\"twitter:label1\" content=\"Est. reading time\" \/>\n\t<meta name=\"twitter:data1\" content=\"1 minute\" \/>\n<script type=\"application\/ld+json\" class=\"yoast-schema-graph\">{\"@context\":\"https:\\\/\\\/schema.org\",\"@graph\":[{\"@type\":\"WebPage\",\"@id\":\"https:\\\/\\\/foliobooks.pl\\\/en\\\/shop\\\/elliott-erwitt-scotland\\\/\",\"url\":\"https:\\\/\\\/foliobooks.pl\\\/en\\\/shop\\\/elliott-erwitt-scotland\\\/\",\"name\":\"Elliott Erwitt. Scotland (Alexander McCall Smith, Elliott Erwitt) - book \\\/ album - Folio\",\"isPartOf\":{\"@id\":\"https:\\\/\\\/foliobooks.pl\\\/en\\\/#website\"},\"primaryImageOfPage\":{\"@id\":\"https:\\\/\\\/foliobooks.pl\\\/en\\\/shop\\\/elliott-erwitt-scotland\\\/#primaryimage\"},\"image\":{\"@id\":\"https:\\\/\\\/foliobooks.pl\\\/en\\\/shop\\\/elliott-erwitt-scotland\\\/#primaryimage\"},\"thumbnailUrl\":\"https:\\\/\\\/foliobooks.pl\\\/wp-content\\\/uploads\\\/2018\\\/11\\\/9783961711369.png\",\"datePublished\":\"2018-11-21T12:26:07+00:00\",\"dateModified\":\"2023-08-25T11:55:31+00:00\",\"description\":\"Wejd\u017a i kup ksi\u0105\u017ck\u0119 Elliott Erwitt. Scotland autorstwa Alexander McCall Smith, Elliott Erwitt wydan\u0105 przez teNeues (2018-07-31) w formacie 27 x 36 cm (ISBN: 9783961711369). Zapraszamy!\",\"breadcrumb\":{\"@id\":\"https:\\\/\\\/foliobooks.pl\\\/en\\\/shop\\\/elliott-erwitt-scotland\\\/#breadcrumb\"},\"inLanguage\":\"en-US\",\"potentialAction\":[{\"@type\":\"ReadAction\",\"target\":[\"https:\\\/\\\/foliobooks.pl\\\/en\\\/shop\\\/elliott-erwitt-scotland\\\/\"]}]},{\"@type\":\"ImageObject\",\"inLanguage\":\"en-US\",\"@id\":\"https:\\\/\\\/foliobooks.pl\\\/en\\\/shop\\\/elliott-erwitt-scotland\\\/#primaryimage\",\"url\":\"https:\\\/\\\/foliobooks.pl\\\/wp-content\\\/uploads\\\/2018\\\/11\\\/9783961711369.png\",\"contentUrl\":\"https:\\\/\\\/foliobooks.pl\\\/wp-content\\\/uploads\\\/2018\\\/11\\\/9783961711369.png\",\"width\":570,\"height\":708},{\"@type\":\"BreadcrumbList\",\"@id\":\"https:\\\/\\\/foliobooks.pl\\\/en\\\/shop\\\/elliott-erwitt-scotland\\\/#breadcrumb\",\"itemListElement\":[{\"@type\":\"ListItem\",\"position\":1,\"name\":\"Strona g\u0142\u00f3wna\",\"item\":\"https:\\\/\\\/foliobooks.pl\\\/en\\\/\"},{\"@type\":\"ListItem\",\"position\":2,\"name\":\"Shop\",\"item\":\"https:\\\/\\\/foliobooks.pl\\\/en\\\/shop\\\/\"},{\"@type\":\"ListItem\",\"position\":3,\"name\":\"Elliott Erwitt. Scotland\"}]},{\"@type\":\"WebSite\",\"@id\":\"https:\\\/\\\/foliobooks.pl\\\/en\\\/#website\",\"url\":\"https:\\\/\\\/foliobooks.pl\\\/en\\\/\",\"name\":\"Folio\",\"description\":\"Ksi\u0119garnia internetowa\",\"potentialAction\":[{\"@type\":\"SearchAction\",\"target\":{\"@type\":\"EntryPoint\",\"urlTemplate\":\"https:\\\/\\\/foliobooks.pl\\\/en\\\/?s={search_term_string}\"},\"query-input\":{\"@type\":\"PropertyValueSpecification\",\"valueRequired\":true,\"valueName\":\"search_term_string\"}}],\"inLanguage\":\"en-US\"}]}<\/script>\n<!-- \/ Yoast SEO plugin. -->","yoast_head_json":{"title":"Elliott Erwitt. Scotland (Alexander McCall Smith, Elliott Erwitt) - book \/ album - Folio","description":"Wejd\u017a i kup ksi\u0105\u017ck\u0119 Elliott Erwitt. Scotland autorstwa Alexander McCall Smith, Elliott Erwitt wydan\u0105 przez teNeues (2018-07-31) w formacie 27 x 36 cm (ISBN: 9783961711369). Zapraszamy!","robots":{"index":"index","follow":"follow","max-snippet":"max-snippet:-1","max-image-preview":"max-image-preview:large","max-video-preview":"max-video-preview:-1"},"canonical":"https:\/\/foliobooks.pl\/en\/shop\/elliott-erwitt-scotland\/","og_locale":"en_US","og_type":"article","og_title":"Elliott Erwitt. Scotland (Alexander McCall Smith, Elliott Erwitt) - book \/ album - Folio","og_description":"Wejd\u017a i kup ksi\u0105\u017ck\u0119 Elliott Erwitt. Scotland autorstwa Alexander McCall Smith, Elliott Erwitt wydan\u0105 przez teNeues (2018-07-31) w formacie 27 x 36 cm (ISBN: 9783961711369). Zapraszamy!","og_url":"https:\/\/foliobooks.pl\/en\/shop\/elliott-erwitt-scotland\/","og_site_name":"Folio","article_modified_time":"2023-08-25T11:55:31+00:00","og_image":[{"width":570,"height":708,"url":"https:\/\/foliobooks.pl\/wp-content\/uploads\/2018\/11\/9783961711369.png","type":"image\/png"}],"twitter_card":"summary_large_image","twitter_misc":{"Est. reading time":"1 minute"},"schema":{"@context":"https:\/\/schema.org","@graph":[{"@type":"WebPage","@id":"https:\/\/foliobooks.pl\/en\/shop\/elliott-erwitt-scotland\/","url":"https:\/\/foliobooks.pl\/en\/shop\/elliott-erwitt-scotland\/","name":"Elliott Erwitt. Scotland (Alexander McCall Smith, Elliott Erwitt) - book \/ album - Folio","isPartOf":{"@id":"https:\/\/foliobooks.pl\/en\/#website"},"primaryImageOfPage":{"@id":"https:\/\/foliobooks.pl\/en\/shop\/elliott-erwitt-scotland\/#primaryimage"},"image":{"@id":"https:\/\/foliobooks.pl\/en\/shop\/elliott-erwitt-scotland\/#primaryimage"},"thumbnailUrl":"https:\/\/foliobooks.pl\/wp-content\/uploads\/2018\/11\/9783961711369.png","datePublished":"2018-11-21T12:26:07+00:00","dateModified":"2023-08-25T11:55:31+00:00","description":"Wejd\u017a i kup ksi\u0105\u017ck\u0119 Elliott Erwitt. Scotland autorstwa Alexander McCall Smith, Elliott Erwitt wydan\u0105 przez teNeues (2018-07-31) w formacie 27 x 36 cm (ISBN: 9783961711369). Zapraszamy!","breadcrumb":{"@id":"https:\/\/foliobooks.pl\/en\/shop\/elliott-erwitt-scotland\/#breadcrumb"},"inLanguage":"en-US","potentialAction":[{"@type":"ReadAction","target":["https:\/\/foliobooks.pl\/en\/shop\/elliott-erwitt-scotland\/"]}]},{"@type":"ImageObject","inLanguage":"en-US","@id":"https:\/\/foliobooks.pl\/en\/shop\/elliott-erwitt-scotland\/#primaryimage","url":"https:\/\/foliobooks.pl\/wp-content\/uploads\/2018\/11\/9783961711369.png","contentUrl":"https:\/\/foliobooks.pl\/wp-content\/uploads\/2018\/11\/9783961711369.png","width":570,"height":708},{"@type":"BreadcrumbList","@id":"https:\/\/foliobooks.pl\/en\/shop\/elliott-erwitt-scotland\/#breadcrumb","itemListElement":[{"@type":"ListItem","position":1,"name":"Strona g\u0142\u00f3wna","item":"https:\/\/foliobooks.pl\/en\/"},{"@type":"ListItem","position":2,"name":"Shop","item":"https:\/\/foliobooks.pl\/en\/shop\/"},{"@type":"ListItem","position":3,"name":"Elliott Erwitt. Scotland"}]},{"@type":"WebSite","@id":"https:\/\/foliobooks.pl\/en\/#website","url":"https:\/\/foliobooks.pl\/en\/","name":"Folio","description":"Ksi\u0119garnia internetowa","potentialAction":[{"@type":"SearchAction","target":{"@type":"EntryPoint","urlTemplate":"https:\/\/foliobooks.pl\/en\/?s={search_term_string}"},"query-input":{"@type":"PropertyValueSpecification","valueRequired":true,"valueName":"search_term_string"}}],"inLanguage":"en-US"}]}},"_links":{"self":[{"href":"https:\/\/foliobooks.pl\/en\/wp-json\/wp\/v2\/product\/35704","targetHints":{"allow":["GET"]}}],"collection":[{"href":"https:\/\/foliobooks.pl\/en\/wp-json\/wp\/v2\/product"}],"about":[{"href":"https:\/\/foliobooks.pl\/en\/wp-json\/wp\/v2\/types\/product"}],"replies":[{"embeddable":true,"href":"https:\/\/foliobooks.pl\/en\/wp-json\/wp\/v2\/comments?post=35704"}],"wp:featuredmedia":[{"embeddable":true,"href":"https:\/\/foliobooks.pl\/en\/wp-json\/wp\/v2\/media\/35872"}],"wp:attachment":[{"href":"https:\/\/foliobooks.pl\/en\/wp-json\/wp\/v2\/media?parent=35704"}],"wp:term":[{"taxonomy":"product_brand","embeddable":true,"href":"https:\/\/foliobooks.pl\/en\/wp-json\/wp\/v2\/product_brand?post=35704"},{"taxonomy":"product_cat","embeddable":true,"href":"https:\/\/foliobooks.pl\/en\/wp-json\/wp\/v2\/product_cat?post=35704"},{"taxonomy":"product_tag","embeddable":true,"href":"https:\/\/foliobooks.pl\/en\/wp-json\/wp\/v2\/product_tag?post=35704"}],"curies":[{"name":"wp","href":"https:\/\/api.w.org\/{rel}","templated":true}]}}