{"id":35684,"date":"2018-11-18T18:48:09","date_gmt":"2018-11-18T17:48:09","guid":{"rendered":"https:\/\/foliobooks.pl\/?post_type=product&#038;p=35684"},"modified":"2018-11-26T11:24:32","modified_gmt":"2018-11-26T10:24:32","slug":"pop-up-card-musical-instruments","status":"publish","type":"product","link":"https:\/\/foliobooks.pl\/en\/shop\/pop-up-card-musical-instruments\/","title":{"rendered":"Pop Up Card. Musical Instruments"},"content":{"rendered":"<p>Item no. H16<\/p>\n<p>High quality, pop up card that shows musical instruments (a <span class=\"hw\">keyboard<\/span>, guitar, drums and cello).\u00a0<span class=\"a-list-item\">The pieces are cut out with a laser and then put together by hand. <\/span><span class=\"a-list-item\">This little work of art<\/span> makes a smile to each face by opening. The inside of the card is blank so you can add your own message. It\u2019s p<span id=\"result_box\" class=\"short_text\" lang=\"en\"><span class=\"\">erfect for <span class=\"text\" lang=\"en\">many<\/span> different occasions, <span class=\"a-list-item\">especially for\u00a0music lovers,<\/span> <span class=\"a-list-item\">as a greetings card (e.g<\/span>. <span class=\"a-list-item\">birthday card), gift card, voucher or invitation to a <span id=\"result_box\" class=\"\" lang=\"en\"><span title=\"VERSCHENKEN SIE EIN L\u00c4CHELN - Diese fantasievolle und authentische Gru\u00df- oder Geschenkkarte ist nicht nur ein ganz besonderer Gutschein f\u00fcr alle Musikliebhaber, sie w\u00fcrde sich auch hervorragend als Gratulationskarte f\u00fcr den ersten Bandauftritt eignen oder als Einladung zu einem anderen musikalischen Anlass.\">musical event, such as <\/span><\/span>concert or festival.<br \/>\n<\/span><\/span><\/span><\/p>\n<ul>\n<li>suitable envelope included<\/li>\n<\/ul>\n","protected":false},"excerpt":{"rendered":"<p>Item no. H16 High quality, pop up card that shows musical instruments (a keyboard, guitar, drums and cello).\u00a0The pieces are cut out with a laser and then put together by hand. This little work of art makes a smile to each face by opening. The inside of the card is blank so you can add&#8230;<\/p>\n","protected":false},"featured_media":36182,"comment_status":"closed","ping_status":"closed","template":"","meta":[],"product_brand":[],"product_cat":[12944,4797],"product_tag":[6177,13018,12987,12448,12449,5431,12699,11546,1102,11453,1617,12464,12984],"class_list":{"0":"post-35684","1":"product","2":"type-product","3":"status-publish","4":"has-post-thumbnail","6":"product_cat-3dcards","7":"product_cat-beautifulthings","8":"product_tag-3d-en","9":"product_tag-birthday-en","10":"product_tag-cards","11":"product_tag-ceremonies-en","12":"product_tag-events-en","13":"product_tag-gift","14":"product_tag-invitations-en","15":"product_tag-memorabilia-en","16":"product_tag-music-en","17":"product_tag-paper-en","18":"product_tag-pop-up-en","19":"product_tag-postcards-en","20":"product_tag-stationery-en","21":"pa_format-15-x-20-cm-en","23":"first","24":"instock","25":"sale","26":"shipping-taxable","27":"purchasable","28":"product-type-simple"},"yoast_head":"<!-- This site is optimized with the Yoast SEO plugin v27.4 - https:\/\/yoast.com\/product\/yoast-seo-wordpress\/ -->\n<title>Pop Up Card. Musical Instruments () - book \/ album - Folio<\/title>\n<meta name=\"description\" content=\"Wejd\u017a i kup ksi\u0105\u017ck\u0119 Pop Up Card. Musical Instruments autorstwa wydan\u0105 przez () w formacie 15 x 20 cm (ISBN: ). Zapraszamy!\" \/>\n<meta name=\"robots\" content=\"index, follow, max-snippet:-1, max-image-preview:large, max-video-preview:-1\" \/>\n<link rel=\"canonical\" href=\"https:\/\/foliobooks.pl\/en\/shop\/pop-up-card-musical-instruments\/\" \/>\n<meta property=\"og:locale\" content=\"en_US\" \/>\n<meta property=\"og:type\" content=\"article\" \/>\n<meta property=\"og:title\" content=\"Pop Up Card. Musical Instruments () - book \/ album - Folio\" \/>\n<meta property=\"og:description\" content=\"Wejd\u017a i kup ksi\u0105\u017ck\u0119 Pop Up Card. Musical Instruments autorstwa wydan\u0105 przez () w formacie 15 x 20 cm (ISBN: ). Zapraszamy!\" \/>\n<meta property=\"og:url\" content=\"https:\/\/foliobooks.pl\/en\/shop\/pop-up-card-musical-instruments\/\" \/>\n<meta property=\"og:site_name\" content=\"Folio\" \/>\n<meta property=\"article:modified_time\" content=\"2018-11-26T10:24:32+00:00\" \/>\n<meta property=\"og:image\" content=\"https:\/\/foliobooks.pl\/wp-content\/uploads\/2018\/11\/4260395473667.png\" \/>\n\t<meta property=\"og:image:width\" content=\"570\" \/>\n\t<meta property=\"og:image:height\" content=\"708\" \/>\n\t<meta property=\"og:image:type\" content=\"image\/png\" \/>\n<meta name=\"twitter:card\" content=\"summary_large_image\" \/>\n<script type=\"application\/ld+json\" class=\"yoast-schema-graph\">{\"@context\":\"https:\\\/\\\/schema.org\",\"@graph\":[{\"@type\":\"WebPage\",\"@id\":\"https:\\\/\\\/foliobooks.pl\\\/en\\\/shop\\\/pop-up-card-musical-instruments\\\/\",\"url\":\"https:\\\/\\\/foliobooks.pl\\\/en\\\/shop\\\/pop-up-card-musical-instruments\\\/\",\"name\":\"Pop Up Card. Musical Instruments () - book \\\/ album - Folio\",\"isPartOf\":{\"@id\":\"https:\\\/\\\/foliobooks.pl\\\/en\\\/#website\"},\"primaryImageOfPage\":{\"@id\":\"https:\\\/\\\/foliobooks.pl\\\/en\\\/shop\\\/pop-up-card-musical-instruments\\\/#primaryimage\"},\"image\":{\"@id\":\"https:\\\/\\\/foliobooks.pl\\\/en\\\/shop\\\/pop-up-card-musical-instruments\\\/#primaryimage\"},\"thumbnailUrl\":\"https:\\\/\\\/foliobooks.pl\\\/wp-content\\\/uploads\\\/2018\\\/11\\\/4260395473667.png\",\"datePublished\":\"2018-11-18T17:48:09+00:00\",\"dateModified\":\"2018-11-26T10:24:32+00:00\",\"description\":\"Wejd\u017a i kup ksi\u0105\u017ck\u0119 Pop Up Card. Musical Instruments autorstwa wydan\u0105 przez () w formacie 15 x 20 cm (ISBN: ). Zapraszamy!\",\"breadcrumb\":{\"@id\":\"https:\\\/\\\/foliobooks.pl\\\/en\\\/shop\\\/pop-up-card-musical-instruments\\\/#breadcrumb\"},\"inLanguage\":\"en-US\",\"potentialAction\":[{\"@type\":\"ReadAction\",\"target\":[\"https:\\\/\\\/foliobooks.pl\\\/en\\\/shop\\\/pop-up-card-musical-instruments\\\/\"]}]},{\"@type\":\"ImageObject\",\"inLanguage\":\"en-US\",\"@id\":\"https:\\\/\\\/foliobooks.pl\\\/en\\\/shop\\\/pop-up-card-musical-instruments\\\/#primaryimage\",\"url\":\"https:\\\/\\\/foliobooks.pl\\\/wp-content\\\/uploads\\\/2018\\\/11\\\/4260395473667.png\",\"contentUrl\":\"https:\\\/\\\/foliobooks.pl\\\/wp-content\\\/uploads\\\/2018\\\/11\\\/4260395473667.png\",\"width\":570,\"height\":708},{\"@type\":\"BreadcrumbList\",\"@id\":\"https:\\\/\\\/foliobooks.pl\\\/en\\\/shop\\\/pop-up-card-musical-instruments\\\/#breadcrumb\",\"itemListElement\":[{\"@type\":\"ListItem\",\"position\":1,\"name\":\"Strona g\u0142\u00f3wna\",\"item\":\"https:\\\/\\\/foliobooks.pl\\\/en\\\/\"},{\"@type\":\"ListItem\",\"position\":2,\"name\":\"Shop\",\"item\":\"https:\\\/\\\/foliobooks.pl\\\/en\\\/shop\\\/\"},{\"@type\":\"ListItem\",\"position\":3,\"name\":\"Pop Up Card. Musical Instruments\"}]},{\"@type\":\"WebSite\",\"@id\":\"https:\\\/\\\/foliobooks.pl\\\/en\\\/#website\",\"url\":\"https:\\\/\\\/foliobooks.pl\\\/en\\\/\",\"name\":\"Folio\",\"description\":\"Ksi\u0119garnia internetowa\",\"potentialAction\":[{\"@type\":\"SearchAction\",\"target\":{\"@type\":\"EntryPoint\",\"urlTemplate\":\"https:\\\/\\\/foliobooks.pl\\\/en\\\/?s={search_term_string}\"},\"query-input\":{\"@type\":\"PropertyValueSpecification\",\"valueRequired\":true,\"valueName\":\"search_term_string\"}}],\"inLanguage\":\"en-US\"}]}<\/script>\n<!-- \/ Yoast SEO plugin. -->","yoast_head_json":{"title":"Pop Up Card. Musical Instruments () - book \/ album - Folio","description":"Wejd\u017a i kup ksi\u0105\u017ck\u0119 Pop Up Card. Musical Instruments autorstwa wydan\u0105 przez () w formacie 15 x 20 cm (ISBN: ). Zapraszamy!","robots":{"index":"index","follow":"follow","max-snippet":"max-snippet:-1","max-image-preview":"max-image-preview:large","max-video-preview":"max-video-preview:-1"},"canonical":"https:\/\/foliobooks.pl\/en\/shop\/pop-up-card-musical-instruments\/","og_locale":"en_US","og_type":"article","og_title":"Pop Up Card. Musical Instruments () - book \/ album - Folio","og_description":"Wejd\u017a i kup ksi\u0105\u017ck\u0119 Pop Up Card. Musical Instruments autorstwa wydan\u0105 przez () w formacie 15 x 20 cm (ISBN: ). Zapraszamy!","og_url":"https:\/\/foliobooks.pl\/en\/shop\/pop-up-card-musical-instruments\/","og_site_name":"Folio","article_modified_time":"2018-11-26T10:24:32+00:00","og_image":[{"width":570,"height":708,"url":"https:\/\/foliobooks.pl\/wp-content\/uploads\/2018\/11\/4260395473667.png","type":"image\/png"}],"twitter_card":"summary_large_image","schema":{"@context":"https:\/\/schema.org","@graph":[{"@type":"WebPage","@id":"https:\/\/foliobooks.pl\/en\/shop\/pop-up-card-musical-instruments\/","url":"https:\/\/foliobooks.pl\/en\/shop\/pop-up-card-musical-instruments\/","name":"Pop Up Card. Musical Instruments () - book \/ album - Folio","isPartOf":{"@id":"https:\/\/foliobooks.pl\/en\/#website"},"primaryImageOfPage":{"@id":"https:\/\/foliobooks.pl\/en\/shop\/pop-up-card-musical-instruments\/#primaryimage"},"image":{"@id":"https:\/\/foliobooks.pl\/en\/shop\/pop-up-card-musical-instruments\/#primaryimage"},"thumbnailUrl":"https:\/\/foliobooks.pl\/wp-content\/uploads\/2018\/11\/4260395473667.png","datePublished":"2018-11-18T17:48:09+00:00","dateModified":"2018-11-26T10:24:32+00:00","description":"Wejd\u017a i kup ksi\u0105\u017ck\u0119 Pop Up Card. Musical Instruments autorstwa wydan\u0105 przez () w formacie 15 x 20 cm (ISBN: ). Zapraszamy!","breadcrumb":{"@id":"https:\/\/foliobooks.pl\/en\/shop\/pop-up-card-musical-instruments\/#breadcrumb"},"inLanguage":"en-US","potentialAction":[{"@type":"ReadAction","target":["https:\/\/foliobooks.pl\/en\/shop\/pop-up-card-musical-instruments\/"]}]},{"@type":"ImageObject","inLanguage":"en-US","@id":"https:\/\/foliobooks.pl\/en\/shop\/pop-up-card-musical-instruments\/#primaryimage","url":"https:\/\/foliobooks.pl\/wp-content\/uploads\/2018\/11\/4260395473667.png","contentUrl":"https:\/\/foliobooks.pl\/wp-content\/uploads\/2018\/11\/4260395473667.png","width":570,"height":708},{"@type":"BreadcrumbList","@id":"https:\/\/foliobooks.pl\/en\/shop\/pop-up-card-musical-instruments\/#breadcrumb","itemListElement":[{"@type":"ListItem","position":1,"name":"Strona g\u0142\u00f3wna","item":"https:\/\/foliobooks.pl\/en\/"},{"@type":"ListItem","position":2,"name":"Shop","item":"https:\/\/foliobooks.pl\/en\/shop\/"},{"@type":"ListItem","position":3,"name":"Pop Up Card. Musical Instruments"}]},{"@type":"WebSite","@id":"https:\/\/foliobooks.pl\/en\/#website","url":"https:\/\/foliobooks.pl\/en\/","name":"Folio","description":"Ksi\u0119garnia internetowa","potentialAction":[{"@type":"SearchAction","target":{"@type":"EntryPoint","urlTemplate":"https:\/\/foliobooks.pl\/en\/?s={search_term_string}"},"query-input":{"@type":"PropertyValueSpecification","valueRequired":true,"valueName":"search_term_string"}}],"inLanguage":"en-US"}]}},"_links":{"self":[{"href":"https:\/\/foliobooks.pl\/en\/wp-json\/wp\/v2\/product\/35684","targetHints":{"allow":["GET"]}}],"collection":[{"href":"https:\/\/foliobooks.pl\/en\/wp-json\/wp\/v2\/product"}],"about":[{"href":"https:\/\/foliobooks.pl\/en\/wp-json\/wp\/v2\/types\/product"}],"replies":[{"embeddable":true,"href":"https:\/\/foliobooks.pl\/en\/wp-json\/wp\/v2\/comments?post=35684"}],"wp:featuredmedia":[{"embeddable":true,"href":"https:\/\/foliobooks.pl\/en\/wp-json\/wp\/v2\/media\/36182"}],"wp:attachment":[{"href":"https:\/\/foliobooks.pl\/en\/wp-json\/wp\/v2\/media?parent=35684"}],"wp:term":[{"taxonomy":"product_brand","embeddable":true,"href":"https:\/\/foliobooks.pl\/en\/wp-json\/wp\/v2\/product_brand?post=35684"},{"taxonomy":"product_cat","embeddable":true,"href":"https:\/\/foliobooks.pl\/en\/wp-json\/wp\/v2\/product_cat?post=35684"},{"taxonomy":"product_tag","embeddable":true,"href":"https:\/\/foliobooks.pl\/en\/wp-json\/wp\/v2\/product_tag?post=35684"}],"curies":[{"name":"wp","href":"https:\/\/api.w.org\/{rel}","templated":true}]}}