{"id":35678,"date":"2018-11-18T17:55:09","date_gmt":"2018-11-18T16:55:09","guid":{"rendered":"https:\/\/foliobooks.pl\/?post_type=product&#038;p=35678"},"modified":"2018-11-22T13:47:32","modified_gmt":"2018-11-22T12:47:32","slug":"pop-up-wedding-card-newlyweds","status":"publish","type":"product","link":"https:\/\/foliobooks.pl\/en\/shop\/pop-up-wedding-card-newlyweds\/","title":{"rendered":"Pop Up Wedding Card. Newlyweds"},"content":{"rendered":"<p>Item no. L08<\/p>\n<p>High quality, pop up wedding card or invitation that shows a newly married couple. The pieces are cut out with a laser and then put together by hand. This little work of art makes a smile to each face by opening. The inside of the card is blank so you can add your own message.<\/p>\n<ul>\n<li>suitable envelope included<\/li>\n<\/ul>\n","protected":false},"excerpt":{"rendered":"<p>Item no. L08 High quality, pop up wedding card or invitation that shows a newly married couple. The pieces are cut out with a laser and then put together by hand. This little work of art makes a smile to each face by opening. The inside of the card is blank so you can add&#8230;<\/p>\n","protected":false},"featured_media":36131,"comment_status":"closed","ping_status":"closed","template":"","meta":[],"product_brand":[],"product_cat":[12944,4797],"product_tag":[6177,12987,12448,12449,5431,12699,11546,11453,1617,12464,12984,12447],"class_list":{"0":"post-35678","1":"product","2":"type-product","3":"status-publish","4":"has-post-thumbnail","6":"product_cat-3dcards","7":"product_cat-beautifulthings","8":"product_tag-3d-en","9":"product_tag-cards","10":"product_tag-ceremonies-en","11":"product_tag-events-en","12":"product_tag-gift","13":"product_tag-invitations-en","14":"product_tag-memorabilia-en","15":"product_tag-paper-en","16":"product_tag-pop-up-en","17":"product_tag-postcards-en","18":"product_tag-stationery-en","19":"product_tag-weddings-en","20":"pa_format-12-x-18-cm-en","22":"first","23":"instock","24":"sale","25":"shipping-taxable","26":"purchasable","27":"product-type-simple"},"yoast_head":"<!-- This site is optimized with the Yoast SEO plugin v27.4 - https:\/\/yoast.com\/product\/yoast-seo-wordpress\/ -->\n<title>Pop Up Wedding Card. Newlyweds () - book \/ album - Folio<\/title>\n<meta name=\"description\" content=\"Wejd\u017a i kup ksi\u0105\u017ck\u0119 Pop Up Wedding Card. Newlyweds autorstwa wydan\u0105 przez () w formacie 12 x 18 cm (ISBN: ). Zapraszamy!\" \/>\n<meta name=\"robots\" content=\"index, follow, max-snippet:-1, max-image-preview:large, max-video-preview:-1\" \/>\n<link rel=\"canonical\" href=\"https:\/\/foliobooks.pl\/en\/shop\/pop-up-wedding-card-newlyweds\/\" \/>\n<meta property=\"og:locale\" content=\"en_US\" \/>\n<meta property=\"og:type\" content=\"article\" \/>\n<meta property=\"og:title\" content=\"Pop Up Wedding Card. Newlyweds () - book \/ album - Folio\" \/>\n<meta property=\"og:description\" content=\"Wejd\u017a i kup ksi\u0105\u017ck\u0119 Pop Up Wedding Card. Newlyweds autorstwa wydan\u0105 przez () w formacie 12 x 18 cm (ISBN: ). Zapraszamy!\" \/>\n<meta property=\"og:url\" content=\"https:\/\/foliobooks.pl\/en\/shop\/pop-up-wedding-card-newlyweds\/\" \/>\n<meta property=\"og:site_name\" content=\"Folio\" \/>\n<meta property=\"article:modified_time\" content=\"2018-11-22T12:47:32+00:00\" \/>\n<meta property=\"og:image\" content=\"https:\/\/foliobooks.pl\/wp-content\/uploads\/2018\/11\/4260395471083.png\" \/>\n\t<meta property=\"og:image:width\" content=\"570\" \/>\n\t<meta property=\"og:image:height\" content=\"708\" \/>\n\t<meta property=\"og:image:type\" content=\"image\/png\" \/>\n<meta name=\"twitter:card\" content=\"summary_large_image\" \/>\n<script type=\"application\/ld+json\" class=\"yoast-schema-graph\">{\"@context\":\"https:\\\/\\\/schema.org\",\"@graph\":[{\"@type\":\"WebPage\",\"@id\":\"https:\\\/\\\/foliobooks.pl\\\/en\\\/shop\\\/pop-up-wedding-card-newlyweds\\\/\",\"url\":\"https:\\\/\\\/foliobooks.pl\\\/en\\\/shop\\\/pop-up-wedding-card-newlyweds\\\/\",\"name\":\"Pop Up Wedding Card. Newlyweds () - book \\\/ album - Folio\",\"isPartOf\":{\"@id\":\"https:\\\/\\\/foliobooks.pl\\\/en\\\/#website\"},\"primaryImageOfPage\":{\"@id\":\"https:\\\/\\\/foliobooks.pl\\\/en\\\/shop\\\/pop-up-wedding-card-newlyweds\\\/#primaryimage\"},\"image\":{\"@id\":\"https:\\\/\\\/foliobooks.pl\\\/en\\\/shop\\\/pop-up-wedding-card-newlyweds\\\/#primaryimage\"},\"thumbnailUrl\":\"https:\\\/\\\/foliobooks.pl\\\/wp-content\\\/uploads\\\/2018\\\/11\\\/4260395471083.png\",\"datePublished\":\"2018-11-18T16:55:09+00:00\",\"dateModified\":\"2018-11-22T12:47:32+00:00\",\"description\":\"Wejd\u017a i kup ksi\u0105\u017ck\u0119 Pop Up Wedding Card. Newlyweds autorstwa wydan\u0105 przez () w formacie 12 x 18 cm (ISBN: ). Zapraszamy!\",\"breadcrumb\":{\"@id\":\"https:\\\/\\\/foliobooks.pl\\\/en\\\/shop\\\/pop-up-wedding-card-newlyweds\\\/#breadcrumb\"},\"inLanguage\":\"en-US\",\"potentialAction\":[{\"@type\":\"ReadAction\",\"target\":[\"https:\\\/\\\/foliobooks.pl\\\/en\\\/shop\\\/pop-up-wedding-card-newlyweds\\\/\"]}]},{\"@type\":\"ImageObject\",\"inLanguage\":\"en-US\",\"@id\":\"https:\\\/\\\/foliobooks.pl\\\/en\\\/shop\\\/pop-up-wedding-card-newlyweds\\\/#primaryimage\",\"url\":\"https:\\\/\\\/foliobooks.pl\\\/wp-content\\\/uploads\\\/2018\\\/11\\\/4260395471083.png\",\"contentUrl\":\"https:\\\/\\\/foliobooks.pl\\\/wp-content\\\/uploads\\\/2018\\\/11\\\/4260395471083.png\",\"width\":570,\"height\":708},{\"@type\":\"BreadcrumbList\",\"@id\":\"https:\\\/\\\/foliobooks.pl\\\/en\\\/shop\\\/pop-up-wedding-card-newlyweds\\\/#breadcrumb\",\"itemListElement\":[{\"@type\":\"ListItem\",\"position\":1,\"name\":\"Strona g\u0142\u00f3wna\",\"item\":\"https:\\\/\\\/foliobooks.pl\\\/en\\\/\"},{\"@type\":\"ListItem\",\"position\":2,\"name\":\"Shop\",\"item\":\"https:\\\/\\\/foliobooks.pl\\\/en\\\/shop\\\/\"},{\"@type\":\"ListItem\",\"position\":3,\"name\":\"Pop Up Wedding Card. Newlyweds\"}]},{\"@type\":\"WebSite\",\"@id\":\"https:\\\/\\\/foliobooks.pl\\\/en\\\/#website\",\"url\":\"https:\\\/\\\/foliobooks.pl\\\/en\\\/\",\"name\":\"Folio\",\"description\":\"Ksi\u0119garnia internetowa\",\"potentialAction\":[{\"@type\":\"SearchAction\",\"target\":{\"@type\":\"EntryPoint\",\"urlTemplate\":\"https:\\\/\\\/foliobooks.pl\\\/en\\\/?s={search_term_string}\"},\"query-input\":{\"@type\":\"PropertyValueSpecification\",\"valueRequired\":true,\"valueName\":\"search_term_string\"}}],\"inLanguage\":\"en-US\"}]}<\/script>\n<!-- \/ Yoast SEO plugin. -->","yoast_head_json":{"title":"Pop Up Wedding Card. Newlyweds () - book \/ album - Folio","description":"Wejd\u017a i kup ksi\u0105\u017ck\u0119 Pop Up Wedding Card. Newlyweds autorstwa wydan\u0105 przez () w formacie 12 x 18 cm (ISBN: ). Zapraszamy!","robots":{"index":"index","follow":"follow","max-snippet":"max-snippet:-1","max-image-preview":"max-image-preview:large","max-video-preview":"max-video-preview:-1"},"canonical":"https:\/\/foliobooks.pl\/en\/shop\/pop-up-wedding-card-newlyweds\/","og_locale":"en_US","og_type":"article","og_title":"Pop Up Wedding Card. Newlyweds () - book \/ album - Folio","og_description":"Wejd\u017a i kup ksi\u0105\u017ck\u0119 Pop Up Wedding Card. Newlyweds autorstwa wydan\u0105 przez () w formacie 12 x 18 cm (ISBN: ). Zapraszamy!","og_url":"https:\/\/foliobooks.pl\/en\/shop\/pop-up-wedding-card-newlyweds\/","og_site_name":"Folio","article_modified_time":"2018-11-22T12:47:32+00:00","og_image":[{"width":570,"height":708,"url":"https:\/\/foliobooks.pl\/wp-content\/uploads\/2018\/11\/4260395471083.png","type":"image\/png"}],"twitter_card":"summary_large_image","schema":{"@context":"https:\/\/schema.org","@graph":[{"@type":"WebPage","@id":"https:\/\/foliobooks.pl\/en\/shop\/pop-up-wedding-card-newlyweds\/","url":"https:\/\/foliobooks.pl\/en\/shop\/pop-up-wedding-card-newlyweds\/","name":"Pop Up Wedding Card. Newlyweds () - book \/ album - Folio","isPartOf":{"@id":"https:\/\/foliobooks.pl\/en\/#website"},"primaryImageOfPage":{"@id":"https:\/\/foliobooks.pl\/en\/shop\/pop-up-wedding-card-newlyweds\/#primaryimage"},"image":{"@id":"https:\/\/foliobooks.pl\/en\/shop\/pop-up-wedding-card-newlyweds\/#primaryimage"},"thumbnailUrl":"https:\/\/foliobooks.pl\/wp-content\/uploads\/2018\/11\/4260395471083.png","datePublished":"2018-11-18T16:55:09+00:00","dateModified":"2018-11-22T12:47:32+00:00","description":"Wejd\u017a i kup ksi\u0105\u017ck\u0119 Pop Up Wedding Card. Newlyweds autorstwa wydan\u0105 przez () w formacie 12 x 18 cm (ISBN: ). Zapraszamy!","breadcrumb":{"@id":"https:\/\/foliobooks.pl\/en\/shop\/pop-up-wedding-card-newlyweds\/#breadcrumb"},"inLanguage":"en-US","potentialAction":[{"@type":"ReadAction","target":["https:\/\/foliobooks.pl\/en\/shop\/pop-up-wedding-card-newlyweds\/"]}]},{"@type":"ImageObject","inLanguage":"en-US","@id":"https:\/\/foliobooks.pl\/en\/shop\/pop-up-wedding-card-newlyweds\/#primaryimage","url":"https:\/\/foliobooks.pl\/wp-content\/uploads\/2018\/11\/4260395471083.png","contentUrl":"https:\/\/foliobooks.pl\/wp-content\/uploads\/2018\/11\/4260395471083.png","width":570,"height":708},{"@type":"BreadcrumbList","@id":"https:\/\/foliobooks.pl\/en\/shop\/pop-up-wedding-card-newlyweds\/#breadcrumb","itemListElement":[{"@type":"ListItem","position":1,"name":"Strona g\u0142\u00f3wna","item":"https:\/\/foliobooks.pl\/en\/"},{"@type":"ListItem","position":2,"name":"Shop","item":"https:\/\/foliobooks.pl\/en\/shop\/"},{"@type":"ListItem","position":3,"name":"Pop Up Wedding Card. Newlyweds"}]},{"@type":"WebSite","@id":"https:\/\/foliobooks.pl\/en\/#website","url":"https:\/\/foliobooks.pl\/en\/","name":"Folio","description":"Ksi\u0119garnia internetowa","potentialAction":[{"@type":"SearchAction","target":{"@type":"EntryPoint","urlTemplate":"https:\/\/foliobooks.pl\/en\/?s={search_term_string}"},"query-input":{"@type":"PropertyValueSpecification","valueRequired":true,"valueName":"search_term_string"}}],"inLanguage":"en-US"}]}},"_links":{"self":[{"href":"https:\/\/foliobooks.pl\/en\/wp-json\/wp\/v2\/product\/35678","targetHints":{"allow":["GET"]}}],"collection":[{"href":"https:\/\/foliobooks.pl\/en\/wp-json\/wp\/v2\/product"}],"about":[{"href":"https:\/\/foliobooks.pl\/en\/wp-json\/wp\/v2\/types\/product"}],"replies":[{"embeddable":true,"href":"https:\/\/foliobooks.pl\/en\/wp-json\/wp\/v2\/comments?post=35678"}],"wp:featuredmedia":[{"embeddable":true,"href":"https:\/\/foliobooks.pl\/en\/wp-json\/wp\/v2\/media\/36131"}],"wp:attachment":[{"href":"https:\/\/foliobooks.pl\/en\/wp-json\/wp\/v2\/media?parent=35678"}],"wp:term":[{"taxonomy":"product_brand","embeddable":true,"href":"https:\/\/foliobooks.pl\/en\/wp-json\/wp\/v2\/product_brand?post=35678"},{"taxonomy":"product_cat","embeddable":true,"href":"https:\/\/foliobooks.pl\/en\/wp-json\/wp\/v2\/product_cat?post=35678"},{"taxonomy":"product_tag","embeddable":true,"href":"https:\/\/foliobooks.pl\/en\/wp-json\/wp\/v2\/product_tag?post=35678"}],"curies":[{"name":"wp","href":"https:\/\/api.w.org\/{rel}","templated":true}]}}