{"id":35670,"date":"2018-11-21T15:23:35","date_gmt":"2018-11-21T14:23:35","guid":{"rendered":"https:\/\/foliobooks.pl\/?post_type=product&#038;p=35670"},"modified":"2018-11-21T15:23:36","modified_gmt":"2018-11-21T14:23:36","slug":"the-ingmar-bergman-archives","status":"publish","type":"product","link":"https:\/\/foliobooks.pl\/en\/shop\/the-ingmar-bergman-archives\/","title":{"rendered":"The Ingmar Bergman Archives"},"content":{"rendered":"<p>From the archives at the Bergman Foundation comes an homage to the Swedish auteur and consummate explorer of the human condition. This re-edition brings back TASCHEN\u2019s award-winning publication, produced with many of Ingmar Bergman\u2019s close collaborators. Charting the director\u2019s entire working life in film, it features rare material and film snippets that trace a body of work immersed in the mystery, ecstasy, and fullness of life.<\/p>\n<p>Since his release of <em>The Seventh Seal <\/em>and <em>Wild Strawberries<\/em> in 1957, Ingmar Bergman has been one of the leading figures in international cinema. In a career that spanned 60 years, he wrote, produced, and directed 50 films that defined how we see ourselves and how we interact with the people we love, through works like <em>Persona<\/em>, <em>Scenes from a Marriage<\/em>, and <em>Fanny and Alexander<\/em>.<\/p>\n<p>Before his death in 2007, Bergman gave TASCHEN and the Swedish publishing house Max Str\u00f6m complete access to his archives at the Bergman Foundation as well as permission to reprint his writings and interviews, many of which have never been seen outside of Sweden. Picture researcher Bengt Wanselius, who was Bergman\u2019s photographer for 20 years, scoured photo archives all over Sweden, discovered previously unseen images from Bergman\u2019s films, and selected unpublished images from many photographers\u2019 personal archives.<\/p>\n<p>This re-edition draws from our out-of-print <em>Bergman Archives<\/em>, the most complete book on the director to date. For this award-winning production, TASCHEN Editor Paul Duncan gathered a team of Bergman experts who have researched and written a narrative that, for the first time, combined all of Bergman\u2019s working life in film. Such is the depth of Bergman\u2019s writings that most of the story is told in his own words. This book also features an introduction by Bergman\u2019s close friend and collaborator, actor Erland Josephson.<\/p>\n<p>On November 24, 2008, Paul Duncan and Bengt Wanselius won the 2008 August Prize for the Best Non-Fiction Book published in Sweden. This is the most prestigious literary prize in Sweden, voted on by booksellers and librarians throughout the country.<\/p>\n","protected":false},"excerpt":{"rendered":"<p>From the archives at the Bergman Foundation comes an homage to the Swedish auteur and consummate explorer of the human condition. This re-edition brings back TASCHEN\u2019s award-winning publication, produced with many of Ingmar Bergman\u2019s close collaborators. Charting the director\u2019s entire working life in film, it features rare material and film snippets that trace a body&#8230;<\/p>\n","protected":false},"featured_media":35923,"comment_status":"closed","ping_status":"closed","template":"","meta":[],"product_brand":[],"product_cat":[13533,4521],"product_tag":[1273,6339,1681],"class_list":{"0":"post-35670","1":"product","2":"type-product","3":"status-publish","4":"has-post-thumbnail","6":"product_cat-books","7":"product_cat-silva-rerum-en-en","8":"product_tag-cinema-en","9":"product_tag-film-directors-en","10":"product_tag-history","11":"pa_author_att-bengt-wanselius-en","12":"pa_author_att-erland-josephson-en","13":"pa_author_att-paul-duncan-en","14":"pa_cover-hardcover","15":"pa_format-337-x-246-cm-en","16":"pa_isbn-9783836568661-en","17":"pa_language-eng","18":"pa_pages-452-en","19":"pa_published-2018-06-25-en","20":"pa_publisher-taschen-en-en","22":"first","23":"outofstock","24":"sold-individually","25":"shipping-taxable","26":"purchasable","27":"product-type-simple"},"yoast_head":"<!-- This site is optimized with the Yoast SEO plugin v27.5 - https:\/\/yoast.com\/product\/yoast-seo-wordpress\/ -->\n<title>The Ingmar Bergman Archives (Bengt Wanselius, Erland Josephson, Paul Duncan) - book \/ album - Folio<\/title>\n<meta name=\"description\" content=\"Wejd\u017a i kup ksi\u0105\u017ck\u0119 The Ingmar Bergman Archives autorstwa Bengt Wanselius, Erland Josephson, Paul Duncan wydan\u0105 przez TASCHEN (2018-06-25) w formacie 33,7 x 24,6 cm (ISBN: 9783836568661). Zapraszamy!\" \/>\n<meta name=\"robots\" content=\"index, follow, max-snippet:-1, max-image-preview:large, max-video-preview:-1\" \/>\n<link rel=\"canonical\" href=\"https:\/\/foliobooks.pl\/en\/shop\/the-ingmar-bergman-archives\/\" \/>\n<meta property=\"og:locale\" content=\"en_US\" \/>\n<meta property=\"og:type\" content=\"article\" \/>\n<meta property=\"og:title\" content=\"The Ingmar Bergman Archives (Bengt Wanselius, Erland Josephson, Paul Duncan) - book \/ album - Folio\" \/>\n<meta property=\"og:description\" content=\"Wejd\u017a i kup ksi\u0105\u017ck\u0119 The Ingmar Bergman Archives autorstwa Bengt Wanselius, Erland Josephson, Paul Duncan wydan\u0105 przez TASCHEN (2018-06-25) w formacie 33,7 x 24,6 cm (ISBN: 9783836568661). Zapraszamy!\" \/>\n<meta property=\"og:url\" content=\"https:\/\/foliobooks.pl\/en\/shop\/the-ingmar-bergman-archives\/\" \/>\n<meta property=\"og:site_name\" content=\"Folio\" \/>\n<meta property=\"article:modified_time\" content=\"2018-11-21T14:23:36+00:00\" \/>\n<meta property=\"og:image\" content=\"https:\/\/foliobooks.pl\/wp-content\/uploads\/2018\/11\/9783836568661.png\" \/>\n\t<meta property=\"og:image:width\" content=\"570\" \/>\n\t<meta property=\"og:image:height\" content=\"708\" \/>\n\t<meta property=\"og:image:type\" content=\"image\/png\" \/>\n<meta name=\"twitter:card\" content=\"summary_large_image\" \/>\n<meta name=\"twitter:label1\" content=\"Est. reading time\" \/>\n\t<meta name=\"twitter:data1\" content=\"2 minutes\" \/>\n<script type=\"application\/ld+json\" class=\"yoast-schema-graph\">{\"@context\":\"https:\\\/\\\/schema.org\",\"@graph\":[{\"@type\":\"WebPage\",\"@id\":\"https:\\\/\\\/foliobooks.pl\\\/en\\\/shop\\\/the-ingmar-bergman-archives\\\/\",\"url\":\"https:\\\/\\\/foliobooks.pl\\\/en\\\/shop\\\/the-ingmar-bergman-archives\\\/\",\"name\":\"The Ingmar Bergman Archives (Bengt Wanselius, Erland Josephson, Paul Duncan) - book \\\/ album - Folio\",\"isPartOf\":{\"@id\":\"https:\\\/\\\/foliobooks.pl\\\/en\\\/#website\"},\"primaryImageOfPage\":{\"@id\":\"https:\\\/\\\/foliobooks.pl\\\/en\\\/shop\\\/the-ingmar-bergman-archives\\\/#primaryimage\"},\"image\":{\"@id\":\"https:\\\/\\\/foliobooks.pl\\\/en\\\/shop\\\/the-ingmar-bergman-archives\\\/#primaryimage\"},\"thumbnailUrl\":\"https:\\\/\\\/foliobooks.pl\\\/wp-content\\\/uploads\\\/2018\\\/11\\\/9783836568661.png\",\"datePublished\":\"2018-11-21T14:23:35+00:00\",\"dateModified\":\"2018-11-21T14:23:36+00:00\",\"description\":\"Wejd\u017a i kup ksi\u0105\u017ck\u0119 The Ingmar Bergman Archives autorstwa Bengt Wanselius, Erland Josephson, Paul Duncan wydan\u0105 przez TASCHEN (2018-06-25) w formacie 33,7 x 24,6 cm (ISBN: 9783836568661). Zapraszamy!\",\"breadcrumb\":{\"@id\":\"https:\\\/\\\/foliobooks.pl\\\/en\\\/shop\\\/the-ingmar-bergman-archives\\\/#breadcrumb\"},\"inLanguage\":\"en-US\",\"potentialAction\":[{\"@type\":\"ReadAction\",\"target\":[\"https:\\\/\\\/foliobooks.pl\\\/en\\\/shop\\\/the-ingmar-bergman-archives\\\/\"]}]},{\"@type\":\"ImageObject\",\"inLanguage\":\"en-US\",\"@id\":\"https:\\\/\\\/foliobooks.pl\\\/en\\\/shop\\\/the-ingmar-bergman-archives\\\/#primaryimage\",\"url\":\"https:\\\/\\\/foliobooks.pl\\\/wp-content\\\/uploads\\\/2018\\\/11\\\/9783836568661.png\",\"contentUrl\":\"https:\\\/\\\/foliobooks.pl\\\/wp-content\\\/uploads\\\/2018\\\/11\\\/9783836568661.png\",\"width\":570,\"height\":708},{\"@type\":\"BreadcrumbList\",\"@id\":\"https:\\\/\\\/foliobooks.pl\\\/en\\\/shop\\\/the-ingmar-bergman-archives\\\/#breadcrumb\",\"itemListElement\":[{\"@type\":\"ListItem\",\"position\":1,\"name\":\"Strona g\u0142\u00f3wna\",\"item\":\"https:\\\/\\\/foliobooks.pl\\\/en\\\/\"},{\"@type\":\"ListItem\",\"position\":2,\"name\":\"Shop\",\"item\":\"https:\\\/\\\/foliobooks.pl\\\/en\\\/shop\\\/\"},{\"@type\":\"ListItem\",\"position\":3,\"name\":\"The Ingmar Bergman Archives\"}]},{\"@type\":\"WebSite\",\"@id\":\"https:\\\/\\\/foliobooks.pl\\\/en\\\/#website\",\"url\":\"https:\\\/\\\/foliobooks.pl\\\/en\\\/\",\"name\":\"Folio\",\"description\":\"Ksi\u0119garnia internetowa\",\"potentialAction\":[{\"@type\":\"SearchAction\",\"target\":{\"@type\":\"EntryPoint\",\"urlTemplate\":\"https:\\\/\\\/foliobooks.pl\\\/en\\\/?s={search_term_string}\"},\"query-input\":{\"@type\":\"PropertyValueSpecification\",\"valueRequired\":true,\"valueName\":\"search_term_string\"}}],\"inLanguage\":\"en-US\"}]}<\/script>\n<!-- \/ Yoast SEO plugin. -->","yoast_head_json":{"title":"The Ingmar Bergman Archives (Bengt Wanselius, Erland Josephson, Paul Duncan) - book \/ album - Folio","description":"Wejd\u017a i kup ksi\u0105\u017ck\u0119 The Ingmar Bergman Archives autorstwa Bengt Wanselius, Erland Josephson, Paul Duncan wydan\u0105 przez TASCHEN (2018-06-25) w formacie 33,7 x 24,6 cm (ISBN: 9783836568661). Zapraszamy!","robots":{"index":"index","follow":"follow","max-snippet":"max-snippet:-1","max-image-preview":"max-image-preview:large","max-video-preview":"max-video-preview:-1"},"canonical":"https:\/\/foliobooks.pl\/en\/shop\/the-ingmar-bergman-archives\/","og_locale":"en_US","og_type":"article","og_title":"The Ingmar Bergman Archives (Bengt Wanselius, Erland Josephson, Paul Duncan) - book \/ album - Folio","og_description":"Wejd\u017a i kup ksi\u0105\u017ck\u0119 The Ingmar Bergman Archives autorstwa Bengt Wanselius, Erland Josephson, Paul Duncan wydan\u0105 przez TASCHEN (2018-06-25) w formacie 33,7 x 24,6 cm (ISBN: 9783836568661). Zapraszamy!","og_url":"https:\/\/foliobooks.pl\/en\/shop\/the-ingmar-bergman-archives\/","og_site_name":"Folio","article_modified_time":"2018-11-21T14:23:36+00:00","og_image":[{"width":570,"height":708,"url":"https:\/\/foliobooks.pl\/wp-content\/uploads\/2018\/11\/9783836568661.png","type":"image\/png"}],"twitter_card":"summary_large_image","twitter_misc":{"Est. reading time":"2 minutes"},"schema":{"@context":"https:\/\/schema.org","@graph":[{"@type":"WebPage","@id":"https:\/\/foliobooks.pl\/en\/shop\/the-ingmar-bergman-archives\/","url":"https:\/\/foliobooks.pl\/en\/shop\/the-ingmar-bergman-archives\/","name":"The Ingmar Bergman Archives (Bengt Wanselius, Erland Josephson, Paul Duncan) - book \/ album - Folio","isPartOf":{"@id":"https:\/\/foliobooks.pl\/en\/#website"},"primaryImageOfPage":{"@id":"https:\/\/foliobooks.pl\/en\/shop\/the-ingmar-bergman-archives\/#primaryimage"},"image":{"@id":"https:\/\/foliobooks.pl\/en\/shop\/the-ingmar-bergman-archives\/#primaryimage"},"thumbnailUrl":"https:\/\/foliobooks.pl\/wp-content\/uploads\/2018\/11\/9783836568661.png","datePublished":"2018-11-21T14:23:35+00:00","dateModified":"2018-11-21T14:23:36+00:00","description":"Wejd\u017a i kup ksi\u0105\u017ck\u0119 The Ingmar Bergman Archives autorstwa Bengt Wanselius, Erland Josephson, Paul Duncan wydan\u0105 przez TASCHEN (2018-06-25) w formacie 33,7 x 24,6 cm (ISBN: 9783836568661). Zapraszamy!","breadcrumb":{"@id":"https:\/\/foliobooks.pl\/en\/shop\/the-ingmar-bergman-archives\/#breadcrumb"},"inLanguage":"en-US","potentialAction":[{"@type":"ReadAction","target":["https:\/\/foliobooks.pl\/en\/shop\/the-ingmar-bergman-archives\/"]}]},{"@type":"ImageObject","inLanguage":"en-US","@id":"https:\/\/foliobooks.pl\/en\/shop\/the-ingmar-bergman-archives\/#primaryimage","url":"https:\/\/foliobooks.pl\/wp-content\/uploads\/2018\/11\/9783836568661.png","contentUrl":"https:\/\/foliobooks.pl\/wp-content\/uploads\/2018\/11\/9783836568661.png","width":570,"height":708},{"@type":"BreadcrumbList","@id":"https:\/\/foliobooks.pl\/en\/shop\/the-ingmar-bergman-archives\/#breadcrumb","itemListElement":[{"@type":"ListItem","position":1,"name":"Strona g\u0142\u00f3wna","item":"https:\/\/foliobooks.pl\/en\/"},{"@type":"ListItem","position":2,"name":"Shop","item":"https:\/\/foliobooks.pl\/en\/shop\/"},{"@type":"ListItem","position":3,"name":"The Ingmar Bergman Archives"}]},{"@type":"WebSite","@id":"https:\/\/foliobooks.pl\/en\/#website","url":"https:\/\/foliobooks.pl\/en\/","name":"Folio","description":"Ksi\u0119garnia internetowa","potentialAction":[{"@type":"SearchAction","target":{"@type":"EntryPoint","urlTemplate":"https:\/\/foliobooks.pl\/en\/?s={search_term_string}"},"query-input":{"@type":"PropertyValueSpecification","valueRequired":true,"valueName":"search_term_string"}}],"inLanguage":"en-US"}]}},"_links":{"self":[{"href":"https:\/\/foliobooks.pl\/en\/wp-json\/wp\/v2\/product\/35670","targetHints":{"allow":["GET"]}}],"collection":[{"href":"https:\/\/foliobooks.pl\/en\/wp-json\/wp\/v2\/product"}],"about":[{"href":"https:\/\/foliobooks.pl\/en\/wp-json\/wp\/v2\/types\/product"}],"replies":[{"embeddable":true,"href":"https:\/\/foliobooks.pl\/en\/wp-json\/wp\/v2\/comments?post=35670"}],"wp:featuredmedia":[{"embeddable":true,"href":"https:\/\/foliobooks.pl\/en\/wp-json\/wp\/v2\/media\/35923"}],"wp:attachment":[{"href":"https:\/\/foliobooks.pl\/en\/wp-json\/wp\/v2\/media?parent=35670"}],"wp:term":[{"taxonomy":"product_brand","embeddable":true,"href":"https:\/\/foliobooks.pl\/en\/wp-json\/wp\/v2\/product_brand?post=35670"},{"taxonomy":"product_cat","embeddable":true,"href":"https:\/\/foliobooks.pl\/en\/wp-json\/wp\/v2\/product_cat?post=35670"},{"taxonomy":"product_tag","embeddable":true,"href":"https:\/\/foliobooks.pl\/en\/wp-json\/wp\/v2\/product_tag?post=35670"}],"curies":[{"name":"wp","href":"https:\/\/api.w.org\/{rel}","templated":true}]}}