{"id":35656,"date":"2018-11-21T15:40:33","date_gmt":"2018-11-21T14:40:33","guid":{"rendered":"https:\/\/foliobooks.pl\/?post_type=product&#038;p=35656"},"modified":"2019-08-09T12:44:10","modified_gmt":"2019-08-09T10:44:10","slug":"walt-disneys-disneyland","status":"publish","type":"product","link":"https:\/\/foliobooks.pl\/en\/shop\/walt-disneys-disneyland\/","title":{"rendered":"Walt Disney\u2019s Disneyland"},"content":{"rendered":"<p>Discover the story of Disneyland, Walt Disney\u2019s visionary theme park in Anaheim, California. This bountiful visual history includes stunning color photographs, concept drawings, as well as ephemera from the historical collections of the Walt Disney Company and the golden age of photojournalism, to trace the park\u2019s development and immersive world of magic and wonder, from Main Street, U.S.A. to Tomorrowland.<\/p>\n<p>Walt Disney dreamed for decades about opening the ultimate entertainment venue, but it wasn\u2019t until the early 1950s that his handpicked team began to bring his vision to life. Together, artists, architects, and engineers transformed a dusty tract of orange groves about an hour south of Los Angeles into one of the world\u2019s most beloved destinations.<\/p>\n<p>Today, there are Disney resorts from Paris to Shanghai, but the original Disneyland in Anaheim, California, which has been visited by more than 800 million people to-date, remains one of America\u2019s most popular attractions. From the day it opened on July 17, 1955, Disneyland brought history and fairy tales to life, the future into the present, and exciting cultures and galaxies unknown to our imaginations.<\/p>\n<p>This bountiful visual history draws on Disney\u2019s vast historical collections, private archives, and the golden age of photojournalism to provide unique access to the concept, development, launch, and enjoyment of this sun-drenched oasis of fun and fantasy. <em>Disneyland<\/em> documents Walt\u2019s earliest inspirations and ideas; the park\u2019s extraordinary feats of design and engineering; its grand opening; each of its immersive \u201clands\u201d from Main Street, U.S.A., to Tomorrowland; and the park\u2019s evolution through the six decades since it opened. It is a treasure trove of original Disney documentation and expertise, with award-winning writer Chris Nichols drawing on his extensive knowledge of both Disneyland and Southern California history to reveal the fascinating tale of \u201cthe happiest place on Earth.\u201d<\/p>\n","protected":false},"excerpt":{"rendered":"<p>Discover the story of Disneyland, Walt Disney\u2019s visionary theme park in Anaheim, California. This bountiful visual history includes stunning color photographs, concept drawings, as well as ephemera from the historical collections of the Walt Disney Company and the golden age of photojournalism, to trace the park\u2019s development and immersive world of magic and wonder, from&#8230;<\/p>\n","protected":false},"featured_media":35973,"comment_status":"closed","ping_status":"closed","template":"","meta":[],"product_brand":[],"product_cat":[13533,4521],"product_tag":[6117,10664,6124,11496,1460,1273,6314,6162,7362,1681,6121,516,11490],"class_list":{"0":"post-35656","1":"product","2":"type-product","3":"status-publish","4":"has-post-thumbnail","6":"product_cat-books","7":"product_cat-silva-rerum-en-en","8":"product_tag-adventures","9":"product_tag-america-en","10":"product_tag-architecture-en","11":"product_tag-california-en","12":"product_tag-children-en","13":"product_tag-cinema-en","14":"product_tag-entertainment","15":"product_tag-fairy-tale-en","16":"product_tag-fun-en","17":"product_tag-history","18":"product_tag-photography","19":"product_tag-places-en","20":"product_tag-united-states-en","21":"pa_author_att-chris-nichols-en","22":"pa_cover-hardcover","23":"pa_format-24-x-327-cm-en","24":"pa_isbn-9783836563482-en","25":"pa_language-eng","26":"pa_pages-328-en","27":"pa_published-2018-08-25-en","28":"pa_publisher-taschen-en-en","30":"first","31":"instock","32":"sold-individually","33":"shipping-taxable","34":"purchasable","35":"product-type-simple"},"yoast_head":"<!-- This site is optimized with the Yoast SEO plugin v27.4 - https:\/\/yoast.com\/product\/yoast-seo-wordpress\/ -->\n<title>Walt Disney\u2019s Disneyland (Chris Nichols) - book \/ album - Folio<\/title>\n<meta name=\"description\" content=\"Wejd\u017a i kup ksi\u0105\u017ck\u0119 Walt Disney\u2019s Disneyland autorstwa Chris Nichols wydan\u0105 przez TASCHEN (2018-08-25) w formacie 24 x 32,7 cm (ISBN: 9783836563482). Zapraszamy!\" \/>\n<meta name=\"robots\" content=\"index, follow, max-snippet:-1, max-image-preview:large, max-video-preview:-1\" \/>\n<link rel=\"canonical\" href=\"https:\/\/foliobooks.pl\/en\/shop\/walt-disneys-disneyland\/\" \/>\n<meta property=\"og:locale\" content=\"en_US\" \/>\n<meta property=\"og:type\" content=\"article\" \/>\n<meta property=\"og:title\" content=\"Walt Disney\u2019s Disneyland (Chris Nichols) - book \/ album - Folio\" \/>\n<meta property=\"og:description\" content=\"Wejd\u017a i kup ksi\u0105\u017ck\u0119 Walt Disney\u2019s Disneyland autorstwa Chris Nichols wydan\u0105 przez TASCHEN (2018-08-25) w formacie 24 x 32,7 cm (ISBN: 9783836563482). Zapraszamy!\" \/>\n<meta property=\"og:url\" content=\"https:\/\/foliobooks.pl\/en\/shop\/walt-disneys-disneyland\/\" \/>\n<meta property=\"og:site_name\" content=\"Folio\" \/>\n<meta property=\"article:modified_time\" content=\"2019-08-09T10:44:10+00:00\" \/>\n<meta property=\"og:image\" content=\"https:\/\/foliobooks.pl\/wp-content\/uploads\/2018\/11\/9783836563482.png\" \/>\n\t<meta property=\"og:image:width\" content=\"570\" \/>\n\t<meta property=\"og:image:height\" content=\"708\" \/>\n\t<meta property=\"og:image:type\" content=\"image\/png\" \/>\n<meta name=\"twitter:card\" content=\"summary_large_image\" \/>\n<meta name=\"twitter:label1\" content=\"Est. reading time\" \/>\n\t<meta name=\"twitter:data1\" content=\"2 minutes\" \/>\n<script type=\"application\/ld+json\" class=\"yoast-schema-graph\">{\"@context\":\"https:\\\/\\\/schema.org\",\"@graph\":[{\"@type\":\"WebPage\",\"@id\":\"https:\\\/\\\/foliobooks.pl\\\/en\\\/shop\\\/walt-disneys-disneyland\\\/\",\"url\":\"https:\\\/\\\/foliobooks.pl\\\/en\\\/shop\\\/walt-disneys-disneyland\\\/\",\"name\":\"Walt Disney\u2019s Disneyland (Chris Nichols) - book \\\/ album - Folio\",\"isPartOf\":{\"@id\":\"https:\\\/\\\/foliobooks.pl\\\/en\\\/#website\"},\"primaryImageOfPage\":{\"@id\":\"https:\\\/\\\/foliobooks.pl\\\/en\\\/shop\\\/walt-disneys-disneyland\\\/#primaryimage\"},\"image\":{\"@id\":\"https:\\\/\\\/foliobooks.pl\\\/en\\\/shop\\\/walt-disneys-disneyland\\\/#primaryimage\"},\"thumbnailUrl\":\"https:\\\/\\\/foliobooks.pl\\\/wp-content\\\/uploads\\\/2018\\\/11\\\/9783836563482.png\",\"datePublished\":\"2018-11-21T14:40:33+00:00\",\"dateModified\":\"2019-08-09T10:44:10+00:00\",\"description\":\"Wejd\u017a i kup ksi\u0105\u017ck\u0119 Walt Disney\u2019s Disneyland autorstwa Chris Nichols wydan\u0105 przez TASCHEN (2018-08-25) w formacie 24 x 32,7 cm (ISBN: 9783836563482). Zapraszamy!\",\"breadcrumb\":{\"@id\":\"https:\\\/\\\/foliobooks.pl\\\/en\\\/shop\\\/walt-disneys-disneyland\\\/#breadcrumb\"},\"inLanguage\":\"en-US\",\"potentialAction\":[{\"@type\":\"ReadAction\",\"target\":[\"https:\\\/\\\/foliobooks.pl\\\/en\\\/shop\\\/walt-disneys-disneyland\\\/\"]}]},{\"@type\":\"ImageObject\",\"inLanguage\":\"en-US\",\"@id\":\"https:\\\/\\\/foliobooks.pl\\\/en\\\/shop\\\/walt-disneys-disneyland\\\/#primaryimage\",\"url\":\"https:\\\/\\\/foliobooks.pl\\\/wp-content\\\/uploads\\\/2018\\\/11\\\/9783836563482.png\",\"contentUrl\":\"https:\\\/\\\/foliobooks.pl\\\/wp-content\\\/uploads\\\/2018\\\/11\\\/9783836563482.png\",\"width\":570,\"height\":708},{\"@type\":\"BreadcrumbList\",\"@id\":\"https:\\\/\\\/foliobooks.pl\\\/en\\\/shop\\\/walt-disneys-disneyland\\\/#breadcrumb\",\"itemListElement\":[{\"@type\":\"ListItem\",\"position\":1,\"name\":\"Strona g\u0142\u00f3wna\",\"item\":\"https:\\\/\\\/foliobooks.pl\\\/en\\\/\"},{\"@type\":\"ListItem\",\"position\":2,\"name\":\"Shop\",\"item\":\"https:\\\/\\\/foliobooks.pl\\\/en\\\/shop\\\/\"},{\"@type\":\"ListItem\",\"position\":3,\"name\":\"Walt Disney\u2019s Disneyland\"}]},{\"@type\":\"WebSite\",\"@id\":\"https:\\\/\\\/foliobooks.pl\\\/en\\\/#website\",\"url\":\"https:\\\/\\\/foliobooks.pl\\\/en\\\/\",\"name\":\"Folio\",\"description\":\"Ksi\u0119garnia internetowa\",\"potentialAction\":[{\"@type\":\"SearchAction\",\"target\":{\"@type\":\"EntryPoint\",\"urlTemplate\":\"https:\\\/\\\/foliobooks.pl\\\/en\\\/?s={search_term_string}\"},\"query-input\":{\"@type\":\"PropertyValueSpecification\",\"valueRequired\":true,\"valueName\":\"search_term_string\"}}],\"inLanguage\":\"en-US\"}]}<\/script>\n<!-- \/ Yoast SEO plugin. -->","yoast_head_json":{"title":"Walt Disney\u2019s Disneyland (Chris Nichols) - book \/ album - Folio","description":"Wejd\u017a i kup ksi\u0105\u017ck\u0119 Walt Disney\u2019s Disneyland autorstwa Chris Nichols wydan\u0105 przez TASCHEN (2018-08-25) w formacie 24 x 32,7 cm (ISBN: 9783836563482). Zapraszamy!","robots":{"index":"index","follow":"follow","max-snippet":"max-snippet:-1","max-image-preview":"max-image-preview:large","max-video-preview":"max-video-preview:-1"},"canonical":"https:\/\/foliobooks.pl\/en\/shop\/walt-disneys-disneyland\/","og_locale":"en_US","og_type":"article","og_title":"Walt Disney\u2019s Disneyland (Chris Nichols) - book \/ album - Folio","og_description":"Wejd\u017a i kup ksi\u0105\u017ck\u0119 Walt Disney\u2019s Disneyland autorstwa Chris Nichols wydan\u0105 przez TASCHEN (2018-08-25) w formacie 24 x 32,7 cm (ISBN: 9783836563482). Zapraszamy!","og_url":"https:\/\/foliobooks.pl\/en\/shop\/walt-disneys-disneyland\/","og_site_name":"Folio","article_modified_time":"2019-08-09T10:44:10+00:00","og_image":[{"width":570,"height":708,"url":"https:\/\/foliobooks.pl\/wp-content\/uploads\/2018\/11\/9783836563482.png","type":"image\/png"}],"twitter_card":"summary_large_image","twitter_misc":{"Est. reading time":"2 minutes"},"schema":{"@context":"https:\/\/schema.org","@graph":[{"@type":"WebPage","@id":"https:\/\/foliobooks.pl\/en\/shop\/walt-disneys-disneyland\/","url":"https:\/\/foliobooks.pl\/en\/shop\/walt-disneys-disneyland\/","name":"Walt Disney\u2019s Disneyland (Chris Nichols) - book \/ album - Folio","isPartOf":{"@id":"https:\/\/foliobooks.pl\/en\/#website"},"primaryImageOfPage":{"@id":"https:\/\/foliobooks.pl\/en\/shop\/walt-disneys-disneyland\/#primaryimage"},"image":{"@id":"https:\/\/foliobooks.pl\/en\/shop\/walt-disneys-disneyland\/#primaryimage"},"thumbnailUrl":"https:\/\/foliobooks.pl\/wp-content\/uploads\/2018\/11\/9783836563482.png","datePublished":"2018-11-21T14:40:33+00:00","dateModified":"2019-08-09T10:44:10+00:00","description":"Wejd\u017a i kup ksi\u0105\u017ck\u0119 Walt Disney\u2019s Disneyland autorstwa Chris Nichols wydan\u0105 przez TASCHEN (2018-08-25) w formacie 24 x 32,7 cm (ISBN: 9783836563482). Zapraszamy!","breadcrumb":{"@id":"https:\/\/foliobooks.pl\/en\/shop\/walt-disneys-disneyland\/#breadcrumb"},"inLanguage":"en-US","potentialAction":[{"@type":"ReadAction","target":["https:\/\/foliobooks.pl\/en\/shop\/walt-disneys-disneyland\/"]}]},{"@type":"ImageObject","inLanguage":"en-US","@id":"https:\/\/foliobooks.pl\/en\/shop\/walt-disneys-disneyland\/#primaryimage","url":"https:\/\/foliobooks.pl\/wp-content\/uploads\/2018\/11\/9783836563482.png","contentUrl":"https:\/\/foliobooks.pl\/wp-content\/uploads\/2018\/11\/9783836563482.png","width":570,"height":708},{"@type":"BreadcrumbList","@id":"https:\/\/foliobooks.pl\/en\/shop\/walt-disneys-disneyland\/#breadcrumb","itemListElement":[{"@type":"ListItem","position":1,"name":"Strona g\u0142\u00f3wna","item":"https:\/\/foliobooks.pl\/en\/"},{"@type":"ListItem","position":2,"name":"Shop","item":"https:\/\/foliobooks.pl\/en\/shop\/"},{"@type":"ListItem","position":3,"name":"Walt Disney\u2019s Disneyland"}]},{"@type":"WebSite","@id":"https:\/\/foliobooks.pl\/en\/#website","url":"https:\/\/foliobooks.pl\/en\/","name":"Folio","description":"Ksi\u0119garnia internetowa","potentialAction":[{"@type":"SearchAction","target":{"@type":"EntryPoint","urlTemplate":"https:\/\/foliobooks.pl\/en\/?s={search_term_string}"},"query-input":{"@type":"PropertyValueSpecification","valueRequired":true,"valueName":"search_term_string"}}],"inLanguage":"en-US"}]}},"_links":{"self":[{"href":"https:\/\/foliobooks.pl\/en\/wp-json\/wp\/v2\/product\/35656","targetHints":{"allow":["GET"]}}],"collection":[{"href":"https:\/\/foliobooks.pl\/en\/wp-json\/wp\/v2\/product"}],"about":[{"href":"https:\/\/foliobooks.pl\/en\/wp-json\/wp\/v2\/types\/product"}],"replies":[{"embeddable":true,"href":"https:\/\/foliobooks.pl\/en\/wp-json\/wp\/v2\/comments?post=35656"}],"wp:featuredmedia":[{"embeddable":true,"href":"https:\/\/foliobooks.pl\/en\/wp-json\/wp\/v2\/media\/35973"}],"wp:attachment":[{"href":"https:\/\/foliobooks.pl\/en\/wp-json\/wp\/v2\/media?parent=35656"}],"wp:term":[{"taxonomy":"product_brand","embeddable":true,"href":"https:\/\/foliobooks.pl\/en\/wp-json\/wp\/v2\/product_brand?post=35656"},{"taxonomy":"product_cat","embeddable":true,"href":"https:\/\/foliobooks.pl\/en\/wp-json\/wp\/v2\/product_cat?post=35656"},{"taxonomy":"product_tag","embeddable":true,"href":"https:\/\/foliobooks.pl\/en\/wp-json\/wp\/v2\/product_tag?post=35656"}],"curies":[{"name":"wp","href":"https:\/\/api.w.org\/{rel}","templated":true}]}}