{"id":35645,"date":"2018-11-21T16:04:29","date_gmt":"2018-11-21T15:04:29","guid":{"rendered":"https:\/\/foliobooks.pl\/?post_type=product&#038;p=35645"},"modified":"2022-09-20T12:39:29","modified_gmt":"2022-09-20T10:39:29","slug":"movies-of-the-80s","status":"publish","type":"product","link":"https:\/\/foliobooks.pl\/en\/shop\/movies-of-the-80s\/","title":{"rendered":"Movies of the 80s"},"content":{"rendered":"<p>From epic Hollywood blockbusters to dystopian sci-fi fantasies: the movies of the 1980s saw the invention of a new movie-world so convincingly real that none dared resist it. This compendium presents the most influential and successful films of an era when mullets and shoulder pads were all the rage. Complete with glossy images, detailed plot synopses, and movie buff trivia, get your fill of \u201980s nostalgia.<\/p>\n<p>From <em>Aliens<\/em> to <em>Amadeus<\/em>, get your fill of \u201980s nostalgia with this movie bible of all things bold, bizarre, and boisterous. We&#8217;ve diligently compiled a list of the most influential films of the 1980s that&#8217;s sure to please popcorn gobblers and highbrow chin-strokers alike. Adventurous, excessive, and experimental, \u201980s cinema saw moviegoers get their kicks from pictures as wide-ranging as <em>Blade Runner<\/em>, <em>Gandhi<\/em>, and <em>Blue Velvet<\/em>.<\/p>\n<p>Science fiction, horror, and action emerged as the defining genres of the decade, with non-human characters like E.T. winning the hearts of millions, and movies such as<em> Ghostbusters <\/em>and <em>Back to the Future<\/em> fused comedy and sci-fi to the delight of audiences everywhere. Inside this \u201980s encyclopedia each movie masterpiece is profiled with stills, a synopsis, and cast, crew, and technical listings.<\/p>\n<p>With high-concept Hollywood blockbusters, early CGI, and brilliant special effects, the 1980s saw the invention of a new reality, a movie-world so convincingly real\u2014no matter now far-fetched\u2014that spectators could not help but immerse themselves in it.<\/p>\n","protected":false},"excerpt":{"rendered":"<p>From epic Hollywood blockbusters to dystopian sci-fi fantasies: the movies of the 1980s saw the invention of a new movie-world so convincingly real that none dared resist it. This compendium presents the most influential and successful films of an era when mullets and shoulder pads were all the rage. Complete with glossy images, detailed plot&#8230;<\/p>\n","protected":false},"featured_media":36013,"comment_status":"closed","ping_status":"closed","template":"","meta":[],"product_brand":[],"product_cat":[13533,4521],"product_tag":[6308,1273,6339,1681,1676],"class_list":{"0":"post-35645","1":"product","2":"type-product","3":"status-publish","4":"has-post-thumbnail","6":"product_cat-books","7":"product_cat-silva-rerum-en-en","8":"product_tag-actors","9":"product_tag-cinema-en","10":"product_tag-film-directors-en","11":"product_tag-history","12":"product_tag-movie-stars","13":"pa_author_att-jurgen-muller-en","14":"pa_cover-hardcover","15":"pa_format-14-x-195-cm-en","16":"pa_isbn-9783836561211-en","17":"pa_language-eng","18":"pa_pages-832-en","19":"pa_published-2018-06-15-en","20":"pa_publisher-taschen-en-en","22":"first","23":"outofstock","24":"sold-individually","25":"shipping-taxable","26":"purchasable","27":"product-type-simple"},"yoast_head":"<!-- This site is optimized with the Yoast SEO plugin v27.5 - https:\/\/yoast.com\/product\/yoast-seo-wordpress\/ -->\n<title>Movies of the 80s (J\u00fcrgen M\u00fcller) - book \/ album - Folio<\/title>\n<meta name=\"description\" content=\"Wejd\u017a i kup ksi\u0105\u017ck\u0119 Movies of the 80s autorstwa J\u00fcrgen M\u00fcller wydan\u0105 przez TASCHEN (2018-06-15) w formacie 14 x 19,5 cm (ISBN: 9783836561211). Zapraszamy!\" \/>\n<meta name=\"robots\" content=\"index, follow, max-snippet:-1, max-image-preview:large, max-video-preview:-1\" \/>\n<link rel=\"canonical\" href=\"https:\/\/foliobooks.pl\/en\/shop\/movies-of-the-80s\/\" \/>\n<meta property=\"og:locale\" content=\"en_US\" \/>\n<meta property=\"og:type\" content=\"article\" \/>\n<meta property=\"og:title\" content=\"Movies of the 80s (J\u00fcrgen M\u00fcller) - book \/ album - Folio\" \/>\n<meta property=\"og:description\" content=\"Wejd\u017a i kup ksi\u0105\u017ck\u0119 Movies of the 80s autorstwa J\u00fcrgen M\u00fcller wydan\u0105 przez TASCHEN (2018-06-15) w formacie 14 x 19,5 cm (ISBN: 9783836561211). Zapraszamy!\" \/>\n<meta property=\"og:url\" content=\"https:\/\/foliobooks.pl\/en\/shop\/movies-of-the-80s\/\" \/>\n<meta property=\"og:site_name\" content=\"Folio\" \/>\n<meta property=\"article:modified_time\" content=\"2022-09-20T10:39:29+00:00\" \/>\n<meta property=\"og:image\" content=\"https:\/\/foliobooks.pl\/wp-content\/uploads\/2018\/11\/9783836561211.png\" \/>\n\t<meta property=\"og:image:width\" content=\"570\" \/>\n\t<meta property=\"og:image:height\" content=\"708\" \/>\n\t<meta property=\"og:image:type\" content=\"image\/png\" \/>\n<meta name=\"twitter:card\" content=\"summary_large_image\" \/>\n<meta name=\"twitter:label1\" content=\"Est. reading time\" \/>\n\t<meta name=\"twitter:data1\" content=\"1 minute\" \/>\n<script type=\"application\/ld+json\" class=\"yoast-schema-graph\">{\"@context\":\"https:\\\/\\\/schema.org\",\"@graph\":[{\"@type\":\"WebPage\",\"@id\":\"https:\\\/\\\/foliobooks.pl\\\/en\\\/shop\\\/movies-of-the-80s\\\/\",\"url\":\"https:\\\/\\\/foliobooks.pl\\\/en\\\/shop\\\/movies-of-the-80s\\\/\",\"name\":\"Movies of the 80s (J\u00fcrgen M\u00fcller) - book \\\/ album - Folio\",\"isPartOf\":{\"@id\":\"https:\\\/\\\/foliobooks.pl\\\/en\\\/#website\"},\"primaryImageOfPage\":{\"@id\":\"https:\\\/\\\/foliobooks.pl\\\/en\\\/shop\\\/movies-of-the-80s\\\/#primaryimage\"},\"image\":{\"@id\":\"https:\\\/\\\/foliobooks.pl\\\/en\\\/shop\\\/movies-of-the-80s\\\/#primaryimage\"},\"thumbnailUrl\":\"https:\\\/\\\/foliobooks.pl\\\/wp-content\\\/uploads\\\/2018\\\/11\\\/9783836561211.png\",\"datePublished\":\"2018-11-21T15:04:29+00:00\",\"dateModified\":\"2022-09-20T10:39:29+00:00\",\"description\":\"Wejd\u017a i kup ksi\u0105\u017ck\u0119 Movies of the 80s autorstwa J\u00fcrgen M\u00fcller wydan\u0105 przez TASCHEN (2018-06-15) w formacie 14 x 19,5 cm (ISBN: 9783836561211). Zapraszamy!\",\"breadcrumb\":{\"@id\":\"https:\\\/\\\/foliobooks.pl\\\/en\\\/shop\\\/movies-of-the-80s\\\/#breadcrumb\"},\"inLanguage\":\"en-US\",\"potentialAction\":[{\"@type\":\"ReadAction\",\"target\":[\"https:\\\/\\\/foliobooks.pl\\\/en\\\/shop\\\/movies-of-the-80s\\\/\"]}]},{\"@type\":\"ImageObject\",\"inLanguage\":\"en-US\",\"@id\":\"https:\\\/\\\/foliobooks.pl\\\/en\\\/shop\\\/movies-of-the-80s\\\/#primaryimage\",\"url\":\"https:\\\/\\\/foliobooks.pl\\\/wp-content\\\/uploads\\\/2018\\\/11\\\/9783836561211.png\",\"contentUrl\":\"https:\\\/\\\/foliobooks.pl\\\/wp-content\\\/uploads\\\/2018\\\/11\\\/9783836561211.png\",\"width\":570,\"height\":708},{\"@type\":\"BreadcrumbList\",\"@id\":\"https:\\\/\\\/foliobooks.pl\\\/en\\\/shop\\\/movies-of-the-80s\\\/#breadcrumb\",\"itemListElement\":[{\"@type\":\"ListItem\",\"position\":1,\"name\":\"Strona g\u0142\u00f3wna\",\"item\":\"https:\\\/\\\/foliobooks.pl\\\/en\\\/\"},{\"@type\":\"ListItem\",\"position\":2,\"name\":\"Shop\",\"item\":\"https:\\\/\\\/foliobooks.pl\\\/en\\\/shop\\\/\"},{\"@type\":\"ListItem\",\"position\":3,\"name\":\"Movies of the 80s\"}]},{\"@type\":\"WebSite\",\"@id\":\"https:\\\/\\\/foliobooks.pl\\\/en\\\/#website\",\"url\":\"https:\\\/\\\/foliobooks.pl\\\/en\\\/\",\"name\":\"Folio\",\"description\":\"Ksi\u0119garnia internetowa\",\"potentialAction\":[{\"@type\":\"SearchAction\",\"target\":{\"@type\":\"EntryPoint\",\"urlTemplate\":\"https:\\\/\\\/foliobooks.pl\\\/en\\\/?s={search_term_string}\"},\"query-input\":{\"@type\":\"PropertyValueSpecification\",\"valueRequired\":true,\"valueName\":\"search_term_string\"}}],\"inLanguage\":\"en-US\"}]}<\/script>\n<!-- \/ Yoast SEO plugin. -->","yoast_head_json":{"title":"Movies of the 80s (J\u00fcrgen M\u00fcller) - book \/ album - Folio","description":"Wejd\u017a i kup ksi\u0105\u017ck\u0119 Movies of the 80s autorstwa J\u00fcrgen M\u00fcller wydan\u0105 przez TASCHEN (2018-06-15) w formacie 14 x 19,5 cm (ISBN: 9783836561211). Zapraszamy!","robots":{"index":"index","follow":"follow","max-snippet":"max-snippet:-1","max-image-preview":"max-image-preview:large","max-video-preview":"max-video-preview:-1"},"canonical":"https:\/\/foliobooks.pl\/en\/shop\/movies-of-the-80s\/","og_locale":"en_US","og_type":"article","og_title":"Movies of the 80s (J\u00fcrgen M\u00fcller) - book \/ album - Folio","og_description":"Wejd\u017a i kup ksi\u0105\u017ck\u0119 Movies of the 80s autorstwa J\u00fcrgen M\u00fcller wydan\u0105 przez TASCHEN (2018-06-15) w formacie 14 x 19,5 cm (ISBN: 9783836561211). Zapraszamy!","og_url":"https:\/\/foliobooks.pl\/en\/shop\/movies-of-the-80s\/","og_site_name":"Folio","article_modified_time":"2022-09-20T10:39:29+00:00","og_image":[{"width":570,"height":708,"url":"https:\/\/foliobooks.pl\/wp-content\/uploads\/2018\/11\/9783836561211.png","type":"image\/png"}],"twitter_card":"summary_large_image","twitter_misc":{"Est. reading time":"1 minute"},"schema":{"@context":"https:\/\/schema.org","@graph":[{"@type":"WebPage","@id":"https:\/\/foliobooks.pl\/en\/shop\/movies-of-the-80s\/","url":"https:\/\/foliobooks.pl\/en\/shop\/movies-of-the-80s\/","name":"Movies of the 80s (J\u00fcrgen M\u00fcller) - book \/ album - Folio","isPartOf":{"@id":"https:\/\/foliobooks.pl\/en\/#website"},"primaryImageOfPage":{"@id":"https:\/\/foliobooks.pl\/en\/shop\/movies-of-the-80s\/#primaryimage"},"image":{"@id":"https:\/\/foliobooks.pl\/en\/shop\/movies-of-the-80s\/#primaryimage"},"thumbnailUrl":"https:\/\/foliobooks.pl\/wp-content\/uploads\/2018\/11\/9783836561211.png","datePublished":"2018-11-21T15:04:29+00:00","dateModified":"2022-09-20T10:39:29+00:00","description":"Wejd\u017a i kup ksi\u0105\u017ck\u0119 Movies of the 80s autorstwa J\u00fcrgen M\u00fcller wydan\u0105 przez TASCHEN (2018-06-15) w formacie 14 x 19,5 cm (ISBN: 9783836561211). Zapraszamy!","breadcrumb":{"@id":"https:\/\/foliobooks.pl\/en\/shop\/movies-of-the-80s\/#breadcrumb"},"inLanguage":"en-US","potentialAction":[{"@type":"ReadAction","target":["https:\/\/foliobooks.pl\/en\/shop\/movies-of-the-80s\/"]}]},{"@type":"ImageObject","inLanguage":"en-US","@id":"https:\/\/foliobooks.pl\/en\/shop\/movies-of-the-80s\/#primaryimage","url":"https:\/\/foliobooks.pl\/wp-content\/uploads\/2018\/11\/9783836561211.png","contentUrl":"https:\/\/foliobooks.pl\/wp-content\/uploads\/2018\/11\/9783836561211.png","width":570,"height":708},{"@type":"BreadcrumbList","@id":"https:\/\/foliobooks.pl\/en\/shop\/movies-of-the-80s\/#breadcrumb","itemListElement":[{"@type":"ListItem","position":1,"name":"Strona g\u0142\u00f3wna","item":"https:\/\/foliobooks.pl\/en\/"},{"@type":"ListItem","position":2,"name":"Shop","item":"https:\/\/foliobooks.pl\/en\/shop\/"},{"@type":"ListItem","position":3,"name":"Movies of the 80s"}]},{"@type":"WebSite","@id":"https:\/\/foliobooks.pl\/en\/#website","url":"https:\/\/foliobooks.pl\/en\/","name":"Folio","description":"Ksi\u0119garnia internetowa","potentialAction":[{"@type":"SearchAction","target":{"@type":"EntryPoint","urlTemplate":"https:\/\/foliobooks.pl\/en\/?s={search_term_string}"},"query-input":{"@type":"PropertyValueSpecification","valueRequired":true,"valueName":"search_term_string"}}],"inLanguage":"en-US"}]}},"_links":{"self":[{"href":"https:\/\/foliobooks.pl\/en\/wp-json\/wp\/v2\/product\/35645","targetHints":{"allow":["GET"]}}],"collection":[{"href":"https:\/\/foliobooks.pl\/en\/wp-json\/wp\/v2\/product"}],"about":[{"href":"https:\/\/foliobooks.pl\/en\/wp-json\/wp\/v2\/types\/product"}],"replies":[{"embeddable":true,"href":"https:\/\/foliobooks.pl\/en\/wp-json\/wp\/v2\/comments?post=35645"}],"wp:featuredmedia":[{"embeddable":true,"href":"https:\/\/foliobooks.pl\/en\/wp-json\/wp\/v2\/media\/36013"}],"wp:attachment":[{"href":"https:\/\/foliobooks.pl\/en\/wp-json\/wp\/v2\/media?parent=35645"}],"wp:term":[{"taxonomy":"product_brand","embeddable":true,"href":"https:\/\/foliobooks.pl\/en\/wp-json\/wp\/v2\/product_brand?post=35645"},{"taxonomy":"product_cat","embeddable":true,"href":"https:\/\/foliobooks.pl\/en\/wp-json\/wp\/v2\/product_cat?post=35645"},{"taxonomy":"product_tag","embeddable":true,"href":"https:\/\/foliobooks.pl\/en\/wp-json\/wp\/v2\/product_tag?post=35645"}],"curies":[{"name":"wp","href":"https:\/\/api.w.org\/{rel}","templated":true}]}}