{"id":35640,"date":"2018-11-16T17:54:06","date_gmt":"2018-11-16T16:54:06","guid":{"rendered":"https:\/\/foliobooks.pl\/?post_type=product&#038;p=35640"},"modified":"2023-01-03T15:32:27","modified_gmt":"2023-01-03T14:32:27","slug":"__trashed-2","status":"publish","type":"product","link":"https:\/\/foliobooks.pl\/en\/shop\/__trashed-2\/","title":{"rendered":"Night Falls on the Berlin of the Roaring Twenties"},"content":{"rendered":"<p>Roam the bright lights, the backstage whispers, and the brittle political consensus of 1920s Berlin. This uniquely evocative book brings together illustration from Robert Nippoldt, descriptive texts by Boris Pofalla, and a CD of 26 rare original recordings into one vivid portrait of the people, places, and ideas of an effervescent metropolis in a transformative decade.<\/p>\n<p>It was the age of drag balls, <em>Metropolis, <\/em>and Josephine Baker. Of scientific breakthroughs, literary verve, and the political chaos of the Weimar Republic. After the best-selling <em>Hollywood in the 30s<\/em> and <em>Jazz: New York in the Roaring Twenties<\/em>, illustrator Robert Nippoldt teams up with author Boris Pofalla to evoke the fast-moving, freewheeling metropolis that was Berlin in the 1920s.<\/p>\n<p>Like a cinematographic city tour through time, <em>Berlin of the Roaring Twenties<\/em> takes in the urban scale and the intricate details of this transformative decade, from sweeping street panoramas, bejeweled with new electric lights, to the foxtrot and tango steps tapped out on dance floors all over town. With characteristic graphic mastery of light, shadow, and expression, as well as a silver-printing sheen, Nippoldt intersperses portraits with cityscapes, revealing the changing scenery and dynamic hubs of this burgeoning and rapidly industrializing capital, as well as the extraordinary protagonists that made up its hotbed scene of art, science, and ideas.<\/p>\n<p>With an avid eye on the eccentrics and outlaws who set the tone in this heady age as much as the established \u201cgreats,\u201d Nippoldt includes rich profiles not only of the likes of Lotte Reiniger, Christopher Isherwood, Albert Einstein, Kurt Weill, Marlene Dietrich, and George Grosz, but also of \u201cthe woman with ten brains\u201d Thea Alba, \u201cEinstein of Sex\u201d Magnus Hirschfeld, and the city\u2019s notorious criminal Adolf Leib. The book also showcases some of the most prominent cultural and political phenomena of the time, whether the most iconic film characters or the frenzied chaos of the Weimar government cabinet.<\/p>\n<p>But beyond the people and the places, above all the book captures the incomparable and ineffable spirit of time and place, of an epoch suspended between two world wars and a country caught between joie-de-vivre daring and the darkness of encroaching National Socialism. Before the night falls, Nippoldt shows it all to us: the bright lights and the backstage whispers, the looming factories and the theoretical physics, the roar of the sports hall and the hush of the theater, the songs of the Comedian Harmonists, the satire of George Grosz, and that gender-bending icon Marlene Dietrich, as she lights up a cigarette in top hat, tuxedo, and come-to-bed eyes.<\/p>\n","protected":false},"excerpt":{"rendered":"<p>Roam the bright lights, the backstage whispers, and the brittle political consensus of 1920s Berlin. This uniquely evocative book brings together illustration from Robert Nippoldt, descriptive texts by Boris Pofalla, and a CD of 26 rare original recordings into one vivid portrait of the people, places, and ideas of an effervescent metropolis in a transformative&#8230;<\/p>\n","protected":false},"featured_media":36033,"comment_status":"closed","ping_status":"closed","template":"","meta":[],"product_brand":[],"product_cat":[13533,4521],"product_tag":[2767,11550,1273,6143,13342,2655,11447,1681,11548,1102,6121,8781,6947,12416],"class_list":{"0":"post-35640","1":"product","2":"type-product","3":"status-publish","4":"has-post-thumbnail","6":"product_cat-books","7":"product_cat-silva-rerum-en-en","8":"product_tag-art-history","9":"product_tag-buildings-en","10":"product_tag-cinema-en","11":"product_tag-city","12":"product_tag-culture-en","13":"product_tag-dance","14":"product_tag-germany-en","15":"product_tag-history","16":"product_tag-literature-en","17":"product_tag-music-en","18":"product_tag-photography","19":"product_tag-politics-en","20":"product_tag-science-en","21":"product_tag-streets-en","22":"pa_author_att-boris-pofalla","23":"pa_author_att-robert-nippoldt-en","24":"pa_cover-hardcover","25":"pa_format-235-x-37-cm-en","26":"pa_isbn-13585","27":"pa_language-eng","28":"pa_pages-224-2-en","29":"pa_published-2018-07-05","30":"pa_publisher-taschen-en-en","32":"first","33":"instock","34":"sale","35":"sold-individually","36":"shipping-taxable","37":"purchasable","38":"product-type-simple"},"yoast_head":"<!-- This site is optimized with the Yoast SEO plugin v27.4 - https:\/\/yoast.com\/product\/yoast-seo-wordpress\/ -->\n<title>Night Falls on the Berlin of the Roaring Twenties (Boris Pofalla, Robert Nippoldt) - book \/ album - Folio<\/title>\n<meta name=\"description\" content=\"Wejd\u017a i kup ksi\u0105\u017ck\u0119 Night Falls on the Berlin of the Roaring Twenties autorstwa Boris Pofalla, Robert Nippoldt wydan\u0105 przez TASCHEN (2018-07-05) w formacie 23,5 x 37 cm (ISBN: 9783836563208). Zapraszamy!\" \/>\n<meta name=\"robots\" content=\"index, follow, max-snippet:-1, max-image-preview:large, max-video-preview:-1\" \/>\n<link rel=\"canonical\" href=\"https:\/\/foliobooks.pl\/en\/shop\/__trashed-2\/\" \/>\n<meta property=\"og:locale\" content=\"en_US\" \/>\n<meta property=\"og:type\" content=\"article\" \/>\n<meta property=\"og:title\" content=\"Night Falls on the Berlin of the Roaring Twenties (Boris Pofalla, Robert Nippoldt) - book \/ album - Folio\" \/>\n<meta property=\"og:description\" content=\"Wejd\u017a i kup ksi\u0105\u017ck\u0119 Night Falls on the Berlin of the Roaring Twenties autorstwa Boris Pofalla, Robert Nippoldt wydan\u0105 przez TASCHEN (2018-07-05) w formacie 23,5 x 37 cm (ISBN: 9783836563208). Zapraszamy!\" \/>\n<meta property=\"og:url\" content=\"https:\/\/foliobooks.pl\/en\/shop\/__trashed-2\/\" \/>\n<meta property=\"og:site_name\" content=\"Folio\" \/>\n<meta property=\"article:modified_time\" content=\"2023-01-03T14:32:27+00:00\" \/>\n<meta property=\"og:image\" content=\"https:\/\/foliobooks.pl\/wp-content\/uploads\/2018\/11\/9783836563208.png\" \/>\n\t<meta property=\"og:image:width\" content=\"570\" \/>\n\t<meta property=\"og:image:height\" content=\"708\" \/>\n\t<meta property=\"og:image:type\" content=\"image\/png\" \/>\n<meta name=\"twitter:card\" content=\"summary_large_image\" \/>\n<meta name=\"twitter:label1\" content=\"Est. reading time\" \/>\n\t<meta name=\"twitter:data1\" content=\"2 minutes\" \/>\n<script type=\"application\/ld+json\" class=\"yoast-schema-graph\">{\"@context\":\"https:\\\/\\\/schema.org\",\"@graph\":[{\"@type\":\"WebPage\",\"@id\":\"https:\\\/\\\/foliobooks.pl\\\/en\\\/shop\\\/__trashed-2\\\/\",\"url\":\"https:\\\/\\\/foliobooks.pl\\\/en\\\/shop\\\/__trashed-2\\\/\",\"name\":\"Night Falls on the Berlin of the Roaring Twenties (Boris Pofalla, Robert Nippoldt) - book \\\/ album - Folio\",\"isPartOf\":{\"@id\":\"https:\\\/\\\/foliobooks.pl\\\/en\\\/#website\"},\"primaryImageOfPage\":{\"@id\":\"https:\\\/\\\/foliobooks.pl\\\/en\\\/shop\\\/__trashed-2\\\/#primaryimage\"},\"image\":{\"@id\":\"https:\\\/\\\/foliobooks.pl\\\/en\\\/shop\\\/__trashed-2\\\/#primaryimage\"},\"thumbnailUrl\":\"https:\\\/\\\/foliobooks.pl\\\/wp-content\\\/uploads\\\/2018\\\/11\\\/9783836563208.png\",\"datePublished\":\"2018-11-16T16:54:06+00:00\",\"dateModified\":\"2023-01-03T14:32:27+00:00\",\"description\":\"Wejd\u017a i kup ksi\u0105\u017ck\u0119 Night Falls on the Berlin of the Roaring Twenties autorstwa Boris Pofalla, Robert Nippoldt wydan\u0105 przez TASCHEN (2018-07-05) w formacie 23,5 x 37 cm (ISBN: 9783836563208). Zapraszamy!\",\"breadcrumb\":{\"@id\":\"https:\\\/\\\/foliobooks.pl\\\/en\\\/shop\\\/__trashed-2\\\/#breadcrumb\"},\"inLanguage\":\"en-US\",\"potentialAction\":[{\"@type\":\"ReadAction\",\"target\":[\"https:\\\/\\\/foliobooks.pl\\\/en\\\/shop\\\/__trashed-2\\\/\"]}]},{\"@type\":\"ImageObject\",\"inLanguage\":\"en-US\",\"@id\":\"https:\\\/\\\/foliobooks.pl\\\/en\\\/shop\\\/__trashed-2\\\/#primaryimage\",\"url\":\"https:\\\/\\\/foliobooks.pl\\\/wp-content\\\/uploads\\\/2018\\\/11\\\/9783836563208.png\",\"contentUrl\":\"https:\\\/\\\/foliobooks.pl\\\/wp-content\\\/uploads\\\/2018\\\/11\\\/9783836563208.png\",\"width\":570,\"height\":708},{\"@type\":\"BreadcrumbList\",\"@id\":\"https:\\\/\\\/foliobooks.pl\\\/en\\\/shop\\\/__trashed-2\\\/#breadcrumb\",\"itemListElement\":[{\"@type\":\"ListItem\",\"position\":1,\"name\":\"Strona g\u0142\u00f3wna\",\"item\":\"https:\\\/\\\/foliobooks.pl\\\/en\\\/\"},{\"@type\":\"ListItem\",\"position\":2,\"name\":\"Shop\",\"item\":\"https:\\\/\\\/foliobooks.pl\\\/en\\\/shop\\\/\"},{\"@type\":\"ListItem\",\"position\":3,\"name\":\"Night Falls on the Berlin of the Roaring Twenties\"}]},{\"@type\":\"WebSite\",\"@id\":\"https:\\\/\\\/foliobooks.pl\\\/en\\\/#website\",\"url\":\"https:\\\/\\\/foliobooks.pl\\\/en\\\/\",\"name\":\"Folio\",\"description\":\"Ksi\u0119garnia internetowa\",\"potentialAction\":[{\"@type\":\"SearchAction\",\"target\":{\"@type\":\"EntryPoint\",\"urlTemplate\":\"https:\\\/\\\/foliobooks.pl\\\/en\\\/?s={search_term_string}\"},\"query-input\":{\"@type\":\"PropertyValueSpecification\",\"valueRequired\":true,\"valueName\":\"search_term_string\"}}],\"inLanguage\":\"en-US\"}]}<\/script>\n<!-- \/ Yoast SEO plugin. -->","yoast_head_json":{"title":"Night Falls on the Berlin of the Roaring Twenties (Boris Pofalla, Robert Nippoldt) - book \/ album - Folio","description":"Wejd\u017a i kup ksi\u0105\u017ck\u0119 Night Falls on the Berlin of the Roaring Twenties autorstwa Boris Pofalla, Robert Nippoldt wydan\u0105 przez TASCHEN (2018-07-05) w formacie 23,5 x 37 cm (ISBN: 9783836563208). Zapraszamy!","robots":{"index":"index","follow":"follow","max-snippet":"max-snippet:-1","max-image-preview":"max-image-preview:large","max-video-preview":"max-video-preview:-1"},"canonical":"https:\/\/foliobooks.pl\/en\/shop\/__trashed-2\/","og_locale":"en_US","og_type":"article","og_title":"Night Falls on the Berlin of the Roaring Twenties (Boris Pofalla, Robert Nippoldt) - book \/ album - Folio","og_description":"Wejd\u017a i kup ksi\u0105\u017ck\u0119 Night Falls on the Berlin of the Roaring Twenties autorstwa Boris Pofalla, Robert Nippoldt wydan\u0105 przez TASCHEN (2018-07-05) w formacie 23,5 x 37 cm (ISBN: 9783836563208). Zapraszamy!","og_url":"https:\/\/foliobooks.pl\/en\/shop\/__trashed-2\/","og_site_name":"Folio","article_modified_time":"2023-01-03T14:32:27+00:00","og_image":[{"width":570,"height":708,"url":"https:\/\/foliobooks.pl\/wp-content\/uploads\/2018\/11\/9783836563208.png","type":"image\/png"}],"twitter_card":"summary_large_image","twitter_misc":{"Est. reading time":"2 minutes"},"schema":{"@context":"https:\/\/schema.org","@graph":[{"@type":"WebPage","@id":"https:\/\/foliobooks.pl\/en\/shop\/__trashed-2\/","url":"https:\/\/foliobooks.pl\/en\/shop\/__trashed-2\/","name":"Night Falls on the Berlin of the Roaring Twenties (Boris Pofalla, Robert Nippoldt) - book \/ album - Folio","isPartOf":{"@id":"https:\/\/foliobooks.pl\/en\/#website"},"primaryImageOfPage":{"@id":"https:\/\/foliobooks.pl\/en\/shop\/__trashed-2\/#primaryimage"},"image":{"@id":"https:\/\/foliobooks.pl\/en\/shop\/__trashed-2\/#primaryimage"},"thumbnailUrl":"https:\/\/foliobooks.pl\/wp-content\/uploads\/2018\/11\/9783836563208.png","datePublished":"2018-11-16T16:54:06+00:00","dateModified":"2023-01-03T14:32:27+00:00","description":"Wejd\u017a i kup ksi\u0105\u017ck\u0119 Night Falls on the Berlin of the Roaring Twenties autorstwa Boris Pofalla, Robert Nippoldt wydan\u0105 przez TASCHEN (2018-07-05) w formacie 23,5 x 37 cm (ISBN: 9783836563208). Zapraszamy!","breadcrumb":{"@id":"https:\/\/foliobooks.pl\/en\/shop\/__trashed-2\/#breadcrumb"},"inLanguage":"en-US","potentialAction":[{"@type":"ReadAction","target":["https:\/\/foliobooks.pl\/en\/shop\/__trashed-2\/"]}]},{"@type":"ImageObject","inLanguage":"en-US","@id":"https:\/\/foliobooks.pl\/en\/shop\/__trashed-2\/#primaryimage","url":"https:\/\/foliobooks.pl\/wp-content\/uploads\/2018\/11\/9783836563208.png","contentUrl":"https:\/\/foliobooks.pl\/wp-content\/uploads\/2018\/11\/9783836563208.png","width":570,"height":708},{"@type":"BreadcrumbList","@id":"https:\/\/foliobooks.pl\/en\/shop\/__trashed-2\/#breadcrumb","itemListElement":[{"@type":"ListItem","position":1,"name":"Strona g\u0142\u00f3wna","item":"https:\/\/foliobooks.pl\/en\/"},{"@type":"ListItem","position":2,"name":"Shop","item":"https:\/\/foliobooks.pl\/en\/shop\/"},{"@type":"ListItem","position":3,"name":"Night Falls on the Berlin of the Roaring Twenties"}]},{"@type":"WebSite","@id":"https:\/\/foliobooks.pl\/en\/#website","url":"https:\/\/foliobooks.pl\/en\/","name":"Folio","description":"Ksi\u0119garnia internetowa","potentialAction":[{"@type":"SearchAction","target":{"@type":"EntryPoint","urlTemplate":"https:\/\/foliobooks.pl\/en\/?s={search_term_string}"},"query-input":{"@type":"PropertyValueSpecification","valueRequired":true,"valueName":"search_term_string"}}],"inLanguage":"en-US"}]}},"_links":{"self":[{"href":"https:\/\/foliobooks.pl\/en\/wp-json\/wp\/v2\/product\/35640","targetHints":{"allow":["GET"]}}],"collection":[{"href":"https:\/\/foliobooks.pl\/en\/wp-json\/wp\/v2\/product"}],"about":[{"href":"https:\/\/foliobooks.pl\/en\/wp-json\/wp\/v2\/types\/product"}],"replies":[{"embeddable":true,"href":"https:\/\/foliobooks.pl\/en\/wp-json\/wp\/v2\/comments?post=35640"}],"wp:featuredmedia":[{"embeddable":true,"href":"https:\/\/foliobooks.pl\/en\/wp-json\/wp\/v2\/media\/36033"}],"wp:attachment":[{"href":"https:\/\/foliobooks.pl\/en\/wp-json\/wp\/v2\/media?parent=35640"}],"wp:term":[{"taxonomy":"product_brand","embeddable":true,"href":"https:\/\/foliobooks.pl\/en\/wp-json\/wp\/v2\/product_brand?post=35640"},{"taxonomy":"product_cat","embeddable":true,"href":"https:\/\/foliobooks.pl\/en\/wp-json\/wp\/v2\/product_cat?post=35640"},{"taxonomy":"product_tag","embeddable":true,"href":"https:\/\/foliobooks.pl\/en\/wp-json\/wp\/v2\/product_tag?post=35640"}],"curies":[{"name":"wp","href":"https:\/\/api.w.org\/{rel}","templated":true}]}}