{"id":35443,"date":"2018-10-07T14:18:37","date_gmt":"2018-10-07T12:18:37","guid":{"rendered":"https:\/\/foliobooks.pl\/?post_type=product&#038;p=35443"},"modified":"2019-11-25T17:11:29","modified_gmt":"2019-11-25T16:11:29","slug":"pop-up-card-cog","status":"publish","type":"product","link":"https:\/\/foliobooks.pl\/en\/shop\/pop-up-card-cog\/","title":{"rendered":"Pop Up Card. Cog"},"content":{"rendered":"<p>Item no. B09<\/p>\n<p>High quality, pop up card that shows a cog ship.\u00a0<span class=\"a-list-item\">The pieces are cut out with a laser and then put together by hand. <\/span><span class=\"a-list-item\">This little work of art<\/span> makes a smile to each face by opening. The inside of the card is blank so you can add your own message. It\u2019s p<span id=\"result_box\" class=\"short_text\" lang=\"en\"><span class=\"\">erfect for <span class=\"text\" lang=\"en\">many<\/span> different occasions <span class=\"a-list-item\">as an\u00a0invitation, greetings card (e.g<\/span>. <span class=\"a-list-item\">birthday card for a boy), gift card, voucher, etc.<\/span><br \/>\n<\/span><\/span><\/p>\n<ul>\n<li>suitable envelope included<\/li>\n<\/ul>\n","protected":false},"excerpt":{"rendered":"<p>Item no. B09 High quality, pop up card that shows a cog ship.\u00a0The pieces are cut out with a laser and then put together by hand. This little work of art makes a smile to each face by opening. The inside of the card is blank so you can add your own message. It\u2019s perfect&#8230;<\/p>\n","protected":false},"featured_media":35492,"comment_status":"closed","ping_status":"closed","template":"","meta":[],"product_brand":[],"product_cat":[12944,4797],"product_tag":[6177,13018,13017,12987,12448,1460,12449,5431,12699,11546,514,11518,11453,1617,12464,12468,12984,156,11523,6816],"class_list":{"0":"post-35443","1":"product","2":"type-product","3":"status-publish","4":"has-post-thumbnail","6":"product_cat-3dcards","7":"product_cat-beautifulthings","8":"product_tag-3d-en","9":"product_tag-birthday-en","10":"product_tag-boys-en","11":"product_tag-cards","12":"product_tag-ceremonies-en","13":"product_tag-children-en","14":"product_tag-events-en","15":"product_tag-gift","16":"product_tag-invitations-en","17":"product_tag-memorabilia-en","18":"product_tag-men-en","19":"product_tag-middle-ages-en","20":"product_tag-paper-en","21":"product_tag-pop-up-en","22":"product_tag-postcards-en","23":"product_tag-ships-en","24":"product_tag-stationery-en","25":"product_tag-travel","26":"product_tag-war","27":"product_tag-water","28":"pa_format-15-x-15-cm-en","30":"first","31":"instock","32":"sale","33":"shipping-taxable","34":"purchasable","35":"product-type-simple"},"yoast_head":"<!-- This site is optimized with the Yoast SEO plugin v27.4 - https:\/\/yoast.com\/product\/yoast-seo-wordpress\/ -->\n<title>Pop Up Card. Cog () - book \/ album - Folio<\/title>\n<meta name=\"description\" content=\"Wejd\u017a i kup ksi\u0105\u017ck\u0119 Pop Up Card. Cog autorstwa wydan\u0105 przez () w formacie 15 x 15 cm (ISBN: ). Zapraszamy!\" \/>\n<meta name=\"robots\" content=\"index, follow, max-snippet:-1, max-image-preview:large, max-video-preview:-1\" \/>\n<link rel=\"canonical\" href=\"https:\/\/foliobooks.pl\/en\/shop\/pop-up-card-cog\/\" \/>\n<meta property=\"og:locale\" content=\"en_US\" \/>\n<meta property=\"og:type\" content=\"article\" \/>\n<meta property=\"og:title\" content=\"Pop Up Card. Cog () - book \/ album - Folio\" \/>\n<meta property=\"og:description\" content=\"Wejd\u017a i kup ksi\u0105\u017ck\u0119 Pop Up Card. Cog autorstwa wydan\u0105 przez () w formacie 15 x 15 cm (ISBN: ). Zapraszamy!\" \/>\n<meta property=\"og:url\" content=\"https:\/\/foliobooks.pl\/en\/shop\/pop-up-card-cog\/\" \/>\n<meta property=\"og:site_name\" content=\"Folio\" \/>\n<meta property=\"article:modified_time\" content=\"2019-11-25T16:11:29+00:00\" \/>\n<meta property=\"og:image\" content=\"https:\/\/foliobooks.pl\/wp-content\/uploads\/2018\/10\/4260395472097.png\" \/>\n\t<meta property=\"og:image:width\" content=\"570\" \/>\n\t<meta property=\"og:image:height\" content=\"708\" \/>\n\t<meta property=\"og:image:type\" content=\"image\/png\" \/>\n<meta name=\"twitter:card\" content=\"summary_large_image\" \/>\n<script type=\"application\/ld+json\" class=\"yoast-schema-graph\">{\"@context\":\"https:\\\/\\\/schema.org\",\"@graph\":[{\"@type\":\"WebPage\",\"@id\":\"https:\\\/\\\/foliobooks.pl\\\/en\\\/shop\\\/pop-up-card-cog\\\/\",\"url\":\"https:\\\/\\\/foliobooks.pl\\\/en\\\/shop\\\/pop-up-card-cog\\\/\",\"name\":\"Pop Up Card. Cog () - book \\\/ album - Folio\",\"isPartOf\":{\"@id\":\"https:\\\/\\\/foliobooks.pl\\\/en\\\/#website\"},\"primaryImageOfPage\":{\"@id\":\"https:\\\/\\\/foliobooks.pl\\\/en\\\/shop\\\/pop-up-card-cog\\\/#primaryimage\"},\"image\":{\"@id\":\"https:\\\/\\\/foliobooks.pl\\\/en\\\/shop\\\/pop-up-card-cog\\\/#primaryimage\"},\"thumbnailUrl\":\"https:\\\/\\\/foliobooks.pl\\\/wp-content\\\/uploads\\\/2018\\\/10\\\/4260395472097.png\",\"datePublished\":\"2018-10-07T12:18:37+00:00\",\"dateModified\":\"2019-11-25T16:11:29+00:00\",\"description\":\"Wejd\u017a i kup ksi\u0105\u017ck\u0119 Pop Up Card. Cog autorstwa wydan\u0105 przez () w formacie 15 x 15 cm (ISBN: ). Zapraszamy!\",\"breadcrumb\":{\"@id\":\"https:\\\/\\\/foliobooks.pl\\\/en\\\/shop\\\/pop-up-card-cog\\\/#breadcrumb\"},\"inLanguage\":\"en-US\",\"potentialAction\":[{\"@type\":\"ReadAction\",\"target\":[\"https:\\\/\\\/foliobooks.pl\\\/en\\\/shop\\\/pop-up-card-cog\\\/\"]}]},{\"@type\":\"ImageObject\",\"inLanguage\":\"en-US\",\"@id\":\"https:\\\/\\\/foliobooks.pl\\\/en\\\/shop\\\/pop-up-card-cog\\\/#primaryimage\",\"url\":\"https:\\\/\\\/foliobooks.pl\\\/wp-content\\\/uploads\\\/2018\\\/10\\\/4260395472097.png\",\"contentUrl\":\"https:\\\/\\\/foliobooks.pl\\\/wp-content\\\/uploads\\\/2018\\\/10\\\/4260395472097.png\",\"width\":570,\"height\":708},{\"@type\":\"BreadcrumbList\",\"@id\":\"https:\\\/\\\/foliobooks.pl\\\/en\\\/shop\\\/pop-up-card-cog\\\/#breadcrumb\",\"itemListElement\":[{\"@type\":\"ListItem\",\"position\":1,\"name\":\"Strona g\u0142\u00f3wna\",\"item\":\"https:\\\/\\\/foliobooks.pl\\\/en\\\/\"},{\"@type\":\"ListItem\",\"position\":2,\"name\":\"Shop\",\"item\":\"https:\\\/\\\/foliobooks.pl\\\/en\\\/shop\\\/\"},{\"@type\":\"ListItem\",\"position\":3,\"name\":\"Pop Up Card. Cog\"}]},{\"@type\":\"WebSite\",\"@id\":\"https:\\\/\\\/foliobooks.pl\\\/en\\\/#website\",\"url\":\"https:\\\/\\\/foliobooks.pl\\\/en\\\/\",\"name\":\"Folio\",\"description\":\"Ksi\u0119garnia internetowa\",\"potentialAction\":[{\"@type\":\"SearchAction\",\"target\":{\"@type\":\"EntryPoint\",\"urlTemplate\":\"https:\\\/\\\/foliobooks.pl\\\/en\\\/?s={search_term_string}\"},\"query-input\":{\"@type\":\"PropertyValueSpecification\",\"valueRequired\":true,\"valueName\":\"search_term_string\"}}],\"inLanguage\":\"en-US\"}]}<\/script>\n<!-- \/ Yoast SEO plugin. -->","yoast_head_json":{"title":"Pop Up Card. Cog () - book \/ album - Folio","description":"Wejd\u017a i kup ksi\u0105\u017ck\u0119 Pop Up Card. Cog autorstwa wydan\u0105 przez () w formacie 15 x 15 cm (ISBN: ). Zapraszamy!","robots":{"index":"index","follow":"follow","max-snippet":"max-snippet:-1","max-image-preview":"max-image-preview:large","max-video-preview":"max-video-preview:-1"},"canonical":"https:\/\/foliobooks.pl\/en\/shop\/pop-up-card-cog\/","og_locale":"en_US","og_type":"article","og_title":"Pop Up Card. Cog () - book \/ album - Folio","og_description":"Wejd\u017a i kup ksi\u0105\u017ck\u0119 Pop Up Card. Cog autorstwa wydan\u0105 przez () w formacie 15 x 15 cm (ISBN: ). Zapraszamy!","og_url":"https:\/\/foliobooks.pl\/en\/shop\/pop-up-card-cog\/","og_site_name":"Folio","article_modified_time":"2019-11-25T16:11:29+00:00","og_image":[{"width":570,"height":708,"url":"https:\/\/foliobooks.pl\/wp-content\/uploads\/2018\/10\/4260395472097.png","type":"image\/png"}],"twitter_card":"summary_large_image","schema":{"@context":"https:\/\/schema.org","@graph":[{"@type":"WebPage","@id":"https:\/\/foliobooks.pl\/en\/shop\/pop-up-card-cog\/","url":"https:\/\/foliobooks.pl\/en\/shop\/pop-up-card-cog\/","name":"Pop Up Card. Cog () - book \/ album - Folio","isPartOf":{"@id":"https:\/\/foliobooks.pl\/en\/#website"},"primaryImageOfPage":{"@id":"https:\/\/foliobooks.pl\/en\/shop\/pop-up-card-cog\/#primaryimage"},"image":{"@id":"https:\/\/foliobooks.pl\/en\/shop\/pop-up-card-cog\/#primaryimage"},"thumbnailUrl":"https:\/\/foliobooks.pl\/wp-content\/uploads\/2018\/10\/4260395472097.png","datePublished":"2018-10-07T12:18:37+00:00","dateModified":"2019-11-25T16:11:29+00:00","description":"Wejd\u017a i kup ksi\u0105\u017ck\u0119 Pop Up Card. Cog autorstwa wydan\u0105 przez () w formacie 15 x 15 cm (ISBN: ). Zapraszamy!","breadcrumb":{"@id":"https:\/\/foliobooks.pl\/en\/shop\/pop-up-card-cog\/#breadcrumb"},"inLanguage":"en-US","potentialAction":[{"@type":"ReadAction","target":["https:\/\/foliobooks.pl\/en\/shop\/pop-up-card-cog\/"]}]},{"@type":"ImageObject","inLanguage":"en-US","@id":"https:\/\/foliobooks.pl\/en\/shop\/pop-up-card-cog\/#primaryimage","url":"https:\/\/foliobooks.pl\/wp-content\/uploads\/2018\/10\/4260395472097.png","contentUrl":"https:\/\/foliobooks.pl\/wp-content\/uploads\/2018\/10\/4260395472097.png","width":570,"height":708},{"@type":"BreadcrumbList","@id":"https:\/\/foliobooks.pl\/en\/shop\/pop-up-card-cog\/#breadcrumb","itemListElement":[{"@type":"ListItem","position":1,"name":"Strona g\u0142\u00f3wna","item":"https:\/\/foliobooks.pl\/en\/"},{"@type":"ListItem","position":2,"name":"Shop","item":"https:\/\/foliobooks.pl\/en\/shop\/"},{"@type":"ListItem","position":3,"name":"Pop Up Card. Cog"}]},{"@type":"WebSite","@id":"https:\/\/foliobooks.pl\/en\/#website","url":"https:\/\/foliobooks.pl\/en\/","name":"Folio","description":"Ksi\u0119garnia internetowa","potentialAction":[{"@type":"SearchAction","target":{"@type":"EntryPoint","urlTemplate":"https:\/\/foliobooks.pl\/en\/?s={search_term_string}"},"query-input":{"@type":"PropertyValueSpecification","valueRequired":true,"valueName":"search_term_string"}}],"inLanguage":"en-US"}]}},"_links":{"self":[{"href":"https:\/\/foliobooks.pl\/en\/wp-json\/wp\/v2\/product\/35443","targetHints":{"allow":["GET"]}}],"collection":[{"href":"https:\/\/foliobooks.pl\/en\/wp-json\/wp\/v2\/product"}],"about":[{"href":"https:\/\/foliobooks.pl\/en\/wp-json\/wp\/v2\/types\/product"}],"replies":[{"embeddable":true,"href":"https:\/\/foliobooks.pl\/en\/wp-json\/wp\/v2\/comments?post=35443"}],"wp:featuredmedia":[{"embeddable":true,"href":"https:\/\/foliobooks.pl\/en\/wp-json\/wp\/v2\/media\/35492"}],"wp:attachment":[{"href":"https:\/\/foliobooks.pl\/en\/wp-json\/wp\/v2\/media?parent=35443"}],"wp:term":[{"taxonomy":"product_brand","embeddable":true,"href":"https:\/\/foliobooks.pl\/en\/wp-json\/wp\/v2\/product_brand?post=35443"},{"taxonomy":"product_cat","embeddable":true,"href":"https:\/\/foliobooks.pl\/en\/wp-json\/wp\/v2\/product_cat?post=35443"},{"taxonomy":"product_tag","embeddable":true,"href":"https:\/\/foliobooks.pl\/en\/wp-json\/wp\/v2\/product_tag?post=35443"}],"curies":[{"name":"wp","href":"https:\/\/api.w.org\/{rel}","templated":true}]}}