{"id":35429,"date":"2018-10-05T14:25:59","date_gmt":"2018-10-05T12:25:59","guid":{"rendered":"https:\/\/foliobooks.pl\/sklep\/shoplifter\/"},"modified":"2024-12-11T15:57:10","modified_gmt":"2024-12-11T14:57:10","slug":"shoplifter","status":"publish","type":"product","link":"https:\/\/foliobooks.pl\/en\/shop\/shoplifter\/","title":{"rendered":"Shoplifter!"},"content":{"rendered":"<p>Disrupted by online shopping, shops and brands find themselves in a permanent battle over the most innovative store concepts, striking window displays, and genius presentation of goods, to breathe new life into the traditional retail flow.<\/p>\n<p>This creative struggle has heralded a golden era of retail design. Brand experiences now stretch far beyond the end product; the dialogue between a shop and its consumers is becoming increasingly important. Companies are tapping the talents of top designers and using them in sophisticated flagship stores or unexpected temporary venues. Shoplifter! showcases the most outstanding concepts across a number of industries, introducing the most innovative brands with rich, in-depth case studies.<\/p>\n","protected":false},"excerpt":{"rendered":"<p>Disrupted by online shopping, shops and brands find themselves in a permanent battle over the most innovative store concepts, striking window displays, and genius presentation of goods, to breathe new life into the traditional retail flow. This creative struggle has heralded a golden era of retail design. Brand experiences now stretch far beyond the end&#8230;<\/p>\n","protected":false},"featured_media":35418,"comment_status":"closed","ping_status":"closed","template":"","meta":[],"product_brand":[],"product_cat":[4516],"product_tag":[6124,6567,290,6416],"class_list":{"0":"post-35429","1":"product","2":"type-product","3":"status-publish","4":"has-post-thumbnail","6":"product_cat-architecture-en","7":"product_tag-architecture-en","8":"product_tag-contemporary-architecture-en","9":"product_tag-interiors-en","10":"product_tag-shops","11":"pa_cover-hardcover","12":"pa_format-24-x-30-cm-en","13":"pa_isbn-9783899559415-en","14":"pa_language-eng","15":"pa_pages-256-en-2","16":"pa_published-2018-04-01-en","17":"pa_publisher-gestalten-en","19":"first","20":"instock","21":"sale","22":"sold-individually","23":"shipping-taxable","24":"purchasable","25":"product-type-simple"},"yoast_head":"<!-- This site is optimized with the Yoast SEO plugin v27.4 - https:\/\/yoast.com\/product\/yoast-seo-wordpress\/ -->\n<title>Shoplifter! () - book \/ album - Folio<\/title>\n<meta name=\"description\" content=\"Wejd\u017a i kup ksi\u0105\u017ck\u0119 Shoplifter! autorstwa wydan\u0105 przez gestalten (2018-04-01) w formacie 24 x 30 cm (ISBN: 9783899559415). Zapraszamy!\" \/>\n<meta name=\"robots\" content=\"index, follow, max-snippet:-1, max-image-preview:large, max-video-preview:-1\" \/>\n<link rel=\"canonical\" href=\"https:\/\/foliobooks.pl\/en\/shop\/shoplifter\/\" \/>\n<meta property=\"og:locale\" content=\"en_US\" \/>\n<meta property=\"og:type\" content=\"article\" \/>\n<meta property=\"og:title\" content=\"Shoplifter! () - book \/ album - Folio\" \/>\n<meta property=\"og:description\" content=\"Wejd\u017a i kup ksi\u0105\u017ck\u0119 Shoplifter! autorstwa wydan\u0105 przez gestalten (2018-04-01) w formacie 24 x 30 cm (ISBN: 9783899559415). Zapraszamy!\" \/>\n<meta property=\"og:url\" content=\"https:\/\/foliobooks.pl\/en\/shop\/shoplifter\/\" \/>\n<meta property=\"og:site_name\" content=\"Folio\" \/>\n<meta property=\"article:modified_time\" content=\"2024-12-11T14:57:10+00:00\" \/>\n<meta property=\"og:image\" content=\"https:\/\/foliobooks.pl\/wp-content\/uploads\/2018\/10\/9783899559415.png\" \/>\n\t<meta property=\"og:image:width\" content=\"570\" \/>\n\t<meta property=\"og:image:height\" content=\"708\" \/>\n\t<meta property=\"og:image:type\" content=\"image\/png\" \/>\n<meta name=\"twitter:card\" content=\"summary_large_image\" \/>\n<meta name=\"twitter:label1\" content=\"Est. reading time\" \/>\n\t<meta name=\"twitter:data1\" content=\"1 minute\" \/>\n<script type=\"application\/ld+json\" class=\"yoast-schema-graph\">{\"@context\":\"https:\\\/\\\/schema.org\",\"@graph\":[{\"@type\":\"WebPage\",\"@id\":\"https:\\\/\\\/foliobooks.pl\\\/en\\\/shop\\\/shoplifter\\\/\",\"url\":\"https:\\\/\\\/foliobooks.pl\\\/en\\\/shop\\\/shoplifter\\\/\",\"name\":\"Shoplifter! () - book \\\/ album - Folio\",\"isPartOf\":{\"@id\":\"https:\\\/\\\/foliobooks.pl\\\/en\\\/#website\"},\"primaryImageOfPage\":{\"@id\":\"https:\\\/\\\/foliobooks.pl\\\/en\\\/shop\\\/shoplifter\\\/#primaryimage\"},\"image\":{\"@id\":\"https:\\\/\\\/foliobooks.pl\\\/en\\\/shop\\\/shoplifter\\\/#primaryimage\"},\"thumbnailUrl\":\"https:\\\/\\\/foliobooks.pl\\\/wp-content\\\/uploads\\\/2018\\\/10\\\/9783899559415.png\",\"datePublished\":\"2018-10-05T12:25:59+00:00\",\"dateModified\":\"2024-12-11T14:57:10+00:00\",\"description\":\"Wejd\u017a i kup ksi\u0105\u017ck\u0119 Shoplifter! autorstwa wydan\u0105 przez gestalten (2018-04-01) w formacie 24 x 30 cm (ISBN: 9783899559415). Zapraszamy!\",\"breadcrumb\":{\"@id\":\"https:\\\/\\\/foliobooks.pl\\\/en\\\/shop\\\/shoplifter\\\/#breadcrumb\"},\"inLanguage\":\"en-US\",\"potentialAction\":[{\"@type\":\"ReadAction\",\"target\":[\"https:\\\/\\\/foliobooks.pl\\\/en\\\/shop\\\/shoplifter\\\/\"]}]},{\"@type\":\"ImageObject\",\"inLanguage\":\"en-US\",\"@id\":\"https:\\\/\\\/foliobooks.pl\\\/en\\\/shop\\\/shoplifter\\\/#primaryimage\",\"url\":\"https:\\\/\\\/foliobooks.pl\\\/wp-content\\\/uploads\\\/2018\\\/10\\\/9783899559415.png\",\"contentUrl\":\"https:\\\/\\\/foliobooks.pl\\\/wp-content\\\/uploads\\\/2018\\\/10\\\/9783899559415.png\",\"width\":570,\"height\":708},{\"@type\":\"BreadcrumbList\",\"@id\":\"https:\\\/\\\/foliobooks.pl\\\/en\\\/shop\\\/shoplifter\\\/#breadcrumb\",\"itemListElement\":[{\"@type\":\"ListItem\",\"position\":1,\"name\":\"Strona g\u0142\u00f3wna\",\"item\":\"https:\\\/\\\/foliobooks.pl\\\/en\\\/\"},{\"@type\":\"ListItem\",\"position\":2,\"name\":\"Shop\",\"item\":\"https:\\\/\\\/foliobooks.pl\\\/en\\\/shop\\\/\"},{\"@type\":\"ListItem\",\"position\":3,\"name\":\"Shoplifter!\"}]},{\"@type\":\"WebSite\",\"@id\":\"https:\\\/\\\/foliobooks.pl\\\/en\\\/#website\",\"url\":\"https:\\\/\\\/foliobooks.pl\\\/en\\\/\",\"name\":\"Folio\",\"description\":\"Ksi\u0119garnia internetowa\",\"potentialAction\":[{\"@type\":\"SearchAction\",\"target\":{\"@type\":\"EntryPoint\",\"urlTemplate\":\"https:\\\/\\\/foliobooks.pl\\\/en\\\/?s={search_term_string}\"},\"query-input\":{\"@type\":\"PropertyValueSpecification\",\"valueRequired\":true,\"valueName\":\"search_term_string\"}}],\"inLanguage\":\"en-US\"}]}<\/script>\n<!-- \/ Yoast SEO plugin. -->","yoast_head_json":{"title":"Shoplifter! () - book \/ album - Folio","description":"Wejd\u017a i kup ksi\u0105\u017ck\u0119 Shoplifter! autorstwa wydan\u0105 przez gestalten (2018-04-01) w formacie 24 x 30 cm (ISBN: 9783899559415). Zapraszamy!","robots":{"index":"index","follow":"follow","max-snippet":"max-snippet:-1","max-image-preview":"max-image-preview:large","max-video-preview":"max-video-preview:-1"},"canonical":"https:\/\/foliobooks.pl\/en\/shop\/shoplifter\/","og_locale":"en_US","og_type":"article","og_title":"Shoplifter! () - book \/ album - Folio","og_description":"Wejd\u017a i kup ksi\u0105\u017ck\u0119 Shoplifter! autorstwa wydan\u0105 przez gestalten (2018-04-01) w formacie 24 x 30 cm (ISBN: 9783899559415). Zapraszamy!","og_url":"https:\/\/foliobooks.pl\/en\/shop\/shoplifter\/","og_site_name":"Folio","article_modified_time":"2024-12-11T14:57:10+00:00","og_image":[{"width":570,"height":708,"url":"https:\/\/foliobooks.pl\/wp-content\/uploads\/2018\/10\/9783899559415.png","type":"image\/png"}],"twitter_card":"summary_large_image","twitter_misc":{"Est. reading time":"1 minute"},"schema":{"@context":"https:\/\/schema.org","@graph":[{"@type":"WebPage","@id":"https:\/\/foliobooks.pl\/en\/shop\/shoplifter\/","url":"https:\/\/foliobooks.pl\/en\/shop\/shoplifter\/","name":"Shoplifter! () - book \/ album - Folio","isPartOf":{"@id":"https:\/\/foliobooks.pl\/en\/#website"},"primaryImageOfPage":{"@id":"https:\/\/foliobooks.pl\/en\/shop\/shoplifter\/#primaryimage"},"image":{"@id":"https:\/\/foliobooks.pl\/en\/shop\/shoplifter\/#primaryimage"},"thumbnailUrl":"https:\/\/foliobooks.pl\/wp-content\/uploads\/2018\/10\/9783899559415.png","datePublished":"2018-10-05T12:25:59+00:00","dateModified":"2024-12-11T14:57:10+00:00","description":"Wejd\u017a i kup ksi\u0105\u017ck\u0119 Shoplifter! autorstwa wydan\u0105 przez gestalten (2018-04-01) w formacie 24 x 30 cm (ISBN: 9783899559415). Zapraszamy!","breadcrumb":{"@id":"https:\/\/foliobooks.pl\/en\/shop\/shoplifter\/#breadcrumb"},"inLanguage":"en-US","potentialAction":[{"@type":"ReadAction","target":["https:\/\/foliobooks.pl\/en\/shop\/shoplifter\/"]}]},{"@type":"ImageObject","inLanguage":"en-US","@id":"https:\/\/foliobooks.pl\/en\/shop\/shoplifter\/#primaryimage","url":"https:\/\/foliobooks.pl\/wp-content\/uploads\/2018\/10\/9783899559415.png","contentUrl":"https:\/\/foliobooks.pl\/wp-content\/uploads\/2018\/10\/9783899559415.png","width":570,"height":708},{"@type":"BreadcrumbList","@id":"https:\/\/foliobooks.pl\/en\/shop\/shoplifter\/#breadcrumb","itemListElement":[{"@type":"ListItem","position":1,"name":"Strona g\u0142\u00f3wna","item":"https:\/\/foliobooks.pl\/en\/"},{"@type":"ListItem","position":2,"name":"Shop","item":"https:\/\/foliobooks.pl\/en\/shop\/"},{"@type":"ListItem","position":3,"name":"Shoplifter!"}]},{"@type":"WebSite","@id":"https:\/\/foliobooks.pl\/en\/#website","url":"https:\/\/foliobooks.pl\/en\/","name":"Folio","description":"Ksi\u0119garnia internetowa","potentialAction":[{"@type":"SearchAction","target":{"@type":"EntryPoint","urlTemplate":"https:\/\/foliobooks.pl\/en\/?s={search_term_string}"},"query-input":{"@type":"PropertyValueSpecification","valueRequired":true,"valueName":"search_term_string"}}],"inLanguage":"en-US"}]}},"_links":{"self":[{"href":"https:\/\/foliobooks.pl\/en\/wp-json\/wp\/v2\/product\/35429","targetHints":{"allow":["GET"]}}],"collection":[{"href":"https:\/\/foliobooks.pl\/en\/wp-json\/wp\/v2\/product"}],"about":[{"href":"https:\/\/foliobooks.pl\/en\/wp-json\/wp\/v2\/types\/product"}],"replies":[{"embeddable":true,"href":"https:\/\/foliobooks.pl\/en\/wp-json\/wp\/v2\/comments?post=35429"}],"wp:featuredmedia":[{"embeddable":true,"href":"https:\/\/foliobooks.pl\/en\/wp-json\/wp\/v2\/media\/35418"}],"wp:attachment":[{"href":"https:\/\/foliobooks.pl\/en\/wp-json\/wp\/v2\/media?parent=35429"}],"wp:term":[{"taxonomy":"product_brand","embeddable":true,"href":"https:\/\/foliobooks.pl\/en\/wp-json\/wp\/v2\/product_brand?post=35429"},{"taxonomy":"product_cat","embeddable":true,"href":"https:\/\/foliobooks.pl\/en\/wp-json\/wp\/v2\/product_cat?post=35429"},{"taxonomy":"product_tag","embeddable":true,"href":"https:\/\/foliobooks.pl\/en\/wp-json\/wp\/v2\/product_tag?post=35429"}],"curies":[{"name":"wp","href":"https:\/\/api.w.org\/{rel}","templated":true}]}}