{"id":3485,"date":"2015-05-12T14:11:00","date_gmt":"2015-05-12T12:11:00","guid":{"rendered":"http:\/\/foliobooks.pl\/shop\/helmut-newton-world-without-men-2\/"},"modified":"2019-04-24T11:47:34","modified_gmt":"2019-04-24T09:47:34","slug":"helmut-newton-world-without-men","status":"publish","type":"product","link":"https:\/\/foliobooks.pl\/en\/shop\/helmut-newton-world-without-men\/","title":{"rendered":"Helmut Newton. World without Men"},"content":{"rendered":"<p>Taken between the mid 1960s and early 1980s, this selection of Newton fashion editorials\u2014one of the first books he ever published\u2014is accompanied by journal entry-style texts by Newton providing anecdotes and describing the circumstances of each shoot. On every page is evidence of Newton\u2018s groundbreaking vision that transformed fashion photography\u2014an influence that can still be seen today in the pages of the greatest fashion magazines.<\/p>\n","protected":false},"excerpt":{"rendered":"<p>Taken between the mid 1960s and early 1980s, this selection of Newton fashion editorials\u2014one of the first books he ever published\u2014is accompanied by journal entry-style texts by Newton providing anecdotes and describing the circumstances of each shoot. On every page is evidence of Newton\u2018s groundbreaking vision that transformed fashion photography\u2014an influence that can still be&#8230;<\/p>\n","protected":false},"featured_media":3292,"comment_status":"closed","ping_status":"closed","template":"","meta":[],"product_brand":[],"product_cat":[4519,4517],"product_tag":[1146,1175,919,514,1710,154,1066,151],"class_list":{"0":"post-3485","1":"product","2":"type-product","3":"status-publish","4":"has-post-thumbnail","6":"product_cat-fashion-en-en","7":"product_cat-photography-en","8":"product_tag-great-masters-en","9":"product_tag-iconic-photographs","10":"product_tag-magazines","11":"product_tag-men-en","12":"product_tag-models","13":"product_tag-monographs","14":"product_tag-portraits-en","15":"product_tag-women","16":"pa_cover-hardcover","17":"pa_format-32-x-24-cm-en","18":"pa_isbn-9783836545129-en","19":"pa_language-multi","20":"pa_pages-188-en","21":"pa_published-2013-02-25-en","22":"pa_publisher-taschen-en-en","24":"first","25":"outofstock","26":"sold-individually","27":"shipping-taxable","28":"purchasable","29":"product-type-simple"},"yoast_head":"<!-- This site is optimized with the Yoast SEO plugin v27.6 - https:\/\/yoast.com\/product\/yoast-seo-wordpress\/ -->\n<title>Helmut Newton. World without Men () - book \/ album - Folio<\/title>\n<meta name=\"description\" content=\"Wejd\u017a i kup ksi\u0105\u017ck\u0119 Helmut Newton. World without Men autorstwa wydan\u0105 przez TASCHEN (2013-02-25) w formacie 32 x 24 cm (ISBN: 9783836545129). Zapraszamy!\" \/>\n<meta name=\"robots\" content=\"index, follow, max-snippet:-1, max-image-preview:large, max-video-preview:-1\" \/>\n<link rel=\"canonical\" href=\"https:\/\/foliobooks.pl\/en\/shop\/helmut-newton-world-without-men\/\" \/>\n<meta property=\"og:locale\" content=\"en_US\" \/>\n<meta property=\"og:type\" content=\"article\" \/>\n<meta property=\"og:title\" content=\"Helmut Newton. World without Men () - book \/ album - Folio\" \/>\n<meta property=\"og:description\" content=\"Wejd\u017a i kup ksi\u0105\u017ck\u0119 Helmut Newton. World without Men autorstwa wydan\u0105 przez TASCHEN (2013-02-25) w formacie 32 x 24 cm (ISBN: 9783836545129). Zapraszamy!\" \/>\n<meta property=\"og:url\" content=\"https:\/\/foliobooks.pl\/en\/shop\/helmut-newton-world-without-men\/\" \/>\n<meta property=\"og:site_name\" content=\"Folio\" \/>\n<meta property=\"article:modified_time\" content=\"2019-04-24T09:47:34+00:00\" \/>\n<meta property=\"og:image\" content=\"https:\/\/foliobooks.pl\/wp-content\/uploads\/2015\/05\/9783836545129.png\" \/>\n\t<meta property=\"og:image:width\" content=\"570\" \/>\n\t<meta property=\"og:image:height\" content=\"708\" \/>\n\t<meta property=\"og:image:type\" content=\"image\/png\" \/>\n<meta name=\"twitter:card\" content=\"summary_large_image\" \/>\n<script type=\"application\/ld+json\" class=\"yoast-schema-graph\">{\"@context\":\"https:\\\/\\\/schema.org\",\"@graph\":[{\"@type\":\"WebPage\",\"@id\":\"https:\\\/\\\/foliobooks.pl\\\/en\\\/shop\\\/helmut-newton-world-without-men\\\/\",\"url\":\"https:\\\/\\\/foliobooks.pl\\\/en\\\/shop\\\/helmut-newton-world-without-men\\\/\",\"name\":\"Helmut Newton. World without Men () - book \\\/ album - Folio\",\"isPartOf\":{\"@id\":\"https:\\\/\\\/foliobooks.pl\\\/en\\\/#website\"},\"primaryImageOfPage\":{\"@id\":\"https:\\\/\\\/foliobooks.pl\\\/en\\\/shop\\\/helmut-newton-world-without-men\\\/#primaryimage\"},\"image\":{\"@id\":\"https:\\\/\\\/foliobooks.pl\\\/en\\\/shop\\\/helmut-newton-world-without-men\\\/#primaryimage\"},\"thumbnailUrl\":\"https:\\\/\\\/foliobooks.pl\\\/wp-content\\\/uploads\\\/2015\\\/05\\\/9783836545129.png\",\"datePublished\":\"2015-05-12T12:11:00+00:00\",\"dateModified\":\"2019-04-24T09:47:34+00:00\",\"description\":\"Wejd\u017a i kup ksi\u0105\u017ck\u0119 Helmut Newton. World without Men autorstwa wydan\u0105 przez TASCHEN (2013-02-25) w formacie 32 x 24 cm (ISBN: 9783836545129). Zapraszamy!\",\"breadcrumb\":{\"@id\":\"https:\\\/\\\/foliobooks.pl\\\/en\\\/shop\\\/helmut-newton-world-without-men\\\/#breadcrumb\"},\"inLanguage\":\"en-US\",\"potentialAction\":[{\"@type\":\"ReadAction\",\"target\":[\"https:\\\/\\\/foliobooks.pl\\\/en\\\/shop\\\/helmut-newton-world-without-men\\\/\"]}]},{\"@type\":\"ImageObject\",\"inLanguage\":\"en-US\",\"@id\":\"https:\\\/\\\/foliobooks.pl\\\/en\\\/shop\\\/helmut-newton-world-without-men\\\/#primaryimage\",\"url\":\"https:\\\/\\\/foliobooks.pl\\\/wp-content\\\/uploads\\\/2015\\\/05\\\/9783836545129.png\",\"contentUrl\":\"https:\\\/\\\/foliobooks.pl\\\/wp-content\\\/uploads\\\/2015\\\/05\\\/9783836545129.png\",\"width\":570,\"height\":708},{\"@type\":\"BreadcrumbList\",\"@id\":\"https:\\\/\\\/foliobooks.pl\\\/en\\\/shop\\\/helmut-newton-world-without-men\\\/#breadcrumb\",\"itemListElement\":[{\"@type\":\"ListItem\",\"position\":1,\"name\":\"Strona g\u0142\u00f3wna\",\"item\":\"https:\\\/\\\/foliobooks.pl\\\/en\\\/\"},{\"@type\":\"ListItem\",\"position\":2,\"name\":\"Shop\",\"item\":\"https:\\\/\\\/foliobooks.pl\\\/en\\\/shop\\\/\"},{\"@type\":\"ListItem\",\"position\":3,\"name\":\"Helmut Newton. World without Men\"}]},{\"@type\":\"WebSite\",\"@id\":\"https:\\\/\\\/foliobooks.pl\\\/en\\\/#website\",\"url\":\"https:\\\/\\\/foliobooks.pl\\\/en\\\/\",\"name\":\"Folio\",\"description\":\"Ksi\u0119garnia internetowa\",\"potentialAction\":[{\"@type\":\"SearchAction\",\"target\":{\"@type\":\"EntryPoint\",\"urlTemplate\":\"https:\\\/\\\/foliobooks.pl\\\/en\\\/?s={search_term_string}\"},\"query-input\":{\"@type\":\"PropertyValueSpecification\",\"valueRequired\":true,\"valueName\":\"search_term_string\"}}],\"inLanguage\":\"en-US\"}]}<\/script>\n<!-- \/ Yoast SEO plugin. -->","yoast_head_json":{"title":"Helmut Newton. World without Men () - book \/ album - Folio","description":"Wejd\u017a i kup ksi\u0105\u017ck\u0119 Helmut Newton. World without Men autorstwa wydan\u0105 przez TASCHEN (2013-02-25) w formacie 32 x 24 cm (ISBN: 9783836545129). Zapraszamy!","robots":{"index":"index","follow":"follow","max-snippet":"max-snippet:-1","max-image-preview":"max-image-preview:large","max-video-preview":"max-video-preview:-1"},"canonical":"https:\/\/foliobooks.pl\/en\/shop\/helmut-newton-world-without-men\/","og_locale":"en_US","og_type":"article","og_title":"Helmut Newton. World without Men () - book \/ album - Folio","og_description":"Wejd\u017a i kup ksi\u0105\u017ck\u0119 Helmut Newton. World without Men autorstwa wydan\u0105 przez TASCHEN (2013-02-25) w formacie 32 x 24 cm (ISBN: 9783836545129). Zapraszamy!","og_url":"https:\/\/foliobooks.pl\/en\/shop\/helmut-newton-world-without-men\/","og_site_name":"Folio","article_modified_time":"2019-04-24T09:47:34+00:00","og_image":[{"width":570,"height":708,"url":"https:\/\/foliobooks.pl\/wp-content\/uploads\/2015\/05\/9783836545129.png","type":"image\/png"}],"twitter_card":"summary_large_image","schema":{"@context":"https:\/\/schema.org","@graph":[{"@type":"WebPage","@id":"https:\/\/foliobooks.pl\/en\/shop\/helmut-newton-world-without-men\/","url":"https:\/\/foliobooks.pl\/en\/shop\/helmut-newton-world-without-men\/","name":"Helmut Newton. World without Men () - book \/ album - Folio","isPartOf":{"@id":"https:\/\/foliobooks.pl\/en\/#website"},"primaryImageOfPage":{"@id":"https:\/\/foliobooks.pl\/en\/shop\/helmut-newton-world-without-men\/#primaryimage"},"image":{"@id":"https:\/\/foliobooks.pl\/en\/shop\/helmut-newton-world-without-men\/#primaryimage"},"thumbnailUrl":"https:\/\/foliobooks.pl\/wp-content\/uploads\/2015\/05\/9783836545129.png","datePublished":"2015-05-12T12:11:00+00:00","dateModified":"2019-04-24T09:47:34+00:00","description":"Wejd\u017a i kup ksi\u0105\u017ck\u0119 Helmut Newton. World without Men autorstwa wydan\u0105 przez TASCHEN (2013-02-25) w formacie 32 x 24 cm (ISBN: 9783836545129). Zapraszamy!","breadcrumb":{"@id":"https:\/\/foliobooks.pl\/en\/shop\/helmut-newton-world-without-men\/#breadcrumb"},"inLanguage":"en-US","potentialAction":[{"@type":"ReadAction","target":["https:\/\/foliobooks.pl\/en\/shop\/helmut-newton-world-without-men\/"]}]},{"@type":"ImageObject","inLanguage":"en-US","@id":"https:\/\/foliobooks.pl\/en\/shop\/helmut-newton-world-without-men\/#primaryimage","url":"https:\/\/foliobooks.pl\/wp-content\/uploads\/2015\/05\/9783836545129.png","contentUrl":"https:\/\/foliobooks.pl\/wp-content\/uploads\/2015\/05\/9783836545129.png","width":570,"height":708},{"@type":"BreadcrumbList","@id":"https:\/\/foliobooks.pl\/en\/shop\/helmut-newton-world-without-men\/#breadcrumb","itemListElement":[{"@type":"ListItem","position":1,"name":"Strona g\u0142\u00f3wna","item":"https:\/\/foliobooks.pl\/en\/"},{"@type":"ListItem","position":2,"name":"Shop","item":"https:\/\/foliobooks.pl\/en\/shop\/"},{"@type":"ListItem","position":3,"name":"Helmut Newton. World without Men"}]},{"@type":"WebSite","@id":"https:\/\/foliobooks.pl\/en\/#website","url":"https:\/\/foliobooks.pl\/en\/","name":"Folio","description":"Ksi\u0119garnia internetowa","potentialAction":[{"@type":"SearchAction","target":{"@type":"EntryPoint","urlTemplate":"https:\/\/foliobooks.pl\/en\/?s={search_term_string}"},"query-input":{"@type":"PropertyValueSpecification","valueRequired":true,"valueName":"search_term_string"}}],"inLanguage":"en-US"}]}},"_links":{"self":[{"href":"https:\/\/foliobooks.pl\/en\/wp-json\/wp\/v2\/product\/3485","targetHints":{"allow":["GET"]}}],"collection":[{"href":"https:\/\/foliobooks.pl\/en\/wp-json\/wp\/v2\/product"}],"about":[{"href":"https:\/\/foliobooks.pl\/en\/wp-json\/wp\/v2\/types\/product"}],"replies":[{"embeddable":true,"href":"https:\/\/foliobooks.pl\/en\/wp-json\/wp\/v2\/comments?post=3485"}],"wp:featuredmedia":[{"embeddable":true,"href":"https:\/\/foliobooks.pl\/en\/wp-json\/wp\/v2\/media\/3292"}],"wp:attachment":[{"href":"https:\/\/foliobooks.pl\/en\/wp-json\/wp\/v2\/media?parent=3485"}],"wp:term":[{"taxonomy":"product_brand","embeddable":true,"href":"https:\/\/foliobooks.pl\/en\/wp-json\/wp\/v2\/product_brand?post=3485"},{"taxonomy":"product_cat","embeddable":true,"href":"https:\/\/foliobooks.pl\/en\/wp-json\/wp\/v2\/product_cat?post=3485"},{"taxonomy":"product_tag","embeddable":true,"href":"https:\/\/foliobooks.pl\/en\/wp-json\/wp\/v2\/product_tag?post=3485"}],"curies":[{"name":"wp","href":"https:\/\/api.w.org\/{rel}","templated":true}]}}