{"id":34635,"date":"2018-07-13T11:13:50","date_gmt":"2018-07-13T09:13:50","guid":{"rendered":"https:\/\/foliobooks.pl\/?post_type=product&#038;p=34635"},"modified":"2026-02-18T15:15:49","modified_gmt":"2026-02-18T14:15:49","slug":"pierre-cardin","status":"publish","type":"product","link":"https:\/\/foliobooks.pl\/en\/shop\/pierre-cardin\/","title":{"rendered":"Pierre Cardin"},"content":{"rendered":"<p>Legendary French fashion designer Pierre Cardin celebrates 70 years of creation. A global citizen, he remains a vital personality today, with an essential brand established in 110 countries around the world. This visionary couturier\u2019s unique and futuristic creations, from the Bubble dress to the Cosmocorps line, testify to his fierce appetite for experimentation. The first couturier ever to transform his name into a global brand, Pierre Cardin\u2019s varied and ambitious creative universe spills over to many other areas, from accessories, jewelry, and fragrance to home decor, fine restaurants, and an annual arts festival.<\/p>\n<p>Filled with fascinating images from the 1950s to today, this comprehensive anthology is the first to showcase the complete vision of Pierre Cardin from fashion to interior design, at a time when his creations are experiencing a resurgence. More than simply an album of compelling images, this impressive volume encapsulates Cardin\u2019s entire oeuvre and portrays his daily life as a still-constant quest for new creative expression.<\/p>\n<p>About the Author<br \/>\nWith a degree in history, Jean-Pascal Hesse has been director of communications at Pierre Cardin for over twenty years. He has written several books in close collaboration with Cardin and published by Assouline.<\/p>\n","protected":false},"excerpt":{"rendered":"<p>Legendary French fashion designer Pierre Cardin celebrates 70 years of creation. A global citizen, he remains a vital personality today, with an essential brand established in 110 countries around the world. This visionary couturier\u2019s unique and futuristic creations, from the Bubble dress to the Cosmocorps line, testify to his fierce appetite for experimentation. The first&#8230;<\/p>\n","protected":false},"featured_media":34822,"comment_status":"closed","ping_status":"closed","template":"","meta":[],"product_brand":[],"product_cat":[4519],"product_tag":[13183,1156,2767,12482,4524,157,6125,11253,11476,522,154,11261],"class_list":{"0":"post-34635","1":"product","2":"type-product","3":"status-publish","4":"has-post-thumbnail","6":"product_cat-fashion-en-en","7":"product_tag-accessories-en","8":"product_tag-appliedarts-en","9":"product_tag-art-history","10":"product_tag-brands-en","11":"product_tag-design-en-en","12":"product_tag-designers","13":"product_tag-fashion","14":"product_tag-fashion-design-en","15":"product_tag-france-en","16":"product_tag-jewelry-en","17":"product_tag-monographs","18":"product_tag-wear-en","19":"pa_author_att-jean-pascal-hesse-en","20":"pa_cover-hardcover","21":"pa_format-279-x-356-cm-en","22":"pa_isbn-9781614285557-en","23":"pa_language-eng","24":"pa_pages-260-en","25":"pa_published-2017-08-14-en","26":"pa_publisher-assouline-en","28":"first","29":"instock","30":"sale","31":"sold-individually","32":"shipping-taxable","33":"purchasable","34":"product-type-simple"},"yoast_head":"<!-- This site is optimized with the Yoast SEO plugin v27.4 - https:\/\/yoast.com\/product\/yoast-seo-wordpress\/ -->\n<title>Pierre Cardin (Jean-Pascal Hesse) - book \/ album - Folio<\/title>\n<meta name=\"description\" content=\"Wejd\u017a i kup ksi\u0105\u017ck\u0119 Pierre Cardin autorstwa Jean-Pascal Hesse wydan\u0105 przez Assouline (2017-08-14) w formacie 27,9 x 35,6 cm (ISBN: 9781614285557). Zapraszamy!\" \/>\n<meta name=\"robots\" content=\"index, follow, max-snippet:-1, max-image-preview:large, max-video-preview:-1\" \/>\n<link rel=\"canonical\" href=\"https:\/\/foliobooks.pl\/en\/shop\/pierre-cardin\/\" \/>\n<meta property=\"og:locale\" content=\"en_US\" \/>\n<meta property=\"og:type\" content=\"article\" \/>\n<meta property=\"og:title\" content=\"Pierre Cardin (Jean-Pascal Hesse) - book \/ album - Folio\" \/>\n<meta property=\"og:description\" content=\"Wejd\u017a i kup ksi\u0105\u017ck\u0119 Pierre Cardin autorstwa Jean-Pascal Hesse wydan\u0105 przez Assouline (2017-08-14) w formacie 27,9 x 35,6 cm (ISBN: 9781614285557). Zapraszamy!\" \/>\n<meta property=\"og:url\" content=\"https:\/\/foliobooks.pl\/en\/shop\/pierre-cardin\/\" \/>\n<meta property=\"og:site_name\" content=\"Folio\" \/>\n<meta property=\"article:modified_time\" content=\"2026-02-18T14:15:49+00:00\" \/>\n<meta property=\"og:image\" content=\"https:\/\/foliobooks.pl\/wp-content\/uploads\/2018\/07\/9781614285557.png\" \/>\n\t<meta property=\"og:image:width\" content=\"570\" \/>\n\t<meta property=\"og:image:height\" content=\"708\" \/>\n\t<meta property=\"og:image:type\" content=\"image\/png\" \/>\n<meta name=\"twitter:card\" content=\"summary_large_image\" \/>\n<meta name=\"twitter:label1\" content=\"Est. reading time\" \/>\n\t<meta name=\"twitter:data1\" content=\"1 minute\" \/>\n<script type=\"application\/ld+json\" class=\"yoast-schema-graph\">{\"@context\":\"https:\\\/\\\/schema.org\",\"@graph\":[{\"@type\":\"WebPage\",\"@id\":\"https:\\\/\\\/foliobooks.pl\\\/en\\\/shop\\\/pierre-cardin\\\/\",\"url\":\"https:\\\/\\\/foliobooks.pl\\\/en\\\/shop\\\/pierre-cardin\\\/\",\"name\":\"Pierre Cardin (Jean-Pascal Hesse) - book \\\/ album - Folio\",\"isPartOf\":{\"@id\":\"https:\\\/\\\/foliobooks.pl\\\/en\\\/#website\"},\"primaryImageOfPage\":{\"@id\":\"https:\\\/\\\/foliobooks.pl\\\/en\\\/shop\\\/pierre-cardin\\\/#primaryimage\"},\"image\":{\"@id\":\"https:\\\/\\\/foliobooks.pl\\\/en\\\/shop\\\/pierre-cardin\\\/#primaryimage\"},\"thumbnailUrl\":\"https:\\\/\\\/foliobooks.pl\\\/wp-content\\\/uploads\\\/2018\\\/07\\\/9781614285557.png\",\"datePublished\":\"2018-07-13T09:13:50+00:00\",\"dateModified\":\"2026-02-18T14:15:49+00:00\",\"description\":\"Wejd\u017a i kup ksi\u0105\u017ck\u0119 Pierre Cardin autorstwa Jean-Pascal Hesse wydan\u0105 przez Assouline (2017-08-14) w formacie 27,9 x 35,6 cm (ISBN: 9781614285557). Zapraszamy!\",\"breadcrumb\":{\"@id\":\"https:\\\/\\\/foliobooks.pl\\\/en\\\/shop\\\/pierre-cardin\\\/#breadcrumb\"},\"inLanguage\":\"en-US\",\"potentialAction\":[{\"@type\":\"ReadAction\",\"target\":[\"https:\\\/\\\/foliobooks.pl\\\/en\\\/shop\\\/pierre-cardin\\\/\"]}]},{\"@type\":\"ImageObject\",\"inLanguage\":\"en-US\",\"@id\":\"https:\\\/\\\/foliobooks.pl\\\/en\\\/shop\\\/pierre-cardin\\\/#primaryimage\",\"url\":\"https:\\\/\\\/foliobooks.pl\\\/wp-content\\\/uploads\\\/2018\\\/07\\\/9781614285557.png\",\"contentUrl\":\"https:\\\/\\\/foliobooks.pl\\\/wp-content\\\/uploads\\\/2018\\\/07\\\/9781614285557.png\",\"width\":570,\"height\":708},{\"@type\":\"BreadcrumbList\",\"@id\":\"https:\\\/\\\/foliobooks.pl\\\/en\\\/shop\\\/pierre-cardin\\\/#breadcrumb\",\"itemListElement\":[{\"@type\":\"ListItem\",\"position\":1,\"name\":\"Strona g\u0142\u00f3wna\",\"item\":\"https:\\\/\\\/foliobooks.pl\\\/en\\\/\"},{\"@type\":\"ListItem\",\"position\":2,\"name\":\"Shop\",\"item\":\"https:\\\/\\\/foliobooks.pl\\\/en\\\/shop\\\/\"},{\"@type\":\"ListItem\",\"position\":3,\"name\":\"Pierre Cardin\"}]},{\"@type\":\"WebSite\",\"@id\":\"https:\\\/\\\/foliobooks.pl\\\/en\\\/#website\",\"url\":\"https:\\\/\\\/foliobooks.pl\\\/en\\\/\",\"name\":\"Folio\",\"description\":\"Ksi\u0119garnia internetowa\",\"potentialAction\":[{\"@type\":\"SearchAction\",\"target\":{\"@type\":\"EntryPoint\",\"urlTemplate\":\"https:\\\/\\\/foliobooks.pl\\\/en\\\/?s={search_term_string}\"},\"query-input\":{\"@type\":\"PropertyValueSpecification\",\"valueRequired\":true,\"valueName\":\"search_term_string\"}}],\"inLanguage\":\"en-US\"}]}<\/script>\n<!-- \/ Yoast SEO plugin. -->","yoast_head_json":{"title":"Pierre Cardin (Jean-Pascal Hesse) - book \/ album - Folio","description":"Wejd\u017a i kup ksi\u0105\u017ck\u0119 Pierre Cardin autorstwa Jean-Pascal Hesse wydan\u0105 przez Assouline (2017-08-14) w formacie 27,9 x 35,6 cm (ISBN: 9781614285557). Zapraszamy!","robots":{"index":"index","follow":"follow","max-snippet":"max-snippet:-1","max-image-preview":"max-image-preview:large","max-video-preview":"max-video-preview:-1"},"canonical":"https:\/\/foliobooks.pl\/en\/shop\/pierre-cardin\/","og_locale":"en_US","og_type":"article","og_title":"Pierre Cardin (Jean-Pascal Hesse) - book \/ album - Folio","og_description":"Wejd\u017a i kup ksi\u0105\u017ck\u0119 Pierre Cardin autorstwa Jean-Pascal Hesse wydan\u0105 przez Assouline (2017-08-14) w formacie 27,9 x 35,6 cm (ISBN: 9781614285557). Zapraszamy!","og_url":"https:\/\/foliobooks.pl\/en\/shop\/pierre-cardin\/","og_site_name":"Folio","article_modified_time":"2026-02-18T14:15:49+00:00","og_image":[{"width":570,"height":708,"url":"https:\/\/foliobooks.pl\/wp-content\/uploads\/2018\/07\/9781614285557.png","type":"image\/png"}],"twitter_card":"summary_large_image","twitter_misc":{"Est. reading time":"1 minute"},"schema":{"@context":"https:\/\/schema.org","@graph":[{"@type":"WebPage","@id":"https:\/\/foliobooks.pl\/en\/shop\/pierre-cardin\/","url":"https:\/\/foliobooks.pl\/en\/shop\/pierre-cardin\/","name":"Pierre Cardin (Jean-Pascal Hesse) - book \/ album - Folio","isPartOf":{"@id":"https:\/\/foliobooks.pl\/en\/#website"},"primaryImageOfPage":{"@id":"https:\/\/foliobooks.pl\/en\/shop\/pierre-cardin\/#primaryimage"},"image":{"@id":"https:\/\/foliobooks.pl\/en\/shop\/pierre-cardin\/#primaryimage"},"thumbnailUrl":"https:\/\/foliobooks.pl\/wp-content\/uploads\/2018\/07\/9781614285557.png","datePublished":"2018-07-13T09:13:50+00:00","dateModified":"2026-02-18T14:15:49+00:00","description":"Wejd\u017a i kup ksi\u0105\u017ck\u0119 Pierre Cardin autorstwa Jean-Pascal Hesse wydan\u0105 przez Assouline (2017-08-14) w formacie 27,9 x 35,6 cm (ISBN: 9781614285557). Zapraszamy!","breadcrumb":{"@id":"https:\/\/foliobooks.pl\/en\/shop\/pierre-cardin\/#breadcrumb"},"inLanguage":"en-US","potentialAction":[{"@type":"ReadAction","target":["https:\/\/foliobooks.pl\/en\/shop\/pierre-cardin\/"]}]},{"@type":"ImageObject","inLanguage":"en-US","@id":"https:\/\/foliobooks.pl\/en\/shop\/pierre-cardin\/#primaryimage","url":"https:\/\/foliobooks.pl\/wp-content\/uploads\/2018\/07\/9781614285557.png","contentUrl":"https:\/\/foliobooks.pl\/wp-content\/uploads\/2018\/07\/9781614285557.png","width":570,"height":708},{"@type":"BreadcrumbList","@id":"https:\/\/foliobooks.pl\/en\/shop\/pierre-cardin\/#breadcrumb","itemListElement":[{"@type":"ListItem","position":1,"name":"Strona g\u0142\u00f3wna","item":"https:\/\/foliobooks.pl\/en\/"},{"@type":"ListItem","position":2,"name":"Shop","item":"https:\/\/foliobooks.pl\/en\/shop\/"},{"@type":"ListItem","position":3,"name":"Pierre Cardin"}]},{"@type":"WebSite","@id":"https:\/\/foliobooks.pl\/en\/#website","url":"https:\/\/foliobooks.pl\/en\/","name":"Folio","description":"Ksi\u0119garnia internetowa","potentialAction":[{"@type":"SearchAction","target":{"@type":"EntryPoint","urlTemplate":"https:\/\/foliobooks.pl\/en\/?s={search_term_string}"},"query-input":{"@type":"PropertyValueSpecification","valueRequired":true,"valueName":"search_term_string"}}],"inLanguage":"en-US"}]}},"_links":{"self":[{"href":"https:\/\/foliobooks.pl\/en\/wp-json\/wp\/v2\/product\/34635","targetHints":{"allow":["GET"]}}],"collection":[{"href":"https:\/\/foliobooks.pl\/en\/wp-json\/wp\/v2\/product"}],"about":[{"href":"https:\/\/foliobooks.pl\/en\/wp-json\/wp\/v2\/types\/product"}],"replies":[{"embeddable":true,"href":"https:\/\/foliobooks.pl\/en\/wp-json\/wp\/v2\/comments?post=34635"}],"wp:featuredmedia":[{"embeddable":true,"href":"https:\/\/foliobooks.pl\/en\/wp-json\/wp\/v2\/media\/34822"}],"wp:attachment":[{"href":"https:\/\/foliobooks.pl\/en\/wp-json\/wp\/v2\/media?parent=34635"}],"wp:term":[{"taxonomy":"product_brand","embeddable":true,"href":"https:\/\/foliobooks.pl\/en\/wp-json\/wp\/v2\/product_brand?post=34635"},{"taxonomy":"product_cat","embeddable":true,"href":"https:\/\/foliobooks.pl\/en\/wp-json\/wp\/v2\/product_cat?post=34635"},{"taxonomy":"product_tag","embeddable":true,"href":"https:\/\/foliobooks.pl\/en\/wp-json\/wp\/v2\/product_tag?post=34635"}],"curies":[{"name":"wp","href":"https:\/\/api.w.org\/{rel}","templated":true}]}}