{"id":34618,"date":"2018-07-13T10:13:27","date_gmt":"2018-07-13T08:13:27","guid":{"rendered":"https:\/\/foliobooks.pl\/?post_type=product&#038;p=34618"},"modified":"2023-12-14T12:04:18","modified_gmt":"2023-12-14T11:04:18","slug":"crazy-competitions-100-weird-and-wonderful-rituals-from-around-the-world","status":"publish","type":"product","link":"https:\/\/foliobooks.pl\/en\/shop\/crazy-competitions-100-weird-and-wonderful-rituals-from-around-the-world\/","title":{"rendered":"Crazy Competitions. 100 Weird and Wonderful Rituals from Around the World"},"content":{"rendered":"<p>Ever heard of the Air Sex Championships in Austin, Texas? How about bog snorkeling in Llanwrtyd, Wales? No? Then brace yourself for Nigel Holmes\u2019s bewilderingly funny ride through the wildest, oddest, and most wonderful cultural events. From snail racing and baby crying to throwing just about anything, hilarious infographics reveal the lengths we\u2019ll go to uphold our eccentric customs.<\/p>\n<p>Whether it\u2019s flinging frozen rats or parading in holly evergreens, racing snails or carrying wives, human beings have long displayed their creativity in wild, odd, and sometimes just wonderful rituals and competitions. To show what lengths we\u2019ll go to uphold our eccentric customs, British American graphic designer Nigel Holmes channels his belief in the power of hilarity to bring together a bewilderingly funny tour around the globe in search of incredible events, all dryly explained with brilliant infographics.<\/p>\n<p>You\u2019ll encounter the startling facts behind peat-bog snorkelling in Wales (wet suits recommended), hotdog-swallowing in the USA (tip: avoid breakfast), or who can make a baby cry quickest in Japan. Through this gallimaufry of gamesmanship and passion, an endearingly warm and affectionate portrait of human endeavor and good humor emerges as Holmes proves, page after page, that when it comes to feats of bravery, endurance, or sheer nonsense, the world is united as one in the fine, and often hilarious, way of celebrating culture.<\/p>\n","protected":false},"excerpt":{"rendered":"<p>Ever heard of the Air Sex Championships in Austin, Texas? How about bog snorkeling in Llanwrtyd, Wales? No? Then brace yourself for Nigel Holmes\u2019s bewilderingly funny ride through the wildest, oddest, and most wonderful cultural events. From snail racing and baby crying to throwing just about anything, hilarious infographics reveal the lengths we\u2019ll go to&#8230;<\/p>\n","protected":false},"featured_media":34762,"comment_status":"closed","ping_status":"closed","template":"","meta":[],"product_brand":[],"product_cat":[4523,4525,4521],"product_tag":[13342,6314,12449,7362,2253,1649,1112,1185],"class_list":{"0":"post-34618","1":"product","2":"type-product","3":"status-publish","4":"has-post-thumbnail","6":"product_cat-design-en-en","7":"product_cat-graphic-design","8":"product_cat-silva-rerum-en-en","9":"product_tag-culture-en","10":"product_tag-entertainment","11":"product_tag-events-en","12":"product_tag-fun-en","13":"product_tag-graphics","14":"product_tag-illustration","15":"product_tag-infographics-en","16":"product_tag-world-en","17":"pa_author_att-julius-wiedemann-en","18":"pa_author_att-nigel-holmes-en","19":"pa_cover-hardcover","20":"pa_format-19-x-19-cm-en","21":"pa_isbn-9783836539081-en","22":"pa_language-eng","23":"pa_pages-216-en","24":"pa_published-2018-04-20-en","25":"pa_publisher-taschen-en-en","27":"first","28":"instock","29":"sale","30":"sold-individually","31":"shipping-taxable","32":"purchasable","33":"product-type-simple"},"yoast_head":"<!-- This site is optimized with the Yoast SEO plugin v27.6 - https:\/\/yoast.com\/product\/yoast-seo-wordpress\/ -->\n<title>Crazy Competitions. 100 Weird and Wonderful Rituals from Around the World (Julius Wiedemann, Nigel Holmes) - book \/ album - Folio<\/title>\n<meta name=\"description\" content=\"Wejd\u017a i kup ksi\u0105\u017ck\u0119 Crazy Competitions. 100 Weird and Wonderful Rituals from Around the World autorstwa Julius Wiedemann, Nigel Holmes wydan\u0105 przez TASCHEN (2018-04-20) w formacie 19 x 19 cm (ISBN: 9783836539081). Zapraszamy!\" \/>\n<meta name=\"robots\" content=\"index, follow, max-snippet:-1, max-image-preview:large, max-video-preview:-1\" \/>\n<link rel=\"canonical\" href=\"https:\/\/foliobooks.pl\/en\/shop\/crazy-competitions-100-weird-and-wonderful-rituals-from-around-the-world\/\" \/>\n<meta property=\"og:locale\" content=\"en_US\" \/>\n<meta property=\"og:type\" content=\"article\" \/>\n<meta property=\"og:title\" content=\"Crazy Competitions. 100 Weird and Wonderful Rituals from Around the World (Julius Wiedemann, Nigel Holmes) - book \/ album - Folio\" \/>\n<meta property=\"og:description\" content=\"Wejd\u017a i kup ksi\u0105\u017ck\u0119 Crazy Competitions. 100 Weird and Wonderful Rituals from Around the World autorstwa Julius Wiedemann, Nigel Holmes wydan\u0105 przez TASCHEN (2018-04-20) w formacie 19 x 19 cm (ISBN: 9783836539081). Zapraszamy!\" \/>\n<meta property=\"og:url\" content=\"https:\/\/foliobooks.pl\/en\/shop\/crazy-competitions-100-weird-and-wonderful-rituals-from-around-the-world\/\" \/>\n<meta property=\"og:site_name\" content=\"Folio\" \/>\n<meta property=\"article:modified_time\" content=\"2023-12-14T11:04:18+00:00\" \/>\n<meta property=\"og:image\" content=\"https:\/\/foliobooks.pl\/wp-content\/uploads\/2018\/07\/9783836539081.png\" \/>\n\t<meta property=\"og:image:width\" content=\"570\" \/>\n\t<meta property=\"og:image:height\" content=\"708\" \/>\n\t<meta property=\"og:image:type\" content=\"image\/png\" \/>\n<meta name=\"twitter:card\" content=\"summary_large_image\" \/>\n<meta name=\"twitter:label1\" content=\"Est. reading time\" \/>\n\t<meta name=\"twitter:data1\" content=\"1 minute\" \/>\n<script type=\"application\/ld+json\" class=\"yoast-schema-graph\">{\"@context\":\"https:\\\/\\\/schema.org\",\"@graph\":[{\"@type\":\"WebPage\",\"@id\":\"https:\\\/\\\/foliobooks.pl\\\/en\\\/shop\\\/crazy-competitions-100-weird-and-wonderful-rituals-from-around-the-world\\\/\",\"url\":\"https:\\\/\\\/foliobooks.pl\\\/en\\\/shop\\\/crazy-competitions-100-weird-and-wonderful-rituals-from-around-the-world\\\/\",\"name\":\"Crazy Competitions. 100 Weird and Wonderful Rituals from Around the World (Julius Wiedemann, Nigel Holmes) - book \\\/ album - Folio\",\"isPartOf\":{\"@id\":\"https:\\\/\\\/foliobooks.pl\\\/en\\\/#website\"},\"primaryImageOfPage\":{\"@id\":\"https:\\\/\\\/foliobooks.pl\\\/en\\\/shop\\\/crazy-competitions-100-weird-and-wonderful-rituals-from-around-the-world\\\/#primaryimage\"},\"image\":{\"@id\":\"https:\\\/\\\/foliobooks.pl\\\/en\\\/shop\\\/crazy-competitions-100-weird-and-wonderful-rituals-from-around-the-world\\\/#primaryimage\"},\"thumbnailUrl\":\"https:\\\/\\\/foliobooks.pl\\\/wp-content\\\/uploads\\\/2018\\\/07\\\/9783836539081.png\",\"datePublished\":\"2018-07-13T08:13:27+00:00\",\"dateModified\":\"2023-12-14T11:04:18+00:00\",\"description\":\"Wejd\u017a i kup ksi\u0105\u017ck\u0119 Crazy Competitions. 100 Weird and Wonderful Rituals from Around the World autorstwa Julius Wiedemann, Nigel Holmes wydan\u0105 przez TASCHEN (2018-04-20) w formacie 19 x 19 cm (ISBN: 9783836539081). Zapraszamy!\",\"breadcrumb\":{\"@id\":\"https:\\\/\\\/foliobooks.pl\\\/en\\\/shop\\\/crazy-competitions-100-weird-and-wonderful-rituals-from-around-the-world\\\/#breadcrumb\"},\"inLanguage\":\"en-US\",\"potentialAction\":[{\"@type\":\"ReadAction\",\"target\":[\"https:\\\/\\\/foliobooks.pl\\\/en\\\/shop\\\/crazy-competitions-100-weird-and-wonderful-rituals-from-around-the-world\\\/\"]}]},{\"@type\":\"ImageObject\",\"inLanguage\":\"en-US\",\"@id\":\"https:\\\/\\\/foliobooks.pl\\\/en\\\/shop\\\/crazy-competitions-100-weird-and-wonderful-rituals-from-around-the-world\\\/#primaryimage\",\"url\":\"https:\\\/\\\/foliobooks.pl\\\/wp-content\\\/uploads\\\/2018\\\/07\\\/9783836539081.png\",\"contentUrl\":\"https:\\\/\\\/foliobooks.pl\\\/wp-content\\\/uploads\\\/2018\\\/07\\\/9783836539081.png\",\"width\":570,\"height\":708},{\"@type\":\"BreadcrumbList\",\"@id\":\"https:\\\/\\\/foliobooks.pl\\\/en\\\/shop\\\/crazy-competitions-100-weird-and-wonderful-rituals-from-around-the-world\\\/#breadcrumb\",\"itemListElement\":[{\"@type\":\"ListItem\",\"position\":1,\"name\":\"Strona g\u0142\u00f3wna\",\"item\":\"https:\\\/\\\/foliobooks.pl\\\/en\\\/\"},{\"@type\":\"ListItem\",\"position\":2,\"name\":\"Shop\",\"item\":\"https:\\\/\\\/foliobooks.pl\\\/en\\\/shop\\\/\"},{\"@type\":\"ListItem\",\"position\":3,\"name\":\"Crazy Competitions. 100 Weird and Wonderful Rituals from Around the World\"}]},{\"@type\":\"WebSite\",\"@id\":\"https:\\\/\\\/foliobooks.pl\\\/en\\\/#website\",\"url\":\"https:\\\/\\\/foliobooks.pl\\\/en\\\/\",\"name\":\"Folio\",\"description\":\"Ksi\u0119garnia internetowa\",\"potentialAction\":[{\"@type\":\"SearchAction\",\"target\":{\"@type\":\"EntryPoint\",\"urlTemplate\":\"https:\\\/\\\/foliobooks.pl\\\/en\\\/?s={search_term_string}\"},\"query-input\":{\"@type\":\"PropertyValueSpecification\",\"valueRequired\":true,\"valueName\":\"search_term_string\"}}],\"inLanguage\":\"en-US\"}]}<\/script>\n<!-- \/ Yoast SEO plugin. -->","yoast_head_json":{"title":"Crazy Competitions. 100 Weird and Wonderful Rituals from Around the World (Julius Wiedemann, Nigel Holmes) - book \/ album - Folio","description":"Wejd\u017a i kup ksi\u0105\u017ck\u0119 Crazy Competitions. 100 Weird and Wonderful Rituals from Around the World autorstwa Julius Wiedemann, Nigel Holmes wydan\u0105 przez TASCHEN (2018-04-20) w formacie 19 x 19 cm (ISBN: 9783836539081). Zapraszamy!","robots":{"index":"index","follow":"follow","max-snippet":"max-snippet:-1","max-image-preview":"max-image-preview:large","max-video-preview":"max-video-preview:-1"},"canonical":"https:\/\/foliobooks.pl\/en\/shop\/crazy-competitions-100-weird-and-wonderful-rituals-from-around-the-world\/","og_locale":"en_US","og_type":"article","og_title":"Crazy Competitions. 100 Weird and Wonderful Rituals from Around the World (Julius Wiedemann, Nigel Holmes) - book \/ album - Folio","og_description":"Wejd\u017a i kup ksi\u0105\u017ck\u0119 Crazy Competitions. 100 Weird and Wonderful Rituals from Around the World autorstwa Julius Wiedemann, Nigel Holmes wydan\u0105 przez TASCHEN (2018-04-20) w formacie 19 x 19 cm (ISBN: 9783836539081). Zapraszamy!","og_url":"https:\/\/foliobooks.pl\/en\/shop\/crazy-competitions-100-weird-and-wonderful-rituals-from-around-the-world\/","og_site_name":"Folio","article_modified_time":"2023-12-14T11:04:18+00:00","og_image":[{"width":570,"height":708,"url":"https:\/\/foliobooks.pl\/wp-content\/uploads\/2018\/07\/9783836539081.png","type":"image\/png"}],"twitter_card":"summary_large_image","twitter_misc":{"Est. reading time":"1 minute"},"schema":{"@context":"https:\/\/schema.org","@graph":[{"@type":"WebPage","@id":"https:\/\/foliobooks.pl\/en\/shop\/crazy-competitions-100-weird-and-wonderful-rituals-from-around-the-world\/","url":"https:\/\/foliobooks.pl\/en\/shop\/crazy-competitions-100-weird-and-wonderful-rituals-from-around-the-world\/","name":"Crazy Competitions. 100 Weird and Wonderful Rituals from Around the World (Julius Wiedemann, Nigel Holmes) - book \/ album - Folio","isPartOf":{"@id":"https:\/\/foliobooks.pl\/en\/#website"},"primaryImageOfPage":{"@id":"https:\/\/foliobooks.pl\/en\/shop\/crazy-competitions-100-weird-and-wonderful-rituals-from-around-the-world\/#primaryimage"},"image":{"@id":"https:\/\/foliobooks.pl\/en\/shop\/crazy-competitions-100-weird-and-wonderful-rituals-from-around-the-world\/#primaryimage"},"thumbnailUrl":"https:\/\/foliobooks.pl\/wp-content\/uploads\/2018\/07\/9783836539081.png","datePublished":"2018-07-13T08:13:27+00:00","dateModified":"2023-12-14T11:04:18+00:00","description":"Wejd\u017a i kup ksi\u0105\u017ck\u0119 Crazy Competitions. 100 Weird and Wonderful Rituals from Around the World autorstwa Julius Wiedemann, Nigel Holmes wydan\u0105 przez TASCHEN (2018-04-20) w formacie 19 x 19 cm (ISBN: 9783836539081). Zapraszamy!","breadcrumb":{"@id":"https:\/\/foliobooks.pl\/en\/shop\/crazy-competitions-100-weird-and-wonderful-rituals-from-around-the-world\/#breadcrumb"},"inLanguage":"en-US","potentialAction":[{"@type":"ReadAction","target":["https:\/\/foliobooks.pl\/en\/shop\/crazy-competitions-100-weird-and-wonderful-rituals-from-around-the-world\/"]}]},{"@type":"ImageObject","inLanguage":"en-US","@id":"https:\/\/foliobooks.pl\/en\/shop\/crazy-competitions-100-weird-and-wonderful-rituals-from-around-the-world\/#primaryimage","url":"https:\/\/foliobooks.pl\/wp-content\/uploads\/2018\/07\/9783836539081.png","contentUrl":"https:\/\/foliobooks.pl\/wp-content\/uploads\/2018\/07\/9783836539081.png","width":570,"height":708},{"@type":"BreadcrumbList","@id":"https:\/\/foliobooks.pl\/en\/shop\/crazy-competitions-100-weird-and-wonderful-rituals-from-around-the-world\/#breadcrumb","itemListElement":[{"@type":"ListItem","position":1,"name":"Strona g\u0142\u00f3wna","item":"https:\/\/foliobooks.pl\/en\/"},{"@type":"ListItem","position":2,"name":"Shop","item":"https:\/\/foliobooks.pl\/en\/shop\/"},{"@type":"ListItem","position":3,"name":"Crazy Competitions. 100 Weird and Wonderful Rituals from Around the World"}]},{"@type":"WebSite","@id":"https:\/\/foliobooks.pl\/en\/#website","url":"https:\/\/foliobooks.pl\/en\/","name":"Folio","description":"Ksi\u0119garnia internetowa","potentialAction":[{"@type":"SearchAction","target":{"@type":"EntryPoint","urlTemplate":"https:\/\/foliobooks.pl\/en\/?s={search_term_string}"},"query-input":{"@type":"PropertyValueSpecification","valueRequired":true,"valueName":"search_term_string"}}],"inLanguage":"en-US"}]}},"_links":{"self":[{"href":"https:\/\/foliobooks.pl\/en\/wp-json\/wp\/v2\/product\/34618","targetHints":{"allow":["GET"]}}],"collection":[{"href":"https:\/\/foliobooks.pl\/en\/wp-json\/wp\/v2\/product"}],"about":[{"href":"https:\/\/foliobooks.pl\/en\/wp-json\/wp\/v2\/types\/product"}],"replies":[{"embeddable":true,"href":"https:\/\/foliobooks.pl\/en\/wp-json\/wp\/v2\/comments?post=34618"}],"wp:featuredmedia":[{"embeddable":true,"href":"https:\/\/foliobooks.pl\/en\/wp-json\/wp\/v2\/media\/34762"}],"wp:attachment":[{"href":"https:\/\/foliobooks.pl\/en\/wp-json\/wp\/v2\/media?parent=34618"}],"wp:term":[{"taxonomy":"product_brand","embeddable":true,"href":"https:\/\/foliobooks.pl\/en\/wp-json\/wp\/v2\/product_brand?post=34618"},{"taxonomy":"product_cat","embeddable":true,"href":"https:\/\/foliobooks.pl\/en\/wp-json\/wp\/v2\/product_cat?post=34618"},{"taxonomy":"product_tag","embeddable":true,"href":"https:\/\/foliobooks.pl\/en\/wp-json\/wp\/v2\/product_tag?post=34618"}],"curies":[{"name":"wp","href":"https:\/\/api.w.org\/{rel}","templated":true}]}}