{"id":34535,"date":"2018-07-13T10:02:25","date_gmt":"2018-07-13T08:02:25","guid":{"rendered":"https:\/\/foliobooks.pl\/?post_type=product&#038;p=34535"},"modified":"2020-09-14T11:41:28","modified_gmt":"2020-09-14T09:41:28","slug":"nyt-explorer-road-rail-trail","status":"publish","type":"product","link":"https:\/\/foliobooks.pl\/en\/shop\/nyt-explorer-road-rail-trail\/","title":{"rendered":"NYT Explorer. Road, Rail &#038; Trail"},"content":{"rendered":"<p>Whether it\u2019s a snowy trek through Bohemia\u2019s remote Jizera Mountains or a cruise across the Great Lakes on a cargo ship, the journey itself is the destination in the<em> Road, Rail &amp; Trail<\/em> volume of TASCHEN\u2019s Explorer series with <em>The New York Times<\/em>.<\/p>\n<p>Follow Virginia Woolf\u2019s footsteps as you explore gardens in the English countryside with Francine Prose. Marvel at India\u2019s vibrant bird life with Somini Sengupta. Or sit back and watch Siberia\u2019s moonlit forests and Soviet-era relics zip by from the comfort of a train with Finn-Olaf Jones. The <em>Times<\/em> writers are your guides through 25 dream trips, and the wealth of color photographs that accompany their writing capture the beauty and unique spirit of both far-flung and familiar locales.<\/p>\n<p>The <em>Explorer<\/em> series takes travel beyond the obvious with adventures in exotic places and new perspectives in familiar ones, all based on the distinguished travel journalism from <em>The New York Times<\/em>. Each journey features a first-person narrative and postcard-perfect photography that capture the unique personality of the destination\u2014as well as practical information to help get you on your way. Edited by Barbara Ireland, whose <em>36 Hours<\/em> travel series has been a TASCHEN best seller, the <em>Explorer<\/em> series is available in four volumes: <em>Beaches, Islands &amp; Coasts<\/em>; <em>Mountains, Deserts &amp; Plains<\/em>; <em>Cities &amp; Towns<\/em>; and <em>Road, Rail &amp; Trail<\/em>.<\/p>\n","protected":false},"excerpt":{"rendered":"<p>Whether it\u2019s a snowy trek through Bohemia\u2019s remote Jizera Mountains or a cruise across the Great Lakes on a cargo ship, the journey itself is the destination in the Road, Rail &amp; Trail volume of TASCHEN\u2019s Explorer series with The New York Times. Follow Virginia Woolf\u2019s footsteps as you explore gardens in the English countryside&#8230;<\/p>\n","protected":false},"featured_media":34722,"comment_status":"closed","ping_status":"closed","template":"","meta":[],"product_brand":[],"product_cat":[4517,4521],"product_tag":[11448,6478,6121,516,6106,156,1185],"class_list":{"0":"post-34535","1":"product","2":"type-product","3":"status-publish","4":"has-post-thumbnail","6":"product_cat-photography-en","7":"product_cat-silva-rerum-en-en","8":"product_tag-guidebooks-en","9":"product_tag-landscapes","10":"product_tag-photography","11":"product_tag-places-en","12":"product_tag-transport-en","13":"product_tag-travel","14":"product_tag-world-en","15":"pa_author_att-barbara-ireland-en","16":"pa_cover-hardcover","17":"pa_format-208-x-29-cm-en","18":"pa_isbn-9783836568302-en","19":"pa_language-eng","20":"pa_pages-288-en-2","21":"pa_published-2018-05-10-en","22":"pa_publisher-taschen-en-en","24":"first","25":"outofstock","26":"sold-individually","27":"shipping-taxable","28":"purchasable","29":"product-type-simple"},"yoast_head":"<!-- This site is optimized with the Yoast SEO plugin v27.4 - https:\/\/yoast.com\/product\/yoast-seo-wordpress\/ -->\n<title>NYT Explorer. Road, Rail &amp; Trail (Barbara Ireland) - book \/ album - Folio<\/title>\n<meta name=\"description\" content=\"Wejd\u017a i kup ksi\u0105\u017ck\u0119 NYT Explorer. Road, Rail &amp; Trail autorstwa Barbara Ireland wydan\u0105 przez TASCHEN (2018-05-10) w formacie 20,8 x 29 cm (ISBN: 9783836568302). Zapraszamy!\" \/>\n<meta name=\"robots\" content=\"index, follow, max-snippet:-1, max-image-preview:large, max-video-preview:-1\" \/>\n<link rel=\"canonical\" href=\"https:\/\/foliobooks.pl\/en\/shop\/nyt-explorer-road-rail-trail\/\" \/>\n<meta property=\"og:locale\" content=\"en_US\" \/>\n<meta property=\"og:type\" content=\"article\" \/>\n<meta property=\"og:title\" content=\"NYT Explorer. Road, Rail &amp; Trail (Barbara Ireland) - book \/ album - Folio\" \/>\n<meta property=\"og:description\" content=\"Wejd\u017a i kup ksi\u0105\u017ck\u0119 NYT Explorer. Road, Rail &amp; Trail autorstwa Barbara Ireland wydan\u0105 przez TASCHEN (2018-05-10) w formacie 20,8 x 29 cm (ISBN: 9783836568302). Zapraszamy!\" \/>\n<meta property=\"og:url\" content=\"https:\/\/foliobooks.pl\/en\/shop\/nyt-explorer-road-rail-trail\/\" \/>\n<meta property=\"og:site_name\" content=\"Folio\" \/>\n<meta property=\"article:modified_time\" content=\"2020-09-14T09:41:28+00:00\" \/>\n<meta property=\"og:image\" content=\"https:\/\/foliobooks.pl\/wp-content\/uploads\/2018\/07\/9783836568302.png\" \/>\n\t<meta property=\"og:image:width\" content=\"570\" \/>\n\t<meta property=\"og:image:height\" content=\"708\" \/>\n\t<meta property=\"og:image:type\" content=\"image\/png\" \/>\n<meta name=\"twitter:card\" content=\"summary_large_image\" \/>\n<meta name=\"twitter:label1\" content=\"Est. reading time\" \/>\n\t<meta name=\"twitter:data1\" content=\"1 minute\" \/>\n<script type=\"application\/ld+json\" class=\"yoast-schema-graph\">{\"@context\":\"https:\\\/\\\/schema.org\",\"@graph\":[{\"@type\":\"WebPage\",\"@id\":\"https:\\\/\\\/foliobooks.pl\\\/en\\\/shop\\\/nyt-explorer-road-rail-trail\\\/\",\"url\":\"https:\\\/\\\/foliobooks.pl\\\/en\\\/shop\\\/nyt-explorer-road-rail-trail\\\/\",\"name\":\"NYT Explorer. Road, Rail & Trail (Barbara Ireland) - book \\\/ album - Folio\",\"isPartOf\":{\"@id\":\"https:\\\/\\\/foliobooks.pl\\\/en\\\/#website\"},\"primaryImageOfPage\":{\"@id\":\"https:\\\/\\\/foliobooks.pl\\\/en\\\/shop\\\/nyt-explorer-road-rail-trail\\\/#primaryimage\"},\"image\":{\"@id\":\"https:\\\/\\\/foliobooks.pl\\\/en\\\/shop\\\/nyt-explorer-road-rail-trail\\\/#primaryimage\"},\"thumbnailUrl\":\"https:\\\/\\\/foliobooks.pl\\\/wp-content\\\/uploads\\\/2018\\\/07\\\/9783836568302.png\",\"datePublished\":\"2018-07-13T08:02:25+00:00\",\"dateModified\":\"2020-09-14T09:41:28+00:00\",\"description\":\"Wejd\u017a i kup ksi\u0105\u017ck\u0119 NYT Explorer. Road, Rail & Trail autorstwa Barbara Ireland wydan\u0105 przez TASCHEN (2018-05-10) w formacie 20,8 x 29 cm (ISBN: 9783836568302). Zapraszamy!\",\"breadcrumb\":{\"@id\":\"https:\\\/\\\/foliobooks.pl\\\/en\\\/shop\\\/nyt-explorer-road-rail-trail\\\/#breadcrumb\"},\"inLanguage\":\"en-US\",\"potentialAction\":[{\"@type\":\"ReadAction\",\"target\":[\"https:\\\/\\\/foliobooks.pl\\\/en\\\/shop\\\/nyt-explorer-road-rail-trail\\\/\"]}]},{\"@type\":\"ImageObject\",\"inLanguage\":\"en-US\",\"@id\":\"https:\\\/\\\/foliobooks.pl\\\/en\\\/shop\\\/nyt-explorer-road-rail-trail\\\/#primaryimage\",\"url\":\"https:\\\/\\\/foliobooks.pl\\\/wp-content\\\/uploads\\\/2018\\\/07\\\/9783836568302.png\",\"contentUrl\":\"https:\\\/\\\/foliobooks.pl\\\/wp-content\\\/uploads\\\/2018\\\/07\\\/9783836568302.png\",\"width\":570,\"height\":708},{\"@type\":\"BreadcrumbList\",\"@id\":\"https:\\\/\\\/foliobooks.pl\\\/en\\\/shop\\\/nyt-explorer-road-rail-trail\\\/#breadcrumb\",\"itemListElement\":[{\"@type\":\"ListItem\",\"position\":1,\"name\":\"Strona g\u0142\u00f3wna\",\"item\":\"https:\\\/\\\/foliobooks.pl\\\/en\\\/\"},{\"@type\":\"ListItem\",\"position\":2,\"name\":\"Shop\",\"item\":\"https:\\\/\\\/foliobooks.pl\\\/en\\\/shop\\\/\"},{\"@type\":\"ListItem\",\"position\":3,\"name\":\"NYT Explorer. Road, Rail &#038; Trail\"}]},{\"@type\":\"WebSite\",\"@id\":\"https:\\\/\\\/foliobooks.pl\\\/en\\\/#website\",\"url\":\"https:\\\/\\\/foliobooks.pl\\\/en\\\/\",\"name\":\"Folio\",\"description\":\"Ksi\u0119garnia internetowa\",\"potentialAction\":[{\"@type\":\"SearchAction\",\"target\":{\"@type\":\"EntryPoint\",\"urlTemplate\":\"https:\\\/\\\/foliobooks.pl\\\/en\\\/?s={search_term_string}\"},\"query-input\":{\"@type\":\"PropertyValueSpecification\",\"valueRequired\":true,\"valueName\":\"search_term_string\"}}],\"inLanguage\":\"en-US\"}]}<\/script>\n<!-- \/ Yoast SEO plugin. -->","yoast_head_json":{"title":"NYT Explorer. Road, Rail & Trail (Barbara Ireland) - book \/ album - Folio","description":"Wejd\u017a i kup ksi\u0105\u017ck\u0119 NYT Explorer. Road, Rail & Trail autorstwa Barbara Ireland wydan\u0105 przez TASCHEN (2018-05-10) w formacie 20,8 x 29 cm (ISBN: 9783836568302). Zapraszamy!","robots":{"index":"index","follow":"follow","max-snippet":"max-snippet:-1","max-image-preview":"max-image-preview:large","max-video-preview":"max-video-preview:-1"},"canonical":"https:\/\/foliobooks.pl\/en\/shop\/nyt-explorer-road-rail-trail\/","og_locale":"en_US","og_type":"article","og_title":"NYT Explorer. Road, Rail & Trail (Barbara Ireland) - book \/ album - Folio","og_description":"Wejd\u017a i kup ksi\u0105\u017ck\u0119 NYT Explorer. Road, Rail & Trail autorstwa Barbara Ireland wydan\u0105 przez TASCHEN (2018-05-10) w formacie 20,8 x 29 cm (ISBN: 9783836568302). Zapraszamy!","og_url":"https:\/\/foliobooks.pl\/en\/shop\/nyt-explorer-road-rail-trail\/","og_site_name":"Folio","article_modified_time":"2020-09-14T09:41:28+00:00","og_image":[{"width":570,"height":708,"url":"https:\/\/foliobooks.pl\/wp-content\/uploads\/2018\/07\/9783836568302.png","type":"image\/png"}],"twitter_card":"summary_large_image","twitter_misc":{"Est. reading time":"1 minute"},"schema":{"@context":"https:\/\/schema.org","@graph":[{"@type":"WebPage","@id":"https:\/\/foliobooks.pl\/en\/shop\/nyt-explorer-road-rail-trail\/","url":"https:\/\/foliobooks.pl\/en\/shop\/nyt-explorer-road-rail-trail\/","name":"NYT Explorer. Road, Rail & Trail (Barbara Ireland) - book \/ album - Folio","isPartOf":{"@id":"https:\/\/foliobooks.pl\/en\/#website"},"primaryImageOfPage":{"@id":"https:\/\/foliobooks.pl\/en\/shop\/nyt-explorer-road-rail-trail\/#primaryimage"},"image":{"@id":"https:\/\/foliobooks.pl\/en\/shop\/nyt-explorer-road-rail-trail\/#primaryimage"},"thumbnailUrl":"https:\/\/foliobooks.pl\/wp-content\/uploads\/2018\/07\/9783836568302.png","datePublished":"2018-07-13T08:02:25+00:00","dateModified":"2020-09-14T09:41:28+00:00","description":"Wejd\u017a i kup ksi\u0105\u017ck\u0119 NYT Explorer. Road, Rail & Trail autorstwa Barbara Ireland wydan\u0105 przez TASCHEN (2018-05-10) w formacie 20,8 x 29 cm (ISBN: 9783836568302). Zapraszamy!","breadcrumb":{"@id":"https:\/\/foliobooks.pl\/en\/shop\/nyt-explorer-road-rail-trail\/#breadcrumb"},"inLanguage":"en-US","potentialAction":[{"@type":"ReadAction","target":["https:\/\/foliobooks.pl\/en\/shop\/nyt-explorer-road-rail-trail\/"]}]},{"@type":"ImageObject","inLanguage":"en-US","@id":"https:\/\/foliobooks.pl\/en\/shop\/nyt-explorer-road-rail-trail\/#primaryimage","url":"https:\/\/foliobooks.pl\/wp-content\/uploads\/2018\/07\/9783836568302.png","contentUrl":"https:\/\/foliobooks.pl\/wp-content\/uploads\/2018\/07\/9783836568302.png","width":570,"height":708},{"@type":"BreadcrumbList","@id":"https:\/\/foliobooks.pl\/en\/shop\/nyt-explorer-road-rail-trail\/#breadcrumb","itemListElement":[{"@type":"ListItem","position":1,"name":"Strona g\u0142\u00f3wna","item":"https:\/\/foliobooks.pl\/en\/"},{"@type":"ListItem","position":2,"name":"Shop","item":"https:\/\/foliobooks.pl\/en\/shop\/"},{"@type":"ListItem","position":3,"name":"NYT Explorer. Road, Rail &#038; Trail"}]},{"@type":"WebSite","@id":"https:\/\/foliobooks.pl\/en\/#website","url":"https:\/\/foliobooks.pl\/en\/","name":"Folio","description":"Ksi\u0119garnia internetowa","potentialAction":[{"@type":"SearchAction","target":{"@type":"EntryPoint","urlTemplate":"https:\/\/foliobooks.pl\/en\/?s={search_term_string}"},"query-input":{"@type":"PropertyValueSpecification","valueRequired":true,"valueName":"search_term_string"}}],"inLanguage":"en-US"}]}},"_links":{"self":[{"href":"https:\/\/foliobooks.pl\/en\/wp-json\/wp\/v2\/product\/34535","targetHints":{"allow":["GET"]}}],"collection":[{"href":"https:\/\/foliobooks.pl\/en\/wp-json\/wp\/v2\/product"}],"about":[{"href":"https:\/\/foliobooks.pl\/en\/wp-json\/wp\/v2\/types\/product"}],"replies":[{"embeddable":true,"href":"https:\/\/foliobooks.pl\/en\/wp-json\/wp\/v2\/comments?post=34535"}],"wp:featuredmedia":[{"embeddable":true,"href":"https:\/\/foliobooks.pl\/en\/wp-json\/wp\/v2\/media\/34722"}],"wp:attachment":[{"href":"https:\/\/foliobooks.pl\/en\/wp-json\/wp\/v2\/media?parent=34535"}],"wp:term":[{"taxonomy":"product_brand","embeddable":true,"href":"https:\/\/foliobooks.pl\/en\/wp-json\/wp\/v2\/product_brand?post=34535"},{"taxonomy":"product_cat","embeddable":true,"href":"https:\/\/foliobooks.pl\/en\/wp-json\/wp\/v2\/product_cat?post=34535"},{"taxonomy":"product_tag","embeddable":true,"href":"https:\/\/foliobooks.pl\/en\/wp-json\/wp\/v2\/product_tag?post=34535"}],"curies":[{"name":"wp","href":"https:\/\/api.w.org\/{rel}","templated":true}]}}