{"id":34519,"date":"2018-07-13T09:28:17","date_gmt":"2018-07-13T07:28:17","guid":{"rendered":"https:\/\/foliobooks.pl\/?post_type=product&#038;p=34519"},"modified":"2022-09-20T12:42:20","modified_gmt":"2022-09-20T10:42:20","slug":"matisse-cut-outs","status":"publish","type":"product","link":"https:\/\/foliobooks.pl\/en\/shop\/matisse-cut-outs\/","title":{"rendered":"Matisse. Cut-outs"},"content":{"rendered":"<p>Henri Matisse (1869\u20131954) was a fighting spirit. Despite a cancer diagnosis in 1941, increasing frailty, and the confines of a wheelchair, the indomitable Frenchman never stopped in his quest to make art. With what he called <em>une seconde vie<\/em>, a second life, he embarked on a remarkable collage period, cutting and pasting pieces of colored paper into <em>gouaches d\u00e9coup\u00e9es<\/em> of birds, plants, flowers, and the female form.<\/p>\n<p>Emphasizing color and contrast, the cut-out technique generated both striking lines and vivid juxtapositions. In works such as <em>Icarus<\/em> (1943), <em>The Blue Nude<\/em> (1952), <em>The Snail<\/em> (1953), and <em>The Sheaf<\/em> (1953), clean forms and elemental structures power a compositional force that belies the work\u2019s decorative appeal, at once tightly organized and infectious with <em>joie de vivre<\/em>. As his work progressed, Matisse\u2019s excitement with his results fueled ever-larger pieces, advancing from small works to vast wall-sized murals.<\/p>\n<p>As his final years approached, Matisse reveled in the simplicity and brilliance of these pieces, avowing, \u201cOnly what I created after the illness constitutes my real self: free, liberated\u2026\u201d In this essential introductory book, we revisit this joyful final chapter of Matisse\u2019s long and prodigious career, examining how the cut-outs encapsulated the artist\u2019s many years exploring the possibilities of composition, form, and color.<\/p>\n","protected":false},"excerpt":{"rendered":"<p>Henri Matisse (1869\u20131954) was a fighting spirit. Despite a cancer diagnosis in 1941, increasing frailty, and the confines of a wheelchair, the indomitable Frenchman never stopped in his quest to make art. With what he called une seconde vie, a second life, he embarked on a remarkable collage period, cutting and pasting pieces of colored&#8230;<\/p>\n","protected":false},"featured_media":34670,"comment_status":"closed","ping_status":"closed","template":"","meta":[],"product_brand":[],"product_cat":[4522],"product_tag":[208,9083,2767,1702,152,2834,11453,1066,151],"class_list":{"0":"post-34519","1":"product","2":"type-product","3":"status-publish","4":"has-post-thumbnail","6":"product_cat-art-en","7":"product_tag-animals-en","8":"product_tag-art-en","9":"product_tag-art-history","10":"product_tag-artists","11":"product_tag-collage","12":"product_tag-flora","13":"product_tag-paper-en","14":"product_tag-portraits-en","15":"product_tag-women","16":"pa_author_att-gilles-neret-en","17":"pa_cover-hardcover","18":"pa_format-21-x-26-cm-en","19":"pa_isbn-9783836534277-en","20":"pa_language-eng","21":"pa_pages-96-en","22":"pa_published-2016-12-24-en","23":"pa_publisher-taschen-en-en","25":"first","26":"outofstock","27":"sold-individually","28":"shipping-taxable","29":"purchasable","30":"product-type-simple"},"yoast_head":"<!-- This site is optimized with the Yoast SEO plugin v27.4 - https:\/\/yoast.com\/product\/yoast-seo-wordpress\/ -->\n<title>Matisse. Cut-outs (Gilles Neret) - book \/ album - Folio<\/title>\n<meta name=\"description\" content=\"Wejd\u017a i kup ksi\u0105\u017ck\u0119 Matisse. Cut-outs autorstwa Gilles Neret wydan\u0105 przez TASCHEN (2016-12-24) w formacie 21 x 26 cm (ISBN: 9783836534277). Zapraszamy!\" \/>\n<meta name=\"robots\" content=\"index, follow, max-snippet:-1, max-image-preview:large, max-video-preview:-1\" \/>\n<link rel=\"canonical\" href=\"https:\/\/foliobooks.pl\/en\/shop\/matisse-cut-outs\/\" \/>\n<meta property=\"og:locale\" content=\"en_US\" \/>\n<meta property=\"og:type\" content=\"article\" \/>\n<meta property=\"og:title\" content=\"Matisse. Cut-outs (Gilles Neret) - book \/ album - Folio\" \/>\n<meta property=\"og:description\" content=\"Wejd\u017a i kup ksi\u0105\u017ck\u0119 Matisse. Cut-outs autorstwa Gilles Neret wydan\u0105 przez TASCHEN (2016-12-24) w formacie 21 x 26 cm (ISBN: 9783836534277). Zapraszamy!\" \/>\n<meta property=\"og:url\" content=\"https:\/\/foliobooks.pl\/en\/shop\/matisse-cut-outs\/\" \/>\n<meta property=\"og:site_name\" content=\"Folio\" \/>\n<meta property=\"article:modified_time\" content=\"2022-09-20T10:42:20+00:00\" \/>\n<meta property=\"og:image\" content=\"https:\/\/foliobooks.pl\/wp-content\/uploads\/2018\/07\/9783836534277.png\" \/>\n\t<meta property=\"og:image:width\" content=\"570\" \/>\n\t<meta property=\"og:image:height\" content=\"708\" \/>\n\t<meta property=\"og:image:type\" content=\"image\/png\" \/>\n<meta name=\"twitter:card\" content=\"summary_large_image\" \/>\n<meta name=\"twitter:label1\" content=\"Est. reading time\" \/>\n\t<meta name=\"twitter:data1\" content=\"1 minute\" \/>\n<script type=\"application\/ld+json\" class=\"yoast-schema-graph\">{\"@context\":\"https:\\\/\\\/schema.org\",\"@graph\":[{\"@type\":\"WebPage\",\"@id\":\"https:\\\/\\\/foliobooks.pl\\\/en\\\/shop\\\/matisse-cut-outs\\\/\",\"url\":\"https:\\\/\\\/foliobooks.pl\\\/en\\\/shop\\\/matisse-cut-outs\\\/\",\"name\":\"Matisse. Cut-outs (Gilles Neret) - book \\\/ album - Folio\",\"isPartOf\":{\"@id\":\"https:\\\/\\\/foliobooks.pl\\\/en\\\/#website\"},\"primaryImageOfPage\":{\"@id\":\"https:\\\/\\\/foliobooks.pl\\\/en\\\/shop\\\/matisse-cut-outs\\\/#primaryimage\"},\"image\":{\"@id\":\"https:\\\/\\\/foliobooks.pl\\\/en\\\/shop\\\/matisse-cut-outs\\\/#primaryimage\"},\"thumbnailUrl\":\"https:\\\/\\\/foliobooks.pl\\\/wp-content\\\/uploads\\\/2018\\\/07\\\/9783836534277.png\",\"datePublished\":\"2018-07-13T07:28:17+00:00\",\"dateModified\":\"2022-09-20T10:42:20+00:00\",\"description\":\"Wejd\u017a i kup ksi\u0105\u017ck\u0119 Matisse. Cut-outs autorstwa Gilles Neret wydan\u0105 przez TASCHEN (2016-12-24) w formacie 21 x 26 cm (ISBN: 9783836534277). Zapraszamy!\",\"breadcrumb\":{\"@id\":\"https:\\\/\\\/foliobooks.pl\\\/en\\\/shop\\\/matisse-cut-outs\\\/#breadcrumb\"},\"inLanguage\":\"en-US\",\"potentialAction\":[{\"@type\":\"ReadAction\",\"target\":[\"https:\\\/\\\/foliobooks.pl\\\/en\\\/shop\\\/matisse-cut-outs\\\/\"]}]},{\"@type\":\"ImageObject\",\"inLanguage\":\"en-US\",\"@id\":\"https:\\\/\\\/foliobooks.pl\\\/en\\\/shop\\\/matisse-cut-outs\\\/#primaryimage\",\"url\":\"https:\\\/\\\/foliobooks.pl\\\/wp-content\\\/uploads\\\/2018\\\/07\\\/9783836534277.png\",\"contentUrl\":\"https:\\\/\\\/foliobooks.pl\\\/wp-content\\\/uploads\\\/2018\\\/07\\\/9783836534277.png\",\"width\":570,\"height\":708},{\"@type\":\"BreadcrumbList\",\"@id\":\"https:\\\/\\\/foliobooks.pl\\\/en\\\/shop\\\/matisse-cut-outs\\\/#breadcrumb\",\"itemListElement\":[{\"@type\":\"ListItem\",\"position\":1,\"name\":\"Strona g\u0142\u00f3wna\",\"item\":\"https:\\\/\\\/foliobooks.pl\\\/en\\\/\"},{\"@type\":\"ListItem\",\"position\":2,\"name\":\"Shop\",\"item\":\"https:\\\/\\\/foliobooks.pl\\\/en\\\/shop\\\/\"},{\"@type\":\"ListItem\",\"position\":3,\"name\":\"Matisse. Cut-outs\"}]},{\"@type\":\"WebSite\",\"@id\":\"https:\\\/\\\/foliobooks.pl\\\/en\\\/#website\",\"url\":\"https:\\\/\\\/foliobooks.pl\\\/en\\\/\",\"name\":\"Folio\",\"description\":\"Ksi\u0119garnia internetowa\",\"potentialAction\":[{\"@type\":\"SearchAction\",\"target\":{\"@type\":\"EntryPoint\",\"urlTemplate\":\"https:\\\/\\\/foliobooks.pl\\\/en\\\/?s={search_term_string}\"},\"query-input\":{\"@type\":\"PropertyValueSpecification\",\"valueRequired\":true,\"valueName\":\"search_term_string\"}}],\"inLanguage\":\"en-US\"}]}<\/script>\n<!-- \/ Yoast SEO plugin. -->","yoast_head_json":{"title":"Matisse. Cut-outs (Gilles Neret) - book \/ album - Folio","description":"Wejd\u017a i kup ksi\u0105\u017ck\u0119 Matisse. Cut-outs autorstwa Gilles Neret wydan\u0105 przez TASCHEN (2016-12-24) w formacie 21 x 26 cm (ISBN: 9783836534277). Zapraszamy!","robots":{"index":"index","follow":"follow","max-snippet":"max-snippet:-1","max-image-preview":"max-image-preview:large","max-video-preview":"max-video-preview:-1"},"canonical":"https:\/\/foliobooks.pl\/en\/shop\/matisse-cut-outs\/","og_locale":"en_US","og_type":"article","og_title":"Matisse. Cut-outs (Gilles Neret) - book \/ album - Folio","og_description":"Wejd\u017a i kup ksi\u0105\u017ck\u0119 Matisse. Cut-outs autorstwa Gilles Neret wydan\u0105 przez TASCHEN (2016-12-24) w formacie 21 x 26 cm (ISBN: 9783836534277). Zapraszamy!","og_url":"https:\/\/foliobooks.pl\/en\/shop\/matisse-cut-outs\/","og_site_name":"Folio","article_modified_time":"2022-09-20T10:42:20+00:00","og_image":[{"width":570,"height":708,"url":"https:\/\/foliobooks.pl\/wp-content\/uploads\/2018\/07\/9783836534277.png","type":"image\/png"}],"twitter_card":"summary_large_image","twitter_misc":{"Est. reading time":"1 minute"},"schema":{"@context":"https:\/\/schema.org","@graph":[{"@type":"WebPage","@id":"https:\/\/foliobooks.pl\/en\/shop\/matisse-cut-outs\/","url":"https:\/\/foliobooks.pl\/en\/shop\/matisse-cut-outs\/","name":"Matisse. Cut-outs (Gilles Neret) - book \/ album - Folio","isPartOf":{"@id":"https:\/\/foliobooks.pl\/en\/#website"},"primaryImageOfPage":{"@id":"https:\/\/foliobooks.pl\/en\/shop\/matisse-cut-outs\/#primaryimage"},"image":{"@id":"https:\/\/foliobooks.pl\/en\/shop\/matisse-cut-outs\/#primaryimage"},"thumbnailUrl":"https:\/\/foliobooks.pl\/wp-content\/uploads\/2018\/07\/9783836534277.png","datePublished":"2018-07-13T07:28:17+00:00","dateModified":"2022-09-20T10:42:20+00:00","description":"Wejd\u017a i kup ksi\u0105\u017ck\u0119 Matisse. Cut-outs autorstwa Gilles Neret wydan\u0105 przez TASCHEN (2016-12-24) w formacie 21 x 26 cm (ISBN: 9783836534277). Zapraszamy!","breadcrumb":{"@id":"https:\/\/foliobooks.pl\/en\/shop\/matisse-cut-outs\/#breadcrumb"},"inLanguage":"en-US","potentialAction":[{"@type":"ReadAction","target":["https:\/\/foliobooks.pl\/en\/shop\/matisse-cut-outs\/"]}]},{"@type":"ImageObject","inLanguage":"en-US","@id":"https:\/\/foliobooks.pl\/en\/shop\/matisse-cut-outs\/#primaryimage","url":"https:\/\/foliobooks.pl\/wp-content\/uploads\/2018\/07\/9783836534277.png","contentUrl":"https:\/\/foliobooks.pl\/wp-content\/uploads\/2018\/07\/9783836534277.png","width":570,"height":708},{"@type":"BreadcrumbList","@id":"https:\/\/foliobooks.pl\/en\/shop\/matisse-cut-outs\/#breadcrumb","itemListElement":[{"@type":"ListItem","position":1,"name":"Strona g\u0142\u00f3wna","item":"https:\/\/foliobooks.pl\/en\/"},{"@type":"ListItem","position":2,"name":"Shop","item":"https:\/\/foliobooks.pl\/en\/shop\/"},{"@type":"ListItem","position":3,"name":"Matisse. Cut-outs"}]},{"@type":"WebSite","@id":"https:\/\/foliobooks.pl\/en\/#website","url":"https:\/\/foliobooks.pl\/en\/","name":"Folio","description":"Ksi\u0119garnia internetowa","potentialAction":[{"@type":"SearchAction","target":{"@type":"EntryPoint","urlTemplate":"https:\/\/foliobooks.pl\/en\/?s={search_term_string}"},"query-input":{"@type":"PropertyValueSpecification","valueRequired":true,"valueName":"search_term_string"}}],"inLanguage":"en-US"}]}},"_links":{"self":[{"href":"https:\/\/foliobooks.pl\/en\/wp-json\/wp\/v2\/product\/34519","targetHints":{"allow":["GET"]}}],"collection":[{"href":"https:\/\/foliobooks.pl\/en\/wp-json\/wp\/v2\/product"}],"about":[{"href":"https:\/\/foliobooks.pl\/en\/wp-json\/wp\/v2\/types\/product"}],"replies":[{"embeddable":true,"href":"https:\/\/foliobooks.pl\/en\/wp-json\/wp\/v2\/comments?post=34519"}],"wp:featuredmedia":[{"embeddable":true,"href":"https:\/\/foliobooks.pl\/en\/wp-json\/wp\/v2\/media\/34670"}],"wp:attachment":[{"href":"https:\/\/foliobooks.pl\/en\/wp-json\/wp\/v2\/media?parent=34519"}],"wp:term":[{"taxonomy":"product_brand","embeddable":true,"href":"https:\/\/foliobooks.pl\/en\/wp-json\/wp\/v2\/product_brand?post=34519"},{"taxonomy":"product_cat","embeddable":true,"href":"https:\/\/foliobooks.pl\/en\/wp-json\/wp\/v2\/product_cat?post=34519"},{"taxonomy":"product_tag","embeddable":true,"href":"https:\/\/foliobooks.pl\/en\/wp-json\/wp\/v2\/product_tag?post=34519"}],"curies":[{"name":"wp","href":"https:\/\/api.w.org\/{rel}","templated":true}]}}