{"id":34513,"date":"2018-07-13T09:21:07","date_gmt":"2018-07-13T07:21:07","guid":{"rendered":"https:\/\/foliobooks.pl\/?post_type=product&#038;p=34513"},"modified":"2025-04-15T17:27:48","modified_gmt":"2025-04-15T15:27:48","slug":"robert-crumb-sketchbook-vol-3-1975-1982","status":"publish","type":"product","link":"https:\/\/foliobooks.pl\/en\/shop\/robert-crumb-sketchbook-vol-3-1975-1982\/","title":{"rendered":"Robert Crumb. Sketchbook, Vol. 3: 1975\u20131982"},"content":{"rendered":"<p>Until May 2017, Robert Crumb was simply lauded as the greatest underground artist. Then his cover drawing for the 1969 comic <em>Fritz the Cat<\/em> sold for a record $ 717,000, the highest price ever realized for any comic, and concepts of under- and aboveground went out the window. Now everything Crumb is fast increasing in value; the perfect time for <em>R. Crumb Sketchbook, Volume 3: Jan. 1975\u2013Dec. 1982<\/em>.<\/p>\n<p>Combining volumes 5 and 6 from the second <em>R. Crumb Sketchbook<\/em> boxed set, and produced directly from the original artworks now belonging to an ardent French collector, this is one big 444-page Crumb feast for way less than his rare originals. Among the hundreds of subjects included are Crumb\u2019s move to rural California, his marriage to Aline Kominsky, the birth of daughter Sophie, as well as further adventures of Mr. Natural, mischievous Snoids, <em>Arcade<\/em> comics strips, political discontent, existential angst, huge powerful women, geeky little guys, Mao Tse Tung, Mick Jagger and moral outrage, all wrapped up in a quality hard cover featuring front and back illustrations newly hand-colored by Crumb himself.<\/p>\n","protected":false},"excerpt":{"rendered":"<p>Until May 2017, Robert Crumb was simply lauded as the greatest underground artist. Then his cover drawing for the 1969 comic Fritz the Cat sold for a record $ 717,000, the highest price ever realized for any comic, and concepts of under- and aboveground went out the window. Now everything Crumb is fast increasing in&#8230;<\/p>\n","protected":false},"featured_media":34649,"comment_status":"closed","ping_status":"closed","template":"","meta":[],"product_brand":[],"product_cat":[4522,4521],"product_tag":[10664,1702,13371,1685,979,6180,2253,1649,1066],"class_list":{"0":"post-34513","1":"product","2":"type-product","3":"status-publish","4":"has-post-thumbnail","6":"product_cat-art-en","7":"product_cat-silva-rerum-en-en","8":"product_tag-america-en","9":"product_tag-artists","10":"product_tag-caricature-en","11":"product_tag-comic","12":"product_tag-contemporary-art-en","13":"product_tag-drawing","14":"product_tag-graphics","15":"product_tag-illustration","16":"product_tag-portraits-en","17":"pa_author_att-dian-hanson-en","18":"pa_author_att-robert-crumb-en","19":"pa_cover-hardcover","20":"pa_format-205-x-27-cm-en","21":"pa_isbn-9783836566957-en","22":"pa_language-eng","23":"pa_pages-444-en","24":"pa_published-2018-01-25-en","25":"pa_publisher-taschen-en-en","27":"first","28":"instock","29":"sold-individually","30":"shipping-taxable","31":"purchasable","32":"product-type-simple"},"yoast_head":"<!-- This site is optimized with the Yoast SEO plugin v27.4 - https:\/\/yoast.com\/product\/yoast-seo-wordpress\/ -->\n<title>Robert Crumb. Sketchbook, Vol. 3: 1975\u20131982 (Dian Hanson, Robert Crumb) - book \/ album - Folio<\/title>\n<meta name=\"description\" content=\"Wejd\u017a i kup ksi\u0105\u017ck\u0119 Robert Crumb. Sketchbook, Vol. 3: 1975\u20131982 autorstwa Dian Hanson, Robert Crumb wydan\u0105 przez TASCHEN (2018-01-25) w formacie 20,5 x 27 cm (ISBN: 9783836566957). Zapraszamy!\" \/>\n<meta name=\"robots\" content=\"index, follow, max-snippet:-1, max-image-preview:large, max-video-preview:-1\" \/>\n<link rel=\"canonical\" href=\"https:\/\/foliobooks.pl\/en\/shop\/robert-crumb-sketchbook-vol-3-1975-1982\/\" \/>\n<meta property=\"og:locale\" content=\"en_US\" \/>\n<meta property=\"og:type\" content=\"article\" \/>\n<meta property=\"og:title\" content=\"Robert Crumb. Sketchbook, Vol. 3: 1975\u20131982 (Dian Hanson, Robert Crumb) - book \/ album - Folio\" \/>\n<meta property=\"og:description\" content=\"Wejd\u017a i kup ksi\u0105\u017ck\u0119 Robert Crumb. Sketchbook, Vol. 3: 1975\u20131982 autorstwa Dian Hanson, Robert Crumb wydan\u0105 przez TASCHEN (2018-01-25) w formacie 20,5 x 27 cm (ISBN: 9783836566957). Zapraszamy!\" \/>\n<meta property=\"og:url\" content=\"https:\/\/foliobooks.pl\/en\/shop\/robert-crumb-sketchbook-vol-3-1975-1982\/\" \/>\n<meta property=\"og:site_name\" content=\"Folio\" \/>\n<meta property=\"article:modified_time\" content=\"2025-04-15T15:27:48+00:00\" \/>\n<meta property=\"og:image\" content=\"https:\/\/foliobooks.pl\/wp-content\/uploads\/2018\/07\/9783836566957.png\" \/>\n\t<meta property=\"og:image:width\" content=\"570\" \/>\n\t<meta property=\"og:image:height\" content=\"708\" \/>\n\t<meta property=\"og:image:type\" content=\"image\/png\" \/>\n<meta name=\"twitter:card\" content=\"summary_large_image\" \/>\n<meta name=\"twitter:label1\" content=\"Est. reading time\" \/>\n\t<meta name=\"twitter:data1\" content=\"1 minute\" \/>\n<script type=\"application\/ld+json\" class=\"yoast-schema-graph\">{\"@context\":\"https:\\\/\\\/schema.org\",\"@graph\":[{\"@type\":\"WebPage\",\"@id\":\"https:\\\/\\\/foliobooks.pl\\\/en\\\/shop\\\/robert-crumb-sketchbook-vol-3-1975-1982\\\/\",\"url\":\"https:\\\/\\\/foliobooks.pl\\\/en\\\/shop\\\/robert-crumb-sketchbook-vol-3-1975-1982\\\/\",\"name\":\"Robert Crumb. Sketchbook, Vol. 3: 1975\u20131982 (Dian Hanson, Robert Crumb) - book \\\/ album - Folio\",\"isPartOf\":{\"@id\":\"https:\\\/\\\/foliobooks.pl\\\/en\\\/#website\"},\"primaryImageOfPage\":{\"@id\":\"https:\\\/\\\/foliobooks.pl\\\/en\\\/shop\\\/robert-crumb-sketchbook-vol-3-1975-1982\\\/#primaryimage\"},\"image\":{\"@id\":\"https:\\\/\\\/foliobooks.pl\\\/en\\\/shop\\\/robert-crumb-sketchbook-vol-3-1975-1982\\\/#primaryimage\"},\"thumbnailUrl\":\"https:\\\/\\\/foliobooks.pl\\\/wp-content\\\/uploads\\\/2018\\\/07\\\/9783836566957.png\",\"datePublished\":\"2018-07-13T07:21:07+00:00\",\"dateModified\":\"2025-04-15T15:27:48+00:00\",\"description\":\"Wejd\u017a i kup ksi\u0105\u017ck\u0119 Robert Crumb. Sketchbook, Vol. 3: 1975\u20131982 autorstwa Dian Hanson, Robert Crumb wydan\u0105 przez TASCHEN (2018-01-25) w formacie 20,5 x 27 cm (ISBN: 9783836566957). Zapraszamy!\",\"breadcrumb\":{\"@id\":\"https:\\\/\\\/foliobooks.pl\\\/en\\\/shop\\\/robert-crumb-sketchbook-vol-3-1975-1982\\\/#breadcrumb\"},\"inLanguage\":\"en-US\",\"potentialAction\":[{\"@type\":\"ReadAction\",\"target\":[\"https:\\\/\\\/foliobooks.pl\\\/en\\\/shop\\\/robert-crumb-sketchbook-vol-3-1975-1982\\\/\"]}]},{\"@type\":\"ImageObject\",\"inLanguage\":\"en-US\",\"@id\":\"https:\\\/\\\/foliobooks.pl\\\/en\\\/shop\\\/robert-crumb-sketchbook-vol-3-1975-1982\\\/#primaryimage\",\"url\":\"https:\\\/\\\/foliobooks.pl\\\/wp-content\\\/uploads\\\/2018\\\/07\\\/9783836566957.png\",\"contentUrl\":\"https:\\\/\\\/foliobooks.pl\\\/wp-content\\\/uploads\\\/2018\\\/07\\\/9783836566957.png\",\"width\":570,\"height\":708},{\"@type\":\"BreadcrumbList\",\"@id\":\"https:\\\/\\\/foliobooks.pl\\\/en\\\/shop\\\/robert-crumb-sketchbook-vol-3-1975-1982\\\/#breadcrumb\",\"itemListElement\":[{\"@type\":\"ListItem\",\"position\":1,\"name\":\"Strona g\u0142\u00f3wna\",\"item\":\"https:\\\/\\\/foliobooks.pl\\\/en\\\/\"},{\"@type\":\"ListItem\",\"position\":2,\"name\":\"Shop\",\"item\":\"https:\\\/\\\/foliobooks.pl\\\/en\\\/shop\\\/\"},{\"@type\":\"ListItem\",\"position\":3,\"name\":\"Robert Crumb. Sketchbook, Vol. 3: 1975\u20131982\"}]},{\"@type\":\"WebSite\",\"@id\":\"https:\\\/\\\/foliobooks.pl\\\/en\\\/#website\",\"url\":\"https:\\\/\\\/foliobooks.pl\\\/en\\\/\",\"name\":\"Folio\",\"description\":\"Ksi\u0119garnia internetowa\",\"potentialAction\":[{\"@type\":\"SearchAction\",\"target\":{\"@type\":\"EntryPoint\",\"urlTemplate\":\"https:\\\/\\\/foliobooks.pl\\\/en\\\/?s={search_term_string}\"},\"query-input\":{\"@type\":\"PropertyValueSpecification\",\"valueRequired\":true,\"valueName\":\"search_term_string\"}}],\"inLanguage\":\"en-US\"}]}<\/script>\n<!-- \/ Yoast SEO plugin. -->","yoast_head_json":{"title":"Robert Crumb. Sketchbook, Vol. 3: 1975\u20131982 (Dian Hanson, Robert Crumb) - book \/ album - Folio","description":"Wejd\u017a i kup ksi\u0105\u017ck\u0119 Robert Crumb. Sketchbook, Vol. 3: 1975\u20131982 autorstwa Dian Hanson, Robert Crumb wydan\u0105 przez TASCHEN (2018-01-25) w formacie 20,5 x 27 cm (ISBN: 9783836566957). Zapraszamy!","robots":{"index":"index","follow":"follow","max-snippet":"max-snippet:-1","max-image-preview":"max-image-preview:large","max-video-preview":"max-video-preview:-1"},"canonical":"https:\/\/foliobooks.pl\/en\/shop\/robert-crumb-sketchbook-vol-3-1975-1982\/","og_locale":"en_US","og_type":"article","og_title":"Robert Crumb. Sketchbook, Vol. 3: 1975\u20131982 (Dian Hanson, Robert Crumb) - book \/ album - Folio","og_description":"Wejd\u017a i kup ksi\u0105\u017ck\u0119 Robert Crumb. Sketchbook, Vol. 3: 1975\u20131982 autorstwa Dian Hanson, Robert Crumb wydan\u0105 przez TASCHEN (2018-01-25) w formacie 20,5 x 27 cm (ISBN: 9783836566957). Zapraszamy!","og_url":"https:\/\/foliobooks.pl\/en\/shop\/robert-crumb-sketchbook-vol-3-1975-1982\/","og_site_name":"Folio","article_modified_time":"2025-04-15T15:27:48+00:00","og_image":[{"width":570,"height":708,"url":"https:\/\/foliobooks.pl\/wp-content\/uploads\/2018\/07\/9783836566957.png","type":"image\/png"}],"twitter_card":"summary_large_image","twitter_misc":{"Est. reading time":"1 minute"},"schema":{"@context":"https:\/\/schema.org","@graph":[{"@type":"WebPage","@id":"https:\/\/foliobooks.pl\/en\/shop\/robert-crumb-sketchbook-vol-3-1975-1982\/","url":"https:\/\/foliobooks.pl\/en\/shop\/robert-crumb-sketchbook-vol-3-1975-1982\/","name":"Robert Crumb. Sketchbook, Vol. 3: 1975\u20131982 (Dian Hanson, Robert Crumb) - book \/ album - Folio","isPartOf":{"@id":"https:\/\/foliobooks.pl\/en\/#website"},"primaryImageOfPage":{"@id":"https:\/\/foliobooks.pl\/en\/shop\/robert-crumb-sketchbook-vol-3-1975-1982\/#primaryimage"},"image":{"@id":"https:\/\/foliobooks.pl\/en\/shop\/robert-crumb-sketchbook-vol-3-1975-1982\/#primaryimage"},"thumbnailUrl":"https:\/\/foliobooks.pl\/wp-content\/uploads\/2018\/07\/9783836566957.png","datePublished":"2018-07-13T07:21:07+00:00","dateModified":"2025-04-15T15:27:48+00:00","description":"Wejd\u017a i kup ksi\u0105\u017ck\u0119 Robert Crumb. Sketchbook, Vol. 3: 1975\u20131982 autorstwa Dian Hanson, Robert Crumb wydan\u0105 przez TASCHEN (2018-01-25) w formacie 20,5 x 27 cm (ISBN: 9783836566957). Zapraszamy!","breadcrumb":{"@id":"https:\/\/foliobooks.pl\/en\/shop\/robert-crumb-sketchbook-vol-3-1975-1982\/#breadcrumb"},"inLanguage":"en-US","potentialAction":[{"@type":"ReadAction","target":["https:\/\/foliobooks.pl\/en\/shop\/robert-crumb-sketchbook-vol-3-1975-1982\/"]}]},{"@type":"ImageObject","inLanguage":"en-US","@id":"https:\/\/foliobooks.pl\/en\/shop\/robert-crumb-sketchbook-vol-3-1975-1982\/#primaryimage","url":"https:\/\/foliobooks.pl\/wp-content\/uploads\/2018\/07\/9783836566957.png","contentUrl":"https:\/\/foliobooks.pl\/wp-content\/uploads\/2018\/07\/9783836566957.png","width":570,"height":708},{"@type":"BreadcrumbList","@id":"https:\/\/foliobooks.pl\/en\/shop\/robert-crumb-sketchbook-vol-3-1975-1982\/#breadcrumb","itemListElement":[{"@type":"ListItem","position":1,"name":"Strona g\u0142\u00f3wna","item":"https:\/\/foliobooks.pl\/en\/"},{"@type":"ListItem","position":2,"name":"Shop","item":"https:\/\/foliobooks.pl\/en\/shop\/"},{"@type":"ListItem","position":3,"name":"Robert Crumb. Sketchbook, Vol. 3: 1975\u20131982"}]},{"@type":"WebSite","@id":"https:\/\/foliobooks.pl\/en\/#website","url":"https:\/\/foliobooks.pl\/en\/","name":"Folio","description":"Ksi\u0119garnia internetowa","potentialAction":[{"@type":"SearchAction","target":{"@type":"EntryPoint","urlTemplate":"https:\/\/foliobooks.pl\/en\/?s={search_term_string}"},"query-input":{"@type":"PropertyValueSpecification","valueRequired":true,"valueName":"search_term_string"}}],"inLanguage":"en-US"}]}},"_links":{"self":[{"href":"https:\/\/foliobooks.pl\/en\/wp-json\/wp\/v2\/product\/34513","targetHints":{"allow":["GET"]}}],"collection":[{"href":"https:\/\/foliobooks.pl\/en\/wp-json\/wp\/v2\/product"}],"about":[{"href":"https:\/\/foliobooks.pl\/en\/wp-json\/wp\/v2\/types\/product"}],"replies":[{"embeddable":true,"href":"https:\/\/foliobooks.pl\/en\/wp-json\/wp\/v2\/comments?post=34513"}],"wp:featuredmedia":[{"embeddable":true,"href":"https:\/\/foliobooks.pl\/en\/wp-json\/wp\/v2\/media\/34649"}],"wp:attachment":[{"href":"https:\/\/foliobooks.pl\/en\/wp-json\/wp\/v2\/media?parent=34513"}],"wp:term":[{"taxonomy":"product_brand","embeddable":true,"href":"https:\/\/foliobooks.pl\/en\/wp-json\/wp\/v2\/product_brand?post=34513"},{"taxonomy":"product_cat","embeddable":true,"href":"https:\/\/foliobooks.pl\/en\/wp-json\/wp\/v2\/product_cat?post=34513"},{"taxonomy":"product_tag","embeddable":true,"href":"https:\/\/foliobooks.pl\/en\/wp-json\/wp\/v2\/product_tag?post=34513"}],"curies":[{"name":"wp","href":"https:\/\/api.w.org\/{rel}","templated":true}]}}