{"id":34507,"date":"2018-07-12T11:13:31","date_gmt":"2018-07-12T09:13:31","guid":{"rendered":"https:\/\/foliobooks.pl\/?post_type=product&#038;p=34507"},"modified":"2025-06-18T18:00:15","modified_gmt":"2025-06-18T16:00:15","slug":"food-drink-infographics-a-visual-guide-to-culinary-pleasures","status":"publish","type":"product","link":"https:\/\/foliobooks.pl\/en\/shop\/food-drink-infographics-a-visual-guide-to-culinary-pleasures\/","title":{"rendered":"Food &amp; Drink Infographics. A Visual Guide to Culinary Pleasures"},"content":{"rendered":"<p>Amid our ever-growing consumption of data visualization, nothing makes for tastier morsels than the fine art of food and dining. Ushering the cookbook into the future, this volume gathers together the best infographics of all things eating, drinking, and cuisine, from measurement conversion charts and recipes for cookies and cocktails to stress-free party planning.<\/p>\n<p>A must-have for every 21st-century foodie, this is gastro-guidance at its most visually appealing as much as expert. Want to master sashimi? Know the secret to perfectly grilled steak? Wow guests with your own dry martini? <em>Food &amp; Drink Infographics<\/em> has all the answers and more, using the best culinary graphics to answer kitchen conundrums in lively, simple, and memorable form.<\/p>\n<p>You\u2019ll find infographics on all the food groups, from grains and pulses to fruit and vegetables, to fish, meat, and poultry. Recipe ideas include soups, sandwiches, snacks, sweet treats, and just-right dressings. Other sections cover flavor pairings, baking, cooking tools and techniques, and alcohols, coffee, and tea.<\/p>\n<p>The book opens with a foreword by cooking author Michael Ruhlman, followed by a historic survey of food imagery examining how and where pictures have been used to enjoy, prepare, and serve food and drink, from Egyptian tomb paintings showing flatbread being made to 19th-century classics such as <em>Mrs Beeton\u2019s Book of Household Management<\/em>. Slick, smart, and packed full of perfect nuggets of advice, <em>Food &amp; Drink Infographics<\/em> rounds up a delightful visual exploration of food and dining as much as an indispensable collection of everyday tips, techniques, and temptations.<\/p>\n","protected":false},"excerpt":{"rendered":"<p>Amid our ever-growing consumption of data visualization, nothing makes for tastier morsels than the fine art of food and dining. Ushering the cookbook into the future, this volume gathers together the best infographics of all things eating, drinking, and cuisine, from measurement conversion charts and recipes for cookies and cocktails to stress-free party planning. A&#8230;<\/p>\n","protected":false},"featured_media":34595,"comment_status":"closed","ping_status":"closed","template":"","meta":[],"product_brand":[],"product_cat":[4518,4523,4525],"product_tag":[6135,6130,6131,1010,2253,1649,1112,6418,1008],"class_list":{"0":"post-34507","1":"product","2":"type-product","3":"status-publish","4":"has-post-thumbnail","6":"product_cat-cookery-en","7":"product_cat-design-en-en","8":"product_cat-graphic-design","9":"product_tag-cookery","10":"product_tag-cooking","11":"product_tag-drinks","12":"product_tag-food-en","13":"product_tag-graphics","14":"product_tag-illustration","15":"product_tag-infographics-en","16":"product_tag-nourishment","17":"product_tag-recipes-en","18":"pa_author_att-julius-wiedemann-en","19":"pa_author_att-simone-klabin-en","20":"pa_cover-hardcover","21":"pa_format-246-x-372-cm-en","22":"pa_isbn-9783836568487-en","23":"pa_language-eng-f-ger","24":"pa_pages-464-en","25":"pa_published-2018-06-25-en","26":"pa_publisher-taschen-en-en","28":"first","29":"instock","30":"sold-individually","31":"shipping-taxable","32":"purchasable","33":"product-type-simple"},"yoast_head":"<!-- This site is optimized with the Yoast SEO plugin v27.4 - https:\/\/yoast.com\/product\/yoast-seo-wordpress\/ -->\n<title>Food &amp; Drink Infographics. A Visual Guide to Culinary Pleasures (Julius Wiedemann, Simone Klabin) - book \/ album - Folio<\/title>\n<meta name=\"description\" content=\"Wejd\u017a i kup ksi\u0105\u017ck\u0119 Food &amp; Drink Infographics. A Visual Guide to Culinary Pleasures autorstwa Julius Wiedemann, Simone Klabin wydan\u0105 przez TASCHEN (2018-06-25) w formacie 24,6 x 37,2 cm (ISBN: 9783836568487). Zapraszamy!\" \/>\n<meta name=\"robots\" content=\"index, follow, max-snippet:-1, max-image-preview:large, max-video-preview:-1\" \/>\n<link rel=\"canonical\" href=\"https:\/\/foliobooks.pl\/en\/shop\/food-drink-infographics-a-visual-guide-to-culinary-pleasures\/\" \/>\n<meta property=\"og:locale\" content=\"en_US\" \/>\n<meta property=\"og:type\" content=\"article\" \/>\n<meta property=\"og:title\" content=\"Food &amp; Drink Infographics. A Visual Guide to Culinary Pleasures (Julius Wiedemann, Simone Klabin) - book \/ album - Folio\" \/>\n<meta property=\"og:description\" content=\"Wejd\u017a i kup ksi\u0105\u017ck\u0119 Food &amp; Drink Infographics. A Visual Guide to Culinary Pleasures autorstwa Julius Wiedemann, Simone Klabin wydan\u0105 przez TASCHEN (2018-06-25) w formacie 24,6 x 37,2 cm (ISBN: 9783836568487). Zapraszamy!\" \/>\n<meta property=\"og:url\" content=\"https:\/\/foliobooks.pl\/en\/shop\/food-drink-infographics-a-visual-guide-to-culinary-pleasures\/\" \/>\n<meta property=\"og:site_name\" content=\"Folio\" \/>\n<meta property=\"article:modified_time\" content=\"2025-06-18T16:00:15+00:00\" \/>\n<meta property=\"og:image\" content=\"https:\/\/foliobooks.pl\/wp-content\/uploads\/2018\/07\/9783836568487.png\" \/>\n\t<meta property=\"og:image:width\" content=\"570\" \/>\n\t<meta property=\"og:image:height\" content=\"708\" \/>\n\t<meta property=\"og:image:type\" content=\"image\/png\" \/>\n<meta name=\"twitter:card\" content=\"summary_large_image\" \/>\n<meta name=\"twitter:label1\" content=\"Est. reading time\" \/>\n\t<meta name=\"twitter:data1\" content=\"1 minute\" \/>\n<script type=\"application\/ld+json\" class=\"yoast-schema-graph\">{\"@context\":\"https:\\\/\\\/schema.org\",\"@graph\":[{\"@type\":\"WebPage\",\"@id\":\"https:\\\/\\\/foliobooks.pl\\\/en\\\/shop\\\/food-drink-infographics-a-visual-guide-to-culinary-pleasures\\\/\",\"url\":\"https:\\\/\\\/foliobooks.pl\\\/en\\\/shop\\\/food-drink-infographics-a-visual-guide-to-culinary-pleasures\\\/\",\"name\":\"Food &amp; Drink Infographics. A Visual Guide to Culinary Pleasures (Julius Wiedemann, Simone Klabin) - book \\\/ album - Folio\",\"isPartOf\":{\"@id\":\"https:\\\/\\\/foliobooks.pl\\\/en\\\/#website\"},\"primaryImageOfPage\":{\"@id\":\"https:\\\/\\\/foliobooks.pl\\\/en\\\/shop\\\/food-drink-infographics-a-visual-guide-to-culinary-pleasures\\\/#primaryimage\"},\"image\":{\"@id\":\"https:\\\/\\\/foliobooks.pl\\\/en\\\/shop\\\/food-drink-infographics-a-visual-guide-to-culinary-pleasures\\\/#primaryimage\"},\"thumbnailUrl\":\"https:\\\/\\\/foliobooks.pl\\\/wp-content\\\/uploads\\\/2018\\\/07\\\/9783836568487.png\",\"datePublished\":\"2018-07-12T09:13:31+00:00\",\"dateModified\":\"2025-06-18T16:00:15+00:00\",\"description\":\"Wejd\u017a i kup ksi\u0105\u017ck\u0119 Food &amp; Drink Infographics. A Visual Guide to Culinary Pleasures autorstwa Julius Wiedemann, Simone Klabin wydan\u0105 przez TASCHEN (2018-06-25) w formacie 24,6 x 37,2 cm (ISBN: 9783836568487). Zapraszamy!\",\"breadcrumb\":{\"@id\":\"https:\\\/\\\/foliobooks.pl\\\/en\\\/shop\\\/food-drink-infographics-a-visual-guide-to-culinary-pleasures\\\/#breadcrumb\"},\"inLanguage\":\"en-US\",\"potentialAction\":[{\"@type\":\"ReadAction\",\"target\":[\"https:\\\/\\\/foliobooks.pl\\\/en\\\/shop\\\/food-drink-infographics-a-visual-guide-to-culinary-pleasures\\\/\"]}]},{\"@type\":\"ImageObject\",\"inLanguage\":\"en-US\",\"@id\":\"https:\\\/\\\/foliobooks.pl\\\/en\\\/shop\\\/food-drink-infographics-a-visual-guide-to-culinary-pleasures\\\/#primaryimage\",\"url\":\"https:\\\/\\\/foliobooks.pl\\\/wp-content\\\/uploads\\\/2018\\\/07\\\/9783836568487.png\",\"contentUrl\":\"https:\\\/\\\/foliobooks.pl\\\/wp-content\\\/uploads\\\/2018\\\/07\\\/9783836568487.png\",\"width\":570,\"height\":708},{\"@type\":\"BreadcrumbList\",\"@id\":\"https:\\\/\\\/foliobooks.pl\\\/en\\\/shop\\\/food-drink-infographics-a-visual-guide-to-culinary-pleasures\\\/#breadcrumb\",\"itemListElement\":[{\"@type\":\"ListItem\",\"position\":1,\"name\":\"Strona g\u0142\u00f3wna\",\"item\":\"https:\\\/\\\/foliobooks.pl\\\/en\\\/\"},{\"@type\":\"ListItem\",\"position\":2,\"name\":\"Shop\",\"item\":\"https:\\\/\\\/foliobooks.pl\\\/en\\\/shop\\\/\"},{\"@type\":\"ListItem\",\"position\":3,\"name\":\"Food &amp; Drink Infographics. A Visual Guide to Culinary Pleasures\"}]},{\"@type\":\"WebSite\",\"@id\":\"https:\\\/\\\/foliobooks.pl\\\/en\\\/#website\",\"url\":\"https:\\\/\\\/foliobooks.pl\\\/en\\\/\",\"name\":\"Folio\",\"description\":\"Ksi\u0119garnia internetowa\",\"potentialAction\":[{\"@type\":\"SearchAction\",\"target\":{\"@type\":\"EntryPoint\",\"urlTemplate\":\"https:\\\/\\\/foliobooks.pl\\\/en\\\/?s={search_term_string}\"},\"query-input\":{\"@type\":\"PropertyValueSpecification\",\"valueRequired\":true,\"valueName\":\"search_term_string\"}}],\"inLanguage\":\"en-US\"}]}<\/script>\n<!-- \/ Yoast SEO plugin. -->","yoast_head_json":{"title":"Food &amp; Drink Infographics. A Visual Guide to Culinary Pleasures (Julius Wiedemann, Simone Klabin) - book \/ album - Folio","description":"Wejd\u017a i kup ksi\u0105\u017ck\u0119 Food &amp; Drink Infographics. A Visual Guide to Culinary Pleasures autorstwa Julius Wiedemann, Simone Klabin wydan\u0105 przez TASCHEN (2018-06-25) w formacie 24,6 x 37,2 cm (ISBN: 9783836568487). Zapraszamy!","robots":{"index":"index","follow":"follow","max-snippet":"max-snippet:-1","max-image-preview":"max-image-preview:large","max-video-preview":"max-video-preview:-1"},"canonical":"https:\/\/foliobooks.pl\/en\/shop\/food-drink-infographics-a-visual-guide-to-culinary-pleasures\/","og_locale":"en_US","og_type":"article","og_title":"Food &amp; Drink Infographics. A Visual Guide to Culinary Pleasures (Julius Wiedemann, Simone Klabin) - book \/ album - Folio","og_description":"Wejd\u017a i kup ksi\u0105\u017ck\u0119 Food &amp; Drink Infographics. A Visual Guide to Culinary Pleasures autorstwa Julius Wiedemann, Simone Klabin wydan\u0105 przez TASCHEN (2018-06-25) w formacie 24,6 x 37,2 cm (ISBN: 9783836568487). Zapraszamy!","og_url":"https:\/\/foliobooks.pl\/en\/shop\/food-drink-infographics-a-visual-guide-to-culinary-pleasures\/","og_site_name":"Folio","article_modified_time":"2025-06-18T16:00:15+00:00","og_image":[{"width":570,"height":708,"url":"https:\/\/foliobooks.pl\/wp-content\/uploads\/2018\/07\/9783836568487.png","type":"image\/png"}],"twitter_card":"summary_large_image","twitter_misc":{"Est. reading time":"1 minute"},"schema":{"@context":"https:\/\/schema.org","@graph":[{"@type":"WebPage","@id":"https:\/\/foliobooks.pl\/en\/shop\/food-drink-infographics-a-visual-guide-to-culinary-pleasures\/","url":"https:\/\/foliobooks.pl\/en\/shop\/food-drink-infographics-a-visual-guide-to-culinary-pleasures\/","name":"Food &amp; Drink Infographics. A Visual Guide to Culinary Pleasures (Julius Wiedemann, Simone Klabin) - book \/ album - Folio","isPartOf":{"@id":"https:\/\/foliobooks.pl\/en\/#website"},"primaryImageOfPage":{"@id":"https:\/\/foliobooks.pl\/en\/shop\/food-drink-infographics-a-visual-guide-to-culinary-pleasures\/#primaryimage"},"image":{"@id":"https:\/\/foliobooks.pl\/en\/shop\/food-drink-infographics-a-visual-guide-to-culinary-pleasures\/#primaryimage"},"thumbnailUrl":"https:\/\/foliobooks.pl\/wp-content\/uploads\/2018\/07\/9783836568487.png","datePublished":"2018-07-12T09:13:31+00:00","dateModified":"2025-06-18T16:00:15+00:00","description":"Wejd\u017a i kup ksi\u0105\u017ck\u0119 Food &amp; Drink Infographics. A Visual Guide to Culinary Pleasures autorstwa Julius Wiedemann, Simone Klabin wydan\u0105 przez TASCHEN (2018-06-25) w formacie 24,6 x 37,2 cm (ISBN: 9783836568487). Zapraszamy!","breadcrumb":{"@id":"https:\/\/foliobooks.pl\/en\/shop\/food-drink-infographics-a-visual-guide-to-culinary-pleasures\/#breadcrumb"},"inLanguage":"en-US","potentialAction":[{"@type":"ReadAction","target":["https:\/\/foliobooks.pl\/en\/shop\/food-drink-infographics-a-visual-guide-to-culinary-pleasures\/"]}]},{"@type":"ImageObject","inLanguage":"en-US","@id":"https:\/\/foliobooks.pl\/en\/shop\/food-drink-infographics-a-visual-guide-to-culinary-pleasures\/#primaryimage","url":"https:\/\/foliobooks.pl\/wp-content\/uploads\/2018\/07\/9783836568487.png","contentUrl":"https:\/\/foliobooks.pl\/wp-content\/uploads\/2018\/07\/9783836568487.png","width":570,"height":708},{"@type":"BreadcrumbList","@id":"https:\/\/foliobooks.pl\/en\/shop\/food-drink-infographics-a-visual-guide-to-culinary-pleasures\/#breadcrumb","itemListElement":[{"@type":"ListItem","position":1,"name":"Strona g\u0142\u00f3wna","item":"https:\/\/foliobooks.pl\/en\/"},{"@type":"ListItem","position":2,"name":"Shop","item":"https:\/\/foliobooks.pl\/en\/shop\/"},{"@type":"ListItem","position":3,"name":"Food &amp; Drink Infographics. A Visual Guide to Culinary Pleasures"}]},{"@type":"WebSite","@id":"https:\/\/foliobooks.pl\/en\/#website","url":"https:\/\/foliobooks.pl\/en\/","name":"Folio","description":"Ksi\u0119garnia internetowa","potentialAction":[{"@type":"SearchAction","target":{"@type":"EntryPoint","urlTemplate":"https:\/\/foliobooks.pl\/en\/?s={search_term_string}"},"query-input":{"@type":"PropertyValueSpecification","valueRequired":true,"valueName":"search_term_string"}}],"inLanguage":"en-US"}]}},"_links":{"self":[{"href":"https:\/\/foliobooks.pl\/en\/wp-json\/wp\/v2\/product\/34507","targetHints":{"allow":["GET"]}}],"collection":[{"href":"https:\/\/foliobooks.pl\/en\/wp-json\/wp\/v2\/product"}],"about":[{"href":"https:\/\/foliobooks.pl\/en\/wp-json\/wp\/v2\/types\/product"}],"replies":[{"embeddable":true,"href":"https:\/\/foliobooks.pl\/en\/wp-json\/wp\/v2\/comments?post=34507"}],"wp:featuredmedia":[{"embeddable":true,"href":"https:\/\/foliobooks.pl\/en\/wp-json\/wp\/v2\/media\/34595"}],"wp:attachment":[{"href":"https:\/\/foliobooks.pl\/en\/wp-json\/wp\/v2\/media?parent=34507"}],"wp:term":[{"taxonomy":"product_brand","embeddable":true,"href":"https:\/\/foliobooks.pl\/en\/wp-json\/wp\/v2\/product_brand?post=34507"},{"taxonomy":"product_cat","embeddable":true,"href":"https:\/\/foliobooks.pl\/en\/wp-json\/wp\/v2\/product_cat?post=34507"},{"taxonomy":"product_tag","embeddable":true,"href":"https:\/\/foliobooks.pl\/en\/wp-json\/wp\/v2\/product_tag?post=34507"}],"curies":[{"name":"wp","href":"https:\/\/api.w.org\/{rel}","templated":true}]}}