{"id":34497,"date":"2018-07-12T10:38:26","date_gmt":"2018-07-12T08:38:26","guid":{"rendered":"https:\/\/foliobooks.pl\/?post_type=product&#038;p=34497"},"modified":"2020-01-04T22:07:36","modified_gmt":"2020-01-04T21:07:36","slug":"national-geographic-around-the-world-in-125-years-africa","status":"publish","type":"product","link":"https:\/\/foliobooks.pl\/en\/shop\/national-geographic-around-the-world-in-125-years-africa\/","title":{"rendered":"National Geographic. Around the World in 125 Years. Africa"},"content":{"rendered":"<p>For over five generations, <em>National Geographic<\/em> magazine has dazzled and educated people with its incredible photographs and gripping stories from all corners of the earth. Inspired by our monumental <em>Around the World in 125 Years<\/em>, this volume curates around 200 captivating images sourced directly from the <em>National Geographic<\/em> historical archives, including 40 new photographs, that traverse the landscapes, history, cultures, and wildlife of Africa.<\/p>\n<p>Our continental journey through amazing Africa ranges from evocative early black-and-white pictures to autochromes, from the golden age of Kodachromes to digital. Along the way, we fly over the misty volcanoes of Uganda in a 1950s plane; follow archaeologists into the cool, musky tombs of Egypt; gaze up at the gleaming skyscrapers of Zimbabwe; admire the ritual masks of the Chokwe tribesmen of Angola; get lost in a labyrinth of alleys and souks in Algeria\u2019s old quarters; wonder at the fragile red-tufted flowers of South Africa\u2019s Drakensberg mountains; trudge behind Kenyan farmers as they battle clouds of flying locusts; and gingerly spy mountain gorillas enjoying the Rwandan sunshine.<\/p>\n<p>Long before the Travel Channel and Google Images, these images celebrated Africa\u2019s spectacular landscapes, incredible wildlife, and diversity\u2014but also reflect edgier stories that speak of rural hardship, environmental threats, and the lasting remnants of forced colonization. Leaving no stone unturned, this definitive voyage is in equal parts a breathtaking homage to an incomparable continent, and a unique tribute to the world\u2019s most famous photography magazine.<\/p>\n","protected":false},"excerpt":{"rendered":"<p>For over five generations, National Geographic magazine has dazzled and educated people with its incredible photographs and gripping stories from all corners of the earth. Inspired by our monumental Around the World in 125 Years, this volume curates around 200 captivating images sourced directly from the National Geographic historical archives, including 40 new photographs, that&#8230;<\/p>\n","protected":false},"featured_media":34542,"comment_status":"closed","ping_status":"closed","template":"","meta":[],"product_brand":[],"product_cat":[4517],"product_tag":[10792,13342,11529,1681,6478,11522,919,10580,1991,156],"class_list":{"0":"post-34497","1":"product","2":"type-product","3":"status-publish","4":"has-post-thumbnail","6":"product_cat-photography-en","7":"product_tag-africa-en","8":"product_tag-culture-en","9":"product_tag-documentary-photography-en","10":"product_tag-history","11":"product_tag-landscapes","12":"product_tag-magazines-en","13":"product_tag-magazines","14":"product_tag-natural-world-en","15":"product_tag-nature","16":"product_tag-travel","17":"pa_author_att-joe-yogerst-en","18":"pa_author_att-reuel-golden-en","19":"pa_cover-hardcover","20":"pa_format-269-x-374-cm-en","21":"pa_isbn-9783836568760-en","22":"pa_language-eng","23":"pa_pages-312-en-2","24":"pa_published-2018-06-15-en","25":"pa_publisher-taschen-en-en","27":"first","28":"outofstock","29":"sold-individually","30":"shipping-taxable","31":"purchasable","32":"product-type-simple"},"yoast_head":"<!-- This site is optimized with the Yoast SEO plugin v27.4 - https:\/\/yoast.com\/product\/yoast-seo-wordpress\/ -->\n<title>National Geographic. Around the World in 125 Years. Africa (Joe Yogerst, Reuel Golden) - book \/ album - Folio<\/title>\n<meta name=\"description\" content=\"Wejd\u017a i kup ksi\u0105\u017ck\u0119 National Geographic. Around the World in 125 Years. Africa autorstwa Joe Yogerst, Reuel Golden wydan\u0105 przez TASCHEN (2018-06-15) w formacie 26,9 x 37,4 cm (ISBN: 9783836568760). Zapraszamy!\" \/>\n<meta name=\"robots\" content=\"index, follow, max-snippet:-1, max-image-preview:large, max-video-preview:-1\" \/>\n<link rel=\"canonical\" href=\"https:\/\/foliobooks.pl\/en\/shop\/national-geographic-around-the-world-in-125-years-africa\/\" \/>\n<meta property=\"og:locale\" content=\"en_US\" \/>\n<meta property=\"og:type\" content=\"article\" \/>\n<meta property=\"og:title\" content=\"National Geographic. Around the World in 125 Years. Africa (Joe Yogerst, Reuel Golden) - book \/ album - Folio\" \/>\n<meta property=\"og:description\" content=\"Wejd\u017a i kup ksi\u0105\u017ck\u0119 National Geographic. Around the World in 125 Years. Africa autorstwa Joe Yogerst, Reuel Golden wydan\u0105 przez TASCHEN (2018-06-15) w formacie 26,9 x 37,4 cm (ISBN: 9783836568760). Zapraszamy!\" \/>\n<meta property=\"og:url\" content=\"https:\/\/foliobooks.pl\/en\/shop\/national-geographic-around-the-world-in-125-years-africa\/\" \/>\n<meta property=\"og:site_name\" content=\"Folio\" \/>\n<meta property=\"article:modified_time\" content=\"2020-01-04T21:07:36+00:00\" \/>\n<meta property=\"og:image\" content=\"https:\/\/foliobooks.pl\/wp-content\/uploads\/2018\/07\/9783836568760.png\" \/>\n\t<meta property=\"og:image:width\" content=\"570\" \/>\n\t<meta property=\"og:image:height\" content=\"708\" \/>\n\t<meta property=\"og:image:type\" content=\"image\/png\" \/>\n<meta name=\"twitter:card\" content=\"summary_large_image\" \/>\n<meta name=\"twitter:label1\" content=\"Est. reading time\" \/>\n\t<meta name=\"twitter:data1\" content=\"1 minute\" \/>\n<script type=\"application\/ld+json\" class=\"yoast-schema-graph\">{\"@context\":\"https:\\\/\\\/schema.org\",\"@graph\":[{\"@type\":\"WebPage\",\"@id\":\"https:\\\/\\\/foliobooks.pl\\\/en\\\/shop\\\/national-geographic-around-the-world-in-125-years-africa\\\/\",\"url\":\"https:\\\/\\\/foliobooks.pl\\\/en\\\/shop\\\/national-geographic-around-the-world-in-125-years-africa\\\/\",\"name\":\"National Geographic. Around the World in 125 Years. Africa (Joe Yogerst, Reuel Golden) - book \\\/ album - Folio\",\"isPartOf\":{\"@id\":\"https:\\\/\\\/foliobooks.pl\\\/en\\\/#website\"},\"primaryImageOfPage\":{\"@id\":\"https:\\\/\\\/foliobooks.pl\\\/en\\\/shop\\\/national-geographic-around-the-world-in-125-years-africa\\\/#primaryimage\"},\"image\":{\"@id\":\"https:\\\/\\\/foliobooks.pl\\\/en\\\/shop\\\/national-geographic-around-the-world-in-125-years-africa\\\/#primaryimage\"},\"thumbnailUrl\":\"https:\\\/\\\/foliobooks.pl\\\/wp-content\\\/uploads\\\/2018\\\/07\\\/9783836568760.png\",\"datePublished\":\"2018-07-12T08:38:26+00:00\",\"dateModified\":\"2020-01-04T21:07:36+00:00\",\"description\":\"Wejd\u017a i kup ksi\u0105\u017ck\u0119 National Geographic. Around the World in 125 Years. Africa autorstwa Joe Yogerst, Reuel Golden wydan\u0105 przez TASCHEN (2018-06-15) w formacie 26,9 x 37,4 cm (ISBN: 9783836568760). Zapraszamy!\",\"breadcrumb\":{\"@id\":\"https:\\\/\\\/foliobooks.pl\\\/en\\\/shop\\\/national-geographic-around-the-world-in-125-years-africa\\\/#breadcrumb\"},\"inLanguage\":\"en-US\",\"potentialAction\":[{\"@type\":\"ReadAction\",\"target\":[\"https:\\\/\\\/foliobooks.pl\\\/en\\\/shop\\\/national-geographic-around-the-world-in-125-years-africa\\\/\"]}]},{\"@type\":\"ImageObject\",\"inLanguage\":\"en-US\",\"@id\":\"https:\\\/\\\/foliobooks.pl\\\/en\\\/shop\\\/national-geographic-around-the-world-in-125-years-africa\\\/#primaryimage\",\"url\":\"https:\\\/\\\/foliobooks.pl\\\/wp-content\\\/uploads\\\/2018\\\/07\\\/9783836568760.png\",\"contentUrl\":\"https:\\\/\\\/foliobooks.pl\\\/wp-content\\\/uploads\\\/2018\\\/07\\\/9783836568760.png\",\"width\":570,\"height\":708},{\"@type\":\"BreadcrumbList\",\"@id\":\"https:\\\/\\\/foliobooks.pl\\\/en\\\/shop\\\/national-geographic-around-the-world-in-125-years-africa\\\/#breadcrumb\",\"itemListElement\":[{\"@type\":\"ListItem\",\"position\":1,\"name\":\"Strona g\u0142\u00f3wna\",\"item\":\"https:\\\/\\\/foliobooks.pl\\\/en\\\/\"},{\"@type\":\"ListItem\",\"position\":2,\"name\":\"Shop\",\"item\":\"https:\\\/\\\/foliobooks.pl\\\/en\\\/shop\\\/\"},{\"@type\":\"ListItem\",\"position\":3,\"name\":\"National Geographic. Around the World in 125 Years. Africa\"}]},{\"@type\":\"WebSite\",\"@id\":\"https:\\\/\\\/foliobooks.pl\\\/en\\\/#website\",\"url\":\"https:\\\/\\\/foliobooks.pl\\\/en\\\/\",\"name\":\"Folio\",\"description\":\"Ksi\u0119garnia internetowa\",\"potentialAction\":[{\"@type\":\"SearchAction\",\"target\":{\"@type\":\"EntryPoint\",\"urlTemplate\":\"https:\\\/\\\/foliobooks.pl\\\/en\\\/?s={search_term_string}\"},\"query-input\":{\"@type\":\"PropertyValueSpecification\",\"valueRequired\":true,\"valueName\":\"search_term_string\"}}],\"inLanguage\":\"en-US\"}]}<\/script>\n<!-- \/ Yoast SEO plugin. -->","yoast_head_json":{"title":"National Geographic. Around the World in 125 Years. Africa (Joe Yogerst, Reuel Golden) - book \/ album - Folio","description":"Wejd\u017a i kup ksi\u0105\u017ck\u0119 National Geographic. Around the World in 125 Years. Africa autorstwa Joe Yogerst, Reuel Golden wydan\u0105 przez TASCHEN (2018-06-15) w formacie 26,9 x 37,4 cm (ISBN: 9783836568760). Zapraszamy!","robots":{"index":"index","follow":"follow","max-snippet":"max-snippet:-1","max-image-preview":"max-image-preview:large","max-video-preview":"max-video-preview:-1"},"canonical":"https:\/\/foliobooks.pl\/en\/shop\/national-geographic-around-the-world-in-125-years-africa\/","og_locale":"en_US","og_type":"article","og_title":"National Geographic. Around the World in 125 Years. Africa (Joe Yogerst, Reuel Golden) - book \/ album - Folio","og_description":"Wejd\u017a i kup ksi\u0105\u017ck\u0119 National Geographic. Around the World in 125 Years. Africa autorstwa Joe Yogerst, Reuel Golden wydan\u0105 przez TASCHEN (2018-06-15) w formacie 26,9 x 37,4 cm (ISBN: 9783836568760). Zapraszamy!","og_url":"https:\/\/foliobooks.pl\/en\/shop\/national-geographic-around-the-world-in-125-years-africa\/","og_site_name":"Folio","article_modified_time":"2020-01-04T21:07:36+00:00","og_image":[{"width":570,"height":708,"url":"https:\/\/foliobooks.pl\/wp-content\/uploads\/2018\/07\/9783836568760.png","type":"image\/png"}],"twitter_card":"summary_large_image","twitter_misc":{"Est. reading time":"1 minute"},"schema":{"@context":"https:\/\/schema.org","@graph":[{"@type":"WebPage","@id":"https:\/\/foliobooks.pl\/en\/shop\/national-geographic-around-the-world-in-125-years-africa\/","url":"https:\/\/foliobooks.pl\/en\/shop\/national-geographic-around-the-world-in-125-years-africa\/","name":"National Geographic. Around the World in 125 Years. Africa (Joe Yogerst, Reuel Golden) - book \/ album - Folio","isPartOf":{"@id":"https:\/\/foliobooks.pl\/en\/#website"},"primaryImageOfPage":{"@id":"https:\/\/foliobooks.pl\/en\/shop\/national-geographic-around-the-world-in-125-years-africa\/#primaryimage"},"image":{"@id":"https:\/\/foliobooks.pl\/en\/shop\/national-geographic-around-the-world-in-125-years-africa\/#primaryimage"},"thumbnailUrl":"https:\/\/foliobooks.pl\/wp-content\/uploads\/2018\/07\/9783836568760.png","datePublished":"2018-07-12T08:38:26+00:00","dateModified":"2020-01-04T21:07:36+00:00","description":"Wejd\u017a i kup ksi\u0105\u017ck\u0119 National Geographic. Around the World in 125 Years. Africa autorstwa Joe Yogerst, Reuel Golden wydan\u0105 przez TASCHEN (2018-06-15) w formacie 26,9 x 37,4 cm (ISBN: 9783836568760). Zapraszamy!","breadcrumb":{"@id":"https:\/\/foliobooks.pl\/en\/shop\/national-geographic-around-the-world-in-125-years-africa\/#breadcrumb"},"inLanguage":"en-US","potentialAction":[{"@type":"ReadAction","target":["https:\/\/foliobooks.pl\/en\/shop\/national-geographic-around-the-world-in-125-years-africa\/"]}]},{"@type":"ImageObject","inLanguage":"en-US","@id":"https:\/\/foliobooks.pl\/en\/shop\/national-geographic-around-the-world-in-125-years-africa\/#primaryimage","url":"https:\/\/foliobooks.pl\/wp-content\/uploads\/2018\/07\/9783836568760.png","contentUrl":"https:\/\/foliobooks.pl\/wp-content\/uploads\/2018\/07\/9783836568760.png","width":570,"height":708},{"@type":"BreadcrumbList","@id":"https:\/\/foliobooks.pl\/en\/shop\/national-geographic-around-the-world-in-125-years-africa\/#breadcrumb","itemListElement":[{"@type":"ListItem","position":1,"name":"Strona g\u0142\u00f3wna","item":"https:\/\/foliobooks.pl\/en\/"},{"@type":"ListItem","position":2,"name":"Shop","item":"https:\/\/foliobooks.pl\/en\/shop\/"},{"@type":"ListItem","position":3,"name":"National Geographic. Around the World in 125 Years. Africa"}]},{"@type":"WebSite","@id":"https:\/\/foliobooks.pl\/en\/#website","url":"https:\/\/foliobooks.pl\/en\/","name":"Folio","description":"Ksi\u0119garnia internetowa","potentialAction":[{"@type":"SearchAction","target":{"@type":"EntryPoint","urlTemplate":"https:\/\/foliobooks.pl\/en\/?s={search_term_string}"},"query-input":{"@type":"PropertyValueSpecification","valueRequired":true,"valueName":"search_term_string"}}],"inLanguage":"en-US"}]}},"_links":{"self":[{"href":"https:\/\/foliobooks.pl\/en\/wp-json\/wp\/v2\/product\/34497","targetHints":{"allow":["GET"]}}],"collection":[{"href":"https:\/\/foliobooks.pl\/en\/wp-json\/wp\/v2\/product"}],"about":[{"href":"https:\/\/foliobooks.pl\/en\/wp-json\/wp\/v2\/types\/product"}],"replies":[{"embeddable":true,"href":"https:\/\/foliobooks.pl\/en\/wp-json\/wp\/v2\/comments?post=34497"}],"wp:featuredmedia":[{"embeddable":true,"href":"https:\/\/foliobooks.pl\/en\/wp-json\/wp\/v2\/media\/34542"}],"wp:attachment":[{"href":"https:\/\/foliobooks.pl\/en\/wp-json\/wp\/v2\/media?parent=34497"}],"wp:term":[{"taxonomy":"product_brand","embeddable":true,"href":"https:\/\/foliobooks.pl\/en\/wp-json\/wp\/v2\/product_brand?post=34497"},{"taxonomy":"product_cat","embeddable":true,"href":"https:\/\/foliobooks.pl\/en\/wp-json\/wp\/v2\/product_cat?post=34497"},{"taxonomy":"product_tag","embeddable":true,"href":"https:\/\/foliobooks.pl\/en\/wp-json\/wp\/v2\/product_tag?post=34497"}],"curies":[{"name":"wp","href":"https:\/\/api.w.org\/{rel}","templated":true}]}}