{"id":3448,"date":"2015-05-13T12:29:28","date_gmt":"2015-05-13T10:29:28","guid":{"rendered":"http:\/\/foliobooks.pl\/shop\/the-golden-age-of-dc-comics-2\/"},"modified":"2021-03-12T16:26:27","modified_gmt":"2021-03-12T15:26:27","slug":"the-golden-age-of-dc-comics","status":"publish","type":"product","link":"https:\/\/foliobooks.pl\/en\/shop\/the-golden-age-of-dc-comics\/","title":{"rendered":"The Golden Age of DC Comics"},"content":{"rendered":"<p>In June of 1938, <em>Action Comics<\/em> debuted with a new kind of comic book character on its cover: a costumed man with two identities, who possessed extraordinary strength and powers\u2014a man able to protect the public when ordinary measures would not do. He was not the first super hero, but the Man of Steel would become the prototype for all super heroes thereafter. Superman\u2019s story, and those of Batman, Wonder Woman, and hundreds of other DC Comics characters, are all told in <em>The Golden Age of DC Comics<\/em>. The single most comprehensive book on the subject, this volume traces the company\u2019s first decades, from its pulp origins up to the comic book burnings of the McCarthy \u201950s in more than 400 pages bursting with comics, art, comics, photographs, and more comics. Also included is an exclusive interview with legendary artist Joe Kubert!<\/p>\n<p>About the series: TASCHEN\u2019s series on DC Comics explores the origins of comics\u2019 most enduring legends and the behind-the-scenes stories of the men and women who created them, era by era. Expanded from the Eisner Award\u2013winning XL book, <em>75 Years of DC Comics<\/em>, this new series hits the shelf at a reader-friendly size with essays updated by author Paul Levitz and more than 1,000 new images across five volumes. Thousands of covers and interiors, original illustrations, photographs, film stills, and collectibles have been reproduced to bring the story lines, the characters, and their creators to vibrant life, making this an invaluable reference for comics fans.<\/p>\n","protected":false},"excerpt":{"rendered":"<p>In June of 1938, Action Comics debuted with a new kind of comic book character on its cover: a costumed man with two identities, who possessed extraordinary strength and powers\u2014a man able to protect the public when ordinary measures would not do. He was not the first super hero, but the Man of Steel would&#8230;<\/p>\n","protected":false},"featured_media":3447,"comment_status":"closed","ping_status":"closed","template":"","meta":[],"product_brand":[],"product_cat":[4521],"product_tag":[1685,154,1683],"class_list":{"0":"post-3448","1":"product","2":"type-product","3":"status-publish","4":"has-post-thumbnail","6":"product_cat-silva-rerum-en-en","7":"product_tag-comic","8":"product_tag-monographs","9":"product_tag-pop-culture","10":"pa_author_att-paul-levitz-en","11":"pa_cover-hardcover","12":"pa_format-31-x-24-cm-en","13":"pa_isbn-9783836535731-en","14":"pa_language-eng","15":"pa_pages-416-en-2","16":"pa_published-2013-02-11-en","17":"pa_publisher-taschen-en-en","19":"first","20":"outofstock","21":"sold-individually","22":"shipping-taxable","23":"purchasable","24":"product-type-simple"},"yoast_head":"<!-- This site is optimized with the Yoast SEO plugin v27.5 - https:\/\/yoast.com\/product\/yoast-seo-wordpress\/ -->\n<title>The Golden Age of DC Comics (Paul Levitz) - book \/ album - Folio<\/title>\n<meta name=\"description\" content=\"Wejd\u017a i kup ksi\u0105\u017ck\u0119 The Golden Age of DC Comics autorstwa Paul Levitz wydan\u0105 przez TASCHEN (2013-02-11) w formacie 31 x 24 cm (ISBN: 9783836535731). Zapraszamy!\" \/>\n<meta name=\"robots\" content=\"index, follow, max-snippet:-1, max-image-preview:large, max-video-preview:-1\" \/>\n<link rel=\"canonical\" href=\"https:\/\/foliobooks.pl\/en\/shop\/the-golden-age-of-dc-comics\/\" \/>\n<meta property=\"og:locale\" content=\"en_US\" \/>\n<meta property=\"og:type\" content=\"article\" \/>\n<meta property=\"og:title\" content=\"The Golden Age of DC Comics (Paul Levitz) - book \/ album - Folio\" \/>\n<meta property=\"og:description\" content=\"Wejd\u017a i kup ksi\u0105\u017ck\u0119 The Golden Age of DC Comics autorstwa Paul Levitz wydan\u0105 przez TASCHEN (2013-02-11) w formacie 31 x 24 cm (ISBN: 9783836535731). Zapraszamy!\" \/>\n<meta property=\"og:url\" content=\"https:\/\/foliobooks.pl\/en\/shop\/the-golden-age-of-dc-comics\/\" \/>\n<meta property=\"og:site_name\" content=\"Folio\" \/>\n<meta property=\"article:modified_time\" content=\"2021-03-12T15:26:27+00:00\" \/>\n<meta property=\"og:image\" content=\"https:\/\/foliobooks.pl\/wp-content\/uploads\/2015\/05\/9783836535731.png\" \/>\n\t<meta property=\"og:image:width\" content=\"570\" \/>\n\t<meta property=\"og:image:height\" content=\"708\" \/>\n\t<meta property=\"og:image:type\" content=\"image\/png\" \/>\n<meta name=\"twitter:card\" content=\"summary_large_image\" \/>\n<meta name=\"twitter:label1\" content=\"Est. reading time\" \/>\n\t<meta name=\"twitter:data1\" content=\"1 minute\" \/>\n<script type=\"application\/ld+json\" class=\"yoast-schema-graph\">{\"@context\":\"https:\\\/\\\/schema.org\",\"@graph\":[{\"@type\":\"WebPage\",\"@id\":\"https:\\\/\\\/foliobooks.pl\\\/en\\\/shop\\\/the-golden-age-of-dc-comics\\\/\",\"url\":\"https:\\\/\\\/foliobooks.pl\\\/en\\\/shop\\\/the-golden-age-of-dc-comics\\\/\",\"name\":\"The Golden Age of DC Comics (Paul Levitz) - book \\\/ album - Folio\",\"isPartOf\":{\"@id\":\"https:\\\/\\\/foliobooks.pl\\\/en\\\/#website\"},\"primaryImageOfPage\":{\"@id\":\"https:\\\/\\\/foliobooks.pl\\\/en\\\/shop\\\/the-golden-age-of-dc-comics\\\/#primaryimage\"},\"image\":{\"@id\":\"https:\\\/\\\/foliobooks.pl\\\/en\\\/shop\\\/the-golden-age-of-dc-comics\\\/#primaryimage\"},\"thumbnailUrl\":\"https:\\\/\\\/foliobooks.pl\\\/wp-content\\\/uploads\\\/2015\\\/05\\\/9783836535731.png\",\"datePublished\":\"2015-05-13T10:29:28+00:00\",\"dateModified\":\"2021-03-12T15:26:27+00:00\",\"description\":\"Wejd\u017a i kup ksi\u0105\u017ck\u0119 The Golden Age of DC Comics autorstwa Paul Levitz wydan\u0105 przez TASCHEN (2013-02-11) w formacie 31 x 24 cm (ISBN: 9783836535731). Zapraszamy!\",\"breadcrumb\":{\"@id\":\"https:\\\/\\\/foliobooks.pl\\\/en\\\/shop\\\/the-golden-age-of-dc-comics\\\/#breadcrumb\"},\"inLanguage\":\"en-US\",\"potentialAction\":[{\"@type\":\"ReadAction\",\"target\":[\"https:\\\/\\\/foliobooks.pl\\\/en\\\/shop\\\/the-golden-age-of-dc-comics\\\/\"]}]},{\"@type\":\"ImageObject\",\"inLanguage\":\"en-US\",\"@id\":\"https:\\\/\\\/foliobooks.pl\\\/en\\\/shop\\\/the-golden-age-of-dc-comics\\\/#primaryimage\",\"url\":\"https:\\\/\\\/foliobooks.pl\\\/wp-content\\\/uploads\\\/2015\\\/05\\\/9783836535731.png\",\"contentUrl\":\"https:\\\/\\\/foliobooks.pl\\\/wp-content\\\/uploads\\\/2015\\\/05\\\/9783836535731.png\",\"width\":570,\"height\":708},{\"@type\":\"BreadcrumbList\",\"@id\":\"https:\\\/\\\/foliobooks.pl\\\/en\\\/shop\\\/the-golden-age-of-dc-comics\\\/#breadcrumb\",\"itemListElement\":[{\"@type\":\"ListItem\",\"position\":1,\"name\":\"Strona g\u0142\u00f3wna\",\"item\":\"https:\\\/\\\/foliobooks.pl\\\/en\\\/\"},{\"@type\":\"ListItem\",\"position\":2,\"name\":\"Shop\",\"item\":\"https:\\\/\\\/foliobooks.pl\\\/en\\\/shop\\\/\"},{\"@type\":\"ListItem\",\"position\":3,\"name\":\"The Golden Age of DC Comics\"}]},{\"@type\":\"WebSite\",\"@id\":\"https:\\\/\\\/foliobooks.pl\\\/en\\\/#website\",\"url\":\"https:\\\/\\\/foliobooks.pl\\\/en\\\/\",\"name\":\"Folio\",\"description\":\"Ksi\u0119garnia internetowa\",\"potentialAction\":[{\"@type\":\"SearchAction\",\"target\":{\"@type\":\"EntryPoint\",\"urlTemplate\":\"https:\\\/\\\/foliobooks.pl\\\/en\\\/?s={search_term_string}\"},\"query-input\":{\"@type\":\"PropertyValueSpecification\",\"valueRequired\":true,\"valueName\":\"search_term_string\"}}],\"inLanguage\":\"en-US\"}]}<\/script>\n<!-- \/ Yoast SEO plugin. -->","yoast_head_json":{"title":"The Golden Age of DC Comics (Paul Levitz) - book \/ album - Folio","description":"Wejd\u017a i kup ksi\u0105\u017ck\u0119 The Golden Age of DC Comics autorstwa Paul Levitz wydan\u0105 przez TASCHEN (2013-02-11) w formacie 31 x 24 cm (ISBN: 9783836535731). Zapraszamy!","robots":{"index":"index","follow":"follow","max-snippet":"max-snippet:-1","max-image-preview":"max-image-preview:large","max-video-preview":"max-video-preview:-1"},"canonical":"https:\/\/foliobooks.pl\/en\/shop\/the-golden-age-of-dc-comics\/","og_locale":"en_US","og_type":"article","og_title":"The Golden Age of DC Comics (Paul Levitz) - book \/ album - Folio","og_description":"Wejd\u017a i kup ksi\u0105\u017ck\u0119 The Golden Age of DC Comics autorstwa Paul Levitz wydan\u0105 przez TASCHEN (2013-02-11) w formacie 31 x 24 cm (ISBN: 9783836535731). Zapraszamy!","og_url":"https:\/\/foliobooks.pl\/en\/shop\/the-golden-age-of-dc-comics\/","og_site_name":"Folio","article_modified_time":"2021-03-12T15:26:27+00:00","og_image":[{"width":570,"height":708,"url":"https:\/\/foliobooks.pl\/wp-content\/uploads\/2015\/05\/9783836535731.png","type":"image\/png"}],"twitter_card":"summary_large_image","twitter_misc":{"Est. reading time":"1 minute"},"schema":{"@context":"https:\/\/schema.org","@graph":[{"@type":"WebPage","@id":"https:\/\/foliobooks.pl\/en\/shop\/the-golden-age-of-dc-comics\/","url":"https:\/\/foliobooks.pl\/en\/shop\/the-golden-age-of-dc-comics\/","name":"The Golden Age of DC Comics (Paul Levitz) - book \/ album - Folio","isPartOf":{"@id":"https:\/\/foliobooks.pl\/en\/#website"},"primaryImageOfPage":{"@id":"https:\/\/foliobooks.pl\/en\/shop\/the-golden-age-of-dc-comics\/#primaryimage"},"image":{"@id":"https:\/\/foliobooks.pl\/en\/shop\/the-golden-age-of-dc-comics\/#primaryimage"},"thumbnailUrl":"https:\/\/foliobooks.pl\/wp-content\/uploads\/2015\/05\/9783836535731.png","datePublished":"2015-05-13T10:29:28+00:00","dateModified":"2021-03-12T15:26:27+00:00","description":"Wejd\u017a i kup ksi\u0105\u017ck\u0119 The Golden Age of DC Comics autorstwa Paul Levitz wydan\u0105 przez TASCHEN (2013-02-11) w formacie 31 x 24 cm (ISBN: 9783836535731). Zapraszamy!","breadcrumb":{"@id":"https:\/\/foliobooks.pl\/en\/shop\/the-golden-age-of-dc-comics\/#breadcrumb"},"inLanguage":"en-US","potentialAction":[{"@type":"ReadAction","target":["https:\/\/foliobooks.pl\/en\/shop\/the-golden-age-of-dc-comics\/"]}]},{"@type":"ImageObject","inLanguage":"en-US","@id":"https:\/\/foliobooks.pl\/en\/shop\/the-golden-age-of-dc-comics\/#primaryimage","url":"https:\/\/foliobooks.pl\/wp-content\/uploads\/2015\/05\/9783836535731.png","contentUrl":"https:\/\/foliobooks.pl\/wp-content\/uploads\/2015\/05\/9783836535731.png","width":570,"height":708},{"@type":"BreadcrumbList","@id":"https:\/\/foliobooks.pl\/en\/shop\/the-golden-age-of-dc-comics\/#breadcrumb","itemListElement":[{"@type":"ListItem","position":1,"name":"Strona g\u0142\u00f3wna","item":"https:\/\/foliobooks.pl\/en\/"},{"@type":"ListItem","position":2,"name":"Shop","item":"https:\/\/foliobooks.pl\/en\/shop\/"},{"@type":"ListItem","position":3,"name":"The Golden Age of DC Comics"}]},{"@type":"WebSite","@id":"https:\/\/foliobooks.pl\/en\/#website","url":"https:\/\/foliobooks.pl\/en\/","name":"Folio","description":"Ksi\u0119garnia internetowa","potentialAction":[{"@type":"SearchAction","target":{"@type":"EntryPoint","urlTemplate":"https:\/\/foliobooks.pl\/en\/?s={search_term_string}"},"query-input":{"@type":"PropertyValueSpecification","valueRequired":true,"valueName":"search_term_string"}}],"inLanguage":"en-US"}]}},"_links":{"self":[{"href":"https:\/\/foliobooks.pl\/en\/wp-json\/wp\/v2\/product\/3448","targetHints":{"allow":["GET"]}}],"collection":[{"href":"https:\/\/foliobooks.pl\/en\/wp-json\/wp\/v2\/product"}],"about":[{"href":"https:\/\/foliobooks.pl\/en\/wp-json\/wp\/v2\/types\/product"}],"replies":[{"embeddable":true,"href":"https:\/\/foliobooks.pl\/en\/wp-json\/wp\/v2\/comments?post=3448"}],"wp:featuredmedia":[{"embeddable":true,"href":"https:\/\/foliobooks.pl\/en\/wp-json\/wp\/v2\/media\/3447"}],"wp:attachment":[{"href":"https:\/\/foliobooks.pl\/en\/wp-json\/wp\/v2\/media?parent=3448"}],"wp:term":[{"taxonomy":"product_brand","embeddable":true,"href":"https:\/\/foliobooks.pl\/en\/wp-json\/wp\/v2\/product_brand?post=3448"},{"taxonomy":"product_cat","embeddable":true,"href":"https:\/\/foliobooks.pl\/en\/wp-json\/wp\/v2\/product_cat?post=3448"},{"taxonomy":"product_tag","embeddable":true,"href":"https:\/\/foliobooks.pl\/en\/wp-json\/wp\/v2\/product_tag?post=3448"}],"curies":[{"name":"wp","href":"https:\/\/api.w.org\/{rel}","templated":true}]}}