{"id":25705,"date":"2018-05-28T11:04:06","date_gmt":"2018-05-28T09:04:06","guid":{"rendered":"https:\/\/foliobooks.pl\/?post_type=product&#038;p=25705"},"modified":"2024-12-11T15:58:58","modified_gmt":"2024-12-11T14:58:58","slug":"michael-poliza-africa-small-flexicover-edition","status":"publish","type":"product","link":"https:\/\/foliobooks.pl\/en\/shop\/michael-poliza-africa-small-flexicover-edition\/","title":{"rendered":"Michael Poliza. Africa. Small Flexicover Edition"},"content":{"rendered":"<p>World-renowned photographer Michael Poliza&#8217;s best-selling book, originally published in 2006, has now been released in an abridged, flexi cover edition. Featured are the very best photographs from a collection that captures Africa&#8217;s elegant natural beauty and animal life.<\/p>\n","protected":false},"excerpt":{"rendered":"<p>World-renowned photographer Michael Poliza&#8217;s best-selling book, originally published in 2006, has now been released in an abridged, flexi cover edition. Featured are the very best photographs from a collection that captures Africa&#8217;s elegant natural beauty and animal life.<\/p>\n","protected":false},"featured_media":25734,"comment_status":"closed","ping_status":"closed","template":"","meta":[],"product_brand":[],"product_cat":[4517,4521],"product_tag":[10792,208,10580,1991,6632,6121],"class_list":{"0":"post-25705","1":"product","2":"type-product","3":"status-publish","4":"has-post-thumbnail","6":"product_cat-photography-en","7":"product_cat-silva-rerum-en-en","8":"product_tag-africa-en","9":"product_tag-animals-en","10":"product_tag-natural-world-en","11":"product_tag-nature","12":"product_tag-photographers","13":"product_tag-photography","14":"pa_author_att-michael-poliza-en","15":"pa_cover-softcover","16":"pa_format-14-x-179-cm-en","17":"pa_isbn-9783961710829-en","18":"pa_language-eng-f-ger","19":"pa_pages-144-en","20":"pa_published-2018-02-28-en","21":"pa_publisher-teneues-en","23":"first","24":"instock","25":"sale","26":"sold-individually","27":"shipping-taxable","28":"purchasable","29":"product-type-simple"},"yoast_head":"<!-- This site is optimized with the Yoast SEO plugin v27.6 - https:\/\/yoast.com\/product\/yoast-seo-wordpress\/ -->\n<title>Michael Poliza. Africa. Small Flexicover Edition (Michael Poliza) - book \/ album - Folio<\/title>\n<meta name=\"description\" content=\"Wejd\u017a i kup ksi\u0105\u017ck\u0119 Michael Poliza. Africa. Small Flexicover Edition autorstwa Michael Poliza wydan\u0105 przez teNeues (2018-02-28) w formacie 14 x 17,9 cm (ISBN: 9783961710829). Zapraszamy!\" \/>\n<meta name=\"robots\" content=\"index, follow, max-snippet:-1, max-image-preview:large, max-video-preview:-1\" \/>\n<link rel=\"canonical\" href=\"https:\/\/foliobooks.pl\/en\/shop\/michael-poliza-africa-small-flexicover-edition\/\" \/>\n<meta property=\"og:locale\" content=\"en_US\" \/>\n<meta property=\"og:type\" content=\"article\" \/>\n<meta property=\"og:title\" content=\"Michael Poliza. Africa. Small Flexicover Edition (Michael Poliza) - book \/ album - Folio\" \/>\n<meta property=\"og:description\" content=\"Wejd\u017a i kup ksi\u0105\u017ck\u0119 Michael Poliza. Africa. Small Flexicover Edition autorstwa Michael Poliza wydan\u0105 przez teNeues (2018-02-28) w formacie 14 x 17,9 cm (ISBN: 9783961710829). Zapraszamy!\" \/>\n<meta property=\"og:url\" content=\"https:\/\/foliobooks.pl\/en\/shop\/michael-poliza-africa-small-flexicover-edition\/\" \/>\n<meta property=\"og:site_name\" content=\"Folio\" \/>\n<meta property=\"article:modified_time\" content=\"2024-12-11T14:58:58+00:00\" \/>\n<meta property=\"og:image\" content=\"https:\/\/foliobooks.pl\/wp-content\/uploads\/2018\/05\/9783961710829.png\" \/>\n\t<meta property=\"og:image:width\" content=\"570\" \/>\n\t<meta property=\"og:image:height\" content=\"708\" \/>\n\t<meta property=\"og:image:type\" content=\"image\/png\" \/>\n<meta name=\"twitter:card\" content=\"summary_large_image\" \/>\n<script type=\"application\/ld+json\" class=\"yoast-schema-graph\">{\"@context\":\"https:\\\/\\\/schema.org\",\"@graph\":[{\"@type\":\"WebPage\",\"@id\":\"https:\\\/\\\/foliobooks.pl\\\/en\\\/shop\\\/michael-poliza-africa-small-flexicover-edition\\\/\",\"url\":\"https:\\\/\\\/foliobooks.pl\\\/en\\\/shop\\\/michael-poliza-africa-small-flexicover-edition\\\/\",\"name\":\"Michael Poliza. Africa. Small Flexicover Edition (Michael Poliza) - book \\\/ album - Folio\",\"isPartOf\":{\"@id\":\"https:\\\/\\\/foliobooks.pl\\\/en\\\/#website\"},\"primaryImageOfPage\":{\"@id\":\"https:\\\/\\\/foliobooks.pl\\\/en\\\/shop\\\/michael-poliza-africa-small-flexicover-edition\\\/#primaryimage\"},\"image\":{\"@id\":\"https:\\\/\\\/foliobooks.pl\\\/en\\\/shop\\\/michael-poliza-africa-small-flexicover-edition\\\/#primaryimage\"},\"thumbnailUrl\":\"https:\\\/\\\/foliobooks.pl\\\/wp-content\\\/uploads\\\/2018\\\/05\\\/9783961710829.png\",\"datePublished\":\"2018-05-28T09:04:06+00:00\",\"dateModified\":\"2024-12-11T14:58:58+00:00\",\"description\":\"Wejd\u017a i kup ksi\u0105\u017ck\u0119 Michael Poliza. Africa. Small Flexicover Edition autorstwa Michael Poliza wydan\u0105 przez teNeues (2018-02-28) w formacie 14 x 17,9 cm (ISBN: 9783961710829). Zapraszamy!\",\"breadcrumb\":{\"@id\":\"https:\\\/\\\/foliobooks.pl\\\/en\\\/shop\\\/michael-poliza-africa-small-flexicover-edition\\\/#breadcrumb\"},\"inLanguage\":\"en-US\",\"potentialAction\":[{\"@type\":\"ReadAction\",\"target\":[\"https:\\\/\\\/foliobooks.pl\\\/en\\\/shop\\\/michael-poliza-africa-small-flexicover-edition\\\/\"]}]},{\"@type\":\"ImageObject\",\"inLanguage\":\"en-US\",\"@id\":\"https:\\\/\\\/foliobooks.pl\\\/en\\\/shop\\\/michael-poliza-africa-small-flexicover-edition\\\/#primaryimage\",\"url\":\"https:\\\/\\\/foliobooks.pl\\\/wp-content\\\/uploads\\\/2018\\\/05\\\/9783961710829.png\",\"contentUrl\":\"https:\\\/\\\/foliobooks.pl\\\/wp-content\\\/uploads\\\/2018\\\/05\\\/9783961710829.png\",\"width\":570,\"height\":708},{\"@type\":\"BreadcrumbList\",\"@id\":\"https:\\\/\\\/foliobooks.pl\\\/en\\\/shop\\\/michael-poliza-africa-small-flexicover-edition\\\/#breadcrumb\",\"itemListElement\":[{\"@type\":\"ListItem\",\"position\":1,\"name\":\"Strona g\u0142\u00f3wna\",\"item\":\"https:\\\/\\\/foliobooks.pl\\\/en\\\/\"},{\"@type\":\"ListItem\",\"position\":2,\"name\":\"Shop\",\"item\":\"https:\\\/\\\/foliobooks.pl\\\/en\\\/shop\\\/\"},{\"@type\":\"ListItem\",\"position\":3,\"name\":\"Michael Poliza. Africa. Small Flexicover Edition\"}]},{\"@type\":\"WebSite\",\"@id\":\"https:\\\/\\\/foliobooks.pl\\\/en\\\/#website\",\"url\":\"https:\\\/\\\/foliobooks.pl\\\/en\\\/\",\"name\":\"Folio\",\"description\":\"Ksi\u0119garnia internetowa\",\"potentialAction\":[{\"@type\":\"SearchAction\",\"target\":{\"@type\":\"EntryPoint\",\"urlTemplate\":\"https:\\\/\\\/foliobooks.pl\\\/en\\\/?s={search_term_string}\"},\"query-input\":{\"@type\":\"PropertyValueSpecification\",\"valueRequired\":true,\"valueName\":\"search_term_string\"}}],\"inLanguage\":\"en-US\"}]}<\/script>\n<!-- \/ Yoast SEO plugin. -->","yoast_head_json":{"title":"Michael Poliza. Africa. Small Flexicover Edition (Michael Poliza) - book \/ album - Folio","description":"Wejd\u017a i kup ksi\u0105\u017ck\u0119 Michael Poliza. Africa. Small Flexicover Edition autorstwa Michael Poliza wydan\u0105 przez teNeues (2018-02-28) w formacie 14 x 17,9 cm (ISBN: 9783961710829). Zapraszamy!","robots":{"index":"index","follow":"follow","max-snippet":"max-snippet:-1","max-image-preview":"max-image-preview:large","max-video-preview":"max-video-preview:-1"},"canonical":"https:\/\/foliobooks.pl\/en\/shop\/michael-poliza-africa-small-flexicover-edition\/","og_locale":"en_US","og_type":"article","og_title":"Michael Poliza. Africa. Small Flexicover Edition (Michael Poliza) - book \/ album - Folio","og_description":"Wejd\u017a i kup ksi\u0105\u017ck\u0119 Michael Poliza. Africa. Small Flexicover Edition autorstwa Michael Poliza wydan\u0105 przez teNeues (2018-02-28) w formacie 14 x 17,9 cm (ISBN: 9783961710829). Zapraszamy!","og_url":"https:\/\/foliobooks.pl\/en\/shop\/michael-poliza-africa-small-flexicover-edition\/","og_site_name":"Folio","article_modified_time":"2024-12-11T14:58:58+00:00","og_image":[{"width":570,"height":708,"url":"https:\/\/foliobooks.pl\/wp-content\/uploads\/2018\/05\/9783961710829.png","type":"image\/png"}],"twitter_card":"summary_large_image","schema":{"@context":"https:\/\/schema.org","@graph":[{"@type":"WebPage","@id":"https:\/\/foliobooks.pl\/en\/shop\/michael-poliza-africa-small-flexicover-edition\/","url":"https:\/\/foliobooks.pl\/en\/shop\/michael-poliza-africa-small-flexicover-edition\/","name":"Michael Poliza. Africa. Small Flexicover Edition (Michael Poliza) - book \/ album - Folio","isPartOf":{"@id":"https:\/\/foliobooks.pl\/en\/#website"},"primaryImageOfPage":{"@id":"https:\/\/foliobooks.pl\/en\/shop\/michael-poliza-africa-small-flexicover-edition\/#primaryimage"},"image":{"@id":"https:\/\/foliobooks.pl\/en\/shop\/michael-poliza-africa-small-flexicover-edition\/#primaryimage"},"thumbnailUrl":"https:\/\/foliobooks.pl\/wp-content\/uploads\/2018\/05\/9783961710829.png","datePublished":"2018-05-28T09:04:06+00:00","dateModified":"2024-12-11T14:58:58+00:00","description":"Wejd\u017a i kup ksi\u0105\u017ck\u0119 Michael Poliza. Africa. Small Flexicover Edition autorstwa Michael Poliza wydan\u0105 przez teNeues (2018-02-28) w formacie 14 x 17,9 cm (ISBN: 9783961710829). Zapraszamy!","breadcrumb":{"@id":"https:\/\/foliobooks.pl\/en\/shop\/michael-poliza-africa-small-flexicover-edition\/#breadcrumb"},"inLanguage":"en-US","potentialAction":[{"@type":"ReadAction","target":["https:\/\/foliobooks.pl\/en\/shop\/michael-poliza-africa-small-flexicover-edition\/"]}]},{"@type":"ImageObject","inLanguage":"en-US","@id":"https:\/\/foliobooks.pl\/en\/shop\/michael-poliza-africa-small-flexicover-edition\/#primaryimage","url":"https:\/\/foliobooks.pl\/wp-content\/uploads\/2018\/05\/9783961710829.png","contentUrl":"https:\/\/foliobooks.pl\/wp-content\/uploads\/2018\/05\/9783961710829.png","width":570,"height":708},{"@type":"BreadcrumbList","@id":"https:\/\/foliobooks.pl\/en\/shop\/michael-poliza-africa-small-flexicover-edition\/#breadcrumb","itemListElement":[{"@type":"ListItem","position":1,"name":"Strona g\u0142\u00f3wna","item":"https:\/\/foliobooks.pl\/en\/"},{"@type":"ListItem","position":2,"name":"Shop","item":"https:\/\/foliobooks.pl\/en\/shop\/"},{"@type":"ListItem","position":3,"name":"Michael Poliza. Africa. Small Flexicover Edition"}]},{"@type":"WebSite","@id":"https:\/\/foliobooks.pl\/en\/#website","url":"https:\/\/foliobooks.pl\/en\/","name":"Folio","description":"Ksi\u0119garnia internetowa","potentialAction":[{"@type":"SearchAction","target":{"@type":"EntryPoint","urlTemplate":"https:\/\/foliobooks.pl\/en\/?s={search_term_string}"},"query-input":{"@type":"PropertyValueSpecification","valueRequired":true,"valueName":"search_term_string"}}],"inLanguage":"en-US"}]}},"_links":{"self":[{"href":"https:\/\/foliobooks.pl\/en\/wp-json\/wp\/v2\/product\/25705","targetHints":{"allow":["GET"]}}],"collection":[{"href":"https:\/\/foliobooks.pl\/en\/wp-json\/wp\/v2\/product"}],"about":[{"href":"https:\/\/foliobooks.pl\/en\/wp-json\/wp\/v2\/types\/product"}],"replies":[{"embeddable":true,"href":"https:\/\/foliobooks.pl\/en\/wp-json\/wp\/v2\/comments?post=25705"}],"wp:featuredmedia":[{"embeddable":true,"href":"https:\/\/foliobooks.pl\/en\/wp-json\/wp\/v2\/media\/25734"}],"wp:attachment":[{"href":"https:\/\/foliobooks.pl\/en\/wp-json\/wp\/v2\/media?parent=25705"}],"wp:term":[{"taxonomy":"product_brand","embeddable":true,"href":"https:\/\/foliobooks.pl\/en\/wp-json\/wp\/v2\/product_brand?post=25705"},{"taxonomy":"product_cat","embeddable":true,"href":"https:\/\/foliobooks.pl\/en\/wp-json\/wp\/v2\/product_cat?post=25705"},{"taxonomy":"product_tag","embeddable":true,"href":"https:\/\/foliobooks.pl\/en\/wp-json\/wp\/v2\/product_tag?post=25705"}],"curies":[{"name":"wp","href":"https:\/\/api.w.org\/{rel}","templated":true}]}}