{"id":25703,"date":"2018-05-28T11:09:59","date_gmt":"2018-05-28T09:09:59","guid":{"rendered":"https:\/\/foliobooks.pl\/?post_type=product&#038;p=25703"},"modified":"2020-01-29T13:08:32","modified_gmt":"2020-01-29T12:08:32","slug":"elliott-erwitt-rome-small-flexicover-edition","status":"publish","type":"product","link":"https:\/\/foliobooks.pl\/en\/shop\/elliott-erwitt-rome-small-flexicover-edition\/","title":{"rendered":"Elliott Erwitt. Rome. Small Flexicover Edition"},"content":{"rendered":"<p>Originally published in hardcover in 2009, this abridged, flexi-cover edition highlights the best of Erwitt&#8217;s collection of photographs of this magnificent metropolis. A wonderful addition to teNeues&#8217; Elliott Erwitt series and a must-have for lovers of Rome and its people.<\/p>\n","protected":false},"excerpt":{"rendered":"<p>Originally published in hardcover in 2009, this abridged, flexi-cover edition highlights the best of Erwitt&#8217;s collection of photographs of this magnificent metropolis. A wonderful addition to teNeues&#8217; Elliott Erwitt series and a must-have for lovers of Rome and its people.<\/p>\n","protected":false},"featured_media":25736,"comment_status":"closed","ping_status":"closed","template":"","meta":[],"product_brand":[],"product_cat":[4517],"product_tag":[12822,11550,6143,6692,11524,6695,13146,6632,6121,7468,981,12416,13147],"class_list":{"0":"post-25703","1":"product","2":"type-product","3":"status-publish","4":"has-post-thumbnail","6":"product_cat-photography-en","7":"product_tag-antiquity-en","8":"product_tag-buildings-en","9":"product_tag-city","10":"product_tag-famous-buildings","11":"product_tag-italy-en","12":"product_tag-monuments","13":"product_tag-people-en","14":"product_tag-photographers","15":"product_tag-photography","16":"product_tag-religion-en","17":"product_tag-sculpture-en","18":"product_tag-streets-en","19":"product_tag-vatican-city-en","20":"pa_author_att-elliott-erwitt-en","21":"pa_cover-softcover","22":"pa_format-14-x-187-cm-en","23":"pa_isbn-9783961710812-en","24":"pa_language-english-german-and-italian","25":"pa_pages-144-en","26":"pa_published-2018-02-28-en","27":"pa_publisher-teneues-en","29":"first","30":"outofstock","31":"sold-individually","32":"shipping-taxable","33":"purchasable","34":"product-type-simple"},"yoast_head":"<!-- This site is optimized with the Yoast SEO plugin v27.6 - https:\/\/yoast.com\/product\/yoast-seo-wordpress\/ -->\n<title>Elliott Erwitt. Rome. Small Flexicover Edition (Elliott Erwitt) - book \/ album - Folio<\/title>\n<meta name=\"description\" content=\"Wejd\u017a i kup ksi\u0105\u017ck\u0119 Elliott Erwitt. Rome. Small Flexicover Edition autorstwa Elliott Erwitt wydan\u0105 przez teNeues (2018-02-28) w formacie 14 x 18,7 cm (ISBN: 9783961710812). Zapraszamy!\" \/>\n<meta name=\"robots\" content=\"index, follow, max-snippet:-1, max-image-preview:large, max-video-preview:-1\" \/>\n<link rel=\"canonical\" href=\"https:\/\/foliobooks.pl\/en\/shop\/elliott-erwitt-rome-small-flexicover-edition\/\" \/>\n<meta property=\"og:locale\" content=\"en_US\" \/>\n<meta property=\"og:type\" content=\"article\" \/>\n<meta property=\"og:title\" content=\"Elliott Erwitt. Rome. Small Flexicover Edition (Elliott Erwitt) - book \/ album - Folio\" \/>\n<meta property=\"og:description\" content=\"Wejd\u017a i kup ksi\u0105\u017ck\u0119 Elliott Erwitt. Rome. Small Flexicover Edition autorstwa Elliott Erwitt wydan\u0105 przez teNeues (2018-02-28) w formacie 14 x 18,7 cm (ISBN: 9783961710812). Zapraszamy!\" \/>\n<meta property=\"og:url\" content=\"https:\/\/foliobooks.pl\/en\/shop\/elliott-erwitt-rome-small-flexicover-edition\/\" \/>\n<meta property=\"og:site_name\" content=\"Folio\" \/>\n<meta property=\"article:modified_time\" content=\"2020-01-29T12:08:32+00:00\" \/>\n<meta property=\"og:image\" content=\"https:\/\/foliobooks.pl\/wp-content\/uploads\/2018\/05\/9783961710812.png\" \/>\n\t<meta property=\"og:image:width\" content=\"570\" \/>\n\t<meta property=\"og:image:height\" content=\"708\" \/>\n\t<meta property=\"og:image:type\" content=\"image\/png\" \/>\n<meta name=\"twitter:card\" content=\"summary_large_image\" \/>\n<script type=\"application\/ld+json\" class=\"yoast-schema-graph\">{\"@context\":\"https:\\\/\\\/schema.org\",\"@graph\":[{\"@type\":\"WebPage\",\"@id\":\"https:\\\/\\\/foliobooks.pl\\\/en\\\/shop\\\/elliott-erwitt-rome-small-flexicover-edition\\\/\",\"url\":\"https:\\\/\\\/foliobooks.pl\\\/en\\\/shop\\\/elliott-erwitt-rome-small-flexicover-edition\\\/\",\"name\":\"Elliott Erwitt. Rome. Small Flexicover Edition (Elliott Erwitt) - book \\\/ album - Folio\",\"isPartOf\":{\"@id\":\"https:\\\/\\\/foliobooks.pl\\\/en\\\/#website\"},\"primaryImageOfPage\":{\"@id\":\"https:\\\/\\\/foliobooks.pl\\\/en\\\/shop\\\/elliott-erwitt-rome-small-flexicover-edition\\\/#primaryimage\"},\"image\":{\"@id\":\"https:\\\/\\\/foliobooks.pl\\\/en\\\/shop\\\/elliott-erwitt-rome-small-flexicover-edition\\\/#primaryimage\"},\"thumbnailUrl\":\"https:\\\/\\\/foliobooks.pl\\\/wp-content\\\/uploads\\\/2018\\\/05\\\/9783961710812.png\",\"datePublished\":\"2018-05-28T09:09:59+00:00\",\"dateModified\":\"2020-01-29T12:08:32+00:00\",\"description\":\"Wejd\u017a i kup ksi\u0105\u017ck\u0119 Elliott Erwitt. Rome. Small Flexicover Edition autorstwa Elliott Erwitt wydan\u0105 przez teNeues (2018-02-28) w formacie 14 x 18,7 cm (ISBN: 9783961710812). Zapraszamy!\",\"breadcrumb\":{\"@id\":\"https:\\\/\\\/foliobooks.pl\\\/en\\\/shop\\\/elliott-erwitt-rome-small-flexicover-edition\\\/#breadcrumb\"},\"inLanguage\":\"en-US\",\"potentialAction\":[{\"@type\":\"ReadAction\",\"target\":[\"https:\\\/\\\/foliobooks.pl\\\/en\\\/shop\\\/elliott-erwitt-rome-small-flexicover-edition\\\/\"]}]},{\"@type\":\"ImageObject\",\"inLanguage\":\"en-US\",\"@id\":\"https:\\\/\\\/foliobooks.pl\\\/en\\\/shop\\\/elliott-erwitt-rome-small-flexicover-edition\\\/#primaryimage\",\"url\":\"https:\\\/\\\/foliobooks.pl\\\/wp-content\\\/uploads\\\/2018\\\/05\\\/9783961710812.png\",\"contentUrl\":\"https:\\\/\\\/foliobooks.pl\\\/wp-content\\\/uploads\\\/2018\\\/05\\\/9783961710812.png\",\"width\":570,\"height\":708},{\"@type\":\"BreadcrumbList\",\"@id\":\"https:\\\/\\\/foliobooks.pl\\\/en\\\/shop\\\/elliott-erwitt-rome-small-flexicover-edition\\\/#breadcrumb\",\"itemListElement\":[{\"@type\":\"ListItem\",\"position\":1,\"name\":\"Strona g\u0142\u00f3wna\",\"item\":\"https:\\\/\\\/foliobooks.pl\\\/en\\\/\"},{\"@type\":\"ListItem\",\"position\":2,\"name\":\"Shop\",\"item\":\"https:\\\/\\\/foliobooks.pl\\\/en\\\/shop\\\/\"},{\"@type\":\"ListItem\",\"position\":3,\"name\":\"Elliott Erwitt. Rome. Small Flexicover Edition\"}]},{\"@type\":\"WebSite\",\"@id\":\"https:\\\/\\\/foliobooks.pl\\\/en\\\/#website\",\"url\":\"https:\\\/\\\/foliobooks.pl\\\/en\\\/\",\"name\":\"Folio\",\"description\":\"Ksi\u0119garnia internetowa\",\"potentialAction\":[{\"@type\":\"SearchAction\",\"target\":{\"@type\":\"EntryPoint\",\"urlTemplate\":\"https:\\\/\\\/foliobooks.pl\\\/en\\\/?s={search_term_string}\"},\"query-input\":{\"@type\":\"PropertyValueSpecification\",\"valueRequired\":true,\"valueName\":\"search_term_string\"}}],\"inLanguage\":\"en-US\"}]}<\/script>\n<!-- \/ Yoast SEO plugin. -->","yoast_head_json":{"title":"Elliott Erwitt. Rome. Small Flexicover Edition (Elliott Erwitt) - book \/ album - Folio","description":"Wejd\u017a i kup ksi\u0105\u017ck\u0119 Elliott Erwitt. Rome. Small Flexicover Edition autorstwa Elliott Erwitt wydan\u0105 przez teNeues (2018-02-28) w formacie 14 x 18,7 cm (ISBN: 9783961710812). Zapraszamy!","robots":{"index":"index","follow":"follow","max-snippet":"max-snippet:-1","max-image-preview":"max-image-preview:large","max-video-preview":"max-video-preview:-1"},"canonical":"https:\/\/foliobooks.pl\/en\/shop\/elliott-erwitt-rome-small-flexicover-edition\/","og_locale":"en_US","og_type":"article","og_title":"Elliott Erwitt. Rome. Small Flexicover Edition (Elliott Erwitt) - book \/ album - Folio","og_description":"Wejd\u017a i kup ksi\u0105\u017ck\u0119 Elliott Erwitt. Rome. Small Flexicover Edition autorstwa Elliott Erwitt wydan\u0105 przez teNeues (2018-02-28) w formacie 14 x 18,7 cm (ISBN: 9783961710812). Zapraszamy!","og_url":"https:\/\/foliobooks.pl\/en\/shop\/elliott-erwitt-rome-small-flexicover-edition\/","og_site_name":"Folio","article_modified_time":"2020-01-29T12:08:32+00:00","og_image":[{"width":570,"height":708,"url":"https:\/\/foliobooks.pl\/wp-content\/uploads\/2018\/05\/9783961710812.png","type":"image\/png"}],"twitter_card":"summary_large_image","schema":{"@context":"https:\/\/schema.org","@graph":[{"@type":"WebPage","@id":"https:\/\/foliobooks.pl\/en\/shop\/elliott-erwitt-rome-small-flexicover-edition\/","url":"https:\/\/foliobooks.pl\/en\/shop\/elliott-erwitt-rome-small-flexicover-edition\/","name":"Elliott Erwitt. Rome. Small Flexicover Edition (Elliott Erwitt) - book \/ album - Folio","isPartOf":{"@id":"https:\/\/foliobooks.pl\/en\/#website"},"primaryImageOfPage":{"@id":"https:\/\/foliobooks.pl\/en\/shop\/elliott-erwitt-rome-small-flexicover-edition\/#primaryimage"},"image":{"@id":"https:\/\/foliobooks.pl\/en\/shop\/elliott-erwitt-rome-small-flexicover-edition\/#primaryimage"},"thumbnailUrl":"https:\/\/foliobooks.pl\/wp-content\/uploads\/2018\/05\/9783961710812.png","datePublished":"2018-05-28T09:09:59+00:00","dateModified":"2020-01-29T12:08:32+00:00","description":"Wejd\u017a i kup ksi\u0105\u017ck\u0119 Elliott Erwitt. Rome. Small Flexicover Edition autorstwa Elliott Erwitt wydan\u0105 przez teNeues (2018-02-28) w formacie 14 x 18,7 cm (ISBN: 9783961710812). Zapraszamy!","breadcrumb":{"@id":"https:\/\/foliobooks.pl\/en\/shop\/elliott-erwitt-rome-small-flexicover-edition\/#breadcrumb"},"inLanguage":"en-US","potentialAction":[{"@type":"ReadAction","target":["https:\/\/foliobooks.pl\/en\/shop\/elliott-erwitt-rome-small-flexicover-edition\/"]}]},{"@type":"ImageObject","inLanguage":"en-US","@id":"https:\/\/foliobooks.pl\/en\/shop\/elliott-erwitt-rome-small-flexicover-edition\/#primaryimage","url":"https:\/\/foliobooks.pl\/wp-content\/uploads\/2018\/05\/9783961710812.png","contentUrl":"https:\/\/foliobooks.pl\/wp-content\/uploads\/2018\/05\/9783961710812.png","width":570,"height":708},{"@type":"BreadcrumbList","@id":"https:\/\/foliobooks.pl\/en\/shop\/elliott-erwitt-rome-small-flexicover-edition\/#breadcrumb","itemListElement":[{"@type":"ListItem","position":1,"name":"Strona g\u0142\u00f3wna","item":"https:\/\/foliobooks.pl\/en\/"},{"@type":"ListItem","position":2,"name":"Shop","item":"https:\/\/foliobooks.pl\/en\/shop\/"},{"@type":"ListItem","position":3,"name":"Elliott Erwitt. Rome. Small Flexicover Edition"}]},{"@type":"WebSite","@id":"https:\/\/foliobooks.pl\/en\/#website","url":"https:\/\/foliobooks.pl\/en\/","name":"Folio","description":"Ksi\u0119garnia internetowa","potentialAction":[{"@type":"SearchAction","target":{"@type":"EntryPoint","urlTemplate":"https:\/\/foliobooks.pl\/en\/?s={search_term_string}"},"query-input":{"@type":"PropertyValueSpecification","valueRequired":true,"valueName":"search_term_string"}}],"inLanguage":"en-US"}]}},"_links":{"self":[{"href":"https:\/\/foliobooks.pl\/en\/wp-json\/wp\/v2\/product\/25703","targetHints":{"allow":["GET"]}}],"collection":[{"href":"https:\/\/foliobooks.pl\/en\/wp-json\/wp\/v2\/product"}],"about":[{"href":"https:\/\/foliobooks.pl\/en\/wp-json\/wp\/v2\/types\/product"}],"replies":[{"embeddable":true,"href":"https:\/\/foliobooks.pl\/en\/wp-json\/wp\/v2\/comments?post=25703"}],"wp:featuredmedia":[{"embeddable":true,"href":"https:\/\/foliobooks.pl\/en\/wp-json\/wp\/v2\/media\/25736"}],"wp:attachment":[{"href":"https:\/\/foliobooks.pl\/en\/wp-json\/wp\/v2\/media?parent=25703"}],"wp:term":[{"taxonomy":"product_brand","embeddable":true,"href":"https:\/\/foliobooks.pl\/en\/wp-json\/wp\/v2\/product_brand?post=25703"},{"taxonomy":"product_cat","embeddable":true,"href":"https:\/\/foliobooks.pl\/en\/wp-json\/wp\/v2\/product_cat?post=25703"},{"taxonomy":"product_tag","embeddable":true,"href":"https:\/\/foliobooks.pl\/en\/wp-json\/wp\/v2\/product_tag?post=25703"}],"curies":[{"name":"wp","href":"https:\/\/api.w.org\/{rel}","templated":true}]}}