{"id":25644,"date":"2018-05-25T15:31:23","date_gmt":"2018-05-25T13:31:23","guid":{"rendered":"https:\/\/foliobooks.pl\/?post_type=product&#038;p=25644"},"modified":"2025-04-15T18:20:40","modified_gmt":"2025-04-15T16:20:40","slug":"all-american-ads-of-the-90s","status":"publish","type":"product","link":"https:\/\/foliobooks.pl\/en\/shop\/all-american-ads-of-the-90s\/","title":{"rendered":"All-American Ads of the 90s"},"content":{"rendered":"<p>From the Los Angeles riots to the Columbine High School massacre, Americans witnessed events and purchased items that reflected the best and worst of the decade. Bill Clinton\u2019s presidency was in jeopardy, the digital age had erupted, and Silicon Valley was affecting everyone on the planet. Meanwhile nudity and sex ruled the pages of magazines, selling everything from haute couture to fragrances and microwave ovens. Nirvana entertained Generation X while the \u201cGreatest Generation\u201d considered purchasing a Probe and something called a Hummer.<\/p>\n<p>Super Soakers and the game consoles Game Boy and PlayStation were the new toys, as Super Mario World, Gran Turismo, and Sonic the Hedgehog were warping the minds of young people everywhere. Luxury brands were in demand: shoppers coveted a Gucci bag, a Louis Vuitton tote, a Hermes scarf, or a Prada frock. TWA and Continental Airlines still flew the airways and Volkswagen reimagined the Beetle. It was a decade that seemed safely benign, but was jammed with events and consumption on a grand scale, setting the stage for the 21st century.<\/p>\n<p>Featuring six chapters that cover a range of advertising, from food and fashion to entertainment and cars, a Desert Storm\u2019s worth of advertising highlights makes All-American Ads of the \u201990s a must-have compendium for every Beanie Babies\u2013collecting, Simpsons-watching, pog-hoarding, and Harry Potter\u2013loving citizen of 1990s consumerism.<\/p>\n","protected":false},"excerpt":{"rendered":"<p>From the Los Angeles riots to the Columbine High School massacre, Americans witnessed events and purchased items that reflected the best and worst of the decade. Bill Clinton\u2019s presidency was in jeopardy, the digital age had erupted, and Silicon Valley was affecting everyone on the planet. Meanwhile nudity and sex ruled the pages of magazines,&#8230;<\/p>\n","protected":false},"featured_media":25673,"comment_status":"closed","ping_status":"closed","template":"","meta":[],"product_brand":[],"product_cat":[4522,4523,4525],"product_tag":[1651,10664,1156,4524,2253,1649,6121,12220],"class_list":{"0":"post-25644","1":"product","2":"type-product","3":"status-publish","4":"has-post-thumbnail","6":"product_cat-art-en","7":"product_cat-design-en-en","8":"product_cat-graphic-design","9":"product_tag-advertising","10":"product_tag-america-en","11":"product_tag-appliedarts-en","12":"product_tag-design-en-en","13":"product_tag-graphics","14":"product_tag-illustration","15":"product_tag-photography","16":"product_tag-photomontage-en","17":"pa_author_att-jim-heimann-en","18":"pa_author_att-steven-heller-en","19":"pa_cover-hardcover","20":"pa_format-196-x-255-cm-en","21":"pa_isbn-9783836565677-en","22":"pa_language-eng-f-ger","23":"pa_pages-656-en","24":"pa_published-2018-04-17-en","25":"pa_publisher-taschen-en-en","27":"first","28":"outofstock","29":"sold-individually","30":"shipping-taxable","31":"purchasable","32":"product-type-simple"},"yoast_head":"<!-- This site is optimized with the Yoast SEO plugin v27.4 - https:\/\/yoast.com\/product\/yoast-seo-wordpress\/ -->\n<title>All-American Ads of the 90s (Jim Heimann, Steven Heller) - book \/ album - Folio<\/title>\n<meta name=\"description\" content=\"Wejd\u017a i kup ksi\u0105\u017ck\u0119 All-American Ads of the 90s autorstwa Jim Heimann, Steven Heller wydan\u0105 przez TASCHEN (2018-04-17) w formacie 19,6 x 25,5 cm (ISBN: 9783836565677). Zapraszamy!\" \/>\n<meta name=\"robots\" content=\"index, follow, max-snippet:-1, max-image-preview:large, max-video-preview:-1\" \/>\n<link rel=\"canonical\" href=\"https:\/\/foliobooks.pl\/en\/shop\/all-american-ads-of-the-90s\/\" \/>\n<meta property=\"og:locale\" content=\"en_US\" \/>\n<meta property=\"og:type\" content=\"article\" \/>\n<meta property=\"og:title\" content=\"All-American Ads of the 90s (Jim Heimann, Steven Heller) - book \/ album - Folio\" \/>\n<meta property=\"og:description\" content=\"Wejd\u017a i kup ksi\u0105\u017ck\u0119 All-American Ads of the 90s autorstwa Jim Heimann, Steven Heller wydan\u0105 przez TASCHEN (2018-04-17) w formacie 19,6 x 25,5 cm (ISBN: 9783836565677). Zapraszamy!\" \/>\n<meta property=\"og:url\" content=\"https:\/\/foliobooks.pl\/en\/shop\/all-american-ads-of-the-90s\/\" \/>\n<meta property=\"og:site_name\" content=\"Folio\" \/>\n<meta property=\"article:modified_time\" content=\"2025-04-15T16:20:40+00:00\" \/>\n<meta property=\"og:image\" content=\"https:\/\/foliobooks.pl\/wp-content\/uploads\/2018\/05\/9783836565677.png\" \/>\n\t<meta property=\"og:image:width\" content=\"570\" \/>\n\t<meta property=\"og:image:height\" content=\"708\" \/>\n\t<meta property=\"og:image:type\" content=\"image\/png\" \/>\n<meta name=\"twitter:card\" content=\"summary_large_image\" \/>\n<meta name=\"twitter:label1\" content=\"Est. reading time\" \/>\n\t<meta name=\"twitter:data1\" content=\"1 minute\" \/>\n<script type=\"application\/ld+json\" class=\"yoast-schema-graph\">{\"@context\":\"https:\\\/\\\/schema.org\",\"@graph\":[{\"@type\":\"WebPage\",\"@id\":\"https:\\\/\\\/foliobooks.pl\\\/en\\\/shop\\\/all-american-ads-of-the-90s\\\/\",\"url\":\"https:\\\/\\\/foliobooks.pl\\\/en\\\/shop\\\/all-american-ads-of-the-90s\\\/\",\"name\":\"All-American Ads of the 90s (Jim Heimann, Steven Heller) - book \\\/ album - Folio\",\"isPartOf\":{\"@id\":\"https:\\\/\\\/foliobooks.pl\\\/en\\\/#website\"},\"primaryImageOfPage\":{\"@id\":\"https:\\\/\\\/foliobooks.pl\\\/en\\\/shop\\\/all-american-ads-of-the-90s\\\/#primaryimage\"},\"image\":{\"@id\":\"https:\\\/\\\/foliobooks.pl\\\/en\\\/shop\\\/all-american-ads-of-the-90s\\\/#primaryimage\"},\"thumbnailUrl\":\"https:\\\/\\\/foliobooks.pl\\\/wp-content\\\/uploads\\\/2018\\\/05\\\/9783836565677.png\",\"datePublished\":\"2018-05-25T13:31:23+00:00\",\"dateModified\":\"2025-04-15T16:20:40+00:00\",\"description\":\"Wejd\u017a i kup ksi\u0105\u017ck\u0119 All-American Ads of the 90s autorstwa Jim Heimann, Steven Heller wydan\u0105 przez TASCHEN (2018-04-17) w formacie 19,6 x 25,5 cm (ISBN: 9783836565677). Zapraszamy!\",\"breadcrumb\":{\"@id\":\"https:\\\/\\\/foliobooks.pl\\\/en\\\/shop\\\/all-american-ads-of-the-90s\\\/#breadcrumb\"},\"inLanguage\":\"en-US\",\"potentialAction\":[{\"@type\":\"ReadAction\",\"target\":[\"https:\\\/\\\/foliobooks.pl\\\/en\\\/shop\\\/all-american-ads-of-the-90s\\\/\"]}]},{\"@type\":\"ImageObject\",\"inLanguage\":\"en-US\",\"@id\":\"https:\\\/\\\/foliobooks.pl\\\/en\\\/shop\\\/all-american-ads-of-the-90s\\\/#primaryimage\",\"url\":\"https:\\\/\\\/foliobooks.pl\\\/wp-content\\\/uploads\\\/2018\\\/05\\\/9783836565677.png\",\"contentUrl\":\"https:\\\/\\\/foliobooks.pl\\\/wp-content\\\/uploads\\\/2018\\\/05\\\/9783836565677.png\",\"width\":570,\"height\":708},{\"@type\":\"BreadcrumbList\",\"@id\":\"https:\\\/\\\/foliobooks.pl\\\/en\\\/shop\\\/all-american-ads-of-the-90s\\\/#breadcrumb\",\"itemListElement\":[{\"@type\":\"ListItem\",\"position\":1,\"name\":\"Strona g\u0142\u00f3wna\",\"item\":\"https:\\\/\\\/foliobooks.pl\\\/en\\\/\"},{\"@type\":\"ListItem\",\"position\":2,\"name\":\"Shop\",\"item\":\"https:\\\/\\\/foliobooks.pl\\\/en\\\/shop\\\/\"},{\"@type\":\"ListItem\",\"position\":3,\"name\":\"All-American Ads of the 90s\"}]},{\"@type\":\"WebSite\",\"@id\":\"https:\\\/\\\/foliobooks.pl\\\/en\\\/#website\",\"url\":\"https:\\\/\\\/foliobooks.pl\\\/en\\\/\",\"name\":\"Folio\",\"description\":\"Ksi\u0119garnia internetowa\",\"potentialAction\":[{\"@type\":\"SearchAction\",\"target\":{\"@type\":\"EntryPoint\",\"urlTemplate\":\"https:\\\/\\\/foliobooks.pl\\\/en\\\/?s={search_term_string}\"},\"query-input\":{\"@type\":\"PropertyValueSpecification\",\"valueRequired\":true,\"valueName\":\"search_term_string\"}}],\"inLanguage\":\"en-US\"}]}<\/script>\n<!-- \/ Yoast SEO plugin. -->","yoast_head_json":{"title":"All-American Ads of the 90s (Jim Heimann, Steven Heller) - book \/ album - Folio","description":"Wejd\u017a i kup ksi\u0105\u017ck\u0119 All-American Ads of the 90s autorstwa Jim Heimann, Steven Heller wydan\u0105 przez TASCHEN (2018-04-17) w formacie 19,6 x 25,5 cm (ISBN: 9783836565677). Zapraszamy!","robots":{"index":"index","follow":"follow","max-snippet":"max-snippet:-1","max-image-preview":"max-image-preview:large","max-video-preview":"max-video-preview:-1"},"canonical":"https:\/\/foliobooks.pl\/en\/shop\/all-american-ads-of-the-90s\/","og_locale":"en_US","og_type":"article","og_title":"All-American Ads of the 90s (Jim Heimann, Steven Heller) - book \/ album - Folio","og_description":"Wejd\u017a i kup ksi\u0105\u017ck\u0119 All-American Ads of the 90s autorstwa Jim Heimann, Steven Heller wydan\u0105 przez TASCHEN (2018-04-17) w formacie 19,6 x 25,5 cm (ISBN: 9783836565677). Zapraszamy!","og_url":"https:\/\/foliobooks.pl\/en\/shop\/all-american-ads-of-the-90s\/","og_site_name":"Folio","article_modified_time":"2025-04-15T16:20:40+00:00","og_image":[{"width":570,"height":708,"url":"https:\/\/foliobooks.pl\/wp-content\/uploads\/2018\/05\/9783836565677.png","type":"image\/png"}],"twitter_card":"summary_large_image","twitter_misc":{"Est. reading time":"1 minute"},"schema":{"@context":"https:\/\/schema.org","@graph":[{"@type":"WebPage","@id":"https:\/\/foliobooks.pl\/en\/shop\/all-american-ads-of-the-90s\/","url":"https:\/\/foliobooks.pl\/en\/shop\/all-american-ads-of-the-90s\/","name":"All-American Ads of the 90s (Jim Heimann, Steven Heller) - book \/ album - Folio","isPartOf":{"@id":"https:\/\/foliobooks.pl\/en\/#website"},"primaryImageOfPage":{"@id":"https:\/\/foliobooks.pl\/en\/shop\/all-american-ads-of-the-90s\/#primaryimage"},"image":{"@id":"https:\/\/foliobooks.pl\/en\/shop\/all-american-ads-of-the-90s\/#primaryimage"},"thumbnailUrl":"https:\/\/foliobooks.pl\/wp-content\/uploads\/2018\/05\/9783836565677.png","datePublished":"2018-05-25T13:31:23+00:00","dateModified":"2025-04-15T16:20:40+00:00","description":"Wejd\u017a i kup ksi\u0105\u017ck\u0119 All-American Ads of the 90s autorstwa Jim Heimann, Steven Heller wydan\u0105 przez TASCHEN (2018-04-17) w formacie 19,6 x 25,5 cm (ISBN: 9783836565677). Zapraszamy!","breadcrumb":{"@id":"https:\/\/foliobooks.pl\/en\/shop\/all-american-ads-of-the-90s\/#breadcrumb"},"inLanguage":"en-US","potentialAction":[{"@type":"ReadAction","target":["https:\/\/foliobooks.pl\/en\/shop\/all-american-ads-of-the-90s\/"]}]},{"@type":"ImageObject","inLanguage":"en-US","@id":"https:\/\/foliobooks.pl\/en\/shop\/all-american-ads-of-the-90s\/#primaryimage","url":"https:\/\/foliobooks.pl\/wp-content\/uploads\/2018\/05\/9783836565677.png","contentUrl":"https:\/\/foliobooks.pl\/wp-content\/uploads\/2018\/05\/9783836565677.png","width":570,"height":708},{"@type":"BreadcrumbList","@id":"https:\/\/foliobooks.pl\/en\/shop\/all-american-ads-of-the-90s\/#breadcrumb","itemListElement":[{"@type":"ListItem","position":1,"name":"Strona g\u0142\u00f3wna","item":"https:\/\/foliobooks.pl\/en\/"},{"@type":"ListItem","position":2,"name":"Shop","item":"https:\/\/foliobooks.pl\/en\/shop\/"},{"@type":"ListItem","position":3,"name":"All-American Ads of the 90s"}]},{"@type":"WebSite","@id":"https:\/\/foliobooks.pl\/en\/#website","url":"https:\/\/foliobooks.pl\/en\/","name":"Folio","description":"Ksi\u0119garnia internetowa","potentialAction":[{"@type":"SearchAction","target":{"@type":"EntryPoint","urlTemplate":"https:\/\/foliobooks.pl\/en\/?s={search_term_string}"},"query-input":{"@type":"PropertyValueSpecification","valueRequired":true,"valueName":"search_term_string"}}],"inLanguage":"en-US"}]}},"_links":{"self":[{"href":"https:\/\/foliobooks.pl\/en\/wp-json\/wp\/v2\/product\/25644","targetHints":{"allow":["GET"]}}],"collection":[{"href":"https:\/\/foliobooks.pl\/en\/wp-json\/wp\/v2\/product"}],"about":[{"href":"https:\/\/foliobooks.pl\/en\/wp-json\/wp\/v2\/types\/product"}],"replies":[{"embeddable":true,"href":"https:\/\/foliobooks.pl\/en\/wp-json\/wp\/v2\/comments?post=25644"}],"wp:featuredmedia":[{"embeddable":true,"href":"https:\/\/foliobooks.pl\/en\/wp-json\/wp\/v2\/media\/25673"}],"wp:attachment":[{"href":"https:\/\/foliobooks.pl\/en\/wp-json\/wp\/v2\/media?parent=25644"}],"wp:term":[{"taxonomy":"product_brand","embeddable":true,"href":"https:\/\/foliobooks.pl\/en\/wp-json\/wp\/v2\/product_brand?post=25644"},{"taxonomy":"product_cat","embeddable":true,"href":"https:\/\/foliobooks.pl\/en\/wp-json\/wp\/v2\/product_cat?post=25644"},{"taxonomy":"product_tag","embeddable":true,"href":"https:\/\/foliobooks.pl\/en\/wp-json\/wp\/v2\/product_tag?post=25644"}],"curies":[{"name":"wp","href":"https:\/\/api.w.org\/{rel}","templated":true}]}}