{"id":25577,"date":"2018-05-25T14:12:06","date_gmt":"2018-05-25T12:12:06","guid":{"rendered":"https:\/\/foliobooks.pl\/?post_type=product&#038;p=25577"},"modified":"2025-04-30T15:01:32","modified_gmt":"2025-04-30T13:01:32","slug":"vienna-around-1900","status":"publish","type":"product","link":"https:\/\/foliobooks.pl\/en\/shop\/vienna-around-1900\/","title":{"rendered":"Vienna around 1900"},"content":{"rendered":"<p>Poets and intellectuals brushed shoulders in bustling coffeehouses, young avant-gardists heralded a new era in social and sexual liberalism, waltzes resounded through the Ringstrasse, the Vienna Secession preached: \u201cTo every age its art \u2014 to every art its freedom;\u201d and tremors warned of looming political disintegration when the Austrian capital passed into a new century.<\/p>\n<p>Across economics, science, art, and music, Vienna blossomed into a \u201claboratory of modernity,\u201d one which nurtured some of the greatest artistic innovators\u2014from Egon Schiele\u2019s unflinching nude portraits to Gustav Klimt\u2019s decadent <em>Portrait of Adele Bloch-Bauer I<\/em>, from the ornamental seams and glass floors of Otto Wagner to Ditha Moser\u2019s calendars adorned in golden deities.<\/p>\n<p>Discover the zeitgeist, the scandals, and the extraordinary protagonists in this introduction to a transformative epoch. Across painting, sculpture, architecture, and design, we explore all the movers and shakers through insightful profiles and crisp double-page reproductions. Marking the centenary of the deaths of some of its brightest talents, this collection joins Vienna in its 2018 celebration of Modernism.<\/p>\n","protected":false},"excerpt":{"rendered":"<p>Poets and intellectuals brushed shoulders in bustling coffeehouses, young avant-gardists heralded a new era in social and sexual liberalism, waltzes resounded through the Ringstrasse, the Vienna Secession preached: \u201cTo every age its art \u2014 to every art its freedom;\u201d and tremors warned of looming political disintegration when the Austrian capital passed into a new century&#8230;.<\/p>\n","protected":false},"featured_media":25626,"comment_status":"closed","ping_status":"closed","template":"","meta":[],"product_brand":[],"product_cat":[4516,4522,4523],"product_tag":[1156,6124,9083,2767,6937,12804,4524,2253,10639,290,6463,524,981,10640],"class_list":{"0":"post-25577","1":"product","2":"type-product","3":"status-publish","4":"has-post-thumbnail","6":"product_cat-architecture-en","7":"product_cat-art-en","8":"product_cat-design-en-en","9":"product_tag-appliedarts-en","10":"product_tag-architecture-en","11":"product_tag-art-en","12":"product_tag-art-history","13":"product_tag-art-nouveau","14":"product_tag-austria-en","15":"product_tag-design-en-en","16":"product_tag-graphics","17":"product_tag-handicrafts-en","18":"product_tag-interiors-en","19":"product_tag-old-arts","20":"product_tag-painting-en","21":"product_tag-sculpture-en","22":"product_tag-vienna-secession-en","23":"pa_author_att-rainer-metzger-en","24":"pa_cover-hardcover","25":"pa_format-21-x-26-cm-en","26":"pa_isbn-9783836567053-en","27":"pa_language-eng","28":"pa_pages-96-en","29":"pa_published-2018-04-25-en","30":"pa_publisher-taschen-en-en","32":"first","33":"outofstock","34":"sold-individually","35":"shipping-taxable","36":"purchasable","37":"product-type-simple"},"yoast_head":"<!-- This site is optimized with the Yoast SEO plugin v27.4 - https:\/\/yoast.com\/product\/yoast-seo-wordpress\/ -->\n<title>Vienna around 1900 (Rainer Metzger) - book \/ album - Folio<\/title>\n<meta name=\"description\" content=\"Wejd\u017a i kup ksi\u0105\u017ck\u0119 Vienna around 1900 autorstwa Rainer Metzger wydan\u0105 przez TASCHEN (2018-04-25) w formacie 21 x 26 cm (ISBN: 9783836567053). Zapraszamy!\" \/>\n<meta name=\"robots\" content=\"index, follow, max-snippet:-1, max-image-preview:large, max-video-preview:-1\" \/>\n<link rel=\"canonical\" href=\"https:\/\/foliobooks.pl\/en\/shop\/vienna-around-1900\/\" \/>\n<meta property=\"og:locale\" content=\"en_US\" \/>\n<meta property=\"og:type\" content=\"article\" \/>\n<meta property=\"og:title\" content=\"Vienna around 1900 (Rainer Metzger) - book \/ album - Folio\" \/>\n<meta property=\"og:description\" content=\"Wejd\u017a i kup ksi\u0105\u017ck\u0119 Vienna around 1900 autorstwa Rainer Metzger wydan\u0105 przez TASCHEN (2018-04-25) w formacie 21 x 26 cm (ISBN: 9783836567053). Zapraszamy!\" \/>\n<meta property=\"og:url\" content=\"https:\/\/foliobooks.pl\/en\/shop\/vienna-around-1900\/\" \/>\n<meta property=\"og:site_name\" content=\"Folio\" \/>\n<meta property=\"article:modified_time\" content=\"2025-04-30T13:01:32+00:00\" \/>\n<meta property=\"og:image\" content=\"https:\/\/foliobooks.pl\/wp-content\/uploads\/2018\/05\/9783836567053.png\" \/>\n\t<meta property=\"og:image:width\" content=\"570\" \/>\n\t<meta property=\"og:image:height\" content=\"708\" \/>\n\t<meta property=\"og:image:type\" content=\"image\/png\" \/>\n<meta name=\"twitter:card\" content=\"summary_large_image\" \/>\n<meta name=\"twitter:label1\" content=\"Est. reading time\" \/>\n\t<meta name=\"twitter:data1\" content=\"1 minute\" \/>\n<script type=\"application\/ld+json\" class=\"yoast-schema-graph\">{\"@context\":\"https:\\\/\\\/schema.org\",\"@graph\":[{\"@type\":\"WebPage\",\"@id\":\"https:\\\/\\\/foliobooks.pl\\\/en\\\/shop\\\/vienna-around-1900\\\/\",\"url\":\"https:\\\/\\\/foliobooks.pl\\\/en\\\/shop\\\/vienna-around-1900\\\/\",\"name\":\"Vienna around 1900 (Rainer Metzger) - book \\\/ album - Folio\",\"isPartOf\":{\"@id\":\"https:\\\/\\\/foliobooks.pl\\\/en\\\/#website\"},\"primaryImageOfPage\":{\"@id\":\"https:\\\/\\\/foliobooks.pl\\\/en\\\/shop\\\/vienna-around-1900\\\/#primaryimage\"},\"image\":{\"@id\":\"https:\\\/\\\/foliobooks.pl\\\/en\\\/shop\\\/vienna-around-1900\\\/#primaryimage\"},\"thumbnailUrl\":\"https:\\\/\\\/foliobooks.pl\\\/wp-content\\\/uploads\\\/2018\\\/05\\\/9783836567053.png\",\"datePublished\":\"2018-05-25T12:12:06+00:00\",\"dateModified\":\"2025-04-30T13:01:32+00:00\",\"description\":\"Wejd\u017a i kup ksi\u0105\u017ck\u0119 Vienna around 1900 autorstwa Rainer Metzger wydan\u0105 przez TASCHEN (2018-04-25) w formacie 21 x 26 cm (ISBN: 9783836567053). Zapraszamy!\",\"breadcrumb\":{\"@id\":\"https:\\\/\\\/foliobooks.pl\\\/en\\\/shop\\\/vienna-around-1900\\\/#breadcrumb\"},\"inLanguage\":\"en-US\",\"potentialAction\":[{\"@type\":\"ReadAction\",\"target\":[\"https:\\\/\\\/foliobooks.pl\\\/en\\\/shop\\\/vienna-around-1900\\\/\"]}]},{\"@type\":\"ImageObject\",\"inLanguage\":\"en-US\",\"@id\":\"https:\\\/\\\/foliobooks.pl\\\/en\\\/shop\\\/vienna-around-1900\\\/#primaryimage\",\"url\":\"https:\\\/\\\/foliobooks.pl\\\/wp-content\\\/uploads\\\/2018\\\/05\\\/9783836567053.png\",\"contentUrl\":\"https:\\\/\\\/foliobooks.pl\\\/wp-content\\\/uploads\\\/2018\\\/05\\\/9783836567053.png\",\"width\":570,\"height\":708},{\"@type\":\"BreadcrumbList\",\"@id\":\"https:\\\/\\\/foliobooks.pl\\\/en\\\/shop\\\/vienna-around-1900\\\/#breadcrumb\",\"itemListElement\":[{\"@type\":\"ListItem\",\"position\":1,\"name\":\"Strona g\u0142\u00f3wna\",\"item\":\"https:\\\/\\\/foliobooks.pl\\\/en\\\/\"},{\"@type\":\"ListItem\",\"position\":2,\"name\":\"Shop\",\"item\":\"https:\\\/\\\/foliobooks.pl\\\/en\\\/shop\\\/\"},{\"@type\":\"ListItem\",\"position\":3,\"name\":\"Vienna around 1900\"}]},{\"@type\":\"WebSite\",\"@id\":\"https:\\\/\\\/foliobooks.pl\\\/en\\\/#website\",\"url\":\"https:\\\/\\\/foliobooks.pl\\\/en\\\/\",\"name\":\"Folio\",\"description\":\"Ksi\u0119garnia internetowa\",\"potentialAction\":[{\"@type\":\"SearchAction\",\"target\":{\"@type\":\"EntryPoint\",\"urlTemplate\":\"https:\\\/\\\/foliobooks.pl\\\/en\\\/?s={search_term_string}\"},\"query-input\":{\"@type\":\"PropertyValueSpecification\",\"valueRequired\":true,\"valueName\":\"search_term_string\"}}],\"inLanguage\":\"en-US\"}]}<\/script>\n<!-- \/ Yoast SEO plugin. -->","yoast_head_json":{"title":"Vienna around 1900 (Rainer Metzger) - book \/ album - Folio","description":"Wejd\u017a i kup ksi\u0105\u017ck\u0119 Vienna around 1900 autorstwa Rainer Metzger wydan\u0105 przez TASCHEN (2018-04-25) w formacie 21 x 26 cm (ISBN: 9783836567053). Zapraszamy!","robots":{"index":"index","follow":"follow","max-snippet":"max-snippet:-1","max-image-preview":"max-image-preview:large","max-video-preview":"max-video-preview:-1"},"canonical":"https:\/\/foliobooks.pl\/en\/shop\/vienna-around-1900\/","og_locale":"en_US","og_type":"article","og_title":"Vienna around 1900 (Rainer Metzger) - book \/ album - Folio","og_description":"Wejd\u017a i kup ksi\u0105\u017ck\u0119 Vienna around 1900 autorstwa Rainer Metzger wydan\u0105 przez TASCHEN (2018-04-25) w formacie 21 x 26 cm (ISBN: 9783836567053). Zapraszamy!","og_url":"https:\/\/foliobooks.pl\/en\/shop\/vienna-around-1900\/","og_site_name":"Folio","article_modified_time":"2025-04-30T13:01:32+00:00","og_image":[{"width":570,"height":708,"url":"https:\/\/foliobooks.pl\/wp-content\/uploads\/2018\/05\/9783836567053.png","type":"image\/png"}],"twitter_card":"summary_large_image","twitter_misc":{"Est. reading time":"1 minute"},"schema":{"@context":"https:\/\/schema.org","@graph":[{"@type":"WebPage","@id":"https:\/\/foliobooks.pl\/en\/shop\/vienna-around-1900\/","url":"https:\/\/foliobooks.pl\/en\/shop\/vienna-around-1900\/","name":"Vienna around 1900 (Rainer Metzger) - book \/ album - Folio","isPartOf":{"@id":"https:\/\/foliobooks.pl\/en\/#website"},"primaryImageOfPage":{"@id":"https:\/\/foliobooks.pl\/en\/shop\/vienna-around-1900\/#primaryimage"},"image":{"@id":"https:\/\/foliobooks.pl\/en\/shop\/vienna-around-1900\/#primaryimage"},"thumbnailUrl":"https:\/\/foliobooks.pl\/wp-content\/uploads\/2018\/05\/9783836567053.png","datePublished":"2018-05-25T12:12:06+00:00","dateModified":"2025-04-30T13:01:32+00:00","description":"Wejd\u017a i kup ksi\u0105\u017ck\u0119 Vienna around 1900 autorstwa Rainer Metzger wydan\u0105 przez TASCHEN (2018-04-25) w formacie 21 x 26 cm (ISBN: 9783836567053). Zapraszamy!","breadcrumb":{"@id":"https:\/\/foliobooks.pl\/en\/shop\/vienna-around-1900\/#breadcrumb"},"inLanguage":"en-US","potentialAction":[{"@type":"ReadAction","target":["https:\/\/foliobooks.pl\/en\/shop\/vienna-around-1900\/"]}]},{"@type":"ImageObject","inLanguage":"en-US","@id":"https:\/\/foliobooks.pl\/en\/shop\/vienna-around-1900\/#primaryimage","url":"https:\/\/foliobooks.pl\/wp-content\/uploads\/2018\/05\/9783836567053.png","contentUrl":"https:\/\/foliobooks.pl\/wp-content\/uploads\/2018\/05\/9783836567053.png","width":570,"height":708},{"@type":"BreadcrumbList","@id":"https:\/\/foliobooks.pl\/en\/shop\/vienna-around-1900\/#breadcrumb","itemListElement":[{"@type":"ListItem","position":1,"name":"Strona g\u0142\u00f3wna","item":"https:\/\/foliobooks.pl\/en\/"},{"@type":"ListItem","position":2,"name":"Shop","item":"https:\/\/foliobooks.pl\/en\/shop\/"},{"@type":"ListItem","position":3,"name":"Vienna around 1900"}]},{"@type":"WebSite","@id":"https:\/\/foliobooks.pl\/en\/#website","url":"https:\/\/foliobooks.pl\/en\/","name":"Folio","description":"Ksi\u0119garnia internetowa","potentialAction":[{"@type":"SearchAction","target":{"@type":"EntryPoint","urlTemplate":"https:\/\/foliobooks.pl\/en\/?s={search_term_string}"},"query-input":{"@type":"PropertyValueSpecification","valueRequired":true,"valueName":"search_term_string"}}],"inLanguage":"en-US"}]}},"_links":{"self":[{"href":"https:\/\/foliobooks.pl\/en\/wp-json\/wp\/v2\/product\/25577","targetHints":{"allow":["GET"]}}],"collection":[{"href":"https:\/\/foliobooks.pl\/en\/wp-json\/wp\/v2\/product"}],"about":[{"href":"https:\/\/foliobooks.pl\/en\/wp-json\/wp\/v2\/types\/product"}],"replies":[{"embeddable":true,"href":"https:\/\/foliobooks.pl\/en\/wp-json\/wp\/v2\/comments?post=25577"}],"wp:featuredmedia":[{"embeddable":true,"href":"https:\/\/foliobooks.pl\/en\/wp-json\/wp\/v2\/media\/25626"}],"wp:attachment":[{"href":"https:\/\/foliobooks.pl\/en\/wp-json\/wp\/v2\/media?parent=25577"}],"wp:term":[{"taxonomy":"product_brand","embeddable":true,"href":"https:\/\/foliobooks.pl\/en\/wp-json\/wp\/v2\/product_brand?post=25577"},{"taxonomy":"product_cat","embeddable":true,"href":"https:\/\/foliobooks.pl\/en\/wp-json\/wp\/v2\/product_cat?post=25577"},{"taxonomy":"product_tag","embeddable":true,"href":"https:\/\/foliobooks.pl\/en\/wp-json\/wp\/v2\/product_tag?post=25577"}],"curies":[{"name":"wp","href":"https:\/\/api.w.org\/{rel}","templated":true}]}}